{"id":4,"date":"2016-11-02T17:37:52","date_gmt":"2016-11-02T16:37:52","guid":{"rendered":"https:\/\/icar.cnrs.fr\/membre\/dcaillat\/?page_id=4"},"modified":"2024-01-03T17:22:47","modified_gmt":"2024-01-03T16:22:47","slug":"accueil","status":"publish","type":"page","link":"https:\/\/icar.cnrs.fr\/membre\/dcaillat\/","title":{"rendered":"Accueil"},"content":{"rendered":"<div class=\"cadregris\">\n<h2>Domitille CAILLAT<\/h2>\n<p>Maitre de conf\u00e9rences en\u00a0Sciences du langage (Universit\u00e9 Paul-Val\u00e9ry Montpellier 3)<\/p>\n<p>Chercheure associ\u00e9e aupr\u00e8s du laboratoire <a href=\"http:\/\/icar.univ-lyon2.fr\">ICAR UMR 5191<\/a> <span class=\"Apple-style-span\">(Interactions, Corpus, Apprentissage, Repr\u00e9sentations)<\/span><\/p>\n<p>Mail :\u00a0 <a href=\"mailto:Domitille.Caillat@univ-montp3.fr\">Domitille.Caillat@univ-montp3.fr<\/a><br \/>\nPage personnelle:<a href=\"http:\/\/praxiling.cnrs.fr\/membres\/caillat\/\"> praxiling.cnrs.fr\/membres\/caillat\/<\/a><\/p>\n<p><strong>Hal<\/strong> : <a href=\"http:\/\/cv.hal.science\/domitille-caillat\">cv.hal.science\/domitille-caillat<\/a><br \/>\n<strong>Researchgate<\/strong>: <a href=\"http:\/\/www.researchgate.net\/profile\/Domitille-Caillat\">researchgate.net\/profile\/Domitille-Caillat<\/a><br \/>\n<strong>Academia :<\/strong> <a href=\"https:\/\/univ-montp3.academia.edu\/DomitilleCaillat\" rel=\"nofollow\">univ-montp3.academia.edu\/DomitilleCaillat<\/a><\/p>\n<\/div>\n<p>&nbsp;<\/p>\n","protected":false},"excerpt":{"rendered":"<p>Domitille CAILLAT Maitre de conf\u00e9rences en\u00a0Sciences du langage (Universit\u00e9 Paul-Val\u00e9ry Montpellier 3) Chercheure associ\u00e9e aupr\u00e8s du laboratoire ICAR UMR 5191 (Interactions, Corpus, Apprentissage, Repr\u00e9sentations) Mail :\u00a0 Domitille.Caillat@univ-montp3.fr Page personnelle: praxiling.cnrs.fr\/membres\/caillat\/ Hal : cv.hal.science\/domitille-caillat Researchgate: researchgate.net\/profile\/Domitille-Caillat Academia : univ-montp3.academia.edu\/DomitilleCaillat &nbsp;<\/p>\n","protected":false},"author":1,"featured_media":0,"parent":0,"menu_order":0,"comment_status":"closed","ping_status":"closed","template":"","meta":{"footnotes":""},"class_list":["post-4","page","type-page","status-publish","hentry"],"_links":{"self":[{"href":"https:\/\/icar.cnrs.fr\/membre\/dcaillat\/wp-json\/wp\/v2\/pages\/4","targetHints":{"allow":["GET"]}}],"collection":[{"href":"https:\/\/icar.cnrs.fr\/membre\/dcaillat\/wp-json\/wp\/v2\/pages"}],"about":[{"href":"https:\/\/icar.cnrs.fr\/membre\/dcaillat\/wp-json\/wp\/v2\/types\/page"}],"author":[{"embeddable":true,"href":"https:\/\/icar.cnrs.fr\/membre\/dcaillat\/wp-json\/wp\/v2\/users\/1"}],"replies":[{"embeddable":true,"href":"https:\/\/icar.cnrs.fr\/membre\/dcaillat\/wp-json\/wp\/v2\/comments?post=4"}],"version-history":[{"count":99,"href":"https:\/\/icar.cnrs.fr\/membre\/dcaillat\/wp-json\/wp\/v2\/pages\/4\/revisions"}],"predecessor-version":[{"id":241,"href":"https:\/\/icar.cnrs.fr\/membre\/dcaillat\/wp-json\/wp\/v2\/pages\/4\/revisions\/241"}],"wp:attachment":[{"href":"https:\/\/icar.cnrs.fr\/membre\/dcaillat\/wp-json\/wp\/v2\/media?parent=4"}],"curies":[{"name":"wp","href":"https:\/\/api.w.org\/{rel}","templated":true}]}}