{"id":8,"date":"2016-11-02T17:38:51","date_gmt":"2016-11-02T16:38:51","guid":{"rendered":"https:\/\/icar.cnrs.fr\/membre\/dcastillo\/?page_id=8"},"modified":"2023-03-17T16:09:53","modified_gmt":"2023-03-17T15:09:53","slug":"publications","status":"publish","type":"page","link":"https:\/\/icar.cnrs.fr\/membre\/dcastillo\/publications\/","title":{"rendered":"Publications"},"content":{"rendered":"<h2>Liste des publications sur HAL<\/h2>\n<p><!--[phpmu snippet=1 param=idHAL=dante,castillo]--><br \/>\n<!--[phpmu snippet=1 param=idHAL=dante,castillo guarjardo]--><br \/>\n\n\n\n<!-- Piwik -->\n<script type=\"text\/javascript\">\n  var _paq = _paq || [];\n  _paq.push(['trackPageView']);\n  _paq.push(['enableLinkTracking']);\n  (function() {\n    var u=\"\/\/piwik.inria.fr\/\";\n    _paq.push(['setTrackerUrl', u+'piwik.php']);\n    _paq.push(['setSiteId', 26]);\n    var d=document, g=d.createElement('script'), s=d.getElementsByTagName('script')[0];\n    g.type='text\/javascript'; g.async=true; g.defer=true; g.src=u+'piwik.js'; s.parentNode.insertBefore(g,s);\n  })();\n<\/script>\n<noscript><p><img decoding=\"async\" src=\"\/\/piwik.inria.fr\/piwik.php?idsite=26\" style=\"border:0;\" alt=\"\" \/><\/p><\/noscript>\n<!-- End Piwik Code -->\n\n<div id=\"res_script\">\n<p class='Rubrique'>2026<\/p>\n<p class='SousRubrique'>Communication dans un congr\u00e8s<\/p>\n<dl class='NoticeRes'>\n<dt class=\"ChampRes\">ref_biblio<\/dt><dd class=\"ValeurRes ref_biblio\">Dante Castillo Guajardo, Jean-Claude R\u00e9gnier, Pedro Durand. Enseignants de l\u2019\u00e9ducation des \u00e9coles de la deuxi\u00e8me chance au service des jeunes d\u00e9crocheurs scolaires : Exp\u00e9riences pour la formation des enseignants dans les universit\u00e9s chiliennes. <i>BIENNALE INTERNATIONALE DE L\u2019\u00c9DUCATION, DE LA FORMATION ET DES PRATIQUES PROFESSIONNELLES<\/i>, Association Biennale internationale de l\u2019\u00c9ducation, de la Formation et des Pratiques professionnelles, Apr 2026, Paris CNAM, France. <a target=\"_blank\" href=\"https:\/\/inria.hal.science\/hal-05619136v1\">&#x27E8;hal-05619136&#x27E9;<\/a><\/dd>\n<dt class=\"ChampRes\">Acc\u00e8s au bibtex<\/dt>\n<dd class=\"ValeurRes LienBibtex\">\n<a href=\"https:\/\/inria.hal.science\/hal-05619136v1\/bibtex\" target=\"_self\">\n<img decoding=\"async\" alt=\"BibTex\" src=\"https:\/\/haltools.archives-ouvertes.fr\/images\/Haltools_bibtex3.png\" border=\"0\"  title=\"BibTex\" \/><\/a>\n<\/dd>\n<\/dl>\n<p class='Rubrique'>2023<\/p>\n<p class='SousRubrique'>Chapitre d'ouvrage<\/p>\n<dl class='NoticeRes'>\n<dt class=\"ChampRes\">ref_biblio<\/dt><dd class=\"ValeurRes ref_biblio\">Dante Castillo Guajardo, Jean-Claude R\u00e9gnier, Eduardo Romano. Las escuelas postpand\u00e9micas en la escolarizacion del estudiantado migrante: claves para la persistencia educativa. M. Soledad Loyola Fuentes, Ljuba Boric Bargetto, Irene Maga\u00f1a Frade. <i>El Zeitgeist en tiempos de pandemia : Trayectorias en directa y en reversa<\/i>, <a target=\"_blank\" href=\"https:\/\/ariadnaediciones.cl\/\">Ariadna Ediciones. https:\/\/ariadnaediciones.cl\/<\/a>, pp.145-176, 2023, 978-1956-6276-01-2. <a target=\"_blank\" href=\"https:\/\/inria.hal.science\/hal-04248753v1\">&#x27E8;hal-04248753&#x27E9;<\/a><\/dd>\n<dt class=\"ChampRes\">Acc\u00e8s au bibtex<\/dt>\n<dd class=\"ValeurRes LienBibtex\">\n<a href=\"https:\/\/inria.hal.science\/hal-04248753v1\/bibtex\" target=\"_self\">\n<img decoding=\"async\" alt=\"BibTex\" src=\"https:\/\/haltools.archives-ouvertes.fr\/images\/Haltools_bibtex3.png\" border=\"0\"  title=\"BibTex\" \/><\/a>\n<\/dd>\n<\/dl>\n<p class='Rubrique'>2022<\/p>\n<p class='SousRubrique'>Article dans une revue<\/p>\n<dl class='NoticeRes'>\n<dt class=\"ChampRes\">ref_biblio<\/dt><dd class=\"ValeurRes ref_biblio\">Dante Castillo Guajardo, Jean-Claude R\u00e9gnier, Alejandro Vega-Mu\u00f1oz. Segregaci\u00f3n y prejuicio educativo, los nuevos inmigrantes en las escuelas de Chile. <i>ALETHEIA<\/i>, 2022, 14 (1). <a target=\"_blank\" href=\"https:\/\/inria.hal.science\/hal-04031874v1\">&#x27E8;hal-04031874&#x27E9;<\/a><\/dd>\n<dt class=\"ChampRes\">Acc\u00e8s au bibtex<\/dt>\n<dd class=\"ValeurRes LienBibtex\">\n<a href=\"https:\/\/inria.hal.science\/hal-04031874v1\/bibtex\" target=\"_self\">\n<img decoding=\"async\" alt=\"BibTex\" src=\"https:\/\/haltools.archives-ouvertes.fr\/images\/Haltools_bibtex3.png\" border=\"0\"  title=\"BibTex\" \/><\/a>\n<\/dd>\n<\/dl>\n<p class='Rubrique'>2020<\/p>\n<p class='SousRubrique'>Ouvrages<\/p>\n<dl class='NoticeRes'>\n<dt class=\"ChampRes\">ref_biblio<\/dt><dd class=\"ValeurRes ref_biblio\">Dante Castillo Guajardo, Alejandro Vera, Eduardo Santo Cruz, Jean-Claude R\u00e9gnier. La escuela en movimiento. La actividad fisica en los centros escolares chilenos.. CEIEF - Centro de Estudios e Investigaci\u00f3n Enzo Faletto - Universidad de Santiago de Chile; PIIE - Programa Interdisciplinar de Investigaciones en Educacion; Faculdad de Humanidades - Universidad de Santiago de Chile. <a target=\"_blank\" href=\"https:\/\/editorialauncreemos.cl\/producto\/la-escuela-en-movimiento\/\">La editorial A\u00fan creemos en los sue\u00f1os \/ edici\u00f3n chilena de Le Monde Diplomatique.<\/a>, 2020, V\u00edctor Hugo de la Fuente, 978-956-340-1xx-x. <a target=\"_blank\" href=\"https:\/\/inria.hal.science\/hal-02625588v1\">&#x27E8;hal-02625588&#x27E9;<\/a><\/dd>\n<dt class=\"ChampRes\">Acc\u00e8s au bibtex<\/dt>\n<dd class=\"ValeurRes LienBibtex\">\n<a href=\"https:\/\/inria.hal.science\/hal-02625588v1\/bibtex\" target=\"_self\">\n<img decoding=\"async\" alt=\"BibTex\" src=\"https:\/\/haltools.archives-ouvertes.fr\/images\/Haltools_bibtex3.png\" border=\"0\"  title=\"BibTex\" \/><\/a>\n<\/dd>\n<\/dl>\n<p class='Rubrique'>2018<\/p>\n<p class='SousRubrique'>Article dans une revue<\/p>\n<dl class='NoticeRes'>\n<dt class=\"ChampRes\">ref_biblio<\/dt><dd class=\"ValeurRes ref_biblio\">Dante Castillo, Eduardo Santa Cruz-Grau, Alejandro Vega. Estudiantes migrantes en escuelas p\u00fablicas chilenas. <i>Revista Calidad en la Educaci\u00f3n<\/i>, 2018, 49, pp.18-49. <a target=\"_blank\" href=\"https:\/\/dx.doi.org\/10.31619\/caledu.n49.575\">&#x27E8;10.31619\/caledu.n49.575&#x27E9;<\/a>. <a target=\"_blank\" href=\"https:\/\/shs.hal.science\/halshs-02161069v1\">&#x27E8;halshs-02161069&#x27E9;<\/a><\/dd>\n<dt class=\"ChampRes\">Acc\u00e8s au bibtex<\/dt>\n<dd class=\"ValeurRes LienBibtex\">\n<a href=\"https:\/\/shs.hal.science\/halshs-02161069v1\/bibtex\" target=\"_self\">\n<img decoding=\"async\" alt=\"BibTex\" src=\"https:\/\/haltools.archives-ouvertes.fr\/images\/Haltools_bibtex3.png\" border=\"0\"  title=\"BibTex\" \/><\/a>\n<\/dd>\n<\/dl>\n<p class='Rubrique'>2016<\/p>\n<p class='SousRubrique'>Communication dans un congr\u00e8s<\/p>\n<dl class='NoticeRes'>\n<dt class=\"ChampRes\">ref_biblio<\/dt><dd class=\"ValeurRes ref_biblio\">Dante Castillo Guajardo, Jean-Claude Regnier. La Educaci\u00f3n y la Formaci\u00f3n de Personas Adultas en Chile: Un p\u00fablico en espera. <i>XVIII Congr\u00e8s AMSE - AMCE - WAER Enseigner et former aujourd'hui pour demain<\/i>, Universit\u00e9 Anadolu, May 2016, Eskisehir, Turqu\u00eda. <a target=\"_blank\" href=\"https:\/\/inria.hal.science\/hal-01618334v1\">&#x27E8;hal-01618334&#x27E9;<\/a><\/dd>\n<dt class=\"ChampRes\">Acc\u00e8s au bibtex<\/dt>\n<dd class=\"ValeurRes LienBibtex\">\n<a href=\"https:\/\/inria.hal.science\/hal-01618334v1\/bibtex\" target=\"_self\">\n<img decoding=\"async\" alt=\"BibTex\" src=\"https:\/\/haltools.archives-ouvertes.fr\/images\/Haltools_bibtex3.png\" border=\"0\"  title=\"BibTex\" \/><\/a>\n<\/dd>\n<\/dl>\n<dl class='NoticeRes'>\n<dt class=\"ChampRes\">ref_biblio<\/dt><dd class=\"ValeurRes ref_biblio\">Dante Castillo Guajardo, Jean-Claude Regnier. Inclusi\u00f3n y procesos de escolarizaci\u00f3n en ni\u00f1os, ni\u00f1as y adolescentes migrantes: pol\u00edticas de integraci\u00f3n en establecimientos escolares chilenos. <i>XVIII Congr\u00e8s AMSE - AMCE - WAER Enseigner et former aujourd'hui pour demain<\/i>, Universit\u00e9 Anadolu, May 2016, Eskisehir, Turqu\u00eda. <a target=\"_blank\" href=\"https:\/\/inria.hal.science\/hal-01618337v1\">&#x27E8;hal-01618337&#x27E9;<\/a><\/dd>\n<dt class=\"ChampRes\">Acc\u00e8s au bibtex<\/dt>\n<dd class=\"ValeurRes LienBibtex\">\n<a href=\"https:\/\/inria.hal.science\/hal-01618337v1\/bibtex\" target=\"_self\">\n<img decoding=\"async\" alt=\"BibTex\" src=\"https:\/\/haltools.archives-ouvertes.fr\/images\/Haltools_bibtex3.png\" border=\"0\"  title=\"BibTex\" \/><\/a>\n<\/dd>\n<\/dl>\n<\/div>\n\r\n\r\n<!--\r\n        $url = \"http:\/\/halshs.archives-ouvertes.fr\/Public\/afficheRequetePubli.php?\".\r\n     $url = \"https:\/\/haltools.archives-ouvertes.fr\/Public\/afficheRequetePubli.php?\".\r\n\t\t\t\"auteur_exp=\".$_parameters[\"idHAL\"].\r\nannee_publideb=1900&amp;\r\nannee_publifin=2100&amp;\r\nauteur_exp=nathalie,blanc&amp;\r\nCB_ref_biblio=oui&amp;\r\nlabos_exp=icar&amp;\r\nlangue=Francais&amp;\r\ntri_exp=annee_publi&amp;\r\ntri_exp2=typdoc&amp;\r\ntri_exp3=date_publi&amp;\r\nordre_aff=AT&amp;\r\nFen=Aff\r\n-->\r\n<\/p>\n","protected":false},"excerpt":{"rendered":"<p>Liste des publications sur HAL<\/p>\n","protected":false},"author":1,"featured_media":0,"parent":0,"menu_order":2,"comment_status":"closed","ping_status":"closed","template":"","meta":{"footnotes":""},"class_list":["post-8","page","type-page","status-publish","hentry"],"_links":{"self":[{"href":"https:\/\/icar.cnrs.fr\/membre\/dcastillo\/wp-json\/wp\/v2\/pages\/8","targetHints":{"allow":["GET"]}}],"collection":[{"href":"https:\/\/icar.cnrs.fr\/membre\/dcastillo\/wp-json\/wp\/v2\/pages"}],"about":[{"href":"https:\/\/icar.cnrs.fr\/membre\/dcastillo\/wp-json\/wp\/v2\/types\/page"}],"author":[{"embeddable":true,"href":"https:\/\/icar.cnrs.fr\/membre\/dcastillo\/wp-json\/wp\/v2\/users\/1"}],"replies":[{"embeddable":true,"href":"https:\/\/icar.cnrs.fr\/membre\/dcastillo\/wp-json\/wp\/v2\/comments?post=8"}],"version-history":[{"count":46,"href":"https:\/\/icar.cnrs.fr\/membre\/dcastillo\/wp-json\/wp\/v2\/pages\/8\/revisions"}],"predecessor-version":[{"id":187,"href":"https:\/\/icar.cnrs.fr\/membre\/dcastillo\/wp-json\/wp\/v2\/pages\/8\/revisions\/187"}],"wp:attachment":[{"href":"https:\/\/icar.cnrs.fr\/membre\/dcastillo\/wp-json\/wp\/v2\/media?parent=8"}],"curies":[{"name":"wp","href":"https:\/\/api.w.org\/{rel}","templated":true}]}}