{"id":10,"date":"2016-11-02T17:39:41","date_gmt":"2016-11-02T16:39:41","guid":{"rendered":"https:\/\/icar.cnrs.fr\/membre\/dlavanant\/?page_id=10"},"modified":"2024-03-30T11:22:36","modified_gmt":"2024-03-30T10:22:36","slug":"enseignements","status":"publish","type":"page","link":"https:\/\/icar.cnrs.fr\/membre\/dlavanant\/enseignements\/","title":{"rendered":"Enseignements"},"content":{"rendered":"<p align=\"justify\"><strong><span style=\"color: #4169e1\"><span style=\"font-size: medium\">Enseignement du FLE \u00e0 l\u2019Universit\u00e9 Rennes 2 (CIREFE)<\/span><\/span><\/strong><\/p>\n<p align=\"justify\"><span style=\"color: #000000\"><strong>Depuis 2007 en tant que PRAG-PRCE :<\/strong><b><br \/>\n<\/b><\/span><\/p>\n<p>Cours hebdomadaires : \u00e9tude de la langue (A1, A2, B1), civilisation (A1, A2), compr\u00e9hension orale (A1, A2, B1, C1), expression orale (A1, A2, B1, C1), expression \u00e9crite (A1, A2, B1, B2), compr\u00e9hension \u00e9crite (A1, A2, B2), phon\u00e9tique (A1, A2)<\/p>\n<p>Cours ponctuels : \u00ab Am\u00e9liorer son orthographe \u00bb (C1\/C2) et \u00ab Rire avec la bande dessin\u00e9e en 2021 \u00bb (B2\/C1\/C2) dans le cadre de la semaine alternative de mars 2021 ; \u00ab FABCARO, ou comment la BD met-elle la soci\u00e9t\u00e9 fran\u00e7aise de 2021 face \u00e0 ses propres contradictions ? \u00bb lors de l\u2019accueil d\u2019un groupe d\u2019\u00e9tudiants palestiniens en octobre 2021<\/p>\n<p align=\"justify\"><span style=\"color: #000000\"><strong>De 2003 \u00e0 2006 en tant que moniteur puis ATV (Agent temporaire vacataire) :<\/strong><b><br \/>\n<\/b><\/span><\/p>\n<p align=\"justify\"><span style=\"color: #000000\">Atelier d\u2019expression (B2), M\u00e9thodes de l\u2019oral (C1), Synth\u00e8se de documents (C1), Civilisation (B2)<\/span><\/p>\n<p align=\"justify\"><span style=\"color: #000000\"><span style=\"font-size: medium\"><strong>Enseignement du FLE \u00e0 l\u2019\u00e9tranger :<\/strong><b><br \/>\n<\/b><\/span><\/span><\/p>\n<p align=\"justify\"><span style=\"color: #000000\"><span style=\"font-size: medium\"><b>Janvier-F\u00e9vrier 2003 :<br \/>\n<\/b><\/span><\/span><\/p>\n<p align=\"justify\"><span style=\"color: #000000\"><span style=\"font-size: medium\"><b>Enseignant stagiaire de FLE<\/b> (Camille-Claudel-Oberschule, Berlin)<\/span><\/span><\/p>\n<p align=\"justify\"><span style=\"color: #000000\"><span style=\"font-size: medium\"><b>2002<\/b><b>\/<\/b><b>2003 :<br \/>\n<\/b><\/span><\/span><\/p>\n<p align=\"justify\"><span style=\"color: #000000\"><span style=\"font-size: medium\"><b>Lecteur<\/b> (Technische Universit\u00e4t Dresden, TUDIAS) dans le cadre de 3 stages intensifs de FLE d\u2019une semaine chacun (niveau A1)<\/span><\/span><\/p>\n<p align=\"justify\"><span style=\"color: #000000\"><b>2000-2002 :<br \/>\n<\/b><\/span><\/p>\n<p align=\"justify\"><span style=\"color: #000000\"><b>Assistant<\/b> (Romain-Rolland-Gymnasium, Dresden)<\/span><\/p>\n<p align=\"justify\"><strong><span style=\"color: #4169e1\"><span style=\"font-size: medium\">Enseignement de la linguistique fran\u00e7aise \u00e0 l\u2019Universit\u00e9 Rennes 2<\/span><\/span><\/strong><\/p>\n<p align=\"justify\"><strong><span style=\"color: #000000\"><span style=\"font-size: medium\">Pour la fili\u00e8re DDL \u2013 Didactique des langues :<br \/>\n<\/span><\/span><\/strong><\/p>\n<p align=\"justify\"><span style=\"color: #000000\">depuis 2023 :<br \/>\n<\/span><\/p>\n<p align=\"justify\"><span style=\"color: #000000\"><b>M1<\/b> <b>TD<\/b> Phon\u00e9tique (12h)<\/span><\/p>\n<p align=\"justify\"><span style=\"color: #000000\">depuis 2023 :<br \/>\n<\/span><\/p>\n<p align=\"justify\"><span style=\"color: #000000\"><b>DU<\/b> <b>FLE.S<\/b> <b>TD<\/b> Oral et enseignement du FLE.S (12h)<\/span><\/p>\n<p align=\"justify\"><strong><span style=\"color: #000000\"><span style=\"font-size: medium\">Pour le d\u00e9partement Psychologie :<br \/>\n<\/span><\/span><\/strong><\/p>\n<p align=\"justify\"><span style=\"color: #000000\">depuis 2022 :<\/span><\/p>\n<p align=\"justify\"><span style=\"color: #000000\"><b>L1<\/b> <b>UEO<\/b> <b>CM<\/b> Approche de la lecture et pr\u00e9vention de l\u2019illettrisme (2h)<\/span><\/p>\n<p align=\"justify\"><strong><span style=\"color: #000000\"><span style=\"font-size: medium\">Pour le d\u00e9partement Lettres :<br \/>\n<\/span><\/span><\/strong><\/p>\n<p align=\"justify\"><span style=\"color: #000000\">depuis 2017 :<br \/>\n<\/span><\/p>\n<p align=\"justify\"><span style=\"color: #000000\"> <b>L1<\/b> <b>Lettres<\/b> <b>CM<\/b> Linguistique fran\u00e7aise (12h)<\/span><\/p>\n<p align=\"justify\"><span style=\"color: #000000\"><b> <\/b><b>L1 <\/b><b>Lettres <\/b><b>TD<\/b> M\u00e9thodologie de la linguistique<b> <\/b>(12h)<\/span><\/p>\n<p align=\"justify\"><span style=\"color: #000000\">2019\/2020 :<br \/>\n<\/span><\/p>\n<p align=\"justify\"><span style=\"color: #000000\"><b>L3<\/b> <b>TD <\/b>Enseigner le FLE et le FLS (12h)<\/span><\/p>\n<p align=\"justify\"><span style=\"color: #000000\">2017\/2022 :<br \/>\n<\/span><\/p>\n<p align=\"justify\"><span style=\"color: #000000\"><b>L1<\/b> <b>Mineure de d\u00e9couverte<\/b> <b>CM<\/b> Linguistique g\u00e9n\u00e9rale (12h)<\/span><\/p>\n<p align=\"justify\"><span style=\"color: #000000\"><b> L1 <\/b><b>Mineure de d\u00e9couverte <\/b><b>TD<\/b> Linguistique g\u00e9n\u00e9rale<b> <\/b>(12h)<\/span><\/p>\n<p align=\"justify\"><span style=\"color: #000000\">2005\/2006 :<br \/>\n<\/span><\/p>\n<p align=\"justify\"><span style=\"color: #000000\"><b>L1 <\/b><b>L1 Lettres modernes<\/b> <b>TD <\/b>De l\u2019oral \u00e0 l\u2019\u00e9crit (12h)<\/span><\/p>\n<p align=\"justify\"><strong><span style=\"color: #000000\">EAD (Enseignement \u00e0 distance)\u00a0:<\/span><\/strong><\/p>\n<p align=\"justify\"><span style=\"color: #000000\">depuis 2023 :<br \/>\n<\/span><\/p>\n<p align=\"justify\"><span style=\"color: #000000\"><b>L1 Lettres<\/b> <b>CM<\/b> Linguistique fran\u00e7aise<\/span><\/p>\n<p align=\"justify\"><span style=\"color: #000000\">depuis 2023 :<br \/>\n<\/span><\/p>\n<p align=\"justify\"><span style=\"color: #000000\"><b>L1 Lettres<\/b> <b>TD<\/b> M\u00e9thodologie de la linguistique<\/span><\/p>\n<p align=\"justify\"><span style=\"color: #000000\">depuis 2023 :<br \/>\n<\/span><\/p>\n<p align=\"justify\"><span style=\"color: #000000\">UEDC Lettres-Fran\u00e7ais pour le professorat des \u00e9coles CM\/TD Linguistique fran\u00e7aise<\/span><\/p>\n<p align=\"justify\"><strong><span style=\"color: #4169e1\"><span style=\"font-size: medium\">Enseignement de l\u2019allemand langue \u00e9trang\u00e8re (LanSAD) \u2013 Rennes 2<\/span><\/span><\/strong><\/p>\n<p align=\"justify\"><span style=\"color: #000000\"><b>20<\/b><b>18-<\/b><b>2023 :<\/b><b><\/b><\/span><\/p>\n<p align=\"justify\"><span style=\"color: #000000\"><b>L1 TD<\/b> Continuation 1 Semestre 1 (24h)<\/span><\/p>\n<p align=\"justify\"><span style=\"color: #000000\"><b>20<\/b><b>18-<\/b><b>2023 :<br \/>\n<\/b><\/span><\/p>\n<p align=\"justify\"><span style=\"color: #000000\"><b>L1 TD<\/b> Continuation 1 Semestre 2 (24h)<\/span><\/p>\n<p align=\"justify\"><span style=\"color: #000000\"><b>2019 <\/b><b>et <\/b><b>2021 :<br \/>\n<\/b><\/span><\/p>\n<p align=\"justify\"><span style=\"color: #000000\">L2\/L3 <b>P<\/b><span style=\"font-size: medium\"><b>r\u00e9paration \u00e0 la mobilit\u00e9<\/b><\/span><span style=\"font-size: medium\"> dans un pays germanophone\u00a0: <\/span><span style=\"font-size: medium\">l<\/span><span style=\"font-size: medium\">angue, m\u00e9thodologie et interculturalit\u00e9 <\/span><span style=\"font-size: medium\">(12h)<\/span><\/span><\/p>\n<p align=\"justify\"><strong><span style=\"color: #000000\">EAD (Enseignement \u00e0 distance)\u00a0:<\/span><\/strong><\/p>\n<p align=\"justify\"><span style=\"color: #000000\">depuis 2020 :<br \/>\n<\/span><\/p>\n<p align=\"justify\"><span style=\"color: #000000\"><span style=\"font-size: medium\"><b>Continuation 1<\/b><\/span> <span style=\"font-size: medium\">(L1 <\/span><span style=\"font-size: medium\">LANSAD<\/span><span style=\"font-size: medium\">)<\/span><\/span><\/p>\n<p align=\"justify\"><strong><span style=\"color: #4169e1\"><span style=\"font-size: medium\">Formation continue de formateurs<\/span><\/span><\/strong><\/p>\n<p align=\"justify\"><span style=\"color: #000000\"><span style=\"font-size: medium\"><strong>En France :<\/strong><b><br \/>\n<\/b><\/span><\/span><\/p>\n<p align=\"justify\"><span style=\"color: #000000\"><span style=\"font-size: medium\"><b>depuis 20<\/b><b>11 :<br \/>\n<\/b><\/span><\/span><\/p>\n<p align=\"justify\"><span style=\"color: #000000\"><span style=\"font-size: medium\"><b>Ateliers de formation <\/b>destin\u00e9s aux nouveaux charg\u00e9s de cours du CIREFE :<br \/>\n<\/span><\/span><\/p>\n<p align=\"justify\"><span style=\"color: #000000\"><span style=\"font-size: medium\">\u00ab\u00a0Le cours d\u2019\u00e9crit en Soutien Linguistique (A2\/B2)\u00a0\u00bb<\/span><\/span><\/p>\n<p align=\"justify\"><span style=\"color: #000000\"><span style=\"font-size: medium\">\u00ab\u00a0Le cours d\u2019oral en Soutien Linguistique (C1)\u00a0\u00bb<\/span><\/span><\/p>\n<p align=\"justify\"><span style=\"color: #000000\"><span style=\"font-size: medium\">\u00ab\u00a0Utiliser la plate-forme Cursus (Moodle) Niveau 1\u00a0\u00bb (Naviguer, param\u00e9trer, utiliser les fonctions basiques dans son enseignement)<\/span><\/span><\/p>\n<p align=\"justify\"><span style=\"color: #000000\"><span style=\"font-size: medium\">\u00ab\u00a0Utiliser la plate-forme Cursus (Moodle) Niveau 2\u00a0\u00bb (Programmer des questions \u00ab\u00a0clozes\u00a0\u00bb)<\/span><\/span><\/p>\n<p align=\"justify\"><span style=\"color: #000000\"><span style=\"font-size: medium\">\u00ab\u00a0Utiliser la plate-forme Cursus (Moodle) Niveau 3\u00a0\u00bb (Evaluer un cours sur CURSUS)<\/span><\/span><\/p>\n<p align=\"justify\"><strong>A l&rsquo;\u00e9tranger :<\/strong><b><br \/>\n<\/b><\/p>\n<p align=\"justify\"><span style=\"color: #000000\"><b>Octobre 2017 :<br \/>\n<\/b><\/span><\/p>\n<p align=\"justify\"><span style=\"color: #000000\"><b>Enseigner l\u2019orthographe<\/b>, Assises Universitaires du Fran\u00e7ais, <b>Moscou<\/b><\/span><\/p>\n<p align=\"justify\"><span style=\"color: #000000\"><b>D\u00e9c. 2010 :<br \/>\n<\/b><\/span><\/p>\n<p align=\"justify\"><span style=\"color: #000000\"><b>Enseigner le FLE, <\/b>Formation d\u2019enseignantes de <b>Iakoutsk<\/b>, CIREFE<\/span><\/p>\n<p align=\"justify\"><span style=\"color: #000000\"><b>Juillet 2010 :<br \/>\n<\/b><\/span><\/p>\n<p align=\"justify\"><span style=\"color: #000000\"><span style=\"font-size: medium\"><b>Le F.L.E.<\/b><\/span><span style=\"font-size: medium\">, <\/span><span style=\"font-size: medium\"><b>Delhi<\/b><\/span><span style=\"font-size: medium\"> University, <\/span><span style=\"font-size: medium\"><b>Inde<\/b><\/span><span style=\"font-size: medium\"> (Formation de charg\u00e9s de cours du sup\u00e9rieur)<\/span><\/span><\/p>\n<p align=\"justify\"><span style=\"color: #000000\"><b>Juin 2009 :<br \/>\n<\/b><\/span><\/p>\n<p align=\"justify\"><span style=\"color: #000000\"><span style=\"font-size: medium\"><b>Le F.O.S.<\/b><\/span><span style=\"font-size: medium\">, Universit\u00e9 de <\/span><span style=\"font-size: medium\"><b>Jijel<\/b><\/span><span style=\"font-size: medium\">, <\/span><span style=\"font-size: medium\"><b>Alg\u00e9rie<\/b><\/span><span style=\"font-size: medium\"> (Formation d&rsquo;enseignants de CEIL)<\/span><\/span><\/p>\n","protected":false},"excerpt":{"rendered":"<p>Enseignement du FLE \u00e0 l\u2019Universit\u00e9 Rennes 2 (CIREFE) Depuis 2007 en tant que PRAG-PRCE : Cours hebdomadaires : \u00e9tude de la langue (A1, A2, B1), civilisation (A1, A2), compr\u00e9hension orale (A1, A2, B1, C1), expression orale (A1, A2, B1, C1), &hellip; <a href=\"https:\/\/icar.cnrs.fr\/membre\/dlavanant\/enseignements\/\">Continuer la lecture <span class=\"meta-nav\">&rarr;<\/span><\/a><\/p>\n","protected":false},"author":1,"featured_media":0,"parent":0,"menu_order":3,"comment_status":"closed","ping_status":"closed","template":"","meta":{"footnotes":""},"class_list":["post-10","page","type-page","status-publish","hentry"],"_links":{"self":[{"href":"https:\/\/icar.cnrs.fr\/membre\/dlavanant\/wp-json\/wp\/v2\/pages\/10","targetHints":{"allow":["GET"]}}],"collection":[{"href":"https:\/\/icar.cnrs.fr\/membre\/dlavanant\/wp-json\/wp\/v2\/pages"}],"about":[{"href":"https:\/\/icar.cnrs.fr\/membre\/dlavanant\/wp-json\/wp\/v2\/types\/page"}],"author":[{"embeddable":true,"href":"https:\/\/icar.cnrs.fr\/membre\/dlavanant\/wp-json\/wp\/v2\/users\/1"}],"replies":[{"embeddable":true,"href":"https:\/\/icar.cnrs.fr\/membre\/dlavanant\/wp-json\/wp\/v2\/comments?post=10"}],"version-history":[{"count":16,"href":"https:\/\/icar.cnrs.fr\/membre\/dlavanant\/wp-json\/wp\/v2\/pages\/10\/revisions"}],"predecessor-version":[{"id":180,"href":"https:\/\/icar.cnrs.fr\/membre\/dlavanant\/wp-json\/wp\/v2\/pages\/10\/revisions\/180"}],"wp:attachment":[{"href":"https:\/\/icar.cnrs.fr\/membre\/dlavanant\/wp-json\/wp\/v2\/media?parent=10"}],"curies":[{"name":"wp","href":"https:\/\/api.w.org\/{rel}","templated":true}]}}