{"id":183,"date":"2024-03-30T11:32:45","date_gmt":"2024-03-30T10:32:45","guid":{"rendered":"https:\/\/icar.cnrs.fr\/membre\/dlavanant\/?page_id=183"},"modified":"2024-03-30T11:32:52","modified_gmt":"2024-03-30T10:32:52","slug":"autres-activites","status":"publish","type":"page","link":"https:\/\/icar.cnrs.fr\/membre\/dlavanant\/autres-activites\/","title":{"rendered":"Autres activit\u00e9s"},"content":{"rendered":"<p align=\"justify\"><strong><span style=\"color: #007ffe\"><span style=\"font-size: large\">Fonctions et responsabilit\u00e9s<\/span><\/span><\/strong><\/p>\n<p>depuis 2007 : Enseignant titulaire (<strong>PRAG<\/strong>) au CIREFE<\/p>\n<p>depuis 2023 : Membre \u00e9lu du <strong>Conseil d\u2019Administration<\/strong> de l\u2019universit\u00e9 Rennes 2 (Coll\u00e8ge B)<\/p>\n<p>2019-2023 : Membre \u00e9lu du <strong>Conseil Acad\u00e9mique<\/strong> (<strong>CFVU<\/strong>) de l\u2019universit\u00e9 Rennes 2<\/p>\n<p>2019-2023 : Membre \u00e9lu de la Section disciplinaire comp\u00e9tente \u00e0 l\u2019\u00e9gard des enseignants- chercheurs et enseignants de l\u2019universit\u00e9 Rennes 2<\/p>\n<p>2019-2023 : Membre \u00e9lu de la Section disciplinaire comp\u00e9tente \u00e0 l\u2019\u00e9gard des usagers de l\u2019universit\u00e9 Rennes 2<\/p>\n<p>2009-2014 et depuis 2016 : Membre \u00e9lu des commissions ad hoc de recrutement des personnels second degr\u00e9 (Lettres) et des CDD LRU affect\u00e9s au CIREFE, au d\u00e9partement Lettres et au d\u00e9partement LEA<\/p>\n<p>2012-2020 : <strong>Directeur des Cours d\u2019\u00e9t\u00e9<\/strong> du CIREFE (Juin\/juillet)<\/p>\n<p>Programme double : langue et culture fran\u00e7aises \/ Didactique du FLE<\/p>\n<p>2009-2011 : <strong>Co-directeur des Cours d\u2019\u00e9t\u00e9<\/strong> du CIREFE (Juin\/juillet)<\/p>\n<p>2008-2012 : <strong>Directeur-adjoint du CIREFE<\/strong> (Responsable du Soutien Linguistique)<\/p>\n<p align=\"justify\"><strong><span style=\"color: #007ffe\"><span style=\"font-size: large\">Missions institutionnelles \/ Activit\u00e9s compl\u00e9mentaires<\/span><\/span><\/strong><\/p>\n<p>Septembre 2020 Jury de l\u2019\u00e9preuve de langue vivante (allemand) dans le cadre du CAPA (Certificat d\u2019aptitude \u00e0 la profession d\u2019avocat), EDAGO \u2013 \u00c9cole des Avocats du Grand Ouest, Campus de Kerlann, 35172 Bruz<\/p>\n<p>2019\/2020 Participation \u00e0 la commission de s\u00e9lection des candidats aux doubles dipl\u00f4mes franco-allemands de l\u2019Universit\u00e9 Rennes 1 (Facult\u00e9 des sciences \u00e9conomiques) et de la Augsburg Universit\u00e4t (Entretiens en allemand)<\/p>\n<p>2007-2016 Participation en tant que responsable p\u00e9dagogique du programme Rennes 1 (IUT) \/ Rennes 2 (CIREFE) aux r\u00e9unions et aux jurys annuels de l\u2019IUT (GEA, G\u00e9nie civil, Chimie, G\u00e9nie m\u00e9canique et productique, G\u00e9nie \u00e9lectrique et informatique industrielle). Suivi administratif et p\u00e9dagogique de 8 promotions d\u2019\u00e9tudiants chinois au CIREFE.<\/p>\n","protected":false},"excerpt":{"rendered":"<p>Fonctions et responsabilit\u00e9s depuis 2007 : Enseignant titulaire (PRAG) au CIREFE depuis 2023 : Membre \u00e9lu du Conseil d\u2019Administration de l\u2019universit\u00e9 Rennes 2 (Coll\u00e8ge B) 2019-2023 : Membre \u00e9lu du Conseil Acad\u00e9mique (CFVU) de l\u2019universit\u00e9 Rennes 2 2019-2023 : Membre &hellip; <a href=\"https:\/\/icar.cnrs.fr\/membre\/dlavanant\/autres-activites\/\">Continuer la lecture <span class=\"meta-nav\">&rarr;<\/span><\/a><\/p>\n","protected":false},"author":153,"featured_media":0,"parent":0,"menu_order":0,"comment_status":"closed","ping_status":"closed","template":"","meta":{"footnotes":""},"class_list":["post-183","page","type-page","status-publish","hentry"],"_links":{"self":[{"href":"https:\/\/icar.cnrs.fr\/membre\/dlavanant\/wp-json\/wp\/v2\/pages\/183","targetHints":{"allow":["GET"]}}],"collection":[{"href":"https:\/\/icar.cnrs.fr\/membre\/dlavanant\/wp-json\/wp\/v2\/pages"}],"about":[{"href":"https:\/\/icar.cnrs.fr\/membre\/dlavanant\/wp-json\/wp\/v2\/types\/page"}],"author":[{"embeddable":true,"href":"https:\/\/icar.cnrs.fr\/membre\/dlavanant\/wp-json\/wp\/v2\/users\/153"}],"replies":[{"embeddable":true,"href":"https:\/\/icar.cnrs.fr\/membre\/dlavanant\/wp-json\/wp\/v2\/comments?post=183"}],"version-history":[{"count":1,"href":"https:\/\/icar.cnrs.fr\/membre\/dlavanant\/wp-json\/wp\/v2\/pages\/183\/revisions"}],"predecessor-version":[{"id":185,"href":"https:\/\/icar.cnrs.fr\/membre\/dlavanant\/wp-json\/wp\/v2\/pages\/183\/revisions\/185"}],"wp:attachment":[{"href":"https:\/\/icar.cnrs.fr\/membre\/dlavanant\/wp-json\/wp\/v2\/media?parent=183"}],"curies":[{"name":"wp","href":"https:\/\/api.w.org\/{rel}","templated":true}]}}