{"id":4,"date":"2016-11-02T17:37:52","date_gmt":"2016-11-02T16:37:52","guid":{"rendered":"https:\/\/icar.cnrs.fr\/membre\/dlavanant\/?page_id=4"},"modified":"2025-07-16T14:09:55","modified_gmt":"2025-07-16T12:09:55","slug":"accueil","status":"publish","type":"page","link":"https:\/\/icar.cnrs.fr\/membre\/dlavanant\/","title":{"rendered":"Accueil"},"content":{"rendered":"<div class=\"cadregris\">\n<h2><strong>David Lavanant<\/strong><\/h2>\n<h2><img loading=\"lazy\" decoding=\"async\" class=\"wp-image-172 size-medium alignright\" src=\"https:\/\/icar.cnrs.fr\/membre\/dlavanant\/wp-content\/uploads\/sites\/175\/2024\/03\/photo_icar-209x300.jpg\" alt=\"\" width=\"209\" height=\"300\" srcset=\"https:\/\/icar.cnrs.fr\/membre\/dlavanant\/wp-content\/uploads\/sites\/175\/2024\/03\/photo_icar-209x300.jpg 209w, https:\/\/icar.cnrs.fr\/membre\/dlavanant\/wp-content\/uploads\/sites\/175\/2024\/03\/photo_icar-768x1101.jpg 768w, https:\/\/icar.cnrs.fr\/membre\/dlavanant\/wp-content\/uploads\/sites\/175\/2024\/03\/photo_icar-714x1024.jpg 714w, https:\/\/icar.cnrs.fr\/membre\/dlavanant\/wp-content\/uploads\/sites\/175\/2024\/03\/photo_icar.jpg 1437w\" sizes=\"auto, (max-width: 209px) 100vw, 209px\" \/><\/h2>\n<p>Professeur agr\u00e9g\u00e9 de lettres modernes \u00e0 l&rsquo;universit\u00e9 Rennes 2<\/p>\n<p>Docteur en sciences du langage, mention linguistique, de l&rsquo;universit\u00e9 Lumi\u00e8re Lyon 2<\/p>\n<p><b>Intitul\u00e9 de la th\u00e8se : Approche syntaxique de l&rsquo;oral repr\u00e9sent\u00e9 dans les romans fran\u00e7ais (1900-2020) : le cas de l&rsquo;interrogative directe partielle<\/b><\/p>\n<p>Th\u00e8se r\u00e9alis\u00e9e sous la direction de Nathalie Rossi-Gensane, soutenue le 20 d\u00e9cembre 2024, devant un jury compos\u00e9 de Fr\u00e9d\u00e9ric Calas (rapporteur), Ruggero Druetta (rapporteur), Florence Lefeuvre (pr\u00e9sidente), Emmanuelle Prak-Derrington (examinatrice), Elisabeth Richard (examinatrice) et Nathalie Rossi-Gensane (directrice).<\/p>\n<p>Email\u00a0: <a href=\"mailto:david.lavanant@univ-rennes2.fr\">david.lavanant at univ-rennes2.fr<\/a><\/p>\n<p>Membre du\u00a0Laboratoire\u00a0<a href=\"http:\/\/icar.univ-lyon2.fr\/\">ICAR<\/a>\u00a0<a href=\"http:\/\/icar.univ-lyon2.fr\/\">UMR 5191<\/a>\u00a0(Interactions, Corpus, Apprentissage, Repr\u00e9sentations), \u00e9quipe\u00a0:\u00a0<a href=\"http:\/\/icar.cnrs.fr\/recherche\/syntaxe-sens-textualite\/\" target=\"_blank\" rel=\"noopener noreferrer\">Syntaxe, Sens et Textualit\u00e9<\/a><\/p>\n<p><strong>Adresse<\/strong><\/p>\n<p style=\"text-align: left;\">Laboratoire ICAR<br \/>\nEcole Normale Sup\u00e9rieure de Lyon<br \/>\n15 parvis Ren\u00e9 Descartes &#8211; BP 7000<br \/>\n69342 LYON Cedex 07<br \/>\nFrance<\/p>\n<\/div>\n","protected":false},"excerpt":{"rendered":"<p>David Lavanant Professeur agr\u00e9g\u00e9 de lettres modernes \u00e0 l&rsquo;universit\u00e9 Rennes 2 Docteur en sciences du langage, mention linguistique, de l&rsquo;universit\u00e9 Lumi\u00e8re Lyon 2 Intitul\u00e9 de la th\u00e8se : Approche syntaxique de l&rsquo;oral repr\u00e9sent\u00e9 dans les romans fran\u00e7ais (1900-2020) : le &hellip; <a href=\"https:\/\/icar.cnrs.fr\/membre\/dlavanant\/\">Continuer la lecture <span class=\"meta-nav\">&rarr;<\/span><\/a><\/p>\n","protected":false},"author":1,"featured_media":0,"parent":0,"menu_order":0,"comment_status":"closed","ping_status":"closed","template":"","meta":{"footnotes":""},"class_list":["post-4","page","type-page","status-publish","hentry"],"_links":{"self":[{"href":"https:\/\/icar.cnrs.fr\/membre\/dlavanant\/wp-json\/wp\/v2\/pages\/4","targetHints":{"allow":["GET"]}}],"collection":[{"href":"https:\/\/icar.cnrs.fr\/membre\/dlavanant\/wp-json\/wp\/v2\/pages"}],"about":[{"href":"https:\/\/icar.cnrs.fr\/membre\/dlavanant\/wp-json\/wp\/v2\/types\/page"}],"author":[{"embeddable":true,"href":"https:\/\/icar.cnrs.fr\/membre\/dlavanant\/wp-json\/wp\/v2\/users\/1"}],"replies":[{"embeddable":true,"href":"https:\/\/icar.cnrs.fr\/membre\/dlavanant\/wp-json\/wp\/v2\/comments?post=4"}],"version-history":[{"count":48,"href":"https:\/\/icar.cnrs.fr\/membre\/dlavanant\/wp-json\/wp\/v2\/pages\/4\/revisions"}],"predecessor-version":[{"id":189,"href":"https:\/\/icar.cnrs.fr\/membre\/dlavanant\/wp-json\/wp\/v2\/pages\/4\/revisions\/189"}],"wp:attachment":[{"href":"https:\/\/icar.cnrs.fr\/membre\/dlavanant\/wp-json\/wp\/v2\/media?parent=4"}],"curies":[{"name":"wp","href":"https:\/\/api.w.org\/{rel}","templated":true}]}}