{"id":8,"date":"2016-11-02T17:38:51","date_gmt":"2016-11-02T16:38:51","guid":{"rendered":"https:\/\/icar.cnrs.fr\/membre\/dlavanant\/?page_id=8"},"modified":"2024-03-30T11:25:41","modified_gmt":"2024-03-30T10:25:41","slug":"publications","status":"publish","type":"page","link":"https:\/\/icar.cnrs.fr\/membre\/dlavanant\/publications\/","title":{"rendered":"Publications"},"content":{"rendered":"<h2>Liste des publications<\/h2>\n<p align=\"justify\"><span style=\"font-size: large\"><b><span style=\"color: #007ffe\">Commu<\/span><span style=\"color: #007ffe\">n<\/span><span style=\"color: #007ffe\">ications lors de<\/span><span style=\"color: #007ffe\"> colloques \/ <\/span><span style=\"color: #007ffe\">journ\u00e9es d\u2019\u00e9tude<\/span><\/b><\/span><\/p>\n<p>\u00ab La formation continue \u00e0 l\u2019\u00e9preuve du num\u00e9rique : encourager l\u2019hybridation dans un centre universitaire de FLE par l\u2019utilisation de la plateforme Moodle \u00bb dans le cadre du xe colloque international de l\u2019ADCUEFE \u2013 CAMPUS FLE, CIEF, Universit\u00e9 Lumi\u00e8re Lyon 2, 21-22-23 juin 2023.<\/p>\n<p>(Avec Marie Fran\u00e7oise BOURVON) : \u00ab Reformulation et interrogation, ou quand le dialogue litt\u00e9raire met en sc\u00e8ne le re-dire \u00bb dans le cadre du 35e colloque international du CerLICO, Dire et redire 2 : Bis repetita ?, Universit\u00e9 Rennes 2, 20-21 mai 2022<\/p>\n<p>\u00ab Enseigner l\u2019orthographe en fran\u00e7ais langue \u00e9trang\u00e8re : pour une (plus grande) prise en compte de la s\u00e9miographie \u00bb dans le cadre du colloque Questions d\u2019orthographe, Universit\u00e9 Saint-Louis, Bruxelles, 18-20 mai 2022<\/p>\n<p>(Avec Marie Fran\u00e7oise BOURVON) : \u00ab La formation continue en FLE : de l&rsquo;analyse des besoins \u00e0 la mise en place de dispositifs \u00bb dans le cadre de la 50e rencontre de l\u2019ASDIFLE, CLA de Besan\u00e7on, 19 octobre 2012<\/p>\n<p>\u00ab \u00c9valuation et tests de comp\u00e9tence \u00bb, Premi\u00e8res rencontres du Forum Mondial HERACLES, Universidade Federal do Rio de Janeiro, 28 au 30 avril 2009<\/p>\n<p>(Avec Mathieu PLAS) : \u00ab De l\u2019int\u00e9r\u00eat de baser une progression sur l\u2019acquisition du syst\u00e8me linguistique : l\u2019exemple d\u2019un public de niveau A2 \u00bb dans le cadre du colloque \u00ab Enseigner les structures langagi\u00e8res en FLE \u00bb, Bruxelles, 18-20 mars 2008<\/p>\n<p align=\"justify\"><span style=\"color: #007ffe\"><span style=\"font-size: large\"><b>Publications<\/b><\/span><\/span><\/p>\n<p>LAVANANT D. (\u00e0 para\u00eetre) : \u00ab La formation hybride \u00e0 l\u2019\u00e9preuve du num\u00e9rique : encourager la formation hybride dans un centre universitaire de FLE par l\u2019utilisation de la plateforme Moodle \u00bb, Alsic.<\/p>\n<p>LAVANANT D., BOURVON M. F. (\u00e0 para\u00eetre) : \u00ab Reformulation et modalit\u00e9 interrogative : la question-\u00e9cho dans le dialogue litt\u00e9raire \u00bb, Travaux linguistiques du CerLICO, Rennes, Presses Universitaires de Rennes.<\/p>\n<p>LAVANANT D. (2022) : \u00ab Accorder \u00e0 la comp\u00e9tence orthographique l\u2019importance qui lui est due \u00bb, in Le fran\u00e7ais dans le monde, Paris : CLE International, n\u00b0441, p. 58-59<\/p>\n<p>BOURVON M. F., LAVANANT D. (2013) : \u00ab La formation continue en FLE : de l&rsquo;analyse des besoins \u00e0 la mise en place de dispositifs \u00bb, in Cahiers de l&rsquo;Asdifle, \u00ab\u00a0Fran\u00e7ais langue \u00e9trang\u00e8re : l&rsquo;instant et l&rsquo;histoire\u00a0\u00bb, Paris : CLE International, n\u00b024, f\u00e9vrier 2013, p. 82-90<\/p>\n<p>PLAS M., LAVANANT D. (2010) : \u00ab De l\u2019int\u00e9r\u00eat de baser une progression sur l\u2019acquisition du syst\u00e8me linguistique : l\u2019exemple d\u2019un public de niveau A2 \u00bb, in Enseigner les structures langagi\u00e8res en FLE, Galatanu O, PIERRARD M., VAN RAEMDONCK D., DAMAR M. \u00c8., KEMPS N. &amp; SCHOONHEERE E. (\u00e9ds.), Bruxelles : Peter Lang, S\u00e9rie GRAMM-R, p. 77-86<\/p>\n<p><em>\u00a0<\/em><\/p>\n","protected":false},"excerpt":{"rendered":"<p>Liste des publications Communications lors de colloques \/ journ\u00e9es d\u2019\u00e9tude \u00ab La formation continue \u00e0 l\u2019\u00e9preuve du num\u00e9rique : encourager l\u2019hybridation dans un centre universitaire de FLE par l\u2019utilisation de la plateforme Moodle \u00bb dans le cadre du xe colloque &hellip; <a href=\"https:\/\/icar.cnrs.fr\/membre\/dlavanant\/publications\/\">Continuer la lecture <span class=\"meta-nav\">&rarr;<\/span><\/a><\/p>\n","protected":false},"author":1,"featured_media":0,"parent":0,"menu_order":2,"comment_status":"closed","ping_status":"closed","template":"","meta":{"footnotes":""},"class_list":["post-8","page","type-page","status-publish","hentry"],"_links":{"self":[{"href":"https:\/\/icar.cnrs.fr\/membre\/dlavanant\/wp-json\/wp\/v2\/pages\/8","targetHints":{"allow":["GET"]}}],"collection":[{"href":"https:\/\/icar.cnrs.fr\/membre\/dlavanant\/wp-json\/wp\/v2\/pages"}],"about":[{"href":"https:\/\/icar.cnrs.fr\/membre\/dlavanant\/wp-json\/wp\/v2\/types\/page"}],"author":[{"embeddable":true,"href":"https:\/\/icar.cnrs.fr\/membre\/dlavanant\/wp-json\/wp\/v2\/users\/1"}],"replies":[{"embeddable":true,"href":"https:\/\/icar.cnrs.fr\/membre\/dlavanant\/wp-json\/wp\/v2\/comments?post=8"}],"version-history":[{"count":33,"href":"https:\/\/icar.cnrs.fr\/membre\/dlavanant\/wp-json\/wp\/v2\/pages\/8\/revisions"}],"predecessor-version":[{"id":182,"href":"https:\/\/icar.cnrs.fr\/membre\/dlavanant\/wp-json\/wp\/v2\/pages\/8\/revisions\/182"}],"wp:attachment":[{"href":"https:\/\/icar.cnrs.fr\/membre\/dlavanant\/wp-json\/wp\/v2\/media?parent=8"}],"curies":[{"name":"wp","href":"https:\/\/api.w.org\/{rel}","templated":true}]}}