{"id":4,"date":"2016-11-02T17:37:52","date_gmt":"2016-11-02T16:37:52","guid":{"rendered":"https:\/\/icar.cnrs.fr\/membre\/dvalero\/?page_id=4"},"modified":"2025-07-09T19:52:21","modified_gmt":"2025-07-09T17:52:21","slug":"accueil","status":"publish","type":"page","link":"https:\/\/icar.cnrs.fr\/membre\/dvalero\/","title":{"rendered":"Accueil"},"content":{"rendered":"<div class=\"cadregris\">\n<p><img loading=\"lazy\" decoding=\"async\" class=\"alignright size-full wp-image-71\" src=\"https:\/\/icar.cnrs.fr\/membre\/dvalero\/wp-content\/uploads\/sites\/3\/2016\/11\/photo.png\" alt=\"\" width=\"149\" height=\"180\" \/><\/p>\n<p style=\"text-align: left;\"><span class=\"Style3\">Administrateur syst\u00e8mes et r\u00e9seaux ICAR<br \/>\nIng\u00e9nieur d&rsquo;\u00e9tudes CNRS.<br \/>\n<\/span><\/p>\n<p style=\"text-align: left;\">Responsable de la Cellule de Traitement Informatique ICAR<\/p>\n<ul>\n<li style=\"text-align: left;\">Administration du parc des serveurs et postes de travail.<\/li>\n<li style=\"text-align: left;\">Conception et h\u00e9bergement des sites web de l&rsquo;unit\u00e9.<\/li>\n<li style=\"text-align: left;\">Responsable d\u00e9veloppement des logiciels transversaux.<\/li>\n<\/ul>\n<p>Soutien \u00e0 la recherche en mati\u00e8re de traitement et d&rsquo;analyse de corpus plurim\u00e9dias<br \/>\n<a style=\"font-weight: 300;\" href=\"http:\/\/icar.cnrs.fr\/ccc\/\">http:\/\/icar.cnrs.fr\/ccc\/<\/a><\/p>\n<p>Assistant de pr\u00e9vention de l&rsquo;unit\u00e9.<\/p>\n<p>Correspondant CSSI<\/p>\n<p style=\"text-align: left;\"><a href=\"http:\/\/icar.cnrs.fr\/membres\/dvalero\/Daniel.Valero%20at%20ens-lyon.fr\">Daniel.Valero at ens-lyon.fr<br \/>\n<\/a>Poste 63.07<\/p>\n<p style=\"text-align: left;\"><a href=\"http:\/\/icar.cnrs.fr\/\">UMR 5191 ICAR<\/a>\u00a0(Interactions, Corpus, Apprentissage, Repr\u00e9sentations)<br \/>\nEcole Normale Sup\u00e9rieure de Lyon<br \/>\n15 parvis Ren\u00e9 Descartes \u2013 BP 7000<br \/>\n69342 LYON Cedex 07<br \/>\nFrance<\/p>\n<\/div>\n<p>&nbsp;<\/p>\n","protected":false},"excerpt":{"rendered":"<p>Administrateur syst\u00e8mes et r\u00e9seaux ICAR Ing\u00e9nieur d&rsquo;\u00e9tudes CNRS. Responsable de la Cellule de Traitement Informatique ICAR Administration du parc des serveurs et postes de travail. Conception et h\u00e9bergement des sites web de l&rsquo;unit\u00e9. Responsable d\u00e9veloppement des logiciels transversaux. Soutien \u00e0 &hellip; <a href=\"https:\/\/icar.cnrs.fr\/membre\/dvalero\/\">Continuer la lecture <span class=\"meta-nav\">&rarr;<\/span><\/a><\/p>\n","protected":false},"author":1,"featured_media":0,"parent":0,"menu_order":0,"comment_status":"closed","ping_status":"closed","template":"","meta":{"footnotes":""},"class_list":["post-4","page","type-page","status-publish","hentry"],"_links":{"self":[{"href":"https:\/\/icar.cnrs.fr\/membre\/dvalero\/wp-json\/wp\/v2\/pages\/4","targetHints":{"allow":["GET"]}}],"collection":[{"href":"https:\/\/icar.cnrs.fr\/membre\/dvalero\/wp-json\/wp\/v2\/pages"}],"about":[{"href":"https:\/\/icar.cnrs.fr\/membre\/dvalero\/wp-json\/wp\/v2\/types\/page"}],"author":[{"embeddable":true,"href":"https:\/\/icar.cnrs.fr\/membre\/dvalero\/wp-json\/wp\/v2\/users\/1"}],"replies":[{"embeddable":true,"href":"https:\/\/icar.cnrs.fr\/membre\/dvalero\/wp-json\/wp\/v2\/comments?post=4"}],"version-history":[{"count":43,"href":"https:\/\/icar.cnrs.fr\/membre\/dvalero\/wp-json\/wp\/v2\/pages\/4\/revisions"}],"predecessor-version":[{"id":209,"href":"https:\/\/icar.cnrs.fr\/membre\/dvalero\/wp-json\/wp\/v2\/pages\/4\/revisions\/209"}],"wp:attachment":[{"href":"https:\/\/icar.cnrs.fr\/membre\/dvalero\/wp-json\/wp\/v2\/media?parent=4"}],"curies":[{"name":"wp","href":"https:\/\/api.w.org\/{rel}","templated":true}]}}