{"id":94,"date":"2017-01-11T16:47:13","date_gmt":"2017-01-11T15:47:13","guid":{"rendered":"https:\/\/icar.cnrs.fr\/membre\/dvalero\/?page_id=94"},"modified":"2024-06-19T17:19:01","modified_gmt":"2024-06-19T15:19:01","slug":"administration-systemes","status":"publish","type":"page","link":"https:\/\/icar.cnrs.fr\/membre\/dvalero\/administration-systemes\/","title":{"rendered":"Syst\u00e8mes et r\u00e9seaux"},"content":{"rendered":"<p><strong>Fonctions<\/strong><\/p>\n<ul>\n<li>Administration des serveurs de l&rsquo;unit\u00e9 (Web, Progiciels&#8230;)<\/li>\n<li>Administration\u00a0du parc mat\u00e9riel et logiciel<\/li>\n<li>Conception et h\u00e9bergement des sites Web<\/li>\n<li>Expertise en collecte, traitement et analyse des corpus plurim\u00e9dias (outils et m\u00e9thodologies).<\/li>\n<\/ul>\n<p>Responsable des d\u00e9veloppements des solutions logicielles transversales.<\/p>\n","protected":false},"excerpt":{"rendered":"<p>Fonctions Administration des serveurs de l&rsquo;unit\u00e9 (Web, Progiciels&#8230;) Administration\u00a0du parc mat\u00e9riel et logiciel Conception et h\u00e9bergement des sites Web Expertise en collecte, traitement et analyse des corpus plurim\u00e9dias (outils et m\u00e9thodologies). Responsable des d\u00e9veloppements des solutions logicielles transversales.<\/p>\n","protected":false},"author":1,"featured_media":0,"parent":0,"menu_order":1,"comment_status":"closed","ping_status":"closed","template":"","meta":{"footnotes":""},"class_list":["post-94","page","type-page","status-publish","hentry"],"_links":{"self":[{"href":"https:\/\/icar.cnrs.fr\/membre\/dvalero\/wp-json\/wp\/v2\/pages\/94","targetHints":{"allow":["GET"]}}],"collection":[{"href":"https:\/\/icar.cnrs.fr\/membre\/dvalero\/wp-json\/wp\/v2\/pages"}],"about":[{"href":"https:\/\/icar.cnrs.fr\/membre\/dvalero\/wp-json\/wp\/v2\/types\/page"}],"author":[{"embeddable":true,"href":"https:\/\/icar.cnrs.fr\/membre\/dvalero\/wp-json\/wp\/v2\/users\/1"}],"replies":[{"embeddable":true,"href":"https:\/\/icar.cnrs.fr\/membre\/dvalero\/wp-json\/wp\/v2\/comments?post=94"}],"version-history":[{"count":7,"href":"https:\/\/icar.cnrs.fr\/membre\/dvalero\/wp-json\/wp\/v2\/pages\/94\/revisions"}],"predecessor-version":[{"id":181,"href":"https:\/\/icar.cnrs.fr\/membre\/dvalero\/wp-json\/wp\/v2\/pages\/94\/revisions\/181"}],"wp:attachment":[{"href":"https:\/\/icar.cnrs.fr\/membre\/dvalero\/wp-json\/wp\/v2\/media?parent=94"}],"curies":[{"name":"wp","href":"https:\/\/api.w.org\/{rel}","templated":true}]}}