{"id":4,"date":"2016-11-02T17:37:52","date_gmt":"2016-11-02T16:37:52","guid":{"rendered":"https:\/\/icar.cnrs.fr\/membre\/dvigier\/?page_id=4"},"modified":"2026-04-03T23:16:03","modified_gmt":"2026-04-03T21:16:03","slug":"accueil","status":"publish","type":"page","link":"https:\/\/icar.cnrs.fr\/membre\/dvigier\/","title":{"rendered":"Accueil"},"content":{"rendered":"<div class=\"cadregris\">\n<h1><strong>Denis Vigier<\/strong><\/h1>\n<p><img loading=\"lazy\" decoding=\"async\" class=\"alignright wp-image-641\" src=\"https:\/\/icar.cnrs.fr\/membre\/dvigier\/wp-content\/uploads\/sites\/67\/2025\/07\/dvigier-150x150.png\" alt=\"\" width=\"176\" height=\"176\" \/>Professeur des Universit\u00e9s en Sciences du langage \u00e0 l&rsquo;Universit\u00e9 Lumi\u00e8re Lyon II<\/p>\n<p>Qualifi\u00e9 en 7e et 9e sections du CNU (Sciences du Langage; Langue et Litt\u00e9rature fran\u00e7aises).<\/p>\n<p>Email : denis.vigier@ens-lyon.fr \/ denis.vigier@univ-lyon2.fr<\/p>\n<p><strong> Domaines de recherche<\/strong><\/p>\n<p>&#8211; Langue et linguistique fran\u00e7aises en synchronie et en diachronie\u00a0;<br \/>\n&#8211; Pr\u00e9positions, adverbes et syntagmes pr\u00e9positionnels adverbiaux\u00a0;<br \/>\n&#8211; Linguistique textuelle, syntaxe du d\u00e9tachement et structuration du discours\u00a0;<br \/>\n&#8211; M\u00e9talexicographie historique des dictionnaires universels et encyclop\u00e9dies des XVIIe et XVIII e. si\u00e8cle ;<br \/>\n&#8211; Linguistique de corpus.<\/p>\n<p><strong>Formation et concours<br \/>\n<\/strong><\/p>\n<p>Habilitation \u00e0 diriger des recherches, Universit\u00e9 Jean Jaur\u00e8s, Toulouse.<br \/>\nTitre: <em>Autour des pr\u00e9positions en, dans, dedans. Vers une approche diachronique sur corpus outill\u00e9<\/em><br \/>\nJury: M. Aurnague &#8211; <em>Garant<\/em> (DR CNRS), P. Blumenthal (PU \u00e9m\u00e9rite, Universit\u00e9 de Cologne), M. Charolles &#8211; <em>Pr\u00e9sident<\/em> (PU \u00e9m\u00e9rite, Universit\u00e9 Paris 3), C. Fabre (PU, Universit\u00e9 de Toulouse), N. Fournier (PU \u00e9m\u00e9rite, Universit\u00e9 de Lyon), G. Siouffi (PU, Universit\u00e9 Paris 4).<\/p>\n<p>Doctorat en sciences du langage, Universit\u00e9 Sorbonne-Nouvelle, Paris 3.<br \/>\nTitre: <em>Les groupes pr\u00e9positionnels en \u00ab en N \u00bb : de la phrase au discours.<\/em><br \/>\nJury\u00a0: M. Charolles &#8211; <em>Directeur de recherche<\/em> (PU, Universit\u00e9 Paris 3), J.-P. Descl\u00e9s (PU, Universit\u00e9 Paris 4), L. Melis (PU, Katholieke Universiteit Leuven), C. Guimier (PU, Universit\u00e9 de Caen), P. Le Goffic &#8211; <em>Pr\u00e9sident<\/em> (PU, Universit\u00e9 Paris 3)<\/p>\n<p>Agr\u00e9gation externe de Lettres Modernes<\/p>\n<p style=\"text-align: left\"><strong>Adresse<br \/>\n<\/strong>Laboratoire <a href=\"http:\/\/icar.univ-lyon2.fr\/\">ICAR<\/a>\u00a0<a href=\"http:\/\/icar.univ-lyon2.fr\/\">UMR 5191<\/a>\u00a0(Interactions, Corpus, Apprentissage, Repr\u00e9sentations)<br \/>\n<em>Equipe<\/em> : Syntaxe, Sens, Textualit\u00e9 (SST)<br \/>\nEcole Normale Sup\u00e9rieure de Lyon<br \/>\n15 parvis Ren\u00e9 Descartes &#8211; BP 7000<br \/>\n69342 LYON Cedex 07<br \/>\nFrance<\/p>\n<\/div>\n","protected":false},"excerpt":{"rendered":"<p>Denis Vigier Professeur des Universit\u00e9s en Sciences du langage \u00e0 l&rsquo;Universit\u00e9 Lumi\u00e8re Lyon II Qualifi\u00e9 en 7e et 9e sections du CNU (Sciences du Langage; Langue et Litt\u00e9rature fran\u00e7aises). Email : denis.vigier@ens-lyon.fr \/ denis.vigier@univ-lyon2.fr Domaines de recherche &#8211; Langue et &hellip; <a href=\"https:\/\/icar.cnrs.fr\/membre\/dvigier\/\">Continuer la lecture <span class=\"meta-nav\">&rarr;<\/span><\/a><\/p>\n","protected":false},"author":1,"featured_media":0,"parent":0,"menu_order":0,"comment_status":"closed","ping_status":"closed","template":"","meta":{"footnotes":""},"class_list":["post-4","page","type-page","status-publish","hentry"],"_links":{"self":[{"href":"https:\/\/icar.cnrs.fr\/membre\/dvigier\/wp-json\/wp\/v2\/pages\/4","targetHints":{"allow":["GET"]}}],"collection":[{"href":"https:\/\/icar.cnrs.fr\/membre\/dvigier\/wp-json\/wp\/v2\/pages"}],"about":[{"href":"https:\/\/icar.cnrs.fr\/membre\/dvigier\/wp-json\/wp\/v2\/types\/page"}],"author":[{"embeddable":true,"href":"https:\/\/icar.cnrs.fr\/membre\/dvigier\/wp-json\/wp\/v2\/users\/1"}],"replies":[{"embeddable":true,"href":"https:\/\/icar.cnrs.fr\/membre\/dvigier\/wp-json\/wp\/v2\/comments?post=4"}],"version-history":[{"count":120,"href":"https:\/\/icar.cnrs.fr\/membre\/dvigier\/wp-json\/wp\/v2\/pages\/4\/revisions"}],"predecessor-version":[{"id":663,"href":"https:\/\/icar.cnrs.fr\/membre\/dvigier\/wp-json\/wp\/v2\/pages\/4\/revisions\/663"}],"wp:attachment":[{"href":"https:\/\/icar.cnrs.fr\/membre\/dvigier\/wp-json\/wp\/v2\/media?parent=4"}],"curies":[{"name":"wp","href":"https:\/\/api.w.org\/{rel}","templated":true}]}}