{"id":126,"date":"2017-01-13T17:20:01","date_gmt":"2017-01-13T16:20:01","guid":{"rendered":"https:\/\/icar.cnrs.fr\/membre\/echernyshova\/?page_id=126"},"modified":"2018-11-14T13:49:34","modified_gmt":"2018-11-14T12:49:34","slug":"domaines-de-recherche","status":"publish","type":"page","link":"https:\/\/icar.cnrs.fr\/membre\/echernyshova\/domaines-de-recherche\/","title":{"rendered":"Domaines de recherche"},"content":{"rendered":"<p>&nbsp;<\/p>\n<ul>\n<li>Analyse conversationnelle, linguistique interactionnelle<\/li>\n<li>Pragmatique : la distinction implicite &#8211; explicite, l&rsquo;inf\u00e9rence<\/li>\n<li>Grammaire interactionnelle<\/li>\n<li>Mod\u00e9lisation de la conversation<\/li>\n<li>Segmentation des corpus oraux<\/li>\n<li>Corpus de langue parl\u00e9e en interaction<\/li>\n<\/ul>\n","protected":false},"excerpt":{"rendered":"<p>&nbsp; Analyse conversationnelle, linguistique interactionnelle Pragmatique : la distinction implicite &#8211; explicite, l&rsquo;inf\u00e9rence Grammaire interactionnelle Mod\u00e9lisation de la conversation Segmentation des corpus oraux Corpus de langue parl\u00e9e en interaction<\/p>\n","protected":false},"author":22,"featured_media":0,"parent":0,"menu_order":0,"comment_status":"closed","ping_status":"closed","template":"","meta":{"footnotes":""},"class_list":["post-126","page","type-page","status-publish","hentry"],"_links":{"self":[{"href":"https:\/\/icar.cnrs.fr\/membre\/echernyshova\/wp-json\/wp\/v2\/pages\/126","targetHints":{"allow":["GET"]}}],"collection":[{"href":"https:\/\/icar.cnrs.fr\/membre\/echernyshova\/wp-json\/wp\/v2\/pages"}],"about":[{"href":"https:\/\/icar.cnrs.fr\/membre\/echernyshova\/wp-json\/wp\/v2\/types\/page"}],"author":[{"embeddable":true,"href":"https:\/\/icar.cnrs.fr\/membre\/echernyshova\/wp-json\/wp\/v2\/users\/22"}],"replies":[{"embeddable":true,"href":"https:\/\/icar.cnrs.fr\/membre\/echernyshova\/wp-json\/wp\/v2\/comments?post=126"}],"version-history":[{"count":4,"href":"https:\/\/icar.cnrs.fr\/membre\/echernyshova\/wp-json\/wp\/v2\/pages\/126\/revisions"}],"predecessor-version":[{"id":200,"href":"https:\/\/icar.cnrs.fr\/membre\/echernyshova\/wp-json\/wp\/v2\/pages\/126\/revisions\/200"}],"wp:attachment":[{"href":"https:\/\/icar.cnrs.fr\/membre\/echernyshova\/wp-json\/wp\/v2\/media?parent=126"}],"curies":[{"name":"wp","href":"https:\/\/api.w.org\/{rel}","templated":true}]}}