{"id":142,"date":"2017-01-13T17:25:41","date_gmt":"2017-01-13T16:25:41","guid":{"rendered":"https:\/\/icar.cnrs.fr\/membre\/echernyshova\/?page_id=142"},"modified":"2019-02-11T17:51:11","modified_gmt":"2019-02-11T16:51:11","slug":"formation","status":"publish","type":"page","link":"https:\/\/icar.cnrs.fr\/membre\/echernyshova\/formation\/","title":{"rendered":"Formation"},"content":{"rendered":"<h2><strong>Parcours universitaire<\/strong><\/h2>\n<p>Octobre 2015 &#8211; D\u00e9cembre 2018 : Doctorat en Sciences du Langage. Universit\u00e9 Lumi\u00e8re Lyon 2. Contrat doctoral dans le cadre du <a href=\"https:\/\/aslan.universite-lyon.fr\/\">Labex ASLAN<\/a>.<\/p>\n<p>2015\u00a0: Master de Sciences du Langage, sp\u00e9cialit\u00e9 Recherche. Universit\u00e9 Lumi\u00e8re Lyon 2.<\/p>\n<p>2014 : Ma\u00eetrise de Sciences du Langage. Universit\u00e9 Lumi\u00e8re Lyon 2.<\/p>\n<p>2013\u00a0: Licence de Sciences du Langage. Universit\u00e9 Lumi\u00e8re Lyon 2.<\/p>\n<p>2012\u00a0: Licence de Math\u00e9matiques G\u00e9n\u00e9rales et Applications. Universit\u00e9 Claude Bernard Lyon 1.<\/p>\n<p>2009 \u2013 2011\u00a0: Classe Pr\u00e9paratoire aux Grandes Ecoles en Math\u00e9matiques, Sciences Physiques et Informatique. Lyc\u00e9e Champollion, Grenoble.<\/p>\n<p>2009\u00a0: Baccalaur\u00e9at g\u00e9n\u00e9ral Scientifique, option Math\u00e9matiques. Dipl\u00f4me d\u2019Abibac (Abitur allemand et Baccalaur\u00e9at fran\u00e7ais). Cit\u00e9 Scolaire Internationale, Grenoble.<\/p>\n<h2><\/h2>\n<h2><strong>Formations suppl\u00e9mentaires<\/strong><\/h2>\n<p>17 &#8211; 21 juillet 2017 : Universit\u00e9 d&rsquo;\u00e9t\u00e9 ESSLLI (European Summer School in Logic, Language and Information), Toulouse.<\/p>\n<p>Juin 2016 :\u00a0<em>Workshop on Phonetics<\/em>, Richard Ogden et Rasmus Persson (University of York). Laboratoire ICAR, Lyon.<\/p>\n<p>Avril 2016\u00a0: <em>Lectures on Prosody in Interaction,\u00a0<\/em>Elizabeth Couper-Kuhlen (University of Helsinki). Laboratoire ICAR, Lyon.<\/p>\n<p>21 \u2013 26 septembre 2015\u00a0: Ecole th\u00e9matique CNRS MAINLY\u00a0: Multimodal Interactions Lyon \u2013 The construction and organisation of social actions, Lyon.<\/p>\n<p>5 \u2013 16 ao\u00fbt 2013\u00a0: Universit\u00e9 d\u2019\u00e9t\u00e9 ESSLLI (European Summer School in Logic, Language and Information), D\u00fcsseldorf.<\/p>\n","protected":false},"excerpt":{"rendered":"<p>Parcours universitaire Octobre 2015 &#8211; D\u00e9cembre 2018 : Doctorat en Sciences du Langage. Universit\u00e9 Lumi\u00e8re Lyon 2. Contrat doctoral dans le cadre du Labex ASLAN. 2015\u00a0: Master de Sciences du Langage, sp\u00e9cialit\u00e9 Recherche. Universit\u00e9 Lumi\u00e8re Lyon 2. 2014 : Ma\u00eetrise &hellip; <a href=\"https:\/\/icar.cnrs.fr\/membre\/echernyshova\/formation\/\">Continuer la lecture <span class=\"meta-nav\">&rarr;<\/span><\/a><\/p>\n","protected":false},"author":22,"featured_media":0,"parent":0,"menu_order":0,"comment_status":"closed","ping_status":"closed","template":"","meta":{"footnotes":""},"class_list":["post-142","page","type-page","status-publish","hentry"],"_links":{"self":[{"href":"https:\/\/icar.cnrs.fr\/membre\/echernyshova\/wp-json\/wp\/v2\/pages\/142","targetHints":{"allow":["GET"]}}],"collection":[{"href":"https:\/\/icar.cnrs.fr\/membre\/echernyshova\/wp-json\/wp\/v2\/pages"}],"about":[{"href":"https:\/\/icar.cnrs.fr\/membre\/echernyshova\/wp-json\/wp\/v2\/types\/page"}],"author":[{"embeddable":true,"href":"https:\/\/icar.cnrs.fr\/membre\/echernyshova\/wp-json\/wp\/v2\/users\/22"}],"replies":[{"embeddable":true,"href":"https:\/\/icar.cnrs.fr\/membre\/echernyshova\/wp-json\/wp\/v2\/comments?post=142"}],"version-history":[{"count":11,"href":"https:\/\/icar.cnrs.fr\/membre\/echernyshova\/wp-json\/wp\/v2\/pages\/142\/revisions"}],"predecessor-version":[{"id":215,"href":"https:\/\/icar.cnrs.fr\/membre\/echernyshova\/wp-json\/wp\/v2\/pages\/142\/revisions\/215"}],"wp:attachment":[{"href":"https:\/\/icar.cnrs.fr\/membre\/echernyshova\/wp-json\/wp\/v2\/media?parent=142"}],"curies":[{"name":"wp","href":"https:\/\/api.w.org\/{rel}","templated":true}]}}