{"id":145,"date":"2017-01-13T17:33:54","date_gmt":"2017-01-13T16:33:54","guid":{"rendered":"https:\/\/icar.cnrs.fr\/membre\/echernyshova\/?page_id=145"},"modified":"2019-04-04T10:28:55","modified_gmt":"2019-04-04T08:28:55","slug":"publications-et-communications","status":"publish","type":"page","link":"https:\/\/icar.cnrs.fr\/membre\/echernyshova\/publications-et-communications\/","title":{"rendered":"Activit\u00e9 de recherche"},"content":{"rendered":"<h2>Th\u00e8se de doctorat<\/h2>\n<p class=\"p1\"><i>Expliciter et inf\u00e9rer dans la conversation. Mod\u00e9lisation de la s\u00e9quence d&rsquo;explicitation dans l&rsquo;interaction.<br \/>\n<\/i><\/p>\n<p class=\"p1\">Sous la direction de<br \/>\n<a href=\"https:\/\/icar.cnrs.fr\/membre\/vtraverso\/\"><span class=\"s1\">V\u00e9ronique Traverso<\/span><\/a> (ICAR, UMR 5191, Universit\u00e9 Lumi\u00e8re Lyon 2),<br \/>\n<a href=\"https:\/\/kahane.fr\/\"><span class=\"s1\">Sylvain Kahane<\/span><\/a> (MoDyCo, UMR 7114, Universit\u00e9 Paris Ouest &#8211; Nanterre)<\/p>\n<p>Th\u00e8se soutenue le 17\/12\/2018 \u00e0 l&rsquo;Universit\u00e9 Lumi\u00e8re Lyon 2.<\/p>\n<h2>Publications<\/h2>\n<p>E. Chernyshova (2018), <a href=\"http:\/\/www.unine.ch\/files\/live\/sites\/tranel\/files\/Tranel\/68\/51-58_Chernyshova-1.pdf\">\u00ab\u00a0Explicitation sequences in conversation: some considerations on formulations, candidate inferences and grounding\u00a0\u00bb<\/a>, Travaux neuch\u00e2telois de linguistique, 68, pp. 51-58.<\/p>\n<p>V. Piccoli, E. Chernyshova (\u00e0 para\u00eetre), \u00ab\u00a0&lsquo;<span class=\"s1\">Du vin pour choper&rsquo;: identit\u00e9 masculine, blagues (h\u00e9t\u00e9ro)sexuelles et affiliation lors d&rsquo;une premi\u00e8re rencontre entre hommes\u00a0\u00bb, Travaux neuch\u00e2telois de linguistique.<\/span><\/p>\n<p>E. Chernyshova, V. Traverso (2017), <a href=\"http:\/\/journals.openedition.org\/praxematique\/4536\">\u00ab\u00a0Inf\u00e9rences et processus d&rsquo;intercompr\u00e9hension dans les interactions quotidiennes : quelques questions m\u00e9thodologiques\u00a0\u00bb<\/a>,\u00a0<em>Cahiers de Prax\u00e9matique,\u00a0<\/em>68.<\/p>\n<p>J.Thiburce, E. Chernyshova (2017), <a href=\"https:\/\/www.revistas.usp.br\/esse\/article\/view\/140739\/135671\">\u00ab\u00a0&lsquo;I\u2019 suffit juste d\u2019avoir l\u2019\u0153il&rsquo; ? Regards crois\u00e9s sur la n\u00e9gociation en interaction\u00a0\u00bb<\/a>,\u00a0<em>Estudos Semi\u00f3ticos.\u00a0<\/em>Valeria De Luca et Carolina Lindenberg Lemos (\u00e9ds.), S\u00e3o Paulo, p.59\u201371. DOI :\u00a0http:\/\/dx.doi.org\/10.11606\/issn.1980-4016.esse.2017.140739<\/p>\n<p>E. Chernyshova (2016), <a href=\"http:\/\/ec2-52-11-162-110.us-west-2.compute.amazonaws.com\/lodel\/revue-signes\/docannexe\/file\/132\/09_chernyshova_160718.pdf\">\u00ab\u00a0La r\u00e9solution de probl\u00e8mes inf\u00e9rentiels dans un corpus de repas entre amis : une approche conversationnaliste des ph\u00e9nom\u00e8nes relevant de l&rsquo;implicite\u00a0\u00bb<\/a>,\u00a0<em>Revue Signes, Discours et<\/em> Soci\u00e9t\u00e9s <em>(17), L&rsquo;implicite entre pr\u00e9construits s\u00e9mantiques et d\u00e9termination g\u00e9n\u00e9rique<\/em>.<\/p>\n<h2>Communications orales<\/h2>\n<h3>Communications \u00e0 venir<\/h3>\n<p class=\"p1\"><span class=\"s1\">\u00ab\u00a0Displaying inference and interpretation in conversation: a study of \u201ccandidate inferences\u00a0\u00bb, IIEMCA (Conference of the International Institute for Ethnomethodology and Conversation Analysis), Mannheim, Allemagne. 2-5 Juillet 2019.<\/span><\/p>\n<h3>Communications pass\u00e9es<\/h3>\n<p>(avec B. Ursi) \u00ab\u00a0In search of missing pieces: reconstructing meaning via inference submission in conversation\u00a0\u00bb, ICCA Conference, Loughborough University, Royaume-Uni. 11-16 juillet 2018.<\/p>\n<p>\u00ab\u00a0Achieving mutual understanding by explicitating indirectly conveyed information\u00a0\u00bb. Intersubjectivity in Action, Helsinki. 11-13 mai 2017.<\/p>\n<h3>Avec Actes (comit\u00e9 de lecture)<\/h3>\n<p>\u00ab\u00a0Collaborative explicitation sequences in conversation. Some considerations on formulations, &lsquo;inferential candidates&rsquo; and common ground\u00a0\u00bb. Young Researchers Conference of the Center for Research on Social Interaction, Neuch\u00e2tel. 16-17 f\u00e9vrier 2017, Neuch\u00e2tel.<\/p>\n<p>J. Thiburce, E. Chernyshova, \u00ab\u00a0Les objets de la ville et la structure de leurs significations en situation d\u2019interaction\u00a0\u00bb,\u00a0Colloque <i>Le structuralisme. Entre h\u00e9ritage et transformations contemporaines<\/i>, Association de Jeunes Chercheurs en S\u00e9miotique, Universit\u00e9 de Limoges. 29\u201430 Septembre 2016, Limoges.<\/p>\n<p>E. Chernyshova, J. Thiburce, <a href=\"https:\/\/teteschercheuses.hypotheses.org\/3733\">\u00ab\u00a0Les objets de la ville et leur recomposition.\u00a0Appr\u00e9hension des objets et de leur significations en situation d\u2019interaction dans l\u2019espace urbain grand lyonnais\u00a0\u00bb<\/a>,\u00a0Colloque\u00a0<em>Recomposition<\/em>, Ecole doctorale 3LA, Universit\u00e9 de Lyon. 20-21 Mai 2016, Lyon.<\/p>\n<h3>Journ\u00e9es d&rsquo;\u00e9tude et s\u00e9minaires<\/h3>\n<p>3 Avril 2019 &#8211;\u00a0(avec A. Ticca) \u00ab\u00a0Reformuler avant de traduire : quelques cas de r\u00e9paration dans une interaction en sant\u00e9 mentale avec interpr\u00e8te\u00a0\u00bb. Journ\u00e9e d&rsquo;Etudes autour de l&rsquo;analyse conversationnelle, la linguistique interactionnelle et les environnements technologis\u00e9s. Universit\u00e9 de Montpellier, Montpellier. 3 Avril 2019.<\/p>\n<p>18 Janvier 2019 \u2014\u00a0\u00ab\u00a0La co-construction de la signification dans la conversation : l&rsquo;exemple de l&rsquo;articulation du non-dit\u00a0\u00bb, S\u00e9minaire du Laboratoire LRL (Laboratoire de Recherche sur le Langage), Universit\u00e9 Clermont-Auvergne, Clermont-Ferrand.<\/p>\n<p>30 Octobre 2018 \u2014\u00a0\u00ab\u00a0Displaying inference in conversation. An analysis using information state approach to interaction\u00a0\u00bb, S\u00e9minaire \u00e0 l&rsquo;Institut f\u00fcr Deutsche Sprache, Mannheim, Allemagne.<\/p>\n<p>14 F\u00e9vrier 2018 \u2014\u00a0\u00ab\u00a0Expliciter et inf\u00e9rer dans la conversation : une perspective interactionniste\u00a0\u00bb,\u00a0 Les Informels Linguistiques, INALCO, Paris.<\/p>\n<p>18 D\u00e9cembre 2017 \u2014\u00a0\u00ab\u00a0S\u00e9quences d&rsquo;explicitation dans un corpus de repas entre amis\u00a0\u00bb, atelier\u00a0<em>DocINT<\/em>, Laboratoire ICAR, Lyon.<\/p>\n<p>30 Novembre 2017 \u2014\u00a0\u00ab\u00a0Expliciter dans la conversation. Vers une mod\u00e9lisation des processus inf\u00e9rentiels dans l&rsquo;interaction\u00a0\u00bb, S\u00e9minaire InSitu, Laboratoire ICAR, Lyon.<\/p>\n<p>F\u00e9vrier 2016 \u2014 \u00ab\u00a0Quand <i>ne pas dire<\/i>, c\u2019est <i>faire<\/i> : interpr\u00e9ter et analyser les non-dits dans une r\u00e9union de conception\u00a0\u00bb, atelier <i>DocINT, <\/i>Laboratoire ICAR, Lyon.<\/p>\n<p>F\u00e9vrier 2015 \u2014 \u00ab\u00a0Les contenus implicites en interaction : quelques aspects th\u00e9oriques et m\u00e9thodologiques\u00a0\u00bb, atelier <i>DocINT<\/i>, Laboratoire ICAR, Lyon.<\/p>\n","protected":false},"excerpt":{"rendered":"<p>Th\u00e8se de doctorat Expliciter et inf\u00e9rer dans la conversation. Mod\u00e9lisation de la s\u00e9quence d&rsquo;explicitation dans l&rsquo;interaction. Sous la direction de V\u00e9ronique Traverso (ICAR, UMR 5191, Universit\u00e9 Lumi\u00e8re Lyon 2), Sylvain Kahane (MoDyCo, UMR 7114, Universit\u00e9 Paris Ouest &#8211; Nanterre) Th\u00e8se &hellip; <a href=\"https:\/\/icar.cnrs.fr\/membre\/echernyshova\/publications-et-communications\/\">Continuer la lecture <span class=\"meta-nav\">&rarr;<\/span><\/a><\/p>\n","protected":false},"author":22,"featured_media":0,"parent":0,"menu_order":0,"comment_status":"closed","ping_status":"closed","template":"","meta":{"footnotes":""},"class_list":["post-145","page","type-page","status-publish","hentry"],"_links":{"self":[{"href":"https:\/\/icar.cnrs.fr\/membre\/echernyshova\/wp-json\/wp\/v2\/pages\/145","targetHints":{"allow":["GET"]}}],"collection":[{"href":"https:\/\/icar.cnrs.fr\/membre\/echernyshova\/wp-json\/wp\/v2\/pages"}],"about":[{"href":"https:\/\/icar.cnrs.fr\/membre\/echernyshova\/wp-json\/wp\/v2\/types\/page"}],"author":[{"embeddable":true,"href":"https:\/\/icar.cnrs.fr\/membre\/echernyshova\/wp-json\/wp\/v2\/users\/22"}],"replies":[{"embeddable":true,"href":"https:\/\/icar.cnrs.fr\/membre\/echernyshova\/wp-json\/wp\/v2\/comments?post=145"}],"version-history":[{"count":23,"href":"https:\/\/icar.cnrs.fr\/membre\/echernyshova\/wp-json\/wp\/v2\/pages\/145\/revisions"}],"predecessor-version":[{"id":217,"href":"https:\/\/icar.cnrs.fr\/membre\/echernyshova\/wp-json\/wp\/v2\/pages\/145\/revisions\/217"}],"wp:attachment":[{"href":"https:\/\/icar.cnrs.fr\/membre\/echernyshova\/wp-json\/wp\/v2\/media?parent=145"}],"curies":[{"name":"wp","href":"https:\/\/api.w.org\/{rel}","templated":true}]}}