{"id":4,"date":"2016-11-02T17:37:52","date_gmt":"2016-11-02T16:37:52","guid":{"rendered":"https:\/\/icar.cnrs.fr\/membre\/emagnat\/?page_id=4"},"modified":"2025-10-16T11:51:31","modified_gmt":"2025-10-16T09:51:31","slug":"accueil","status":"publish","type":"page","link":"https:\/\/icar.cnrs.fr\/membre\/emagnat\/","title":{"rendered":"Accueil"},"content":{"rendered":"<div class=\"cadregris\">\n<h2><strong>Emilie Magnat<\/strong><\/h2>\n<h2><img loading=\"lazy\" decoding=\"async\" class=\"wp-image-181 alignright\" src=\"https:\/\/icar.cnrs.fr\/membre\/emagnat\/wp-content\/uploads\/sites\/139\/2020\/12\/Emilie-Magnat-1-300x273.png\" alt=\"\" width=\"235\" height=\"215\" srcset=\"https:\/\/icar.cnrs.fr\/membre\/emagnat\/wp-content\/uploads\/sites\/139\/2020\/12\/Emilie-Magnat-1-300x273.png 300w, https:\/\/icar.cnrs.fr\/membre\/emagnat\/wp-content\/uploads\/sites\/139\/2020\/12\/Emilie-Magnat-1-330x300.png 330w, https:\/\/icar.cnrs.fr\/membre\/emagnat\/wp-content\/uploads\/sites\/139\/2020\/12\/Emilie-Magnat-1.png 735w\" sizes=\"auto, (max-width: 235px) 100vw, 235px\" \/><\/h2>\n<p>Ma\u00eetre de conf\u00e9rences \u00e0 la facult\u00e9 des Langues (Centre de langues), Universit\u00e9 Lyon 2.<\/p>\n<p>&nbsp;<\/p>\n<p>Membre du\u00a0Laboratoire\u00a0<a href=\"http:\/\/icar.univ-lyon2.fr\/\">ICAR<\/a>\u00a0<a href=\"http:\/\/icar.univ-lyon2.fr\/\">UMR 5191<\/a> (Interactions, Corpus, Apprentissage, Repr\u00e9sentations) :<\/p>\n<p style=\"text-align: left\">&#8211; membre de l&rsquo;\u00e9quipe Apprentissages, discours, interactions, savoirs (ADIS)<\/p>\n<p style=\"text-align: left\">&#8211; responsable de l&rsquo;\u00e9quipe \u00ab\u00a0Synesth\u00e9sie &amp; Linguistique\u00a0\u00bb.<\/p>\n<p>Contact : <a href=\"mailto:emilie.magnat@univ-lyon2.fr\">emilie.magnat@univ-lyon2.fr<\/a><\/p>\n<p>&nbsp;<\/p>\n<p style=\"text-align: left\"><strong>Adresse du laboratoire<br \/>\n<\/strong>Laboratoire ICAR &#8211;\u00a0Ecole Normale Sup\u00e9rieure de Lyon<br \/>\n15 parvis Ren\u00e9 Descartes &#8211; BP 7000<br \/>\n69342 LYON Cedex 07<br \/>\nFrance<\/p>\n<\/div>\n","protected":false},"excerpt":{"rendered":"<p>Emilie Magnat Ma\u00eetre de conf\u00e9rences \u00e0 la facult\u00e9 des Langues (Centre de langues), Universit\u00e9 Lyon 2. &nbsp; Membre du\u00a0Laboratoire\u00a0ICAR\u00a0UMR 5191 (Interactions, Corpus, Apprentissage, Repr\u00e9sentations) : &#8211; membre de l&rsquo;\u00e9quipe Apprentissages, discours, interactions, savoirs (ADIS) &#8211; responsable de l&rsquo;\u00e9quipe \u00ab\u00a0Synesth\u00e9sie &amp; &hellip; <a href=\"https:\/\/icar.cnrs.fr\/membre\/emagnat\/\">Continuer la lecture <span class=\"meta-nav\">&rarr;<\/span><\/a><\/p>\n","protected":false},"author":1,"featured_media":0,"parent":0,"menu_order":0,"comment_status":"closed","ping_status":"closed","template":"","meta":{"footnotes":""},"class_list":["post-4","page","type-page","status-publish","hentry"],"_links":{"self":[{"href":"https:\/\/icar.cnrs.fr\/membre\/emagnat\/wp-json\/wp\/v2\/pages\/4","targetHints":{"allow":["GET"]}}],"collection":[{"href":"https:\/\/icar.cnrs.fr\/membre\/emagnat\/wp-json\/wp\/v2\/pages"}],"about":[{"href":"https:\/\/icar.cnrs.fr\/membre\/emagnat\/wp-json\/wp\/v2\/types\/page"}],"author":[{"embeddable":true,"href":"https:\/\/icar.cnrs.fr\/membre\/emagnat\/wp-json\/wp\/v2\/users\/1"}],"replies":[{"embeddable":true,"href":"https:\/\/icar.cnrs.fr\/membre\/emagnat\/wp-json\/wp\/v2\/comments?post=4"}],"version-history":[{"count":53,"href":"https:\/\/icar.cnrs.fr\/membre\/emagnat\/wp-json\/wp\/v2\/pages\/4\/revisions"}],"predecessor-version":[{"id":206,"href":"https:\/\/icar.cnrs.fr\/membre\/emagnat\/wp-json\/wp\/v2\/pages\/4\/revisions\/206"}],"wp:attachment":[{"href":"https:\/\/icar.cnrs.fr\/membre\/emagnat\/wp-json\/wp\/v2\/media?parent=4"}],"curies":[{"name":"wp","href":"https:\/\/api.w.org\/{rel}","templated":true}]}}