{"id":39,"date":"2016-11-09T15:36:16","date_gmt":"2016-11-09T14:36:16","guid":{"rendered":"https:\/\/icar.cnrs.fr\/membre\/eprakderrington\/?page_id=39"},"modified":"2023-06-15T19:45:13","modified_gmt":"2023-06-15T17:45:13","slug":"axes-de-recherche","status":"publish","type":"page","link":"https:\/\/icar.cnrs.fr\/membre\/eprakderrington\/axes-de-recherche\/","title":{"rendered":"Axes de recherche"},"content":{"rendered":"<h3><strong>Pr\u00e9sentation<\/strong><\/h3>\n<p>Emmanuelle Prak-Derrington s\u2019inscrit dans l\u2019analyse des textes et des discours et dans la linguistique de l\u2019\u00e9nonciation d\u2019\u00c9mile Benveniste, qui voit dans le discours avant tout l\u2019inscription de \u00ab\u00a0l\u2019homme dans la langue\u00a0\u00bb. Tous ses travaux scrutent la\u00a0 subjectivit\u00e9 dans le langage et privil\u00e9gient l\u2019\u00e9tude des marqueurs linguistiques de l&rsquo; \u00ab\u00a0anthropos\u00a0\u00bb, qui favorisent une approche interdisciplinaire au-del\u00e0 des fronti\u00e8res des langues. Elle travaille sur des corpus plurilingues (langues allemande, fran\u00e7aise et anglaise).<\/p>\n<h3><strong>Domaines de recherche<br \/>\n<\/strong><\/h3>\n<p>linguistique g\u00e9n\u00e9rale, linguistique anthropologique, linguistique allemande<\/p>\n<p>\u00e9nonciation, analyse des textes et des discours,\u00a0 pragmatique, stylistique, narratologie, rh\u00e9torique<\/p>\n<p>dialogisme, signifiant et signifiance, incarnation<\/p>\n<p>personne et subjectivit\u00e9, humour<\/p>\n<h3><strong>Mots cl\u00e9s<\/strong><\/h3>\n<h5 style=\"padding-left: 30px\"><strong>Axe 1 : PERSONNE ET SUBJECTIVIT\u00c9<\/strong><\/h5>\n<h5 style=\"padding-left: 30px\">d\u00e9ictiques personnels, temps verbaux<\/h5>\n<h5 style=\"padding-left: 30px\"><em>Je romanesque<\/em><\/h5>\n<h5 style=\"padding-left: 30px\">r\u00e9cit fictionnel, r\u00e9cit personnel, place du lecteur<\/h5>\n<h5 style=\"padding-left: 30px\">dialogue, dialogisme interlocutif, discours direct, discours indirect<br \/>\n<em>Je ludique<\/em><\/h5>\n<h5 style=\"padding-left: 30px\">feintise, ethos, doubles jeux \u00e9nonciatifs, ironie, humour, humour noir, second degr\u00e9<\/h5>\n<h5 style=\"padding-left: 30px\"><strong>Axe 2 : R\u00c9P\u00c9TITION ET INCARNATION<br \/>\n<\/strong>figures non-tropes, figures de r\u00e9p\u00e9tition<br \/>\nrythme et coh\u00e9sion rythmique<\/h5>\n<h5 style=\"padding-left: 30px\"><em>gestalt<\/em>, signifiant et signifiance<\/h5>\n<h5 style=\"padding-left: 30px\">actes de langage, performativit\u00e9, rites<\/h5>\n<h3><strong>Recherche personnelle<br \/>\n<\/strong><\/h3>\n<p>Sa recherche personnelle est d\u00e9di\u00e9e aux diff\u00e9rentes formes que rev\u00eat l&rsquo;<strong>appropriation de l&rsquo;\u00e9nonciation<\/strong> au sein de l&rsquo;\u00e9tude de la subjectivit\u00e9.<\/p>\n<p>Elle s&rsquo;est d&rsquo;abord int\u00e9ress\u00e9e aux les marqueurs les plus \u00e9vidents de l&rsquo;appropriation\u00a0 que sont <strong>les<\/strong><strong> d\u00e9ictiques de la personne et du temps<\/strong>. Sa th\u00e8se, <em>Les Jeux du Je avec le temps. Une \u00e9tude des rapports entre premi\u00e8re personne et temps verbaux dans le roman, <\/em>mettait en \u00e9vidence l&rsquo;hybridit\u00e9 constitutive du Je romanesque en litt\u00e9rature. Par la suite, elle a scrut\u00e9 la parole des personnages en privil\u00e9giant les formes \u00ab\u00a0faussement simples\u00a0\u00bb du discours rapport\u00e9 (discours direct et du discours indirect), et elle s&rsquo;est interrog\u00e9e sur la place du lecteur dans les r\u00e9cits personnels, les diff\u00e9rents d\u00e9ictiques fonctionnant comme autant de modalit\u00e9s de m\u00e9tamorphose.<\/p>\n<p>Son deuxi\u00e8me axe de recherches porte sur <strong>la r\u00e9p\u00e9tition exacte<\/strong>. R\u00e9p\u00e9ter, c&rsquo;est choisir de maintenir de mani\u00e8re irr\u00e9ductible le \u00ab\u00a0corps des signes\u00a0\u00bb dans l\u2019\u00e9nonciation.\u00a0 La r\u00e9p\u00e9tition est analys\u00e9e comme modalit\u00e9 du dire incarn\u00e9 et du dire en action dans la diversit\u00e9 des types de discours, depuis la mise en \u0153uvre des signifiants-corps des signes \u00e0 la mise en miroir des corps des interactants. Est privil\u00e9gi\u00e9e l&rsquo;\u00e9tude des discours pour lesquels la question du corps n&rsquo;est g\u00e9n\u00e9ralement pas mise au premier plan : les discours monologaux (principalement le discours politique \u00e9pidictique, mais \u00e9galement le discours litt\u00e9raire, philosophique ou religieux). Le livre <a href=\"https:\/\/books.openedition.org\/enseditions\/16369\"><em>Magies de la r\u00e9p\u00e9tition<\/em> <\/a>rend compte de ce parcours de recherche (2005-2021).<\/p>\n<p>Elle renoue aujourd&rsquo;hui avec le Je et les d\u00e9ictiques personnels, en tant que <strong>marqueurs de subjectivation et d&rsquo;incarnation.<\/strong> L&rsquo;exploration de la subjectivation se fait sur deux versants compl\u00e9mentaires: d&rsquo;une part dans les r\u00e9cits personnels, et, d&rsquo;autre part, dans le second degr\u00e9 (les doubles jeux de l&rsquo;ironie et l&rsquo;humour). Elle explore les discours de feintise (en allemand <em>Fingiertheit,<\/em> en anglais<em> pretense). <\/em>La feintise met en \u0153uvre un mode ludique d\u2019\u00eatre au monde et permet de revisiter les multiples facettes du locuteur (les images de soi qu&rsquo;il donne dans son discours, ou la probl\u00e9matique de l&rsquo;ethos).<\/p>\n<p><em><a href=\"https:\/\/books.openedition.org\/enseditions\/16369\">Magies de la r\u00e9p\u00e9tition<\/a>, 2021,<\/em> ENS-\u00c9ditions.<br \/>\nPourquoi la r\u00e9p\u00e9tition est-elle utilis\u00e9e dans les pratiques po\u00e9tiques, politiques, religieuses et magiques ? \u00c9crit dans une perspective interdisciplinaire, cet ouvrage pr\u00e9sente pour la premi\u00e8re fois une d\u00e9finition unitaire de la r\u00e9p\u00e9tition dans le langage. Il apporte un \u00e9clairage in\u00e9dit \u00e0 la probl\u00e9matique de la performativit\u00e9 et du pouvoir des mots.<\/p>\n<h2><strong>Recherches collaboratives<\/strong><\/h2>\n<p>Responsable du <a href=\"https:\/\/selia.hypotheses.org\/\">S\u00e9minaire SELIA<\/a><\/p>\n<h2><strong>HDR, <em>La signifiance de la r\u00e9p\u00e9tition<\/em><\/strong><\/h2>\n<p>Soutenue le 20 septembre 2019 \u00e0 l\u2019ENS de Lyon (garant Alain Rabatel, Universit\u00e9 Claude Bernard, Lyon I).<\/p>\n<p><em>La signifiance de la r\u00e9p\u00e9tition<\/em>,\u00a0In\u00e9dit, VOL. 1 ;<em>\u00a0 <\/em><em>\u00catre une personne dans le langage. Du sujet d\u00e9ictique \u00e0 la r\u00e9p\u00e9tition figurale, <\/em>M\u00e9moire de synth\u00e8se, VOL. 2 <a href=\"https:\/\/halshs.archives-ouvertes.fr\/tel-02506556\" target=\"_blank\" rel=\"noopener\">\u27e8tel-02506556\u27e9.<\/a><\/p>\n<p><em>Jury :<\/em><br \/>\nJean-Michel Adam, rapporteur (Professeur honoraire, Universit\u00e9 de Lausanne)<br \/>\nMarc Bonhomme,\u00a0rapporteur (Professeur \u00e9m\u00e9rite, Universit\u00e9 de Berne),<br \/>\nPhilippe Monneret, pr\u00e9sident\u00a0 (Professeur, Sorbonne-Universit\u00e9, Paris IV),<br \/>\nAlain Rabatel, garant (Professeur, Universit\u00e9 Claude Bernard-Lyon 1),<br \/>\nOdile Schneider-Mizony, rapporteure (Professeure, Universit\u00e9 de Strasbourg),<br \/>\nMarcel Vuillaume, (Professeur \u00e9m\u00e9rite, Universit\u00e9 de Nice, Sofia-Antipolis),<br \/>\nEsme Winter-Froemel (Professeure, Universit\u00e9 Julius-Maximilian, W\u00fcrzburg).<\/p>\n<p>&nbsp;<\/p>\n<p>&nbsp;<\/p>\n<p><strong>\u00a0<\/strong><\/p>\n<p>&nbsp;<\/p>\n<p>&nbsp;<\/p>\n<p>&nbsp;<\/p>\n<p>&nbsp;<\/p>\n<p>&nbsp;<\/p>\n","protected":false},"excerpt":{"rendered":"<p>Pr\u00e9sentation Emmanuelle Prak-Derrington s\u2019inscrit dans l\u2019analyse des textes et des discours et dans la linguistique de l\u2019\u00e9nonciation d\u2019\u00c9mile Benveniste, qui voit dans le discours avant tout l\u2019inscription de \u00ab\u00a0l\u2019homme dans la langue\u00a0\u00bb. Tous ses travaux scrutent la\u00a0 subjectivit\u00e9 dans le &hellip; <a href=\"https:\/\/icar.cnrs.fr\/membre\/eprakderrington\/axes-de-recherche\/\">Continuer la lecture <span class=\"meta-nav\">&rarr;<\/span><\/a><\/p>\n","protected":false},"author":1,"featured_media":0,"parent":0,"menu_order":2,"comment_status":"closed","ping_status":"closed","template":"","meta":{"footnotes":""},"class_list":["post-39","page","type-page","status-publish","hentry"],"_links":{"self":[{"href":"https:\/\/icar.cnrs.fr\/membre\/eprakderrington\/wp-json\/wp\/v2\/pages\/39","targetHints":{"allow":["GET"]}}],"collection":[{"href":"https:\/\/icar.cnrs.fr\/membre\/eprakderrington\/wp-json\/wp\/v2\/pages"}],"about":[{"href":"https:\/\/icar.cnrs.fr\/membre\/eprakderrington\/wp-json\/wp\/v2\/types\/page"}],"author":[{"embeddable":true,"href":"https:\/\/icar.cnrs.fr\/membre\/eprakderrington\/wp-json\/wp\/v2\/users\/1"}],"replies":[{"embeddable":true,"href":"https:\/\/icar.cnrs.fr\/membre\/eprakderrington\/wp-json\/wp\/v2\/comments?post=39"}],"version-history":[{"count":86,"href":"https:\/\/icar.cnrs.fr\/membre\/eprakderrington\/wp-json\/wp\/v2\/pages\/39\/revisions"}],"predecessor-version":[{"id":456,"href":"https:\/\/icar.cnrs.fr\/membre\/eprakderrington\/wp-json\/wp\/v2\/pages\/39\/revisions\/456"}],"wp:attachment":[{"href":"https:\/\/icar.cnrs.fr\/membre\/eprakderrington\/wp-json\/wp\/v2\/media?parent=39"}],"curies":[{"name":"wp","href":"https:\/\/api.w.org\/{rel}","templated":true}]}}