{"id":4,"date":"2016-11-02T17:37:52","date_gmt":"2016-11-02T16:37:52","guid":{"rendered":"https:\/\/icar.cnrs.fr\/membre\/eprakderrington\/?page_id=4"},"modified":"2023-02-10T13:36:27","modified_gmt":"2023-02-10T12:36:27","slug":"accueil","status":"publish","type":"page","link":"https:\/\/icar.cnrs.fr\/membre\/eprakderrington\/","title":{"rendered":"Accueil"},"content":{"rendered":"<div class=\"cadregris\">\n<h3><strong>Emmanuelle\u00a0Prak-Derrington<\/strong><\/h3>\n<h3><strong><img loading=\"lazy\" decoding=\"async\" class=\"alignnone wp-image-189 alignright\" src=\"https:\/\/icar.cnrs.fr\/membre\/eprakderrington\/wp-content\/uploads\/sites\/79\/2017\/05\/DSC01525-131x300.jpg\" alt=\"\" width=\"190\" height=\"419\" \/><\/strong><\/h3>\n<p style=\"text-align: left\">Ma\u00eetresse de conf\u00e9rences HDR<\/p>\n<p style=\"text-align: left\">Agr\u00e9g\u00e9e d\u2019allemand<br \/>\nEnseigne la linguistique et la stylistique allemande<br \/>\n\u00e0 l&rsquo;ENS de Lyon<\/p>\n<p style=\"text-align: left\">Contact<span class=\"Apple-style-span\"><br \/>\n<a href=\"mailto:emmanuelle.prak-derrington@ens-lyon.fr\">emmanuelle.prak-derrington@ens-lyon.fr<\/a><\/span><br \/>\nTel. : 33 (0)4 37 37 66 37<br \/>\nBureau D4 191<\/p>\n<p style=\"text-align: left\">Responsable du S\u00e9minaire <strong>S\u00e9lia <\/strong>(S\u00e9minaire de linguistique allemande)<br \/>\nMarie-Laure Durand, resp. adj. (Universit\u00e9 Montpellier 3)<br \/>\nPour plus d&rsquo;informations sur S\u00e9lia, consulter la page d\u00e9di\u00e9e sur <a href=\"https:\/\/selia.hypotheses.org\" target=\"_blank\" rel=\"noopener\">https:\/\/selia.hypotheses.org<\/a><\/p>\n<p>&nbsp;<\/p>\n<\/div>\n<p>&nbsp;<\/p>\n<p>&nbsp;<\/p>\n<p><em>\u00c9v\u00e9nement \u00e0 venir :<\/em><\/p>\n<div class=\"page\" title=\"Page 1\">\n<div class=\"layoutArea\">\n<div class=\"column\">\n<p style=\"padding-left: 30px\"><strong>Appel a\u0300 communications pour la journe\u0301e d\u2019e\u0301tude<\/strong><br \/>\n<a href=\"https:\/\/icar.cnrs.fr\/membre\/eprakderrington\/wp-content\/uploads\/sites\/79\/2022\/11\/Hp2_CfP_DEF.pdf\" target=\"_blank\" rel=\"noopener\"><strong>HUMOUR, POUVOIR ET POLITIQUE, 19 et 20 octobre 2023<\/strong><\/a><\/p>\n<\/div>\n<\/div>\n<p><img loading=\"lazy\" decoding=\"async\" class=\" wp-image-363 alignleft\" src=\"https:\/\/icar.cnrs.fr\/membre\/eprakderrington\/wp-content\/uploads\/sites\/79\/2022\/12\/VISUEL-HP2-1-3-218x300.png\" alt=\"\" width=\"208\" height=\"282\" \/>En associant explicitement l\u2019humour avec les notions de pouvoir et de politique, cette journ\u00e9e d&rsquo;\u00e9tude entend mettre en avant, d\u2019une part, le r\u00f4le de l\u2019humour dans les discours publics et l\u2019organisation de la vie en soci\u00e9t\u00e9 (au sens large de politique) et, d\u2019autre part, les rapports de pouvoir qu\u2019il induit entre les partenaires de la communication, qu\u2019il s\u2019agisse d\u2019individus ou de groupes.<br \/>\nLes personnes int\u00e9ress\u00e9es sont invit\u00e9es \u00e0 soumettre une proposition de contribution en fran\u00e7ais de 300 \u00e0 500 mots environ, ainsi qu\u2019une courte notice biographique d\u2019ici le 1<sup>er<\/sup> mars 2023.<\/p>\n<div class=\"layoutArea\">\n<div class=\"column\">\n<p><strong>Lieu\u00a0:<\/strong> Aix-Marseille Universit\u00e9, Campus Schuman.<\/p>\n<p><strong>Contact<\/strong> : <a href=\"mailto:Dominique.Dias@univ-grenoble-alpes.fr\">dominique.dias@univ-grenoble-alpes.fr<\/a>;\u00a0<a href=\"mailto:emmanuelle.prak-derrington@ens-lyon.fr\">emmanuelle.prak-derrington@ens-lyon.fr<\/a>;\u00a0<a href=\"mailto:nathalie.schnitzer@univ-amu.fr\">nathalie.schnitzer@univ-amu.fr<\/a><\/p>\n<\/div>\n<\/div>\n<\/div>\n<div class=\"cadregris\">\n<p><a style=\"text-align: left\" href=\"http:\/\/icar.univ-lyon2.fr\/\">ICAR <\/a><a href=\"http:\/\/icar.univ-lyon2.fr\/\">UMR 5191<\/a><br \/>\n(Interactions, Corpus, Apprentissage, Repr\u00e9sentations)<br \/>\n<em>Equipe<\/em> LanDES (Langue Discours \u00c9nonciation S\u00e9miotique).<\/p>\n<p>Laboratoire ICAR<br \/>\nEcole Normale Sup\u00e9rieure de Lyon<br \/>\n15 parvis Ren\u00e9 Descartes &#8211; BP 7000<br \/>\n69342 LYON Cedex 07<br \/>\nFrance<\/p>\n<\/div>\n<p style=\"text-align: left\"><strong>\u00a0<\/strong><\/p>\n","protected":false},"excerpt":{"rendered":"<p>Emmanuelle\u00a0Prak-Derrington Ma\u00eetresse de conf\u00e9rences HDR Agr\u00e9g\u00e9e d\u2019allemand Enseigne la linguistique et la stylistique allemande \u00e0 l&rsquo;ENS de Lyon Contact emmanuelle.prak-derrington@ens-lyon.fr Tel. : 33 (0)4 37 37 66 37 Bureau D4 191 Responsable du S\u00e9minaire S\u00e9lia (S\u00e9minaire de linguistique allemande) Marie-Laure &hellip; <a href=\"https:\/\/icar.cnrs.fr\/membre\/eprakderrington\/\">Continuer la lecture <span class=\"meta-nav\">&rarr;<\/span><\/a><\/p>\n","protected":false},"author":1,"featured_media":0,"parent":0,"menu_order":0,"comment_status":"closed","ping_status":"closed","template":"","meta":{"footnotes":""},"class_list":["post-4","page","type-page","status-publish","hentry"],"_links":{"self":[{"href":"https:\/\/icar.cnrs.fr\/membre\/eprakderrington\/wp-json\/wp\/v2\/pages\/4","targetHints":{"allow":["GET"]}}],"collection":[{"href":"https:\/\/icar.cnrs.fr\/membre\/eprakderrington\/wp-json\/wp\/v2\/pages"}],"about":[{"href":"https:\/\/icar.cnrs.fr\/membre\/eprakderrington\/wp-json\/wp\/v2\/types\/page"}],"author":[{"embeddable":true,"href":"https:\/\/icar.cnrs.fr\/membre\/eprakderrington\/wp-json\/wp\/v2\/users\/1"}],"replies":[{"embeddable":true,"href":"https:\/\/icar.cnrs.fr\/membre\/eprakderrington\/wp-json\/wp\/v2\/comments?post=4"}],"version-history":[{"count":83,"href":"https:\/\/icar.cnrs.fr\/membre\/eprakderrington\/wp-json\/wp\/v2\/pages\/4\/revisions"}],"predecessor-version":[{"id":444,"href":"https:\/\/icar.cnrs.fr\/membre\/eprakderrington\/wp-json\/wp\/v2\/pages\/4\/revisions\/444"}],"wp:attachment":[{"href":"https:\/\/icar.cnrs.fr\/membre\/eprakderrington\/wp-json\/wp\/v2\/media?parent=4"}],"curies":[{"name":"wp","href":"https:\/\/api.w.org\/{rel}","templated":true}]}}