{"id":4,"date":"2016-11-02T17:37:52","date_gmt":"2016-11-02T16:37:52","guid":{"rendered":"https:\/\/icar.cnrs.fr\/membre\/fkong\/?page_id=4"},"modified":"2025-11-07T17:25:32","modified_gmt":"2025-11-07T16:25:32","slug":"accueil","status":"publish","type":"page","link":"https:\/\/icar.cnrs.fr\/membre\/fkong\/","title":{"rendered":"Accueil"},"content":{"rendered":"<div class=\"cadregris\">\n<h2><strong>Fanguang Kong<\/strong><\/h2>\n<h2><img loading=\"lazy\" decoding=\"async\" class=\"wp-image-163 alignright\" src=\"https:\/\/icar.cnrs.fr\/membre\/fkong\/wp-content\/uploads\/sites\/151\/2021\/07\/2.-233x300.jpg\" alt=\"\" width=\"110\" height=\"138\" \/><\/h2>\n<p><strong>Statut :<\/strong><\/p>\n<ul>\n<li>Docteur en Sciences du Langage Universit\u00e9 de Lyon<\/li>\n<li>Qualifi\u00e9 aux fonctions de Ma\u00eetre de conf\u00e9rences\u00a0 (<span style=\"font-weight: 300\">Sections 07 et 15 du CNU)\u00a0<\/span><\/li>\n<\/ul>\n<p>&nbsp;<\/p>\n<p><strong>Sujet de th\u00e8se :\u00a0<\/strong><\/p>\n<p><em>Etude contrastive et typologique des d\u00e9monstratifs fran\u00e7ais et chinois dans un corpus oral informel :<\/em><em style=\"font-weight: 300\">\u00a0polygrammaticalisation des d\u00e9monstratifs vers un article d\u00e9fini et un marqueur discursif\u00a0<\/em><\/p>\n<p><strong>Contact :\u00a0<\/strong><\/p>\n<p>Email : fanguang.kong18@gmail.com<\/p>\n<p><strong>Equipe de recherche :\u00a0<\/strong><\/p>\n<p>Membre associ\u00e9 au CRLAO (Centre de recherches linguistiques sur l&rsquo;Asie Orientale)<\/p>\n<p>Membre associ\u00e9 \u00e0 l&rsquo;\u00e9quipe SST (Syntaxe, Sens et Textualit\u00e9s) ICAR<\/p>\n<p style=\"text-align: left\">\n<\/div>\n","protected":false},"excerpt":{"rendered":"<p>Fanguang Kong Statut : Docteur en Sciences du Langage Universit\u00e9 de Lyon Qualifi\u00e9 aux fonctions de Ma\u00eetre de conf\u00e9rences\u00a0 (Sections 07 et 15 du CNU)\u00a0 &nbsp; Sujet de th\u00e8se :\u00a0 Etude contrastive et typologique des d\u00e9monstratifs fran\u00e7ais et chinois dans &hellip; <a href=\"https:\/\/icar.cnrs.fr\/membre\/fkong\/\">Continuer la lecture <span class=\"meta-nav\">&rarr;<\/span><\/a><\/p>\n","protected":false},"author":1,"featured_media":0,"parent":0,"menu_order":0,"comment_status":"closed","ping_status":"closed","template":"","meta":{"footnotes":""},"class_list":["post-4","page","type-page","status-publish","hentry"],"_links":{"self":[{"href":"https:\/\/icar.cnrs.fr\/membre\/fkong\/wp-json\/wp\/v2\/pages\/4","targetHints":{"allow":["GET"]}}],"collection":[{"href":"https:\/\/icar.cnrs.fr\/membre\/fkong\/wp-json\/wp\/v2\/pages"}],"about":[{"href":"https:\/\/icar.cnrs.fr\/membre\/fkong\/wp-json\/wp\/v2\/types\/page"}],"author":[{"embeddable":true,"href":"https:\/\/icar.cnrs.fr\/membre\/fkong\/wp-json\/wp\/v2\/users\/1"}],"replies":[{"embeddable":true,"href":"https:\/\/icar.cnrs.fr\/membre\/fkong\/wp-json\/wp\/v2\/comments?post=4"}],"version-history":[{"count":74,"href":"https:\/\/icar.cnrs.fr\/membre\/fkong\/wp-json\/wp\/v2\/pages\/4\/revisions"}],"predecessor-version":[{"id":334,"href":"https:\/\/icar.cnrs.fr\/membre\/fkong\/wp-json\/wp\/v2\/pages\/4\/revisions\/334"}],"wp:attachment":[{"href":"https:\/\/icar.cnrs.fr\/membre\/fkong\/wp-json\/wp\/v2\/media?parent=4"}],"curies":[{"name":"wp","href":"https:\/\/api.w.org\/{rel}","templated":true}]}}