{"id":101,"date":"2016-11-23T11:31:39","date_gmt":"2016-11-23T10:31:39","guid":{"rendered":"https:\/\/icar.cnrs.fr\/membre\/flehebel\/?page_id=101"},"modified":"2026-03-13T10:20:22","modified_gmt":"2026-03-13T09:20:22","slug":"autres-activites","status":"publish","type":"page","link":"https:\/\/icar.cnrs.fr\/membre\/flehebel\/autres-activites\/","title":{"rendered":"Autres activit\u00e9s"},"content":{"rendered":"<h3><strong>ORGANISATION ET COORDINATION DES MANIFESTATIONS SCIENTIFIQUES<\/strong><\/h3>\n<hr \/>\n<p><strong>2024<\/strong> Co-responsable organisation journ\u00e9e \u00e9tude ADIS \u00ab les liens recherche-formation en didactique \u00bb, IFE, Lyon, France (80 personnes)<\/p>\n<p><strong>2022<\/strong> Comit\u00e9 organisation et scientifique\u00a0colloque GDR Rift Est-Africain, Lyon (150 p.)<\/p>\n<p><strong>2020<\/strong> Comit\u00e9 organisation et scientifique colloque GDR Rift Est-Africain (100 p. distanciel).<\/p>\n<p><strong>2016 <\/strong>Co-responsabilit\u00e9 organisation et comit\u00e9 scientifique du colloque du projet europ\u00e9en ASSIST-ME, Grenoble, France (120 p.)<\/p>\n<p><strong>2011<\/strong> Comit\u00e9 organisation de la IX<sup>\u00e8me<\/sup> conf\u00e9rence ESERA (European Science Education Research Association), Lyon, France (1200 p.).<\/p>\n<h3><strong>VALORISATION ET DIFFUSION DE LA CULTURE SCIENTIFIQUE (interventions r\u00e9centes)<\/strong><\/h3>\n<hr \/>\n<p><strong>2026 <\/strong>Intervention pour l\u2019Association Fran\u00e7aise pour l\u2019information scientifique<\/p>\n<p><strong>2025 <\/strong>Conf\u00e9rence invit\u00e9e UDPPC (Union des Professeurs de Physique et Chimie)<\/p>\n<p><strong>2025 <\/strong>Intervention pour Bobines de Sciences (Cin\u00e9 Math\u00e9matiques, CNRS) pour la projection du film \u00ab\u00a0Ch\u00e2teau Rouge\u00a0\u00bb de H\u00e9l\u00e8ne Milano<\/p>\n<p><strong>2024<\/strong> Participation au livre Grand Public<em> \u00ab\u00a0Le Grand rift Africain\u00a0\u00bb \u2013 <\/em>\u00c9ditions Cherche Midi<em>\u00a0 <\/em><a href=\"https:\/\/www.inee.cnrs.fr\/fr\/le-grand-rift-africain\">https:\/\/www.inee.cnrs.fr\/fr\/le-grand-rift-africain<\/a><\/p>\n<p><strong>2023<\/strong> Podcast \u00e0 propos de l\u2019\u00e9tude men\u00e9e en Tanzanie dans le cadre du projet Hatari (CNRS) https:\/\/divergence-fm.org\/podcasts\/florence-le-hebel\/<\/p>\n<p><strong>2022<\/strong> Intervention pour Bobines de Sciences (Cin\u00e9 Math\u00e9matiques, CNRS) pour la projection du film \u00ab Madame Hyde \u00bb de Serge Bozon <a href=\"https:\/\/www.rhone-auvergne.cnrs.fr\/fr\/evenement\/cinemathematiques-\">https:\/\/www.rhone-auvergne.cnrs.fr\/fr\/evenement\/cinemathematiques-<\/a> madame-hyde.<\/p>\n<p><strong>\u00a0<\/strong><\/p>\n<p>&nbsp;<\/p>\n","protected":false},"excerpt":{"rendered":"<p>ORGANISATION ET COORDINATION DES MANIFESTATIONS SCIENTIFIQUES 2024 Co-responsable organisation journ\u00e9e \u00e9tude ADIS \u00ab les liens recherche-formation en didactique \u00bb, IFE, Lyon, France (80 personnes) 2022 Comit\u00e9 organisation et scientifique\u00a0colloque GDR Rift Est-Africain, Lyon (150 p.) 2020 Comit\u00e9 organisation et scientifique &hellip; <a href=\"https:\/\/icar.cnrs.fr\/membre\/flehebel\/autres-activites\/\">Continuer la lecture <span class=\"meta-nav\">&rarr;<\/span><\/a><\/p>\n","protected":false},"author":4,"featured_media":0,"parent":0,"menu_order":0,"comment_status":"closed","ping_status":"closed","template":"","meta":{"footnotes":""},"class_list":["post-101","page","type-page","status-publish","hentry"],"_links":{"self":[{"href":"https:\/\/icar.cnrs.fr\/membre\/flehebel\/wp-json\/wp\/v2\/pages\/101","targetHints":{"allow":["GET"]}}],"collection":[{"href":"https:\/\/icar.cnrs.fr\/membre\/flehebel\/wp-json\/wp\/v2\/pages"}],"about":[{"href":"https:\/\/icar.cnrs.fr\/membre\/flehebel\/wp-json\/wp\/v2\/types\/page"}],"author":[{"embeddable":true,"href":"https:\/\/icar.cnrs.fr\/membre\/flehebel\/wp-json\/wp\/v2\/users\/4"}],"replies":[{"embeddable":true,"href":"https:\/\/icar.cnrs.fr\/membre\/flehebel\/wp-json\/wp\/v2\/comments?post=101"}],"version-history":[{"count":15,"href":"https:\/\/icar.cnrs.fr\/membre\/flehebel\/wp-json\/wp\/v2\/pages\/101\/revisions"}],"predecessor-version":[{"id":220,"href":"https:\/\/icar.cnrs.fr\/membre\/flehebel\/wp-json\/wp\/v2\/pages\/101\/revisions\/220"}],"wp:attachment":[{"href":"https:\/\/icar.cnrs.fr\/membre\/flehebel\/wp-json\/wp\/v2\/media?parent=101"}],"curies":[{"name":"wp","href":"https:\/\/api.w.org\/{rel}","templated":true}]}}