{"id":206,"date":"2026-03-10T12:31:53","date_gmt":"2026-03-10T11:31:53","guid":{"rendered":"https:\/\/icar.cnrs.fr\/membre\/flehebel\/?page_id=206"},"modified":"2026-03-11T04:38:56","modified_gmt":"2026-03-11T03:38:56","slug":"formation-et-parcours-scientifique","status":"publish","type":"page","link":"https:\/\/icar.cnrs.fr\/membre\/flehebel\/formation-et-parcours-scientifique\/","title":{"rendered":"Formation et parcours scientifique"},"content":{"rendered":"<h1 style=\"text-align: center\">FORMATION ET PARCOURS SCIENTIFIQUE<\/h1>\n<p>Parcours articulant les <strong>sciences exp\u00e9rimentales<\/strong> (g\u00e9osciences) et <strong>sciences humaines et sociales<\/strong>, avec une reconversion th\u00e9matique en 2007 en didactique des Sciences.<\/p>\n<p><strong>2021 <\/strong>Habilitation \u00e0 diriger les Recherches \u00ab Contexte culturel et compr\u00e9hension de la culture scientifique par les \u00e9l\u00e8ves \u00bb, soutenue \u00e0 l\u2019ENS Lyon (Garant Emmanuel Sander)<\/p>\n<p><strong>2006- actuel :\u00a0 <\/strong>Ma\u00eetresse de conf\u00e9rences (CNU 70) Universit\u00e9 Lyon 1 (INSPE) \u2013<br \/>\nLaboratoire ICAR et LLE-ENS Lyon<\/p>\n<p><strong>2003- 2005 : <\/strong>Chercheure Postdoctorale (Australian Research Council -ARC grant) Laboratoire School of Geology and Geophysics, Sydney University, Australie.<\/p>\n<p><strong>2001- 2003 : <\/strong>Attach\u00e9e Temporaire \u00e0 l\u2019Enseignement et \u00e0 la Recherche. G\u00e9osciences Montpellier, UMR 5243 (2002-2003) et G\u00e9osciences Rennes, UMR 6118 (2001-2002)<strong><br \/>\n<\/strong><\/p>\n<p><strong>2002 : <\/strong>Th\u00e8se de doctorat mention \u00ab\u00a0Sciences de la Terre\u00a0\u00bb Universit\u00e9 Rennes1 (UMR 6118)<\/p>\n<p>&nbsp;<\/p>\n","protected":false},"excerpt":{"rendered":"<p>FORMATION ET PARCOURS SCIENTIFIQUE Parcours articulant les sciences exp\u00e9rimentales (g\u00e9osciences) et sciences humaines et sociales, avec une reconversion th\u00e9matique en 2007 en didactique des Sciences. 2021 Habilitation \u00e0 diriger les Recherches \u00ab Contexte culturel et compr\u00e9hension de la culture scientifique &hellip; <a href=\"https:\/\/icar.cnrs.fr\/membre\/flehebel\/formation-et-parcours-scientifique\/\">Continuer la lecture <span class=\"meta-nav\">&rarr;<\/span><\/a><\/p>\n","protected":false},"author":14,"featured_media":0,"parent":0,"menu_order":0,"comment_status":"closed","ping_status":"closed","template":"","meta":{"footnotes":""},"class_list":["post-206","page","type-page","status-publish","hentry"],"_links":{"self":[{"href":"https:\/\/icar.cnrs.fr\/membre\/flehebel\/wp-json\/wp\/v2\/pages\/206","targetHints":{"allow":["GET"]}}],"collection":[{"href":"https:\/\/icar.cnrs.fr\/membre\/flehebel\/wp-json\/wp\/v2\/pages"}],"about":[{"href":"https:\/\/icar.cnrs.fr\/membre\/flehebel\/wp-json\/wp\/v2\/types\/page"}],"author":[{"embeddable":true,"href":"https:\/\/icar.cnrs.fr\/membre\/flehebel\/wp-json\/wp\/v2\/users\/14"}],"replies":[{"embeddable":true,"href":"https:\/\/icar.cnrs.fr\/membre\/flehebel\/wp-json\/wp\/v2\/comments?post=206"}],"version-history":[{"count":3,"href":"https:\/\/icar.cnrs.fr\/membre\/flehebel\/wp-json\/wp\/v2\/pages\/206\/revisions"}],"predecessor-version":[{"id":214,"href":"https:\/\/icar.cnrs.fr\/membre\/flehebel\/wp-json\/wp\/v2\/pages\/206\/revisions\/214"}],"wp:attachment":[{"href":"https:\/\/icar.cnrs.fr\/membre\/flehebel\/wp-json\/wp\/v2\/media?parent=206"}],"curies":[{"name":"wp","href":"https:\/\/api.w.org\/{rel}","templated":true}]}}