{"id":4,"date":"2016-11-02T17:37:52","date_gmt":"2016-11-02T16:37:52","guid":{"rendered":"https:\/\/icar.cnrs.fr\/membre\/flehebel\/?page_id=4"},"modified":"2026-03-11T04:36:30","modified_gmt":"2026-03-11T03:36:30","slug":"accueil","status":"publish","type":"page","link":"https:\/\/icar.cnrs.fr\/membre\/flehebel\/","title":{"rendered":"Accueil"},"content":{"rendered":"<div class=\"cadregris\">\n<h1><strong>Florence Le Hebel<img loading=\"lazy\" decoding=\"async\" class=\"wp-image-119 alignright\" src=\"https:\/\/icar.cnrs.fr\/membre\/flehebel\/wp-content\/uploads\/sites\/16\/2021\/01\/Capture-d\u2019e\u0301cran-2021-01-07-a\u0300-13.41.45-e1610030041474-168x300.png\" alt=\"\" width=\"142\" height=\"245\" \/><\/strong><\/h1>\n<p>Ma\u00eetresse de conf\u00e9rences HDR<br \/>\nUniversit\u00e9 Lyon 1 (INSPE)<\/p>\n<p>Didactique des Sciences\/ Sciences de l&rsquo;Education (CNU 70)\u00a0<strong><br \/>\n<\/strong><\/p>\n<p>Email\u00a0:\u00a0 <a href=\"mailto:florence.le-hebel@ens-lyon.fr\">florence.le-hebel@ens-lyon.fr<\/a> ;<br \/>\n<a href=\"mailto:florence.le-hebel@univ-lyon1.fr\">florence.le-hebel@univ-lyon1.fr<br \/>\n<\/a>Tel : (0)4 37 37 66 32<\/p>\n<p><strong>Adresse<\/strong><br \/>\nLaboratoire ICAR, UMR 5191<br \/>\n\u00c9cole Normale Sup\u00e9rieure, Site Descartes<br \/>\n15, parvis Ren\u00e9 Descartes, BP 7000<br \/>\n69 342 Lyon Cedex 07<\/p>\n<p>&nbsp;<\/p>\n<\/div>\n","protected":false},"excerpt":{"rendered":"<p>Florence Le Hebel Ma\u00eetresse de conf\u00e9rences HDR Universit\u00e9 Lyon 1 (INSPE) Didactique des Sciences\/ Sciences de l&rsquo;Education (CNU 70)\u00a0 Email\u00a0:\u00a0 florence.le-hebel@ens-lyon.fr ; florence.le-hebel@univ-lyon1.fr Tel : (0)4 37 37 66 32 Adresse Laboratoire ICAR, UMR 5191 \u00c9cole Normale Sup\u00e9rieure, Site Descartes &hellip; <a href=\"https:\/\/icar.cnrs.fr\/membre\/flehebel\/\">Continuer la lecture <span class=\"meta-nav\">&rarr;<\/span><\/a><\/p>\n","protected":false},"author":1,"featured_media":0,"parent":0,"menu_order":0,"comment_status":"closed","ping_status":"closed","template":"","meta":{"footnotes":""},"class_list":["post-4","page","type-page","status-publish","hentry"],"_links":{"self":[{"href":"https:\/\/icar.cnrs.fr\/membre\/flehebel\/wp-json\/wp\/v2\/pages\/4","targetHints":{"allow":["GET"]}}],"collection":[{"href":"https:\/\/icar.cnrs.fr\/membre\/flehebel\/wp-json\/wp\/v2\/pages"}],"about":[{"href":"https:\/\/icar.cnrs.fr\/membre\/flehebel\/wp-json\/wp\/v2\/types\/page"}],"author":[{"embeddable":true,"href":"https:\/\/icar.cnrs.fr\/membre\/flehebel\/wp-json\/wp\/v2\/users\/1"}],"replies":[{"embeddable":true,"href":"https:\/\/icar.cnrs.fr\/membre\/flehebel\/wp-json\/wp\/v2\/comments?post=4"}],"version-history":[{"count":59,"href":"https:\/\/icar.cnrs.fr\/membre\/flehebel\/wp-json\/wp\/v2\/pages\/4\/revisions"}],"predecessor-version":[{"id":212,"href":"https:\/\/icar.cnrs.fr\/membre\/flehebel\/wp-json\/wp\/v2\/pages\/4\/revisions\/212"}],"wp:attachment":[{"href":"https:\/\/icar.cnrs.fr\/membre\/flehebel\/wp-json\/wp\/v2\/media?parent=4"}],"curies":[{"name":"wp","href":"https:\/\/api.w.org\/{rel}","templated":true}]}}