{"id":4,"date":"2016-11-02T17:37:52","date_gmt":"2016-11-02T16:37:52","guid":{"rendered":"https:\/\/icar.cnrs.fr\/membre\/fmanikcaros\/?page_id=4"},"modified":"2022-01-28T13:30:28","modified_gmt":"2022-01-28T12:30:28","slug":"accueil","status":"publish","type":"page","link":"https:\/\/icar.cnrs.fr\/membre\/fmanikcaros\/","title":{"rendered":"Accueil"},"content":{"rendered":"<div class=\"cadregris\">\n<h2><strong>Fr\u00e9d\u00e9ric Manikcaros<\/strong><\/h2>\n<h2><img loading=\"lazy\" decoding=\"async\" class=\"size-full wp-image-137 alignright\" src=\"https:\/\/icar.cnrs.fr\/membre\/fmanikcaros\/wp-content\/uploads\/sites\/156\/2016\/11\/images.png\" alt=\"images\" width=\"104\" height=\"104\" \/><\/h2>\n<div class=\"page\" title=\"Page 1\">\n<div class=\"layoutArea\">\n<div class=\"column\">\n<p>Charg\u00e9 de cours Universit\u00e9 Lyon 1<\/p>\n<\/div>\n<\/div>\n<\/div>\n<p>Email\u00a0: frederic.manikcaros at laposte.net<\/p>\n<p>Chercheur associ\u00e9 au Laboratoire\u00a0<a href=\"http:\/\/icar.univ-lyon2.fr\/\">ICAR<\/a>\u00a0<a href=\"http:\/\/icar.univ-lyon2.fr\/\">UMR 5191<\/a>\u00a0(Interactions, Corpus, Apprentissage, Repr\u00e9sentations), \u00e9quipe\u00a0Corpus \u00c9nonciation Discours Informatique Linguistique Langues Et S\u00e9miotiques (C\u00c9DILLES)<\/p>\n<p style=\"text-align: left;\"><strong>Adresse<br \/>\n<\/strong>Laboratoire ICAR<br \/>\nEcole Normale Sup\u00e9rieure de Lyon<br \/>\n15 parvis Ren\u00e9 Descartes &#8211; BP 7000<br \/>\n69342 LYON Cedex 07<br \/>\nFrance<\/p>\n<\/div>\n","protected":false},"excerpt":{"rendered":"<p>Fr\u00e9d\u00e9ric Manikcaros Charg\u00e9 de cours Universit\u00e9 Lyon 1 Email\u00a0: frederic.manikcaros at laposte.net Chercheur associ\u00e9 au Laboratoire\u00a0ICAR\u00a0UMR 5191\u00a0(Interactions, Corpus, Apprentissage, Repr\u00e9sentations), \u00e9quipe\u00a0Corpus \u00c9nonciation Discours Informatique Linguistique Langues Et S\u00e9miotiques (C\u00c9DILLES) Adresse Laboratoire ICAR Ecole Normale Sup\u00e9rieure de Lyon 15 parvis Ren\u00e9 &hellip; <a href=\"https:\/\/icar.cnrs.fr\/membre\/fmanikcaros\/\">Continuer la lecture <span class=\"meta-nav\">&rarr;<\/span><\/a><\/p>\n","protected":false},"author":1,"featured_media":0,"parent":0,"menu_order":0,"comment_status":"closed","ping_status":"closed","template":"","meta":{"footnotes":""},"class_list":["post-4","page","type-page","status-publish","hentry"],"_links":{"self":[{"href":"https:\/\/icar.cnrs.fr\/membre\/fmanikcaros\/wp-json\/wp\/v2\/pages\/4","targetHints":{"allow":["GET"]}}],"collection":[{"href":"https:\/\/icar.cnrs.fr\/membre\/fmanikcaros\/wp-json\/wp\/v2\/pages"}],"about":[{"href":"https:\/\/icar.cnrs.fr\/membre\/fmanikcaros\/wp-json\/wp\/v2\/types\/page"}],"author":[{"embeddable":true,"href":"https:\/\/icar.cnrs.fr\/membre\/fmanikcaros\/wp-json\/wp\/v2\/users\/1"}],"replies":[{"embeddable":true,"href":"https:\/\/icar.cnrs.fr\/membre\/fmanikcaros\/wp-json\/wp\/v2\/comments?post=4"}],"version-history":[{"count":43,"href":"https:\/\/icar.cnrs.fr\/membre\/fmanikcaros\/wp-json\/wp\/v2\/pages\/4\/revisions"}],"predecessor-version":[{"id":162,"href":"https:\/\/icar.cnrs.fr\/membre\/fmanikcaros\/wp-json\/wp\/v2\/pages\/4\/revisions\/162"}],"wp:attachment":[{"href":"https:\/\/icar.cnrs.fr\/membre\/fmanikcaros\/wp-json\/wp\/v2\/media?parent=4"}],"curies":[{"name":"wp","href":"https:\/\/api.w.org\/{rel}","templated":true}]}}