{"id":4,"date":"2016-11-02T17:37:52","date_gmt":"2016-11-02T16:37:52","guid":{"rendered":"https:\/\/icar.cnrs.fr\/membre\/fsanagustin\/?page_id=4"},"modified":"2021-02-26T11:09:07","modified_gmt":"2021-02-26T10:09:07","slug":"accueil","status":"publish","type":"page","link":"https:\/\/icar.cnrs.fr\/membre\/fsanagustin\/","title":{"rendered":"Accueil"},"content":{"rendered":"<div class=\"cadregris\">\n<p><strong> Flor\u00e9al SANAGUSTIN <\/strong><\/p>\n<p>Professeur des universit\u00e9s \u00e9m\u00e9rite<\/p>\n<p>M\u00e8l : <a href=\"http:\/\/icar.univ-lyon2.fr\/membres\/fsanagustin\/floreal.sanagustin@ens-lyon.fr\" target=\"_blank\" rel=\"noopener\">floreal.sanagustin@ens-lyon.fr<\/a><\/p>\n<p><a href=\"http:\/\/icar.univ-lyon2.fr\/\">UMR 5191 ICAR<\/a>\u00a0(Interactions, Corpus, Apprentissage, Repr\u00e9sentations)<br \/>\n<em>Equipe<\/em>\u00a0:\u00a0Corpus \u00c9nonciation Discours Informatique Linguistique Langues Et S\u00e9miotiques (C\u00c9DILLES)<\/p>\n<p><strong>Adresse<\/strong><br \/>\nLaboratoire ICAR<br \/>\nEcole Normale Sup\u00e9rieure, Site Descartes<br \/>\n15, parvis Ren\u00e9 Descartes, BP 7000<br \/>\n69 342 Lyon Cedex 07<\/p>\n<\/div>\n<h2>Axes de recherche<\/h2>\n<p>Histoire des sciences arabes, philosophie arabe, \u00e9dition de manuscrits arabes (Tombouctou).<\/p>\n<h2>Enseignements<\/h2>\n<p>Enseignements assur\u00e9s au D\u00e9partement d\u2019Etudes Arabes de l\u2019Universit\u00e9 Lyon 2 en Licence 3 (civilisation, histoire des id\u00e9es)\u00a0; en Master 1 (civilisation classique)\u00a0; en Master 2 (histoire des id\u00e9es). Cours d\u2019agr\u00e9gation sur La philosophie politique sous la dynastie abbasside\u00a0: la cit\u00e9 vertueuse d\u2019Ab\u00fb Na\u1e63r al-F\u00e2r\u00e2b\u00ee (m. 950), de 2013 \u00e0 2014.<\/p>\n<h2>Autres activit\u00e9s<\/h2>\n<p>&#8211; Membre \u00e9lu au Conseil de la Facult\u00e9 des Langues de l\u2019Universit\u00e9 Lyon 2 depuis 2011.<\/p>\n<p>&#8211; Membre \u00e9lu au Conseil National des Universit\u00e9s (15 e section) depuis octobre 2007.<\/p>\n<p>&#8211; Membre du Comit\u00e9 Interuniversitaire des Etudes Arabes (CIDEA) depuis 1995.<\/p>\n<p>&#8211; Directeur du D\u00e9partement d\u2019Etudes Arabes de l\u2019Universit\u00e9 Lyon 2 depuis 2010.<\/p>\n<h2>Liste des publications sur HAL<\/h2>\n<p>\r\n\r\n<!--\r\n        $url = \"http:\/\/halshs.archives-ouvertes.fr\/Public\/afficheRequetePubli.php?\".\r\n     $url = \"https:\/\/haltools.archives-ouvertes.fr\/Public\/afficheRequetePubli.php?\".\r\n\t\t\t\"auteur_exp=\".$_parameters[\"idHAL\"].\r\nannee_publideb=1900&amp;\r\nannee_publifin=2100&amp;\r\nauteur_exp=nathalie,blanc&amp;\r\nCB_ref_biblio=oui&amp;\r\nlabos_exp=icar&amp;\r\nlangue=Francais&amp;\r\ntri_exp=annee_publi&amp;\r\ntri_exp2=typdoc&amp;\r\ntri_exp3=date_publi&amp;\r\nordre_aff=AT&amp;\r\nFen=Aff\r\n-->\r\n<br \/>\n<!--\n<iframe loading=\"lazy\" src=\"http:\/\/halshs.archives-ouvertes.fr\/Public\/afficheRequetePubli.php?annee_publideb=1900&amp;annee_publifin=2100&amp;auteur_exp=c\u00e9line,alcade&amp;CB_ref_biblio=oui&amp;langue=Francais&amp;tri_exp=annee_publi&amp;tri_exp2=typdoc&amp;tri_exp3=date_publi&amp;ordre_aff=AT&amp;Fen=Aff&amp;css=http:\/\/icar.univ-lyon2.fr\/css\/icar-publis.css\" width=\"800\" height=\"600\" frameborder=\"0\" scrolling=\"auto\"><\/iframe>\n--><\/p>\n<p>&nbsp;<\/p>\n","protected":false},"excerpt":{"rendered":"<p>Flor\u00e9al SANAGUSTIN Professeur des universit\u00e9s \u00e9m\u00e9rite M\u00e8l : floreal.sanagustin@ens-lyon.fr UMR 5191 ICAR\u00a0(Interactions, Corpus, Apprentissage, Repr\u00e9sentations) Equipe\u00a0:\u00a0Corpus \u00c9nonciation Discours Informatique Linguistique Langues Et S\u00e9miotiques (C\u00c9DILLES) Adresse Laboratoire ICAR Ecole Normale Sup\u00e9rieure, Site Descartes 15, parvis Ren\u00e9 Descartes, BP 7000 69 342 &hellip; <a href=\"https:\/\/icar.cnrs.fr\/membre\/fsanagustin\/\">Continuer la lecture <span class=\"meta-nav\">&rarr;<\/span><\/a><\/p>\n","protected":false},"author":1,"featured_media":0,"parent":0,"menu_order":0,"comment_status":"closed","ping_status":"closed","template":"","meta":{"footnotes":""},"class_list":["post-4","page","type-page","status-publish","hentry"],"_links":{"self":[{"href":"https:\/\/icar.cnrs.fr\/membre\/fsanagustin\/wp-json\/wp\/v2\/pages\/4","targetHints":{"allow":["GET"]}}],"collection":[{"href":"https:\/\/icar.cnrs.fr\/membre\/fsanagustin\/wp-json\/wp\/v2\/pages"}],"about":[{"href":"https:\/\/icar.cnrs.fr\/membre\/fsanagustin\/wp-json\/wp\/v2\/types\/page"}],"author":[{"embeddable":true,"href":"https:\/\/icar.cnrs.fr\/membre\/fsanagustin\/wp-json\/wp\/v2\/users\/1"}],"replies":[{"embeddable":true,"href":"https:\/\/icar.cnrs.fr\/membre\/fsanagustin\/wp-json\/wp\/v2\/comments?post=4"}],"version-history":[{"count":70,"href":"https:\/\/icar.cnrs.fr\/membre\/fsanagustin\/wp-json\/wp\/v2\/pages\/4\/revisions"}],"predecessor-version":[{"id":126,"href":"https:\/\/icar.cnrs.fr\/membre\/fsanagustin\/wp-json\/wp\/v2\/pages\/4\/revisions\/126"}],"wp:attachment":[{"href":"https:\/\/icar.cnrs.fr\/membre\/fsanagustin\/wp-json\/wp\/v2\/media?parent=4"}],"curies":[{"name":"wp","href":"https:\/\/api.w.org\/{rel}","templated":true}]}}