{"id":10,"date":"2016-11-02T17:39:41","date_gmt":"2016-11-02T16:39:41","guid":{"rendered":"https:\/\/icar.cnrs.fr\/membre\/gniccolai\/?page_id=10"},"modified":"2017-01-12T15:16:38","modified_gmt":"2017-01-12T14:16:38","slug":"enseignements","status":"publish","type":"page","link":"https:\/\/icar.cnrs.fr\/membre\/gniccolai\/?page_id=10","title":{"rendered":"Teaching"},"content":{"rendered":"<p class=\"1ere_ligne_negatif\">2017 Cours pour non-sp\u00e9cialistes (ENS Lyon) &#8220;d.ENS : La cr\u00e9ation collaborative et intelligente via le design thinking&#8221;<a href=\"https:\/\/icar.cnrs.fr\/membre\/gniccolai\/accueil\/enseignement\/\"><img loading=\"lazy\" decoding=\"async\" class=\"alignright size-full wp-image-227\" src=\"https:\/\/icar.cnrs.fr\/membre\/gniccolai\/wp-content\/uploads\/sites\/63\/2017\/01\/France-Flag-icon-24.png\" alt=\"\" width=\"24\" height=\"24\" \/><\/a><\/p>\n<p class=\"1ere_ligne_negatif\">2017 Coordination du projet de MOOC (ENS Lyon) &#8220;Etudiants dyslexiques dans mon amphi : Comprendre et aider&#8221;<\/p>\n<p class=\"1ere_ligne_negatif\">2011 Cours de m\u00e9thodologie vid\u00e9o pour les sciences humaines (L3 et M)<br \/>\nUniversit\u00e9 F\u00e9d\u00e9rale de Minas Gerais, Belo Horizonte, Br\u00e9sil, 10 h de CM<\/p>\n<p class=\"1ere_ligne_negatif\">2005\u00a0&#8211; 2008 Cours \u00ab\u00a0alterdisciplinaire\u00a0\u00bb de chimie pour des \u00e9l\u00e8ves normaliens non-chimistes (L3)<br \/>\nEcole Normale Sup\u00e9rieure de Lyon, 20 h de CM\/an<\/p>\n<p class=\"1ere_ligne_negatif\">1994 &#8211; 1999 Cours de chimie inorganique mol\u00e9culaire (DEA)<br \/>\nUniversit\u00e9 Claude Bernard &#8211; Lyon I, 12 h de CM\/an<\/p>\n<p class=\"1ere_ligne_negatif\">1987 Encadrement de travaux pratiques et de travaux dirig\u00e9s de chimie organique (L2)<br \/>\nUniversity of Wisconsin \u2013 Madison, 60h TP &amp; 45h TD<\/p>\n<p class=\"1ere_ligne_negatif\">1985-1986 Encadrement de travaux pratiques et de travaux dirig\u00e9s de chimie g\u00e9n\u00e9rale (L1)<br \/>\nPurdue University, 30h TP &amp; 30h TD<\/p>\n<p>&nbsp;<\/p>\n","protected":false},"excerpt":{"rendered":"<p>2017 Cours pour non-sp\u00e9cialistes (ENS Lyon) &#8220;d.ENS : La cr\u00e9ation collaborative et intelligente via le design thinking&#8221; 2017 Coordination du projet de MOOC (ENS Lyon) &#8220;Etudiants dyslexiques dans mon amphi : Comprendre et aider&#8221; 2011 Cours de m\u00e9thodologie vid\u00e9o pour &hellip; <a href=\"https:\/\/icar.cnrs.fr\/membre\/gniccolai\/?page_id=10\">Continue reading <span class=\"meta-nav\">&rarr;<\/span><\/a><\/p>\n","protected":false},"author":1,"featured_media":0,"parent":191,"menu_order":3,"comment_status":"closed","ping_status":"closed","template":"","meta":{"footnotes":""},"class_list":["post-10","page","type-page","status-publish","hentry"],"_links":{"self":[{"href":"https:\/\/icar.cnrs.fr\/membre\/gniccolai\/index.php?rest_route=\/wp\/v2\/pages\/10","targetHints":{"allow":["GET"]}}],"collection":[{"href":"https:\/\/icar.cnrs.fr\/membre\/gniccolai\/index.php?rest_route=\/wp\/v2\/pages"}],"about":[{"href":"https:\/\/icar.cnrs.fr\/membre\/gniccolai\/index.php?rest_route=\/wp\/v2\/types\/page"}],"author":[{"embeddable":true,"href":"https:\/\/icar.cnrs.fr\/membre\/gniccolai\/index.php?rest_route=\/wp\/v2\/users\/1"}],"replies":[{"embeddable":true,"href":"https:\/\/icar.cnrs.fr\/membre\/gniccolai\/index.php?rest_route=%2Fwp%2Fv2%2Fcomments&post=10"}],"version-history":[{"count":15,"href":"https:\/\/icar.cnrs.fr\/membre\/gniccolai\/index.php?rest_route=\/wp\/v2\/pages\/10\/revisions"}],"predecessor-version":[{"id":236,"href":"https:\/\/icar.cnrs.fr\/membre\/gniccolai\/index.php?rest_route=\/wp\/v2\/pages\/10\/revisions\/236"}],"up":[{"embeddable":true,"href":"https:\/\/icar.cnrs.fr\/membre\/gniccolai\/index.php?rest_route=\/wp\/v2\/pages\/191"}],"wp:attachment":[{"href":"https:\/\/icar.cnrs.fr\/membre\/gniccolai\/index.php?rest_route=%2Fwp%2Fv2%2Fmedia&parent=10"}],"curies":[{"name":"wp","href":"https:\/\/api.w.org\/{rel}","templated":true}]}}