{"id":164,"date":"2016-12-02T13:11:28","date_gmt":"2016-12-02T12:11:28","guid":{"rendered":"https:\/\/icar.cnrs.fr\/membre\/gniccolai\/?page_id=164"},"modified":"2017-01-12T15:49:19","modified_gmt":"2017-01-12T14:49:19","slug":"mediation-scien","status":"publish","type":"page","link":"https:\/\/icar.cnrs.fr\/membre\/gniccolai\/?page_id=164","title":{"rendered":"Outreach and education"},"content":{"rendered":"<h3>Distinctions<a href=\"https:\/\/icar.cnrs.fr\/membre\/gniccolai\/?page_id=187\"><img loading=\"lazy\" decoding=\"async\" class=\"alignright size-full wp-image-227\" src=\"https:\/\/icar.cnrs.fr\/membre\/gniccolai\/wp-content\/uploads\/sites\/63\/2017\/01\/France-Flag-icon-24.png\" alt=\"\" width=\"24\" height=\"24\" \/><\/a><\/h3>\n<p>2005 Laur\u00e9at, division \u00ab\u00a0Science et Technologie\u00a0\u00bb du\u00a0<a href=\"http:\/\/icar.univ-lyon2.fr\/documents\/Prix_ailes_de_la_vie.htm\" target=\"_blank\">Challenge Les Ailes de la Vie pour le projet \u00ab\u00a0Relais d\u00e9brouillards\u00a0\u00bb<\/a>\u00a0(voir Formation et Outillage de M\u00e9diateurs\u00a0ci-dessous)<\/p>\n<p>2004 Finaliste, division \u00ab\u00a0Science et Technologie\u00a0\u00bb du Challenge Les Ailes de la Vie pour le projet \u00ab\u00a0Si le soleil \u2026\u00a0\u00bb<\/p>\n<h3>Responsabilit\u00e9s<\/h3>\n<p>2006-2011 Pr\u00e9sident de\u00a0<em><a href=\"http:\/\/www.lespetitsdebrouillards-ra.org\/\">l\u2019Association Rh\u00f4ne-Alpes Petits D\u00e9brouillards\u00a0<\/a><br \/>\n<\/em>L\u2019ARAPD s\u2019inscrit dans la politique R\u00e9gionale de culture scientifique comme porteur d\u2019un \u00ab\u00a0r\u00e9seau d\u2019acteurs en construction\u00a0\u00bb. En chiffres : 12 salari\u00e9s (ETP), 150 adh\u00e9rents, 180 projets, 16\u00a0000 enfants touch\u00e9s par 4000\u00a0heures d\u2019animation, budget annuel 400\u00a0000 \u20ac.<\/p>\n<p>2006-2013 Administrateur de\u00a0<em>l\u2019Association Fran\u00e7aise des Petits D\u00e9brouillards<br \/>\n<\/em>L\u2019AFPD anime un r\u00e9seau de 21 associations r\u00e9gionales (y compris DOM) ind\u00e9pendantes repr\u00e9sentant 3000 adh\u00e9rents. En 2005, 340\u00a0000 personnes ont particip\u00e9 \u00e0 des actions de ce r\u00e9seau. L\u2019AFPD \u00e9dite aussi des outils p\u00e9dagogiques, notamment 50 ouvrages pour les enfants et adolescents, des malles p\u00e9dagogiques et des expositions itin\u00e9rantes (environ deux expositions nouvelles par an).<\/p>\n<p>2009-2011 sent Vice-pr\u00e9sident (charg\u00e9 de Sciences et Soci\u00e9t\u00e9) de\u00a0<em><a href=\"http:\/\/www.lespetitsdebrouillards.org\/\">l\u2019Association Fran\u00e7aise Petits D\u00e9brouillards<\/a><\/em><\/p>\n<p>2007-2009 Tr\u00e9sorier de\u00a0<em>l\u2019Association Fran\u00e7aise Petits D\u00e9brouillards<\/em><\/p>\n<p>2004-2006, 2013 Tr\u00e9sorier de\u00a0<em>l\u2019Association Rh\u00f4ne-Alpes Petits D\u00e9brouillards<\/em><\/p>\n<h3>Animation et m\u00e9diation<\/h3>\n<p>2013 &#8211; Cr\u00e9ation d&#8217;un jeu p\u00e9dagogique pour l&#8217;\u00e9cole primaire\u00a0<a href=\"http:\/\/www.youtube.com\/watch?v=khN25gGP4w8\">&#8220;le jeu intergalactique&#8221;,\u00a0<\/a>portant sur des ph\u00e9nom\u00e8nes des\u00a0<a href=\"http:\/\/www.youtube.com\/watch?v=RxJRe4rPBTk\">interactions interculturelles<\/a>\u00a0en France et aux \u00c9tats Unis<\/p>\n<p>2013 &#8211; Participation dans l&#8217;organization des deux premi\u00e8res\u00a0<em><a href=\"http:\/\/www.youtube.com\/watch?v=vhv2BDorww0\">French American Science Festivals\u00a0<\/a><\/em>\u00e0 Chicago, Illinois.<\/p>\n<p>2012 &#8211; Organisation d&#8217;une r\u00e9sidence artistique autour des variants de formes des caf\u00e9s scientifique (trois jours \u00e0 Lyon)<\/p>\n<p>2011-2013 &#8211; d\u00e9ploiement de\u00a0<em>YouTalk\u00a0!<\/em>\u00a0en France, en Mexique et aux\u00a0<a href=\"http:\/\/icar.univ-lyon2.fr\/membres\/gniccolai\/20120503_Kenosha_News.pdf\">\u00c9tats Unis<\/a><\/p>\n<p>2011 &#8211; Cr\u00e9ation d&#8217;un nouveau dispositif de mise en d\u00e9bat des questions socio-scientifique :<em>YouTalk\u00a0!<\/em>\u00a0(en collaboration avec Claire POLO, Rachel JULIEN et Ludovic CHEVALIER)<\/p>\n<p>2008 &#8211; Organisation des Rencontres R\u00e9gionales CNRS Jeunes, Sciences et Citoyens (projet officiel dans le cadre de la Pr\u00e9sidence Fran\u00e7aise de l\u2019Union Europ\u00e9enne), (r\u00e9union de 90 jeunes europ\u00e9ens \u00e0 Lyon du 20 au 23 octobre 2008)<\/p>\n<p>2006 &#8211; Organisation et animation d\u2019un atelier sur les m\u00e9thodes d\u2019enqu\u00eates vid\u00e9o en sciences humaines au Village D\u00e9partementale de la F\u00eate de la Science<\/p>\n<p>2005 &#8211; Organisation d\u2019une journ\u00e9e d\u2019animation en marge du congr\u00e8s national des Petits D\u00e9brouillards \u00e0 Lyon (interventions dans 100 classes de la r\u00e9gion lyonnaise le 27 mai 2005)<\/p>\n<p>2004-2005 Conception et organisation (avec le CCSTI de Lyon) des points d\u2019information anim\u00e9s en centre ville en amont de la F\u00eate de la Science (\u00ab\u00a0Partageons la Recherche\u00a0!\u00a0\u00bb)<\/p>\n<p>2004-2005 Evaluation formative et sommative du programme \u00ab\u00a0La chimie dans tous les sens\u00a0\u00bb, programme multi-\u00e9v\u00e9nementiels de diffusion de culture scientifique (CPER 2004)<\/p>\n<p>2002-2005 Participation dans le programme \u00ab\u00a0A la rencontre d\u2019un chercheur\u00a0\u00bb du CCSTI de Lyon\u00a0: Interventions en classe de coll\u00e8ges et lyc\u00e9es dans le Rh\u00f4ne et l\u2019Ain (~10 h\/an)<\/p>\n<p>2000-2003 Organisation et animation des ateliers de la chimie pr\u00e9sent\u00e9s au Village D\u00e9partementale de la F\u00eate de la Science<\/p>\n<h3>Formation et Outillage de M\u00e9diateurs<\/h3>\n<p>2006 &#8211; R\u00e9dacteur-en-chef d\u2019un guide de m\u00e9diation \u00e0 destination des chimistes professionnels (adaptation d\u2019un outil am\u00e9ricain au contexte fran\u00e7ais men\u00e9 en collaboration avec le CCSTI du Rh\u00f4ne, la Fondation de la Maison de la Chimie et l\u2019American Chemical Society)<\/p>\n<p>2006-2007 Pilotage du projet \u00ab\u00a0Relais D\u00e9brouillard\u00a0\u00bb visant la formation \u00e0 l\u2019animation scientifique (pour enfants) d\u2019adultes venant du public des lecteurs de biblioth\u00e8ques de quartier<\/p>\n<p>2005 &#8211; Formation de moniteurs de l\u2019enseignement sup\u00e9rieur \u00e0 la m\u00e9diation scientifique (15 h de stage\/an, Centre d\u2019Initiation de l&#8217;Enseignement Sup\u00e9rieur de Lyon)<\/p>\n<p>&nbsp;<\/p>\n","protected":false},"excerpt":{"rendered":"<p>Distinctions 2005 Laur\u00e9at, division \u00ab\u00a0Science et Technologie\u00a0\u00bb du\u00a0Challenge Les Ailes de la Vie pour le projet \u00ab\u00a0Relais d\u00e9brouillards\u00a0\u00bb\u00a0(voir Formation et Outillage de M\u00e9diateurs\u00a0ci-dessous) 2004 Finaliste, division \u00ab\u00a0Science et Technologie\u00a0\u00bb du Challenge Les Ailes de la Vie pour le projet \u00ab\u00a0Si &hellip; <a href=\"https:\/\/icar.cnrs.fr\/membre\/gniccolai\/?page_id=164\">Continue reading <span class=\"meta-nav\">&rarr;<\/span><\/a><\/p>\n","protected":false},"author":1,"featured_media":0,"parent":191,"menu_order":0,"comment_status":"closed","ping_status":"closed","template":"","meta":{"footnotes":""},"class_list":["post-164","page","type-page","status-publish","hentry"],"_links":{"self":[{"href":"https:\/\/icar.cnrs.fr\/membre\/gniccolai\/index.php?rest_route=\/wp\/v2\/pages\/164","targetHints":{"allow":["GET"]}}],"collection":[{"href":"https:\/\/icar.cnrs.fr\/membre\/gniccolai\/index.php?rest_route=\/wp\/v2\/pages"}],"about":[{"href":"https:\/\/icar.cnrs.fr\/membre\/gniccolai\/index.php?rest_route=\/wp\/v2\/types\/page"}],"author":[{"embeddable":true,"href":"https:\/\/icar.cnrs.fr\/membre\/gniccolai\/index.php?rest_route=\/wp\/v2\/users\/1"}],"replies":[{"embeddable":true,"href":"https:\/\/icar.cnrs.fr\/membre\/gniccolai\/index.php?rest_route=%2Fwp%2Fv2%2Fcomments&post=164"}],"version-history":[{"count":4,"href":"https:\/\/icar.cnrs.fr\/membre\/gniccolai\/index.php?rest_route=\/wp\/v2\/pages\/164\/revisions"}],"predecessor-version":[{"id":242,"href":"https:\/\/icar.cnrs.fr\/membre\/gniccolai\/index.php?rest_route=\/wp\/v2\/pages\/164\/revisions\/242"}],"up":[{"embeddable":true,"href":"https:\/\/icar.cnrs.fr\/membre\/gniccolai\/index.php?rest_route=\/wp\/v2\/pages\/191"}],"wp:attachment":[{"href":"https:\/\/icar.cnrs.fr\/membre\/gniccolai\/index.php?rest_route=%2Fwp%2Fv2%2Fmedia&parent=164"}],"curies":[{"name":"wp","href":"https:\/\/api.w.org\/{rel}","templated":true}]}}