{"id":200,"date":"2017-01-12T14:15:33","date_gmt":"2017-01-12T13:15:33","guid":{"rendered":"https:\/\/icar.cnrs.fr\/membre\/gniccolai\/?page_id=200"},"modified":"2017-01-12T15:43:46","modified_gmt":"2017-01-12T14:43:46","slug":"enseignement-et-formation","status":"publish","type":"page","link":"https:\/\/icar.cnrs.fr\/membre\/gniccolai\/?page_id=200","title":{"rendered":"Enseignement et formation"},"content":{"rendered":"<p class=\"1ere_ligne_negatif\">2017 Cours pour non-sp\u00e9cialistes (ENS Lyon) &#8220;d.ENS : La cr\u00e9ation collaborative et intelligente via le design thinking&#8221;<a href=\"https:\/\/icar.cnrs.fr\/membre\/gniccolai\/?page_id=10\"><img loading=\"lazy\" decoding=\"async\" class=\"alignright wp-image-225 size-full\" src=\"https:\/\/icar.cnrs.fr\/membre\/gniccolai\/wp-content\/uploads\/sites\/63\/2017\/01\/United-States-Flag-icon-24.png\" width=\"24\" height=\"24\" \/><\/a><\/p>\n<p class=\"1ere_ligne_negatif\">2017 Coordination du projet de MOOC (ENS Lyon) &#8220;Etudiants dyslexiques dans mon amphi : Comprendre et aider&#8221;<\/p>\n<p class=\"1ere_ligne_negatif\">2015 Atelier sur les m\u00e9thodologies vid\u00e9o pour la recherche didactique, Ecole th\u00e9matique CNRS organis\u00e9 par la SFR ViSA \u00e0 Brest : &#8220;Instrumentation des Recherches pour l&#8217;analyse des donn\u00e9es vid\u00e9o de pratiques \u00e9ducatives&#8221;.<\/p>\n<p class=\"1ere_ligne_negatif\">2011 Cours de m\u00e9thodologie vid\u00e9o pour les sciences humaines (L3 et M)<br \/>\nUniversit\u00e9 F\u00e9d\u00e9rale de Minas Gerais, Belo Horizonte, Br\u00e9sil, 10 h de CM<\/p>\n<p class=\"1ere_ligne_negatif\">2005\u00a0&#8211; 2008 Cours \u00ab\u00a0alterdisciplinaire\u00a0\u00bb de chimie pour des \u00e9l\u00e8ves normaliens non-chimistes (L3)<br \/>\nEcole Normale Sup\u00e9rieure de Lyon, 20 h de CM\/an<\/p>\n<p class=\"1ere_ligne_negatif\">1994 &#8211; 1999 Cours de chimie inorganique mol\u00e9culaire (DEA)<br \/>\nUniversit\u00e9 Claude Bernard &#8211; Lyon I, 12 h de CM\/an<\/p>\n<p class=\"1ere_ligne_negatif\">1987 Encadrement de travaux pratiques et de travaux dirig\u00e9s de chimie organique (L2)<br \/>\nUniversity of Wisconsin \u2013 Madison, 60h TP &amp; 45h TD<\/p>\n<p class=\"1ere_ligne_negatif\">1985-1986 Encadrement de travaux pratiques et de travaux dirig\u00e9s de chimie g\u00e9n\u00e9rale (L1)<br \/>\nPurdue University, 30h TP &amp; 30h TD<\/p>\n","protected":false},"excerpt":{"rendered":"<p>2017 Cours pour non-sp\u00e9cialistes (ENS Lyon) &#8220;d.ENS : La cr\u00e9ation collaborative et intelligente via le design thinking&#8221; 2017 Coordination du projet de MOOC (ENS Lyon) &#8220;Etudiants dyslexiques dans mon amphi : Comprendre et aider&#8221; 2015 Atelier sur les m\u00e9thodologies vid\u00e9o &hellip; <a href=\"https:\/\/icar.cnrs.fr\/membre\/gniccolai\/?page_id=200\">Continue reading <span class=\"meta-nav\">&rarr;<\/span><\/a><\/p>\n","protected":false},"author":57,"featured_media":0,"parent":4,"menu_order":0,"comment_status":"closed","ping_status":"closed","template":"","meta":{"footnotes":""},"class_list":["post-200","page","type-page","status-publish","hentry"],"_links":{"self":[{"href":"https:\/\/icar.cnrs.fr\/membre\/gniccolai\/index.php?rest_route=\/wp\/v2\/pages\/200","targetHints":{"allow":["GET"]}}],"collection":[{"href":"https:\/\/icar.cnrs.fr\/membre\/gniccolai\/index.php?rest_route=\/wp\/v2\/pages"}],"about":[{"href":"https:\/\/icar.cnrs.fr\/membre\/gniccolai\/index.php?rest_route=\/wp\/v2\/types\/page"}],"author":[{"embeddable":true,"href":"https:\/\/icar.cnrs.fr\/membre\/gniccolai\/index.php?rest_route=\/wp\/v2\/users\/57"}],"replies":[{"embeddable":true,"href":"https:\/\/icar.cnrs.fr\/membre\/gniccolai\/index.php?rest_route=%2Fwp%2Fv2%2Fcomments&post=200"}],"version-history":[{"count":5,"href":"https:\/\/icar.cnrs.fr\/membre\/gniccolai\/index.php?rest_route=\/wp\/v2\/pages\/200\/revisions"}],"predecessor-version":[{"id":239,"href":"https:\/\/icar.cnrs.fr\/membre\/gniccolai\/index.php?rest_route=\/wp\/v2\/pages\/200\/revisions\/239"}],"up":[{"embeddable":true,"href":"https:\/\/icar.cnrs.fr\/membre\/gniccolai\/index.php?rest_route=\/wp\/v2\/pages\/4"}],"wp:attachment":[{"href":"https:\/\/icar.cnrs.fr\/membre\/gniccolai\/index.php?rest_route=%2Fwp%2Fv2%2Fmedia&parent=200"}],"curies":[{"name":"wp","href":"https:\/\/api.w.org\/{rel}","templated":true}]}}