{"id":4,"date":"2016-11-02T17:37:52","date_gmt":"2016-11-02T16:37:52","guid":{"rendered":"https:\/\/icar.cnrs.fr\/membre\/jcguerrini\/?page_id=4"},"modified":"2022-07-13T17:57:45","modified_gmt":"2022-07-13T15:57:45","slug":"accueil","status":"publish","type":"page","link":"https:\/\/icar.cnrs.fr\/membre\/jcguerrini\/","title":{"rendered":"Accueil"},"content":{"rendered":"<div class=\"cadregris\">\n<h2><strong>Jean-Claude Guerrini<\/strong><\/h2>\n<h2><img loading=\"lazy\" decoding=\"async\" class=\"alignnone size-full wp-image-170\" src=\"https:\/\/icar.cnrs.fr\/membre\/jcguerrini\/wp-content\/uploads\/sites\/161\/2022\/07\/Cluj-2008.png\" alt=\"\" width=\"237\" height=\"159\" \/><\/h2>\n<p>Docteur en sciences du langage<br \/>\nAgr\u00e9g\u00e9 de Lettres modernes<br \/>\nAncien \u00e9l\u00e8ve de l\u2019\u00c9cole Normale Sup\u00e9rieure\u00a0<span style=\"font-weight: 300\">(Saint-Cloud)<\/span><\/p>\n<p>Email\u00a0:\u00a0<a href=\"mailto:Jean-Claude.Guerrini@ens-lyon.fr\">Jean-Claude.Guerrini@ens-lyon.fr<\/a><\/p>\n<p>Membre associ\u00e9 au\u00a0Laboratoire\u00a0<a href=\"http:\/\/icar.univ-lyon2.fr\/\">ICAR<\/a>\u00a0<a href=\"http:\/\/icar.univ-lyon2.fr\/\">UMR 5191<\/a>\u00a0(Interactions, Corpus, Apprentissage, Repr\u00e9sentations)<br \/>\n<em>Equipes<\/em> : 1. Sens, Syntaxe, Textualit\u00e9s 2. Subjectivit\u00e9<\/p>\n<p><strong>Adresse<br \/>\n<\/strong>Laboratoire ICAR<br \/>\nEcole Normale Sup\u00e9rieure de Lyon<br \/>\n15 parvis Ren\u00e9 Descartes &#8211; BP 7000<br \/>\n69342 LYON Cedex 07<br \/>\nFrance<\/p>\n<\/div>\n<h5>Doctorat en Sciences du Langage<\/h5>\n<p style=\"padding-left: 30px\">Titre\u00a0: <em>Les valeurs dans l\u2019argumentation. <\/em><em>Structures axiologiques et dimension axiologique des disputes<\/em><\/p>\n<p style=\"padding-left: 30px\">Th\u00e8se \u00e9crite sous la direction du professeur Christian Plantin, soutenue le 1<sup>er<\/sup> juillet 2015 \u00e0 l\u2019universit\u00e9 Lyon 2.<\/p>\n<p style=\"padding-left: 30px\">Jury\u00a0: Ruth Amossy (Professeur, Universit\u00e9 de Tel-Aviv), Emmanuelle Danblon (Professeur, Universit\u00e9 de Bruxelles), Christian Plantin (Professeur \u00e9m\u00e9rite, Universit\u00e9 de Lyon), Marianne Doury (Charg\u00e9e de recherches CNRS-HDR, Universit\u00e9 Paris III), Thierry Herman (Professeur Associ\u00e9, Universit\u00e9s de Neuch\u00e2tel, de Lausanne et de Suisse italienne), Matthieu Quignard (Charg\u00e9 de Recherche CNRS, UMR 5191, Lyon 2).<\/p>\n<p>Retrait\u00e9 de l\u2019enseignement secondaire, j\u2019ai enseign\u00e9 en lyc\u00e9e et \u00e0 l\u2019universit\u00e9 dans des classes pr\u00e9- et post-baccalaur\u00e9at. Je suis actuellement chercheur associ\u00e9 au laboratoire ICAR (Interactions, Corpus, Apprentissages, Repr\u00e9sentations) dans l\u2019\u00e9quipe \u00ab\u00a0Sens, Syntaxe, Textualit\u00e9s\u00a0\u00bb et dans l\u2019axe transversal \u00ab\u00a0Subjectivit\u00e9\u00a0\u00bb.<\/p>\n<p>Pour rendre compte de la dimension axiologique des discours argumentatifs (\u00e9crits ou oraux), je mobilise les acquis de la s\u00e9mantique lexicale, de la linguistique de l\u2019\u00e9nonciation, de l\u2019analyse du discours en interaction, ainsi que l\u2019apport de la s\u00e9miotique greimassienne \u00e0 l\u2019\u00e9tude des parcours de sens.<\/p>\n<p>Je conduis \u00e9galement une recherche sur les formes diagrammatiques de repr\u00e9sentation du processus argumentatif et de l\u2019expression des configurations axiologiques.<\/p>\n","protected":false},"excerpt":{"rendered":"<p>Jean-Claude Guerrini Docteur en sciences du langage Agr\u00e9g\u00e9 de Lettres modernes Ancien \u00e9l\u00e8ve de l\u2019\u00c9cole Normale Sup\u00e9rieure\u00a0(Saint-Cloud) Email\u00a0:\u00a0Jean-Claude.Guerrini@ens-lyon.fr Membre associ\u00e9 au\u00a0Laboratoire\u00a0ICAR\u00a0UMR 5191\u00a0(Interactions, Corpus, Apprentissage, Repr\u00e9sentations) Equipes : 1. Sens, Syntaxe, Textualit\u00e9s 2. Subjectivit\u00e9 Adresse Laboratoire ICAR Ecole Normale Sup\u00e9rieure de &hellip; <a href=\"https:\/\/icar.cnrs.fr\/membre\/jcguerrini\/\">Continuer la lecture <span class=\"meta-nav\">&rarr;<\/span><\/a><\/p>\n","protected":false},"author":1,"featured_media":0,"parent":0,"menu_order":0,"comment_status":"closed","ping_status":"closed","template":"","meta":{"footnotes":""},"class_list":["post-4","page","type-page","status-publish","hentry"],"_links":{"self":[{"href":"https:\/\/icar.cnrs.fr\/membre\/jcguerrini\/wp-json\/wp\/v2\/pages\/4","targetHints":{"allow":["GET"]}}],"collection":[{"href":"https:\/\/icar.cnrs.fr\/membre\/jcguerrini\/wp-json\/wp\/v2\/pages"}],"about":[{"href":"https:\/\/icar.cnrs.fr\/membre\/jcguerrini\/wp-json\/wp\/v2\/types\/page"}],"author":[{"embeddable":true,"href":"https:\/\/icar.cnrs.fr\/membre\/jcguerrini\/wp-json\/wp\/v2\/users\/1"}],"replies":[{"embeddable":true,"href":"https:\/\/icar.cnrs.fr\/membre\/jcguerrini\/wp-json\/wp\/v2\/comments?post=4"}],"version-history":[{"count":49,"href":"https:\/\/icar.cnrs.fr\/membre\/jcguerrini\/wp-json\/wp\/v2\/pages\/4\/revisions"}],"predecessor-version":[{"id":171,"href":"https:\/\/icar.cnrs.fr\/membre\/jcguerrini\/wp-json\/wp\/v2\/pages\/4\/revisions\/171"}],"wp:attachment":[{"href":"https:\/\/icar.cnrs.fr\/membre\/jcguerrini\/wp-json\/wp\/v2\/media?parent=4"}],"curies":[{"name":"wp","href":"https:\/\/api.w.org\/{rel}","templated":true}]}}