{"id":8,"date":"2016-11-02T17:38:51","date_gmt":"2016-11-02T16:38:51","guid":{"rendered":"https:\/\/icar.cnrs.fr\/membre\/jcguerrini\/?page_id=8"},"modified":"2025-10-10T16:28:22","modified_gmt":"2025-10-10T14:28:22","slug":"publications","status":"publish","type":"page","link":"https:\/\/icar.cnrs.fr\/membre\/jcguerrini\/publications\/","title":{"rendered":"Publications"},"content":{"rendered":"<h2>Liste des publications<\/h2>\n<h3>Ouvrages<\/h3>\n<p><em>Conflits de valeurs et corrida. \u00c9tude argumentative de la controverse.<\/em> L\u2019Harmattan. 2022.<\/p>\n<p><em>Les Valeurs dans l\u2019argumentation. L\u2019h\u00e9ritage de Cha\u00efm Perelman.<\/em> \u00c9ditions Classiques Garnier. 2019.<\/p>\n<p>(avec) Edmond Majcherczak. <em>L&rsquo;Argumentation au pluriel : Polyphonie, valeurs, points de vue<\/em>. Presses Universitaires de Lyon, Travaux et documents. 1999.<\/p>\n<h3>Articles dans une revue<\/h3>\n<p>\u00ab\u00a0Argumentation, modalisation, valeurs. En lisant <em>Les D\u00e9fricheurs<\/em> d&rsquo;\u00c9ric Dupin\u00a0\u00bb, Colloque international CerLiCO 2024 <em>Marqueurs modaux, \u00e9nonciation et argumentation, <\/em>Nantes Universit\u00e9, 24-25 mai 2024 (\u00c0 para\u00eetre)<\/p>\n<p>\u00ab\u00a0La voie du neutre\u00a0\u00bb, dans <em>\u00ab\u00a0\u201c\u00c9loge du politiquement correct\u00a0\u00bb. Pour une r\u00e9\u00e9valuation d&rsquo;un discours mod\u00e9rateur contemporain\u00a0\u00bb<\/em>, Micha\u00ebl Rinn et Marc Bonhomme (dir., Actes du Colloque international de Montauban), 3-5 juillet 2024, \u00c9ditions R\u00e9ciproques, 2025. halashas-05296838<\/p>\n<p>\u00ab\u00a0La corrida au crible des valeurs. Une approche argumentative\u00a0\u00bb, Pratiques : linguistique, litt\u00e9rature, didactique, 2023, 199-200 (10.4000\/pratiques.13426)halshs-05146465 v1<\/p>\n<p>Review: Ruth Amossy <em>In Defense of Polemics<\/em>, Springer, Argumentation Library, Volume \u00a0 42, 2021. <em>Argumentation<\/em>, Springer, 2022 <em>[En ligne]<\/em>.<\/p>\n<p>\u00ab Les valeurs au c\u0153ur de la litt\u00e9rature et du langage. \u00c9loge de la m\u00e9thode comparative \u00bb, N. Rouvi\u00e8re (\u00e9d.). <em>Acta Litt&amp;Arts. <\/em>Grenoble, Universit\u00e9 Grenoble Alpes, 2019. <em>[En ligne]<\/em>.<\/p>\n<p>\u00ab Les valeurs au c\u0153ur du langage \u00bb, N. Rouvi\u00e8re (\u00e9d.), Litt\u00e9rature, enseignement et valeurs, <em>Recherches et Travaux<\/em> n\u00b0 94. \u00c9ditions litt\u00e9raires et linguistiques de l\u2019universit\u00e9 de Grenoble, 2019. <em>[En ligne]<\/em>.<\/p>\n<p>\u00ab Entretien avec Christian Plantin r\u00e9alis\u00e9 par Jean-Claude Guerrini \u00bb. <em>Mots : les langages du politique<\/em>. ENS \u00c9ditions (Lyon) 2018. <em>[En ligne]<\/em>.<\/p>\n<p>\u00ab Enjeux de valeurs dans une correspondance \u00e9lectronique entre un jeune de cit\u00e9 et un sociologue \u00bb. <em>Argumentation et Analyse du Discours<\/em>. 2010. <em>[En ligne]<\/em>.<\/p>\n<p>\u00ab\u00a0Visions du temps : Cioran analyste de la r\u00e9action, de l&rsquo;utopie et du progr\u00e8s\u00a0\u00bb. <em>Mots : les langages du politique<\/em>. ENS \u00c9ditions (Lyon) 2002. Les m\u00e9taphores spatiales en politique, pp. 27-43.<em> [En ligne]<\/em>.<\/p>\n<h3>Communications dans un congr\u00e8s<\/h3>\n<p>\u201cThe Use of Diagrams in Argumentation Logical, Argumentative and Rhetorical Approach\u201d, <em>10th Conference of the International Society for the Study of Argumentation (ISSA 2023)<\/em>, Jul 2023, Leiden, France. pp.297-312 halshs-05146467 v1<\/p>\n<p>\u00ab What place for values in argumentation studies? \u00bb. <em>Proceedings of the 2018 Conference of the International Society for the Study of Argumentation, Amsterdam, SicSat.<\/em>, Aug 2018, Amsterdam, Netherlands.<\/p>\n<p>\u00ab\u00a0La rh\u00e9torique des valeurs : manipulation ou construction de l&rsquo;adh\u00e9sion ?\u00a0\u00bb. <em>Le Rapport \u00e9thique au discours. Histoire, Pratiques, Analyses<\/em>. 2011. Montpellier. pp. 303-314.<\/p>\n<p>\u00ab Contribution \u00e0 l&rsquo;\u00e9tude du relief axiologique des textes argumentatifs : le r\u00f4le de la locution &lsquo;au nom de\u2019 \u00bb. <em>Colloque international Le Texte : mod\u00e8les, m\u00e9thodes, perspectives<\/em>. 2008. L.S. Florea, C. Papahagi, L. Pop, A. Curea, Cluj-Napoca, Roumanie. 2010. pp. 63-74.<\/p>\n<p>\u00ab Vendetta et vengeance dans l&rsquo;\u0153uvre de M\u00e9rim\u00e9e : \u00e9motions, justifications et valeurs \u00bb. <em>La vengeance et ses discours<\/em>. Colloque d\u2019Albi 2005. CALS\/ CSPT Toulouse, 2006. pp.103-112.<\/p>\n<p>\u00ab Le message d&rsquo;un roman engag\u00e9, <em>Quatrevingt-Treize<\/em> de Victor Hugo \u00bb. <em>Rh\u00e9toriques des discours politiques<\/em>. Colloque d\u2019Albi 2004, CALS\/ CSPT Toulouse. 2005. pp.103-114.<\/p>\n<p>\u00ab\u00a0Le traitement des valeurs dans les manuels scolaires et universitaires\u00a0\u00bb. <em>Les M\u00e9talangages de la Classe de Fran\u00e7ais<\/em>, Sep. 1995, Lyon, France. pp. 54-56.<\/p>\n<h3>Chapitre d&rsquo;ouvrage<\/h3>\n<p>Conflitos de valores durante a pandemia. Estudo de tribunas, apelos coletivos e entrevistas na impresa escrita francesa (feveiro 20020-janeiro 2022), Emediato Wander (org.) <em>Intera\u00e7oes pol\u00e9micas e violencia verbal emtemas sociais sensiveis,<\/em> Campinas, Pontes, 2023<\/p>\n<p>\u00ab Espace et mouvement dans les repr\u00e9sentations du temps. Cioran et la critique des id\u00e9ologies \u00bb. Paul Bacot et Sylvianne R\u00e9mi-Giraud. <em>Mots de l&rsquo;espace et conflictualit\u00e9 sociale<\/em>, pp. 321- 330, 2007.<\/p>\n<h3>Autre publication<\/h3>\n<p>Entr\u00e9e \u00ab Valeurs \u00bb dans Les mots du politique, site de la Soci\u00e9t\u00e9 d\u2019\u00e9tude des langages du politique (SELP), https:\/\/selp.eu\/. 2017. <em>[En ligne]<\/em><\/p>\n<p>&lt;!&#8211;<\/p>\n<p>&#8211;&gt;<\/p>\n","protected":false},"excerpt":{"rendered":"<p>Liste des publications Ouvrages Conflits de valeurs et corrida. \u00c9tude argumentative de la controverse. L\u2019Harmattan. 2022. Les Valeurs dans l\u2019argumentation. L\u2019h\u00e9ritage de Cha\u00efm Perelman. \u00c9ditions Classiques Garnier. 2019. (avec) Edmond Majcherczak. L&rsquo;Argumentation au pluriel : Polyphonie, valeurs, points de vue. &hellip; <a href=\"https:\/\/icar.cnrs.fr\/membre\/jcguerrini\/publications\/\">Continuer la lecture <span class=\"meta-nav\">&rarr;<\/span><\/a><\/p>\n","protected":false},"author":1,"featured_media":0,"parent":0,"menu_order":2,"comment_status":"closed","ping_status":"closed","template":"","meta":{"footnotes":""},"class_list":["post-8","page","type-page","status-publish","hentry"],"_links":{"self":[{"href":"https:\/\/icar.cnrs.fr\/membre\/jcguerrini\/wp-json\/wp\/v2\/pages\/8","targetHints":{"allow":["GET"]}}],"collection":[{"href":"https:\/\/icar.cnrs.fr\/membre\/jcguerrini\/wp-json\/wp\/v2\/pages"}],"about":[{"href":"https:\/\/icar.cnrs.fr\/membre\/jcguerrini\/wp-json\/wp\/v2\/types\/page"}],"author":[{"embeddable":true,"href":"https:\/\/icar.cnrs.fr\/membre\/jcguerrini\/wp-json\/wp\/v2\/users\/1"}],"replies":[{"embeddable":true,"href":"https:\/\/icar.cnrs.fr\/membre\/jcguerrini\/wp-json\/wp\/v2\/comments?post=8"}],"version-history":[{"count":31,"href":"https:\/\/icar.cnrs.fr\/membre\/jcguerrini\/wp-json\/wp\/v2\/pages\/8\/revisions"}],"predecessor-version":[{"id":175,"href":"https:\/\/icar.cnrs.fr\/membre\/jcguerrini\/wp-json\/wp\/v2\/pages\/8\/revisions\/175"}],"wp:attachment":[{"href":"https:\/\/icar.cnrs.fr\/membre\/jcguerrini\/wp-json\/wp\/v2\/media?parent=8"}],"curies":[{"name":"wp","href":"https:\/\/api.w.org\/{rel}","templated":true}]}}