{"id":4,"date":"2016-11-02T17:37:52","date_gmt":"2016-11-02T16:37:52","guid":{"rendered":"https:\/\/icar.cnrs.fr\/membre\/jconsnier\/?page_id=4"},"modified":"2025-07-09T17:23:41","modified_gmt":"2025-07-09T15:23:41","slug":"accueil","status":"publish","type":"page","link":"https:\/\/icar.cnrs.fr\/membre\/jcosnier\/","title":{"rendered":"Accueil"},"content":{"rendered":"<div class=\"cadregris\">\n<h2><strong>Jacques Cosnier<\/strong><strong>\u00a0 \u271d\ufe0f<\/strong><\/h2>\n<h2><strong><img loading=\"lazy\" decoding=\"async\" class=\"alignright size-full wp-image-163\" src=\"https:\/\/icar.cnrs.fr\/membre\/jcosnier\/wp-content\/uploads\/sites\/95\/2016\/11\/photo-1.jpg\" alt=\"\" width=\"179\" height=\"221\" \/><\/strong><\/h2>\n<p><span class=\"Style3\">Professeur \u00e9m\u00e9rite<br \/>\n<\/span>Universit\u00e9 Lumi\u00e8re Lyon 2<\/p>\n<p>Email\u00a0: <span lang=\"de\" xml:lang=\"de\"><a href=\"mailto:Jacques.Cosnier@wanadoo.fr\">Jacques.Cosnier@wanadoo.fr<\/a><\/span><br \/>\nTel. : 33 (0)4 37 37 62 99<\/p>\n<p style=\"text-align: left;\"><strong>Adresse<br \/>\n<\/strong>Laboratoire ICAR<br \/>\nEcole Normale Sup\u00e9rieure de Lyon<br \/>\n15 parvis Ren\u00e9 Descartes &#8211; BP 7000<br \/>\n69342 LYON Cedex 07<br \/>\nFrance<\/p>\n<\/div>\n","protected":false},"excerpt":{"rendered":"<p>Jacques Cosnier\u00a0 \u271d\ufe0f Professeur \u00e9m\u00e9rite Universit\u00e9 Lumi\u00e8re Lyon 2 Email\u00a0: Jacques.Cosnier@wanadoo.fr Tel. : 33 (0)4 37 37 62 99 Adresse Laboratoire ICAR Ecole Normale Sup\u00e9rieure de Lyon 15 parvis Ren\u00e9 Descartes &#8211; BP 7000 69342 LYON Cedex 07 France<\/p>\n","protected":false},"author":1,"featured_media":0,"parent":0,"menu_order":0,"comment_status":"closed","ping_status":"closed","template":"","meta":{"footnotes":""},"class_list":["post-4","page","type-page","status-publish","hentry"],"_links":{"self":[{"href":"https:\/\/icar.cnrs.fr\/membre\/jcosnier\/wp-json\/wp\/v2\/pages\/4","targetHints":{"allow":["GET"]}}],"collection":[{"href":"https:\/\/icar.cnrs.fr\/membre\/jcosnier\/wp-json\/wp\/v2\/pages"}],"about":[{"href":"https:\/\/icar.cnrs.fr\/membre\/jcosnier\/wp-json\/wp\/v2\/types\/page"}],"author":[{"embeddable":true,"href":"https:\/\/icar.cnrs.fr\/membre\/jcosnier\/wp-json\/wp\/v2\/users\/1"}],"replies":[{"embeddable":true,"href":"https:\/\/icar.cnrs.fr\/membre\/jcosnier\/wp-json\/wp\/v2\/comments?post=4"}],"version-history":[{"count":45,"href":"https:\/\/icar.cnrs.fr\/membre\/jcosnier\/wp-json\/wp\/v2\/pages\/4\/revisions"}],"predecessor-version":[{"id":170,"href":"https:\/\/icar.cnrs.fr\/membre\/jcosnier\/wp-json\/wp\/v2\/pages\/4\/revisions\/170"}],"wp:attachment":[{"href":"https:\/\/icar.cnrs.fr\/membre\/jcosnier\/wp-json\/wp\/v2\/media?parent=4"}],"curies":[{"name":"wp","href":"https:\/\/api.w.org\/{rel}","templated":true}]}}