{"id":10,"date":"2016-11-02T17:39:41","date_gmt":"2016-11-02T16:39:41","guid":{"rendered":"https:\/\/icar.cnrs.fr\/membre\/jcpochard\/?page_id=10"},"modified":"2016-12-13T10:41:05","modified_gmt":"2016-12-13T09:41:05","slug":"enseignements","status":"publish","type":"page","link":"https:\/\/icar.cnrs.fr\/membre\/jcpochard\/enseignements\/","title":{"rendered":"Enseignements"},"content":{"rendered":"<h2>Enseignements<\/h2>\n<p>Je ne citerai ici que les cours enseign\u00e9s depuis septembre 2006, date de mon retour \u00e0 l\u2019universit\u00e9 Lyon2 apr\u00e8s quatre ans pass\u00e9s en Inde.<\/p>\n<p>&#8211; <em>Enseignements au Centre international d\u2019\u00e9tudes fran\u00e7aises<\/em> (ma composante de rattachement administratif)<\/p>\n<p>* Compr\u00e9hension et expression \u00e9crites du fran\u00e7ais au niveau C1 (82h)<\/p>\n<p><em>&#8211; Enseignements relatifs \u00e0 la didactique du FLES (D\u00e9partement des sciences du langage)<\/em><\/p>\n<p>* Niveau licence\u00a0:<\/p>\n<p>Probl\u00e9matique de l\u2019enseignement du FLES (21h)<br \/>\n\u00c9l\u00e9ments de linguistique fran\u00e7aise (morphologie orale et \u00e9crite) (10h30)<br \/>\n* Niveau Master1 FLES \u00a0:<\/p>\n<p>Linguistique de l\u2019oral (10h30)<br \/>\n* Niveau Master2 Pro FLES<\/p>\n<p>Sociolinguistique et interventions didactiques (21h)<br \/>\nDidactologie et interventions didactiques (21h)<br \/>\n* Niveau Master2 Recherche<\/p>\n<p>Didactique\u00a0: l\u2019amont de la classe de langue (21h)<br \/>\n* Niveau Master2 Pro langues vivantes et TICE<\/p>\n<p>R\u00e9flexions sur la lecture et sa didactique (18h)<\/p>\n<h3><\/h3>\n","protected":false},"excerpt":{"rendered":"<p>Enseignements Je ne citerai ici que les cours enseign\u00e9s depuis septembre 2006, date de mon retour \u00e0 l\u2019universit\u00e9 Lyon2 apr\u00e8s quatre ans pass\u00e9s en Inde. &#8211; Enseignements au Centre international d\u2019\u00e9tudes fran\u00e7aises (ma composante de rattachement administratif) * Compr\u00e9hension et &hellip; <a href=\"https:\/\/icar.cnrs.fr\/membre\/jcpochard\/enseignements\/\">Continuer la lecture <span class=\"meta-nav\">&rarr;<\/span><\/a><\/p>\n","protected":false},"author":1,"featured_media":0,"parent":0,"menu_order":3,"comment_status":"closed","ping_status":"closed","template":"","meta":{"footnotes":""},"class_list":["post-10","page","type-page","status-publish","hentry"],"_links":{"self":[{"href":"https:\/\/icar.cnrs.fr\/membre\/jcpochard\/wp-json\/wp\/v2\/pages\/10","targetHints":{"allow":["GET"]}}],"collection":[{"href":"https:\/\/icar.cnrs.fr\/membre\/jcpochard\/wp-json\/wp\/v2\/pages"}],"about":[{"href":"https:\/\/icar.cnrs.fr\/membre\/jcpochard\/wp-json\/wp\/v2\/types\/page"}],"author":[{"embeddable":true,"href":"https:\/\/icar.cnrs.fr\/membre\/jcpochard\/wp-json\/wp\/v2\/users\/1"}],"replies":[{"embeddable":true,"href":"https:\/\/icar.cnrs.fr\/membre\/jcpochard\/wp-json\/wp\/v2\/comments?post=10"}],"version-history":[{"count":11,"href":"https:\/\/icar.cnrs.fr\/membre\/jcpochard\/wp-json\/wp\/v2\/pages\/10\/revisions"}],"predecessor-version":[{"id":165,"href":"https:\/\/icar.cnrs.fr\/membre\/jcpochard\/wp-json\/wp\/v2\/pages\/10\/revisions\/165"}],"wp:attachment":[{"href":"https:\/\/icar.cnrs.fr\/membre\/jcpochard\/wp-json\/wp\/v2\/media?parent=10"}],"curies":[{"name":"wp","href":"https:\/\/api.w.org\/{rel}","templated":true}]}}