{"id":166,"date":"2016-12-13T11:03:18","date_gmt":"2016-12-13T10:03:18","guid":{"rendered":"https:\/\/icar.cnrs.fr\/membre\/jcpochard\/?page_id=166"},"modified":"2016-12-13T11:04:48","modified_gmt":"2016-12-13T10:04:48","slug":"autres-activites","status":"publish","type":"page","link":"https:\/\/icar.cnrs.fr\/membre\/jcpochard\/autres-activites\/","title":{"rendered":"Autres activit\u00e9s"},"content":{"rendered":"<h1>Autres activit\u00e9s de recherches<\/h1>\n<p>Les activit\u00e9s dont il est question sur cette page, regroupent les responsabilt\u00e9s administratives, les directions de travaux, les interventions ponctuelles en France ou \u00e0 l\u2019\u00e9tranger et la participation \u00e0 des projets de cours en ligne.<\/p>\n<h3>&#8211; Les responsabilit\u00e9s administratives\u00a0:<\/h3>\n<p>* Coordination des enseignements de niveau C1 (Centre international d\u2019\u00e9tudes fran\u00e7aises)<br \/>\n* Repr\u00e9sentant de Lyon2 dans le consortium franco-britannique de programmes PGCD\/PGDE<br \/>\n* Responsable de la formation Master2Pro \u00ab\u00a0<em>Didactique du fran\u00e7ais langue \u00e9trang\u00e8re et seconde\u00a0; enseignement et diffusion du fran\u00e7ais, interventions et expertises<\/em>\u00a0\u00bb<br \/>\n* Membre des groupes d\u2019experts (ex commission de sp\u00e9cialistes) des universit\u00e9s de Lyon2, de Franche-Comt\u00e9, de Provence.<\/p>\n<h3>&#8211; Direction de travaux<\/h3>\n<p>Th\u00e8ses\u00a0:<\/p>\n<p>* Actuellement direction de huit doctorants (apr\u00e8s une absence de quatre ann\u00e9es 2002-2006)<br \/>\n* Deux th\u00e8ses soutenues (Sophie Albi, 2001, Sophie Dufour 2007)<\/p>\n<p>Participation \u00e0 cinq jurys de th\u00e8se.<\/p>\n<p>Master2 Pro et recherche<\/p>\n<p>Direction d\u2019une moyenne de quinze m\u00e9moires par an en Master2 Pro et Master2 Recherche.<br \/>\nSoutien \u00e0 distance de quelques \u00e9tudiants alg\u00e9riens de ce niveau.<\/p>\n<h3>&#8211; Interventions ponctuelles<\/h3>\n<p>* Au Centre international d\u2019\u00e9tudes fran\u00e7aises<\/p>\n<p>Cours intensif de langue pour mise \u00e0 niveau universitaire\u00a0(\u00e9tudiants am\u00e9ricains) 12h<br \/>\nS\u00e9minaires de r\u00e9flexion avec des universitaires sur la transmission des cours de sciences en fran\u00e7ais (universit\u00e9 du Liban\/CIEF).<\/p>\n<p>* Au d\u00e9partement des sciences du langage<\/p>\n<p>Participation \u00e0 des jurys de validation d\u2019acquis professionnels (enseignants arm\u00e9niens)<br \/>\nParticipation aux stages de formation en vue d\u2019une certification FLS, organis\u00e9s par le rectorat<br \/>\nCours de didactique de l\u2019\u00e9crit (niveau Master), universit\u00e9 d\u2019Oran (21h).<br \/>\nParticipation au suivi des \u00e9tudiants doctorants alg\u00e9riens au cours de leur stage en France.<\/p>\n<h3>&#8211; Participation \u00e0 la mise en place de cours en ligne.<\/h3>\n<p>* Participation \u00e0 la mise en place d\u2019une ma\u00eetrise de fran\u00e7ais langue \u00e9trang\u00e8re en ligne (consortium CANUFLE \u2013universit\u00e9 de Franche-Comt\u00e9, universit\u00e9 de Bourgogne, Grenoble3, ENS LSH Lyon, Lyon2)<\/p>\n<p>R\u00e9daction et gestion en ligne des \u00e9tudiants du cours de <em>Grammaire de l\u2019oral <\/em>(2001-2004)<\/p>\n<p>* Responsable de la mise en place d\u2019un cours de Master d\u2019\u00e9tudes fran\u00e7aises au Center for English and Foreign Languages \u2013 CIEFL \u2013 Hyderabad, Inde (2002-2006)<\/p>\n<p>Coordination g\u00e9n\u00e9rale du projet et conception du programme.<\/p>\n<p>R\u00e9daction, mise en ligne et suivi p\u00e9dagogique des cours de\u00a0: <em>Initiation aux sciences du langage, \u00c9l\u00e9ments de phon\u00e9tique et de phonologie du fran\u00e7ais, Emploi du fran\u00e7ais\u00a0: compr\u00e9hension de lecture.<\/em><\/p>\n<p>Supervision de la r\u00e9daction et mise en ligne des cours de litt\u00e9rature fran\u00e7ais (introduction et histoire) et des cours de civilisation.<\/p>\n<blockquote>\n<blockquote><\/blockquote>\n<\/blockquote>\n","protected":false},"excerpt":{"rendered":"<p>Autres activit\u00e9s de recherches Les activit\u00e9s dont il est question sur cette page, regroupent les responsabilt\u00e9s administratives, les directions de travaux, les interventions ponctuelles en France ou \u00e0 l\u2019\u00e9tranger et la participation \u00e0 des projets de cours en ligne. &#8211; &hellip; <a href=\"https:\/\/icar.cnrs.fr\/membre\/jcpochard\/autres-activites\/\">Continuer la lecture <span class=\"meta-nav\">&rarr;<\/span><\/a><\/p>\n","protected":false},"author":4,"featured_media":0,"parent":0,"menu_order":0,"comment_status":"closed","ping_status":"closed","template":"","meta":{"footnotes":""},"class_list":["post-166","page","type-page","status-publish","hentry"],"_links":{"self":[{"href":"https:\/\/icar.cnrs.fr\/membre\/jcpochard\/wp-json\/wp\/v2\/pages\/166","targetHints":{"allow":["GET"]}}],"collection":[{"href":"https:\/\/icar.cnrs.fr\/membre\/jcpochard\/wp-json\/wp\/v2\/pages"}],"about":[{"href":"https:\/\/icar.cnrs.fr\/membre\/jcpochard\/wp-json\/wp\/v2\/types\/page"}],"author":[{"embeddable":true,"href":"https:\/\/icar.cnrs.fr\/membre\/jcpochard\/wp-json\/wp\/v2\/users\/4"}],"replies":[{"embeddable":true,"href":"https:\/\/icar.cnrs.fr\/membre\/jcpochard\/wp-json\/wp\/v2\/comments?post=166"}],"version-history":[{"count":2,"href":"https:\/\/icar.cnrs.fr\/membre\/jcpochard\/wp-json\/wp\/v2\/pages\/166\/revisions"}],"predecessor-version":[{"id":170,"href":"https:\/\/icar.cnrs.fr\/membre\/jcpochard\/wp-json\/wp\/v2\/pages\/166\/revisions\/170"}],"wp:attachment":[{"href":"https:\/\/icar.cnrs.fr\/membre\/jcpochard\/wp-json\/wp\/v2\/media?parent=166"}],"curies":[{"name":"wp","href":"https:\/\/api.w.org\/{rel}","templated":true}]}}