{"id":4,"date":"2016-11-02T17:37:52","date_gmt":"2016-11-02T16:37:52","guid":{"rendered":"https:\/\/icar.cnrs.fr\/membre\/jcpochard\/?page_id=4"},"modified":"2017-01-05T17:16:56","modified_gmt":"2017-01-05T16:16:56","slug":"accueil","status":"publish","type":"page","link":"https:\/\/icar.cnrs.fr\/membre\/jcpochard\/","title":{"rendered":"Accueil"},"content":{"rendered":"<div class=\"cadregris\">\n<p><strong>Jean-Charles Pochard<\/strong><strong><img loading=\"lazy\" decoding=\"async\" class=\"alignright wp-image-172 size-thumbnail\" src=\"https:\/\/icar.cnrs.fr\/membre\/jcpochard\/wp-content\/uploads\/sites\/94\/2016\/11\/photo-150x150.jpg\" width=\"150\" height=\"150\" \/><\/strong><\/p>\n<p>Professeur \u00e9m\u00e9rite<br \/>\nUniversit\u00e9 Lumi\u00e8re Lyon 2<\/p>\n<p>Email\u00a0: <a href=\"mailto:Jean-Charles.Pochard@univ-lyon2.fr\"><span lang=\"de\" xml:lang=\"de\">Jean-Charles.Pochard@univ-lyon2.fr<\/span><\/a><br \/>\nTel. : 33 (0)4 37 37 62 99<\/p>\n<p>Membre du\u00a0Laboratoire\u00a0<a href=\"http:\/\/icar.univ-lyon2.fr\/\">ICAR<\/a>\u00a0<a href=\"http:\/\/icar.univ-lyon2.fr\/\">UMR 5191<\/a>\u00a0(Interactions, Corpus, Apprentissage, Repr\u00e9sentations)<br \/>\n<em>Equipe<\/em> : Apprentissages, discours, interactions, savoirs (ADIS)<\/p>\n<p style=\"text-align: left;\"><strong>Adresse<br \/>\n<\/strong>Laboratoire ICAR<br \/>\nEcole Normale Sup\u00e9rieure de Lyon<br \/>\n15 parvis Ren\u00e9 Descartes &#8211; BP 7000<br \/>\n69342 LYON Cedex 07<br \/>\nFrance<\/p>\n<\/div>\n","protected":false},"excerpt":{"rendered":"<p>Jean-Charles Pochard Professeur \u00e9m\u00e9rite Universit\u00e9 Lumi\u00e8re Lyon 2 Email\u00a0: Jean-Charles.Pochard@univ-lyon2.fr Tel. : 33 (0)4 37 37 62 99 Membre du\u00a0Laboratoire\u00a0ICAR\u00a0UMR 5191\u00a0(Interactions, Corpus, Apprentissage, Repr\u00e9sentations) Equipe : Apprentissages, discours, interactions, savoirs (ADIS) Adresse Laboratoire ICAR Ecole Normale Sup\u00e9rieure de Lyon 15 &hellip; <a href=\"https:\/\/icar.cnrs.fr\/membre\/jcpochard\/\">Continuer la lecture <span class=\"meta-nav\">&rarr;<\/span><\/a><\/p>\n","protected":false},"author":1,"featured_media":0,"parent":0,"menu_order":0,"comment_status":"closed","ping_status":"closed","template":"","meta":{"footnotes":""},"class_list":["post-4","page","type-page","status-publish","hentry"],"_links":{"self":[{"href":"https:\/\/icar.cnrs.fr\/membre\/jcpochard\/wp-json\/wp\/v2\/pages\/4","targetHints":{"allow":["GET"]}}],"collection":[{"href":"https:\/\/icar.cnrs.fr\/membre\/jcpochard\/wp-json\/wp\/v2\/pages"}],"about":[{"href":"https:\/\/icar.cnrs.fr\/membre\/jcpochard\/wp-json\/wp\/v2\/types\/page"}],"author":[{"embeddable":true,"href":"https:\/\/icar.cnrs.fr\/membre\/jcpochard\/wp-json\/wp\/v2\/users\/1"}],"replies":[{"embeddable":true,"href":"https:\/\/icar.cnrs.fr\/membre\/jcpochard\/wp-json\/wp\/v2\/comments?post=4"}],"version-history":[{"count":46,"href":"https:\/\/icar.cnrs.fr\/membre\/jcpochard\/wp-json\/wp\/v2\/pages\/4\/revisions"}],"predecessor-version":[{"id":174,"href":"https:\/\/icar.cnrs.fr\/membre\/jcpochard\/wp-json\/wp\/v2\/pages\/4\/revisions\/174"}],"wp:attachment":[{"href":"https:\/\/icar.cnrs.fr\/membre\/jcpochard\/wp-json\/wp\/v2\/media?parent=4"}],"curies":[{"name":"wp","href":"https:\/\/api.w.org\/{rel}","templated":true}]}}