{"id":10,"date":"2016-11-02T17:39:41","date_gmt":"2016-11-02T16:39:41","guid":{"rendered":"https:\/\/icar.cnrs.fr\/membre\/jcregnier\/?page_id=10"},"modified":"2025-07-09T23:03:00","modified_gmt":"2025-07-09T21:03:00","slug":"enseignements","status":"publish","type":"page","link":"https:\/\/icar.cnrs.fr\/membre\/jcregnier\/enseignements\/","title":{"rendered":"Enseignements"},"content":{"rendered":"<p>Aux niveaux Licence (L3), Master (M1 et M2) et Doctorat, j\u2019assure depuis 1986 des enseignements universitaires en France et au Br\u00e9sil dans les domaines de la statistique et de la m\u00e9thodologie de la construction, traitement et de l\u2019analyse des donn\u00e9es quantitatives, qualitatives ou textuelles ainsi que dans les domaines de la p\u00e9dagogie et de la didactique disciplinaire en particulier des math\u00e9matiques et de la statistique, des TIC appliqu\u00e9es \u00e0 l\u2019enseignement, la formation et l\u2019\u00e9ducation.<br \/>\n<a href=\"https:\/\/www.adatic.fr\/JCR\/index.php\" target=\"_blank\" rel=\"noopener noreferrer\">Acc\u00e8s au Site de Jean-Claude R\u00e9gnier :\u00a0 Apprentissage, <\/a><a href=\"https:\/\/www.adatic.fr\/JCR\/index.php\" target=\"_blank\" rel=\"noopener noreferrer\">Didactique, Interactions, Statistique<\/a><\/p>\n<h1 style=\"text-align: center;\">Ann\u00e9es\u00a0 2016-2017, 2017-2018 et 2018-2019<br \/>\n\u00e0 l\u2019Universit\u00e9 Lumi\u00e8re Lyon 2<br \/>\nMaquette 2016-2020<\/h1>\n<p><strong>LICENCE DE SCIENCES DE L\u2019\u00c9DUCATION<\/strong> (<a href=\"https:\/\/ispef.univ-lyon2.fr\/\" target=\"_blank\" rel=\"noopener noreferrer\">L3 &#8211; ISPEF<\/a>)<br \/>\n&#8211; <strong>P\u00e9dagogies, Didactiques, \u00c9valuation des apprentissages<\/strong><\/p>\n<p>Ressources 2016-2017 &amp; 2017-2018 : <a href=\"https:\/\/www.adatic.fr\/JCR\/index.php?page=4\" target=\"_blank\" rel=\"noopener noreferrer\">Apports des cadres th\u00e9oriques p\u00e9dagogiques, didactiques et \u00e9valuatifs \u00e0 l&rsquo;\u00e9tude des processus de l&rsquo;enseignement et de l&rsquo;apprentissage d&rsquo;une discipline. Cas des math\u00e9matiques<\/a><\/p>\n<p><a href=\"\/\/www.adatic.fr\/JCR\/index.php?page=4\" target=\"_blank\" rel=\"noopener noreferrer\">\u00c9valuation Didactique des math\u00e9matiques &#8211; 2018\u00a0 &#8211; Acc\u00e9der<\/a><\/p>\n<p>&#8211; <strong>Education, objet de recherche<\/strong><br \/>\nRessources 2016-2017 &amp; 2017-2018 : <a href=\"https:\/\/www.adatic.fr\/JCR\/index.php?page=6\" target=\"_blank\" rel=\"noopener noreferrer\">Que peuvent signifier \u00e9ducation, recherche? Comment ces deux notions peuvent-elles \u00eatre mises en lien?<\/a><\/p>\n<p>Ressources: \u00a0 <a href=\"https:\/\/www.adatic.fr\/JCR\/index.php?page=5\" target=\"_blank\" rel=\"noopener noreferrer\">Construire et Traiter des donn\u00e9es, Statistique<\/a><\/p>\n<p><strong>MASTER 1 DE SCIENCES DE L\u2019EDUCATION<\/strong>, Expertise et Recherche en \u00e9ducation <a href=\"http:\/\/ispef.univ-lyon2.fr\/spip.php?rubrique191\" target=\"_blank\" rel=\"noopener noreferrer\">(M1 &#8211; ISPEF)<\/a><\/p>\n<p><strong>S\u00e9minaire de recherche (4PAEL021) &amp; S\u00e9minaire th\u00e9matique (4PAEL011) : Expertise et Recherche en \u00e9ducation<\/strong><\/p>\n<p>Formulaire d&rsquo;inscription dans le s\u00e9minaire <a href=\"https:\/\/enquetes.univ-lyon2.fr\/index.php?sid=57645&amp;lang=fr\" target=\"_blank\" rel=\"noopener noreferrer\">COMPLETER<\/a><\/p>\n<p>Ressources m\u00e9thodologiques:<br \/>\n&#8211; Construction et traitement des donn\u00e9es dans le cadre du m\u00e9moire de recherche:<br \/>\n<a href=\"https:\/\/www.adatic.fr\/JCR\/index.php?page=7\" target=\"_blank\" rel=\"noopener noreferrer\">Acc\u00e9der aux pages du s\u00e9minaire<\/a><br \/>\n&#8211; Construction et Traitement de donn\u00e9es quantitatives et de donn\u00e9es qualitatives<br \/>\n<a href=\"https:\/\/www.adatic.fr\/JCR\/index.php?page=8\" target=\"_blank\" rel=\"noopener noreferrer\">Acc\u00e9der \u00e0 4PA16401<\/a><br \/>\n<a href=\"https:\/\/www.adatic.fr\/JCR\/index.php?page=9\" target=\"_blank\" rel=\"noopener noreferrer\">Acc\u00e9der \u00e0 4PA16402<\/a><\/p>\n<p><!-- Ceci est un commentaire  \/\/- S\u00e9minaire de Maitrise\/Master1\u00a0 2011 \u00e0 2016 :\n\/\/<a href=\"http:\/\/jean-claude.regnier.pagesperso-orange.fr\/joao_claudio\/seminair\/seminaire1.htm\" target=\"_blank\" rel=\"noopener noreferrer\">Apprentissages, Didactique, Interactions<\/a>\n\/\/<a href=\"http:\/\/jean-claude.regnier.pagesperso-orange.fr\/joao_claudio\/4PAKC072.htm\" target=\"_blank\" rel=\"noopener noreferrer\">Ressources pour le s\u00e9minaire de Maitrise\/Master1<\/a> --><\/p>\n<p><strong>MASTER 2 DE SCIENCES DE L&rsquo;EDUCATION<\/strong> : EXPERTISE et RECHERCHE EN EDUCATION (<a href=\"http:\/\/ispef.univ-lyon2.fr\/spip.php?rubrique35\" target=\"_blank\" rel=\"noopener noreferrer\">M2 &#8211; ISPEF<\/a>)<\/p>\n<p>&#8211;<strong> M\u00e9thodes quantitatives et statistique : <a href=\"https:\/\/www.adatic.fr\/JCR\/MASTER\/master2.htm#metodo\" target=\"_blank\" rel=\"noopener noreferrer\">Acc\u00e9der aux pages <\/a><\/strong><br \/>\n&#8211; <strong>Savoir(s), Apprentissage(s), P\u00e9dagogie(s) : <a href=\"https:\/\/www.adatic.fr\/JCR\/MASTER\/master2.htm#SAP_ERE\" target=\"_blank\" rel=\"noopener noreferrer\">Acc\u00e9der aux pages <\/a><br \/>\n<\/strong><\/p>\n<p>Ressources : <a href=\"https:\/\/www.adatic.fr\/JCR\/MASTER\/master2.htm\" target=\"_blank\" rel=\"noopener noreferrer\">Acc\u00e9der \u00e0 : MASTER 2 ERE Expertise &amp; Recherche en \u00c9ducation<\/a><\/p>\n<p><strong>DOCTORAT DE SCIENCES DE L\u2019EDUCATION.<\/strong>&#8211; ED485 EPIC &#8211; Ecole Doctorale Education, Psychologie, Information &amp; Communication<br \/>\nRessources:<br \/>\nPages persos Wanadoo : <a href=\"https:\/\/www.adatic.fr\/JCR\/DOCTORAT\/index.html\" target=\"_blank\" rel=\"noopener noreferrer\">DOCTORAT<\/a><br \/>\nPages perso JCR &#8211; Universit\u00e9 Lyon2 : <a href=\"https:\/\/perso.univ-lyon2.fr\/~regnierj\/\" target=\"_blank\" rel=\"noopener noreferrer\">Acc\u00e9der<\/a><br \/>\n&#8211; <strong>Formation statistique et traitements des donn\u00e9es<\/strong><br \/>\n<a href=\"http:\/\/epic.univ-lyon2.fr\/2016-2017-605091.kjsp?RH=epic11&amp;RF=epic11\" target=\"_blank\" rel=\"noopener noreferrer\">Acc\u00e9der \u00e0 Formations \u00e0 EPIC<\/a><\/p>\n<p>&#8211; <strong>Traitement des donn\u00e9es assist\u00e9 par des logiciels<\/strong>: <a href=\"https:\/\/enquetes.univ-lyon2.fr\/index.php?sid=93964&amp;lang=fr\" target=\"_blank\" rel=\"noopener noreferrer\">Licence SPAD<\/a><\/p>\n<p><strong>MESTRADO e DOUTORADO em EDUCAC\u00c3O<\/strong> &#8211; Universidade de Caxias do Sul &#8211; RS &#8211; Brasil<\/p>\n<p>&#8211; Programa de PosGradua\u00e7\u00e3o em EDUCA\u00c7\u00c3O : <a href=\"https:\/\/www.ucs.br\/site\/pos-graduacao\/formacao-stricto-sensu\/educacao\/\" target=\"_blank\" rel=\"noopener noreferrer\">Acessar <\/a><br \/>\n&#8211; Metodologia &#8211; constru\u00e7\u00e3o, tratamentos, analise, de dados quantitativos,\u00a0 qualitativos e textuais , e interpreta\u00e7\u00e3o <a href=\"http:\/\/jean-claude.regnier.pagesperso-orange.fr\/PPGE_UCS\/ProgramaUCS_JCR_NMAR2017.pdf\" target=\"_blank\" rel=\"noopener noreferrer\">Acessar ao programa<\/a><\/p>\n<h1 style=\"padding-left: 30px;\" align=\"left\">Voir aussi :<\/h1>\n<p style=\"padding-left: 30px;\" align=\"left\">CV LATTES CNPq Br\u00e9sil : <a href=\"http:\/\/lattes.cnpq.br\/1826238948662593\" target=\"_blank\" rel=\"noopener noreferrer\">http:\/\/lattes.cnpq.br\/1826238948662593<\/a><\/p>\n<p><!-- img src=\"http:\/\/jean-claude.regnier.pagesperso-orange.fr\/joao_claudio\/images\/Image99.gif\" width=\"431\" alt=\"activit\u00e9s d'enseignement\" --><\/p>\n<h1 align=\"center\"><span style=\"color: #000000; font-family: Arial; font-size: large;\"><b>Maquette 2011-2015<br \/>\n<\/b><\/span><\/h1>\n<h1 style=\"text-align: center;\">Ann\u00e9e\u00a0 2015-2016 \u00e0 l\u2019Universit\u00e9 Lumi\u00e8re Lyon 2<\/h1>\n<p>LICENCE DE SCIENCES DE L\u2019EDUCATION (L3)<\/p>\n<p>&#8211; Initiation au raisonnement statistique<br \/>\n<a href=\"http:\/\/jean-claude.regnier.pagesperso-orange.fr\/joao_claudio\/3PA16813.htm\" target=\"_blank\" rel=\"noopener noreferrer\">http:\/\/jean-claude.regnier.pagesperso-orange.fr\/joao_claudio\/3PA16813.htm<\/a><br \/>\n&#8211; Didactique des math\u00e9matiques et de la statistique<br \/>\n<a href=\"http:\/\/jean-claude.regnier.pagesperso-orange.fr\/joao_claudio\/3PA16820.htm\" target=\"_blank\" rel=\"noopener noreferrer\">http:\/\/jean-claude.regnier.pagesperso-orange.fr\/joao_claudio\/3PA16820.htm<\/a><\/p>\n<p>MASTER 1 EN SCIENCES DE L\u2019EDUCATION<\/p>\n<p>&#8211; Production et Traitement de donn\u00e9es quantitatives<br \/>\n<a href=\"http:\/\/jean-claude.regnier.pagesperso-orange.fr\/joao_claudio\/4PA16401.htm\">http:\/\/jean-claude.regnier.pagesperso-orange.fr\/joao_claudio\/4PA16401.htm\u00a0<\/a><br \/>\n&#8211; Production et Traitement de donn\u00e9es qualitatives<br \/>\n<a href=\"http:\/\/jean-claude.regnier.pagesperso-orange.fr\/joao_claudio\/4PA16402.htm\" target=\"_blank\" rel=\"noopener noreferrer\">http:\/\/jean-claude.regnier.pagesperso-orange.fr\/joao_claudio\/4PA16402.htm<\/a><\/p>\n<p>MASTER 2 RECHERCHE EN SCIENCES DE L\u2019EDUCATION<\/p>\n<p><a href=\"http:\/\/jean-claude.regnier.pagesperso-orange.fr\/MASTER\/index.html\" target=\"_blank\" rel=\"noopener noreferrer\">Acc\u00e9der aux pages Master2<\/a><br \/>\n&#8211; M\u00e9thodes quantitatives et statistique<br \/>\n&#8211; Didactique disciplinaire<\/p>\n<p>DOCTORAT EN SCIENCES DE L\u2019EDUCATION.- ED485 EPIC<br \/>\n<a href=\"http:\/\/jean-claude.regnier.pagesperso-orange.fr\/DOCTORAT\/index.html\" target=\"_blank\" rel=\"noopener noreferrer\">Acc\u00e9der aux pages : DOCTORAT<\/a><br \/>\n&#8211; Formation statistique et traitements des donn\u00e9es<br \/>\n<!-- Ceci est un commentaire --><\/p>\n","protected":false},"excerpt":{"rendered":"<p>Aux niveaux Licence (L3), Master (M1 et M2) et Doctorat, j\u2019assure depuis 1986 des enseignements universitaires en France et au Br\u00e9sil dans les domaines de la statistique et de la m\u00e9thodologie de la construction, traitement et de l\u2019analyse des donn\u00e9es &hellip; <a href=\"https:\/\/icar.cnrs.fr\/membre\/jcregnier\/enseignements\/\">Continuer la lecture <span class=\"meta-nav\">&rarr;<\/span><\/a><\/p>\n","protected":false},"author":1,"featured_media":0,"parent":0,"menu_order":3,"comment_status":"closed","ping_status":"closed","template":"","meta":{"footnotes":""},"class_list":["post-10","page","type-page","status-publish","hentry"],"_links":{"self":[{"href":"https:\/\/icar.cnrs.fr\/membre\/jcregnier\/wp-json\/wp\/v2\/pages\/10","targetHints":{"allow":["GET"]}}],"collection":[{"href":"https:\/\/icar.cnrs.fr\/membre\/jcregnier\/wp-json\/wp\/v2\/pages"}],"about":[{"href":"https:\/\/icar.cnrs.fr\/membre\/jcregnier\/wp-json\/wp\/v2\/types\/page"}],"author":[{"embeddable":true,"href":"https:\/\/icar.cnrs.fr\/membre\/jcregnier\/wp-json\/wp\/v2\/users\/1"}],"replies":[{"embeddable":true,"href":"https:\/\/icar.cnrs.fr\/membre\/jcregnier\/wp-json\/wp\/v2\/comments?post=10"}],"version-history":[{"count":84,"href":"https:\/\/icar.cnrs.fr\/membre\/jcregnier\/wp-json\/wp\/v2\/pages\/10\/revisions"}],"predecessor-version":[{"id":990,"href":"https:\/\/icar.cnrs.fr\/membre\/jcregnier\/wp-json\/wp\/v2\/pages\/10\/revisions\/990"}],"wp:attachment":[{"href":"https:\/\/icar.cnrs.fr\/membre\/jcregnier\/wp-json\/wp\/v2\/media?parent=10"}],"curies":[{"name":"wp","href":"https:\/\/api.w.org\/{rel}","templated":true}]}}