{"id":1002,"date":"2025-07-09T23:14:01","date_gmt":"2025-07-09T21:14:01","guid":{"rendered":"https:\/\/icar.cnrs.fr\/membre\/jcregnier\/?page_id=1002"},"modified":"2025-07-09T23:14:01","modified_gmt":"2025-07-09T21:14:01","slug":"societes-savantes","status":"publish","type":"page","link":"https:\/\/icar.cnrs.fr\/membre\/jcregnier\/societes-savantes\/","title":{"rendered":"Soci\u00e9t\u00e9s Savantes"},"content":{"rendered":"<p><strong>Responsabilit\u00e9 au sein de soci\u00e9t\u00e9s savantes\u00a0<\/strong>:\u00a0<strong>Soci\u00e9t\u00e9 Fran\u00e7aise de Statistique<\/strong><\/p>\n<hr \/>\n<p align=\"center\"><a href=\"https:\/\/www.sfds.asso.fr\/\" target=\"_blank\" rel=\"noopener noreferrer\">Acc\u00e9der \u00e0 <strong>SFDS<\/strong><\/a><\/p>\n<p align=\"center\"><a href=\"https:\/\/www.sfds.asso.fr\/fr\/enseignement_de_la_statistique\/461-enseignement_de_la_statistique\/\" target=\"_blank\" rel=\"noopener noreferrer\">Acc\u00e9der \u00e0 <strong>Groupe Enseignement de la statistique<\/strong><\/a><\/p>\n<hr \/>\n<p>(2017-&#8230;) Membre associ\u00e9 au bureau \u00e9largi de groupe de sp\u00e9cialit\u00e9\u00a0: enseignement de la statistique<br \/>\n(1999-2017) Membre r\u00e9\u00e9lu au bureau de groupe de sp\u00e9cialit\u00e9\u00a0: enseignement de la statistique<br \/>\n(2003-2011) Pr\u00e9sident au bureau de groupe de sp\u00e9cialit\u00e9\u00a0: enseignement de la statistique<br \/>\n(1999-2003) Membre r\u00e9\u00e9lu au bureau de groupe de sp\u00e9cialit\u00e9\u00a0: enseignement de la statistique<\/p>\n<p>Dans ce cadre je suis parvenu \u00e0 faire r\u00e9aliser deux projets qui me tenaient \u00e0 c\u0153ur\u00a0: Cr\u00e9ation de la Revue Statistique &amp; Enseignement et Cr\u00e9ation du Colloque Francophone International sur l\u2019Enseignement de la Statistique (CFIES 2008 Lyon\u00a0; CFIES 2010 Bruxelles\u00a0; CFIES 2012 Angers, CFIES 2015 Bordeaux, CFIES 2017 Grenoble; CFIES 2019 Strasbourg; CFIES 2022 Rennes; CFIES 2024 Nice)<br \/>\n<a href=\"https:\/\/www.sfds.asso.fr\/fr\/enseignement_de_la_statistique\/575-colloques_cfies\/\" target=\"_blank\" rel=\"noopener noreferrer\">Colloque du Groupe de Sp\u00e9cialit\u00e9 : Enseignement de la Statistique<\/a><\/p>\n<hr \/>\n","protected":false},"excerpt":{"rendered":"<p>Responsabilit\u00e9 au sein de soci\u00e9t\u00e9s savantes\u00a0:\u00a0Soci\u00e9t\u00e9 Fran\u00e7aise de Statistique Acc\u00e9der \u00e0 SFDS Acc\u00e9der \u00e0 Groupe Enseignement de la statistique (2017-&#8230;) Membre associ\u00e9 au bureau \u00e9largi de groupe de sp\u00e9cialit\u00e9\u00a0: enseignement de la statistique (1999-2017) Membre r\u00e9\u00e9lu au bureau de groupe &hellip; <a href=\"https:\/\/icar.cnrs.fr\/membre\/jcregnier\/societes-savantes\/\">Continuer la lecture <span class=\"meta-nav\">&rarr;<\/span><\/a><\/p>\n","protected":false},"author":1,"featured_media":0,"parent":0,"menu_order":0,"comment_status":"closed","ping_status":"closed","template":"","meta":{"footnotes":""},"class_list":["post-1002","page","type-page","status-publish","hentry"],"_links":{"self":[{"href":"https:\/\/icar.cnrs.fr\/membre\/jcregnier\/wp-json\/wp\/v2\/pages\/1002","targetHints":{"allow":["GET"]}}],"collection":[{"href":"https:\/\/icar.cnrs.fr\/membre\/jcregnier\/wp-json\/wp\/v2\/pages"}],"about":[{"href":"https:\/\/icar.cnrs.fr\/membre\/jcregnier\/wp-json\/wp\/v2\/types\/page"}],"author":[{"embeddable":true,"href":"https:\/\/icar.cnrs.fr\/membre\/jcregnier\/wp-json\/wp\/v2\/users\/1"}],"replies":[{"embeddable":true,"href":"https:\/\/icar.cnrs.fr\/membre\/jcregnier\/wp-json\/wp\/v2\/comments?post=1002"}],"version-history":[{"count":1,"href":"https:\/\/icar.cnrs.fr\/membre\/jcregnier\/wp-json\/wp\/v2\/pages\/1002\/revisions"}],"predecessor-version":[{"id":1004,"href":"https:\/\/icar.cnrs.fr\/membre\/jcregnier\/wp-json\/wp\/v2\/pages\/1002\/revisions\/1004"}],"wp:attachment":[{"href":"https:\/\/icar.cnrs.fr\/membre\/jcregnier\/wp-json\/wp\/v2\/media?parent=1002"}],"curies":[{"name":"wp","href":"https:\/\/api.w.org\/{rel}","templated":true}]}}