{"id":1006,"date":"2025-07-09T23:16:05","date_gmt":"2025-07-09T21:16:05","guid":{"rendered":"https:\/\/icar.cnrs.fr\/membre\/jcregnier\/?page_id=1006"},"modified":"2025-07-09T23:16:05","modified_gmt":"2025-07-09T21:16:05","slug":"revues","status":"publish","type":"page","link":"https:\/\/icar.cnrs.fr\/membre\/jcregnier\/revues\/","title":{"rendered":"Revues"},"content":{"rendered":"<h2 align=\"center\">Expertise au sein de Revues<\/h2>\n<p><strong>Membre de comit\u00e9s scientifiques, comit\u00e9s de r\u00e9daction, conseils \u00e9ditoriaux de Revues ou comit\u00e9 des relecteurs\/experts\/rapporteurs<\/strong><\/p>\n<p><strong>Revue marocaine:<\/strong><br \/>\n<img loading=\"lazy\" decoding=\"async\" src=\"https:\/\/journals.imist.ma\/images\/dida-reflexia\/DidaReflexia.png\" alt=\"Revue Dida-Reflexia\" width=\"100\" height=\"100\" \/> (2025 &#8211; &#8230;) <a href=\"https:\/\/journals.imist.ma\/index.php\/Dida-Reflexia\/about\/editorialTeam\" target=\"_blank\" rel=\"noopener noreferrer\">Dida-Reflexia <\/a><\/p>\n<hr \/>\n<p><strong>Revue russophone:<\/strong><br \/>\n<img loading=\"lazy\" decoding=\"async\" src=\"http:\/\/journals.tsu.ru\/uploads\/journal_cover\/vestnik.jpg\" alt=\"Messager\" width=\"100\" height=\"139\" \/> (2017 &#8211; &#8230;) <a href=\"http:\/\/journals.tsu.ru\/vestnik\/&amp;journal_page=edition&amp;id=168\" target=\"_blank\" rel=\"noopener noreferrer\">\u0412\u0435\u0441\u0442\u043d\u0438\u043a \u0422\u043e\u043c\u0441\u043a\u043e\u0433\u043e \u0433\u043e\u0441\u0443\u0434\u0430\u0440\u0441\u0442\u0432\u0435\u043d\u043d\u043e\u0433\u043e \u0443\u043d\u0438\u0432\u0435\u0440\u0441\u0438\u0442\u0435\u0442\u0430 <\/a><\/p>\n<hr \/>\n<p><strong>Revue alg\u00e9rienne:<\/strong><\/p>\n<p><img loading=\"lazy\" decoding=\"async\" src=\"https:\/\/www.asjp.cerist.dz\/favicons\/logo_19-07-2020_111611.jpg\" alt=\"CouvertureRevueSET\" width=\"100\" height=\"139\" \/> (2020 &#8211; &#8230;) <a href=\"https:\/\/www.asjp.cerist.dz\/en\/PresentationRevue\/414\" target=\"_blank\" rel=\"noopener noreferrer\">Soci\u00e9t\u00e9 Education Travail<\/a><\/p>\n<hr \/>\n<p><strong>Revues lusophones br\u00e9siliennes:<\/strong><\/p>\n<p>(2001- &#8230;) Avalia\u00e7\u00e3o: Revista da Avalia\u00e7\u00e3o da Educa\u00e7\u00e3o Superior (Campinas)<br \/>\n<a href=\"http:\/\/www.scielo.br\/revistas\/aval\/iedboard.htm\" target=\"_blank\" rel=\"noopener noreferrer\">http:\/\/www.scielo.br\/revistas\/aval\/iedboard.htm<br \/>\n<\/a>ISSN 1414-4077\u00a0<em>printed version<\/em>\u00a0ISSN 1982-5765\u00a0<em>online version<\/em><\/p>\n<p>(2008-&#8230;) Educa\u00e7\u00e3o Matem\u00e1tica Pesquisa (PUC SP S\u00e3o Paulo)<br \/>\n<a href=\"http:\/\/revistas.pucsp.br\/index.php\/emp\/index\" target=\"_blank\" rel=\"noopener noreferrer\">http:\/\/revistas.pucsp.br\/index.php\/emp\/index<br \/>\n<\/a><a href=\"http:\/\/revistas.pucsp.br\/index.php\/emp\/about\/editorialTeam\" target=\"_blank\" rel=\"noopener noreferrer\">http:\/\/revistas.pucsp.br\/index.php\/emp\/about\/editorialTeam<br \/>\n<\/a>ISSN 1983-3156<\/p>\n<p>(2006-&#8230;) Conjectura: filosofia e educa\u00e7\u00e3o (UCS \u2013 RS)<br \/>\n<a href=\"http:\/\/www.ucs.br\/etc\/revistas\/index.php\/conjectura\/index\" target=\"_blank\" rel=\"noopener noreferrer\">http:\/\/www.ucs.br\/etc\/revistas\/index.php\/conjectura\/index<br \/>\n<\/a>ISSN 0103-1457\u00a0<em>printed version<br \/>\n<\/em>ISSN :\u00a02178-4612\u00a0<em>online version<\/em><\/p>\n<p>(2011-&#8230; ) Revista Vidya Educa\u00e7\u00e3o (UNIFRA \u2013 RS)<br \/>\n<a href=\"http:\/\/sites.unifra.br\/vidya\/Apresenta%C3%A7%C3%A3o\/tabid\/1164\/language\/pt-BR\/Default.aspx\" target=\"_blank\" rel=\"noopener noreferrer\">http:\/\/sites.unifra.br\/vidya\/Apresenta%C3%A7%C3%A3o\/tabid\/1164\/language\/pt-BR\/Default.aspx<br \/>\n<\/a>ISSN 2176-4603<\/p>\n<p>(2013 &#8211; \u2026) Revista Poi\u00e9sis (UNISUL \u2013 SC)<br \/>\n<a href=\"http:\/\/www.portaldeperiodicos.unisul.br\/index.php\/Poiesis\/index\" target=\"_blank\" rel=\"noopener noreferrer\">http:\/\/www.portaldeperiodicos.unisul.br\/index.php\/Poiesis\/index<br \/>\n<\/a>ISSN 1516-2486\u00a0<em>printed version\u00a0<\/em>ISSN e :\u00a02179-2534\u00a0<em>online version<\/em><\/p>\n<hr \/>\n<p><strong>Revues fran\u00e7aises<\/strong><\/p>\n<p>(2006-\u2026) Annales de Didactique et Sciences cognitives \u2013 Universit\u00e9 de Strasbourg.<br \/>\n<a href=\"https:\/\/journals.openedition.org\/adsc\/269\" target=\"_blank\" rel=\"noopener noreferrer\">https:\/\/journals.openedition.org\/adsc\/269<\/a><br \/>\nISSN 0987-7576<\/p>\n<p>(2009 -2018) Revue Statistique &amp; Enseignement SFDS<br \/>\nR\u00e9dacteur en chef <a href=\"http:\/\/publications-sfds.math.cnrs.fr\/index.php\/StatEns\" target=\"_blank\" rel=\"noopener noreferrer\">http:\/\/publications-sfds.math.cnrs.fr\/index.php\/StatEns<br \/>\n<\/a>ISSN 2108-6745<\/p>\n<hr \/>\n<p><strong>Revue Anglophone pakistanaise<\/strong><\/p>\n<p>(2012 -\u2026) Journal of elementary education<br \/>\n<a href=\"http:\/\/pu.edu.pk\/home\/journal\/36\/Editorial-Board.html\" target=\"_blank\" rel=\"noopener noreferrer\"><img decoding=\"async\" src=\"http:\/\/pu.edu.pk\/images\/journal\/JEE.jpg\" alt=\"JEE-Pk\" \/>http:\/\/pu.edu.pk\/home\/journal\/36\/Editorial-Board.html <\/a>ISSN-1991-8100<\/p>\n<hr \/>\n<p><strong>Revue lusophone portugaise<\/strong><\/p>\n<p>(2013 &#8211; 2020) Revista Lus\u00f3fona de Educa\u00e7\u00e3o<br \/>\n<a href=\"https:\/\/revistas.ulusofona.pt\/index.php\/rleducacao\/index\" target=\"_blank\" rel=\"noopener noreferrer\">http:\/\/www.celed;ulusofona.pt\/<br \/>\n<\/a>ISSN-1645-7250\u00a0<em>printed version\u00a0<\/em>ISSN :\u00a0 1646-401X\u00a0<em>online version<\/em><\/p>\n<hr \/>\n<p><strong>Revue chilienne<\/strong><\/p>\n<p>(2022 &#8211; &#8230;) Revista Realidad educativa<br \/>\nMiembro del <a href=\"https:\/\/revistas.uft.cl\/index.php\/rre\/about\/editorialTeam\" target=\"_blank\" rel=\"noopener noreferrer\">Consejo editorial internacional<\/a><br \/>\n<a href=\"https:\/\/revistas.uft.cl\/index.php\/rre\/index\" target=\"_blank\" rel=\"noopener noreferrer\"><img loading=\"lazy\" decoding=\"async\" src=\"https:\/\/revistas.uft.cl\/public\/journals\/2\/cover_issue_35_es_ES.jpg\" alt=\"RRE\" width=\"100\" height=\"139\" \/>Realidad educativa<\/a><br \/>\nISSN 2462-6134<br \/>\n(2014 &#8211; 2022) Revista Akad\u00e8meia<br \/>\n<a href=\"http:\/\/revistas.ugm.cl\/index.php\/rakad\/index\/\" target=\"_blank\" rel=\"noopener noreferrer\">http:\/\/revistas.ugm.cl\/index.php\/rakad\/index\/<br \/>\n<\/a>ISSN 0717-9936\u00a0<em>printed version\u00a0<\/em>ISSN :\u00a0 0718-9397\u00a0<em>online version<\/em><\/p>\n","protected":false},"excerpt":{"rendered":"<p>Expertise au sein de Revues Membre de comit\u00e9s scientifiques, comit\u00e9s de r\u00e9daction, conseils \u00e9ditoriaux de Revues ou comit\u00e9 des relecteurs\/experts\/rapporteurs Revue marocaine: (2025 &#8211; &#8230;) Dida-Reflexia Revue russophone: (2017 &#8211; &#8230;) \u0412\u0435\u0441\u0442\u043d\u0438\u043a \u0422\u043e\u043c\u0441\u043a\u043e\u0433\u043e \u0433\u043e\u0441\u0443\u0434\u0430\u0440\u0441\u0442\u0432\u0435\u043d\u043d\u043e\u0433\u043e \u0443\u043d\u0438\u0432\u0435\u0440\u0441\u0438\u0442\u0435\u0442\u0430 Revue alg\u00e9rienne: (2020 &#8211; &#8230;) &hellip; <a href=\"https:\/\/icar.cnrs.fr\/membre\/jcregnier\/revues\/\">Continuer la lecture <span class=\"meta-nav\">&rarr;<\/span><\/a><\/p>\n","protected":false},"author":1,"featured_media":0,"parent":0,"menu_order":0,"comment_status":"closed","ping_status":"closed","template":"","meta":{"footnotes":""},"class_list":["post-1006","page","type-page","status-publish","hentry"],"_links":{"self":[{"href":"https:\/\/icar.cnrs.fr\/membre\/jcregnier\/wp-json\/wp\/v2\/pages\/1006","targetHints":{"allow":["GET"]}}],"collection":[{"href":"https:\/\/icar.cnrs.fr\/membre\/jcregnier\/wp-json\/wp\/v2\/pages"}],"about":[{"href":"https:\/\/icar.cnrs.fr\/membre\/jcregnier\/wp-json\/wp\/v2\/types\/page"}],"author":[{"embeddable":true,"href":"https:\/\/icar.cnrs.fr\/membre\/jcregnier\/wp-json\/wp\/v2\/users\/1"}],"replies":[{"embeddable":true,"href":"https:\/\/icar.cnrs.fr\/membre\/jcregnier\/wp-json\/wp\/v2\/comments?post=1006"}],"version-history":[{"count":1,"href":"https:\/\/icar.cnrs.fr\/membre\/jcregnier\/wp-json\/wp\/v2\/pages\/1006\/revisions"}],"predecessor-version":[{"id":1008,"href":"https:\/\/icar.cnrs.fr\/membre\/jcregnier\/wp-json\/wp\/v2\/pages\/1006\/revisions\/1008"}],"wp:attachment":[{"href":"https:\/\/icar.cnrs.fr\/membre\/jcregnier\/wp-json\/wp\/v2\/media?parent=1006"}],"curies":[{"name":"wp","href":"https:\/\/api.w.org\/{rel}","templated":true}]}}