{"id":206,"date":"2016-12-08T10:32:31","date_gmt":"2016-12-08T09:32:31","guid":{"rendered":"https:\/\/icar.cnrs.fr\/membre\/jcregnier\/?page_id=206"},"modified":"2025-07-09T23:09:31","modified_gmt":"2025-07-09T21:09:31","slug":"relations-internationales","status":"publish","type":"page","link":"https:\/\/icar.cnrs.fr\/membre\/jcregnier\/relations-internationales\/","title":{"rendered":"Relations internationales"},"content":{"rendered":"<p><strong>Professeur invit\u00e9<\/strong> de l\u2019Universit\u00e9 d\u2019\u00c9tat de Tomsk (05\/2014 \u2013 12\/2023)<\/p>\n<p><strong>Pesquisador\u00a0Visitante Especial<\/strong>\u00a0\u2013 PVE \u2013 du programme Sciences sans fronti\u00e8re du Br\u00e9sil \u00e0 l\u2019Universit\u00e9 F\u00e9d\u00e9rale Rurale du Pernambuco \u2013 UFRPE \u2013 Recife \u2013 Br\u00e9sil (01\/01\/2015 \u2013 31\/12\/2017)<br \/>\n<a href=\"https:\/\/sites.google.com\/site\/asiufrpe\/home\/\" target=\"_blank\" rel=\"noopener noreferrer\">https:\/\/sites.google.com\/site\/asiufrpe\/home\/<\/a><\/p>\n<p><strong>[1995 &#8211; 2022] Professeur coordinateur, responsable des accords bilat\u00e9raux entre l\u2019Universit\u00e9 Lumi\u00e8re Lyon2 et les universit\u00e9s partenaires br\u00e9siliennes\u00a0:<\/strong><\/p>\n<p style=\"padding-left: 30px;\">&#8211; Universidade Federal do Pernambuco \u2013 <a href=\"https:\/\/www.ufpe.br\/\" target=\"_blank\" rel=\"noopener noreferrer\">UFPE<\/a> \u2013 Recife (PE Brasil)<\/p>\n<p style=\"padding-left: 30px;\">&#8211; Universidade Federal Rural do Pernambuco \u2013 <a href=\"http:\/\/www.ufrpe.br\/br\" target=\"_blank\" rel=\"noopener noreferrer\">UFRPE<\/a> \u2013 Recife (PE Brasil)<\/p>\n<p style=\"padding-left: 30px;\">&#8211; Universidade de Campinas, Faculdade de Educa\u00e7\u00e3o \u2013 <a href=\"https:\/\/www.unicamp.br\/unicamp\/\" target=\"_blank\" rel=\"noopener noreferrer\">UNICAMP<\/a> \u2013 Campinas (SP Brasil)<\/p>\n<p style=\"padding-left: 30px;\">&#8211; <a href=\"http:\/\/www.unisinos.br\/\" target=\"_blank\" rel=\"noopener noreferrer\">UNISINOS<\/a> de S\u00e3o Leopoldo (Rio Grande do Sul \u2014 Br\u00e9sil)<\/p>\n<p style=\"padding-left: 30px;\">&#8211; <a href=\"https:\/\/www.ucs.br\/site\" target=\"_blank\" rel=\"noopener noreferrer\">UCS<\/a> de Caxias do Sul (Rio Grande do Sul \u2014 Br\u00e9sil)<\/p>\n<p style=\"padding-left: 30px;\">&#8211; <a href=\"https:\/\/www.ufn.edu.br\/site\/\" target=\"_blank\" rel=\"noopener noreferrer\">UFN<\/a> de Santa Maria (Rio Grande do Sul \u2014 Br\u00e9sil)<\/p>\n<p style=\"padding-left: 30px;\">&#8211; Universidade Federal do Rio Grande do Norte \u2013 <a href=\"https:\/\/www.ufrn.br\/\" target=\"_blank\" rel=\"noopener noreferrer\">UFRN<\/a> \u2013 Natal (RN Br\u00e9sil)<\/p>\n<p><strong><br \/>\n[2014 &#8211; 2022] Professeur coordinateur, responsable des accords bilat\u00e9raux entre l\u2019Universit\u00e9 Lumi\u00e8re Lyon2 et l\u2019universit\u00e9 partenaire russe\u00a0:<\/strong><\/p>\n<p>&#8211; Universit\u00e9 d\u2019\u00c9tat de Tomsk &#8211; <a href=\"http:\/\/en.tsu.ru\/\" target=\"_blank\" rel=\"noopener noreferrer\">\u0422.\u0413.\u0423.<\/a> \u2013 Tomsk (Sib\u00e9rie &#8211; Russie)<\/p>\n<hr class=\"wp-block-separator\" \/>\n<p><!--CHILI -d\u00e9but--><\/p>\n<p align=\"left\"><strong>Chili : (2020 &#8230;) Chercheur associ\u00e9<\/strong><\/p>\n<p align=\"left\">USACH \u2013 Universidad de Santiago de Chile\u00a0&#8211; <a href=\"https:\/\/www.ceief.cl\/equipo-2\/\" target=\"_blank\" rel=\"noopener noreferrer\">Centro de Estudios e Investigaci\u00f3n Enzo Faletto<\/a> (CEIEF)<\/p>\n<p lang=\"es\" align=\"left\">Programa Interdisciplinario de Investigaciones en Educaci\u00f3n <a href=\"https:\/\/piie.cl\/\" target=\"_blank\" rel=\"noopener noreferrer\">PIIE<\/a><br \/>\n<a href=\"https:\/\/piie.cl\/index.php\/noticias\/noticias\/619-jean-claude-regnier-la-realidad-se-encuentra-dentro-de-la-sala-de-clases\" target=\"_blank\" rel=\"noopener noreferrer\">Entrevue 14 octobre 2016<\/a> <i>La realidad se encuentra dentro de la sala de clases<\/i> <a href=\"https:\/\/www.adatic.fr\/ressources\/seminaires\/CHILE\/CHILE_ENTREVISTA JC REGNIER.pdf\" target=\"_blank\" rel=\"noopener noreferrer\">Article source<\/a><\/p>\n<p><!--CHILI -fin--><br \/>\n<!--Maroc -d\u00e9but--><\/p>\n<p align=\"left\"><strong>Maroc : (2023 &#8230;) Chercheur associ\u00e9<\/strong><\/p>\n<p><img loading=\"lazy\" decoding=\"async\" class=\"size-medium wp-image-985 alignnone\" src=\"https:\/\/icar.cnrs.fr\/membre\/jcregnier\/wp-content\/uploads\/sites\/80\/2025\/07\/SCALEC-300x125.jpeg\" alt=\"\" width=\"300\" height=\"125\" srcset=\"https:\/\/icar.cnrs.fr\/membre\/jcregnier\/wp-content\/uploads\/sites\/80\/2025\/07\/SCALEC-300x125.jpeg 300w, https:\/\/icar.cnrs.fr\/membre\/jcregnier\/wp-content\/uploads\/sites\/80\/2025\/07\/SCALEC.jpeg 378w\" sizes=\"auto, (max-width: 300px) 100vw, 300px\" \/><\/p>\n<p>Laboratoire de recherche SCiences du langage, Art, Litt\u00e9rature, \u00c9ducation et Culture (SCALEC), \u00c9cole Normale Sup\u00e9rieure de Mekn\u00e8s, Universit\u00e9 Moulay Isma\u00efl.<br \/>\n<!--Maroc -fin--><\/p>\n<hr class=\"wp-block-separator\" \/>\n<div id=\"diplome\">\n<h1 align=\"center\"><a href=\"#diplome\">Remise de dipl\u00f4me de doctorat<\/a><\/h1>\n<\/div>\n<h1>Br\u00e9sil<\/h1>\n<p><strong> UFRPE &#8211; Universidade Federal Rural de Pernambuco<br \/>\n&#8211; 29 ao\u00fbt 2024 :<br \/>\nRemise de dipl\u00f4me de doctorat en r\u00e9gime de cotutelle de l&rsquo;Universit\u00e9 Lumi\u00e8re Lyon2, \u00c9cole doctorale 485\u00a0 EPIC \u00c9ducation, Psychologie, Information &amp; Communication, \u00e0<\/strong><\/p>\n<h2><strong>Rafael Aquino Dos Santos<\/strong><\/h2>\n<table>\n<tbody>\n<tr>\n<td><img loading=\"lazy\" decoding=\"async\" src=\"https:\/\/www.adatic.fr\/RIA\/rafael\/DipRafael_1\" alt=\"Rafael\" width=\"300\" height=\"225\" \/><\/td>\n<td><img loading=\"lazy\" decoding=\"async\" src=\"https:\/\/www.adatic.fr\/RIA\/rafael\/DipRafael_2\" alt=\"Rafael\" width=\"300\" height=\"225\" \/><\/td>\n<\/tr>\n<\/tbody>\n<\/table>\n<table>\n<tbody>\n<tr>\n<td><img decoding=\"async\" src=\"https:\/\/www.adatic.fr\/RIA\/rafael\/DipRafael_3\" alt=\"Rafael\" width=\"\" height=\"\" \/><\/td>\n<\/tr>\n<\/tbody>\n<\/table>\n<h1>Br\u00e9sil<\/h1>\n<p><strong> UNESP Marilia SP (Br\u00e9sil) &#8211; 16 ao\u00fbt 2024 :<br \/>\nRemise de dipl\u00f4me de doctorat de l&rsquo;Universit\u00e9 Lumi\u00e8re Lyon2, \u00c9cole doctorale 485\u00a0 EPIC \u00c9ducation, Psychologie, Information &amp; Communication, en r\u00e9gime de cotutelle \u00e0<\/strong><\/p>\n<h2><strong>Ricardo Francelino Da Silva<\/strong><\/h2>\n<table>\n<tbody>\n<tr>\n<td><img decoding=\"async\" src=\"https:\/\/www.adatic.fr\/RIA\/ricardo\/DipRicardo_1.jpg\" alt=\"Ricardo\" width=\"300\" height=\"\" \/><\/td>\n<td><img decoding=\"async\" src=\"https:\/\/www.adatic.fr\/RIA\/ricardo\/DipRicardo_2.jpg\" alt=\"Ricardo\" width=\"300\" height=\"\" \/><\/td>\n<\/tr>\n<tr>\n<td><img decoding=\"async\" src=\"https:\/\/www.adatic.fr\/RIA\/ricardo\/DipRicardo_3.jpg\" alt=\"Ricardo\" width=\"300\" height=\"\" \/><\/td>\n<td><img decoding=\"async\" src=\"https:\/\/www.adatic.fr\/RIA\/ricardo\/DipRicardo_4.jpg\" alt=\"Ricardo\" width=\"300\" height=\"\" \/><\/td>\n<\/tr>\n<tr>\n<td><img decoding=\"async\" src=\"https:\/\/www.adatic.fr\/RIA\/ricardo\/DipRicardo_5.jpg\" alt=\"Ricardo\" width=\"300\" height=\"\" \/><\/td>\n<td><img decoding=\"async\" src=\"https:\/\/www.adatic.fr\/RIA\/ricardo\/DipRicardo_9.jpg\" alt=\"Ricardo\" width=\"300\" height=\"\" \/><\/p>\n<h2>Reportage<!--more--> <a href=\"https:\/\/marilia.grupoportaldenoticias.com.br\/professores-franceses-visitam-unesp-e-entregam-diploma-de-doutorado\/\" target=\"_blank\" rel=\"noopener noreferrer\"> Lire <\/a><\/h2>\n<\/td>\n<\/tr>\n<\/tbody>\n<\/table>\n<hr class=\"wp-block-separator\" \/>\n<h1>Maroc<\/h1>\n<p><strong> Facult\u00e9 des Sciences de l&rsquo;\u00e9ducation &#8211; Universit\u00e9 Mohammed V de Rabat<br \/>\n&#8211; 16 mai 2023 :<br \/>\nRemise de dipl\u00f4me de doctorat de l&rsquo;Universit\u00e9 Lumi\u00e8re Lyon2, \u00c9cole doctorale 485\u00a0 EPIC \u00c9ducation, Psychologie, Information &amp; Communication, \u00e0<\/strong><\/p>\n<h2><strong>Brahim El Mekaoui<\/strong><\/h2>\n<table>\n<tbody>\n<tr>\n<td><img loading=\"lazy\" decoding=\"async\" src=\"https:\/\/www.adatic.fr\/RIA\/brahim\/DipBrahim_1\" alt=\"Brahim\" width=\"300\" height=\"400\" \/><\/td>\n<td><img loading=\"lazy\" decoding=\"async\" src=\"https:\/\/www.adatic.fr\/RIA\/brahim\/DipBrahim_4\" alt=\"Brahim\" width=\"300\" height=\"400\" \/><\/td>\n<\/tr>\n<\/tbody>\n<\/table>\n<hr class=\"wp-block-separator\" \/>\n<h1>Br\u00e9sil<\/h1>\n<p><strong> UFN Santa Maria RS (Br\u00e9sil) &#8211; 11 ao\u00fbt 2022 :<br \/>\nRemise de dipl\u00f4me de doctorat de l&rsquo;Universit\u00e9 Lumi\u00e8re Lyon2, \u00c9cole doctorale 485\u00a0 EPIC \u00c9ducation, Psychologie, Information &amp; Communication, en r\u00e9gime de cotutelle \u00e0<\/strong><\/p>\n<h2><strong>Leonardo Dalla Porta<\/strong><\/h2>\n<p><strong><br \/>\n<img decoding=\"async\" src=\"https:\/\/www.ufn.edu.br\/Arquivos\/Imagem\/Conteudo\/637958378010250740.jpeg\" alt=\"Leonardo\" width=\"80%\" height=\"80%\" \/><br \/>\n<img decoding=\"async\" src=\"https:\/\/www.ufn.edu.br\/Arquivos\/Imagem\/Conteudo\/637958393075427946.jpeg\" alt=\"GroupeLeonardo\" width=\"80%\" height=\"80%\" \/><br \/>\nReportage<!--more--> <a href=\"https:\/\/www.ufn.edu.br\/site\/detalhes-noticia\/ufn-forma-primeiro-doutor-em-cotutela-internacional\" target=\"_blank\" rel=\"noopener noreferrer\"> Lire<\/a><br \/>\nReportage vid\u00e9o<!--more--> <a href=\"https:\/\/www.youtube.com\/watch?v=27DUSWCqO1E\" target=\"_blank\" rel=\"noopener noreferrer\"> Regarder<\/a><\/strong><\/p>\n","protected":false},"excerpt":{"rendered":"<p>Professeur invit\u00e9 de l\u2019Universit\u00e9 d\u2019\u00c9tat de Tomsk (05\/2014 \u2013 12\/2023) Pesquisador\u00a0Visitante Especial\u00a0\u2013 PVE \u2013 du programme Sciences sans fronti\u00e8re du Br\u00e9sil \u00e0 l\u2019Universit\u00e9 F\u00e9d\u00e9rale Rurale du Pernambuco \u2013 UFRPE \u2013 Recife \u2013 Br\u00e9sil (01\/01\/2015 \u2013 31\/12\/2017) https:\/\/sites.google.com\/site\/asiufrpe\/home\/ [1995 &#8211; 2022] &hellip; <a href=\"https:\/\/icar.cnrs.fr\/membre\/jcregnier\/relations-internationales\/\">Continuer la lecture <span class=\"meta-nav\">&rarr;<\/span><\/a><\/p>\n","protected":false},"author":1,"featured_media":0,"parent":0,"menu_order":0,"comment_status":"closed","ping_status":"closed","template":"","meta":{"footnotes":""},"class_list":["post-206","page","type-page","status-publish","hentry"],"_links":{"self":[{"href":"https:\/\/icar.cnrs.fr\/membre\/jcregnier\/wp-json\/wp\/v2\/pages\/206","targetHints":{"allow":["GET"]}}],"collection":[{"href":"https:\/\/icar.cnrs.fr\/membre\/jcregnier\/wp-json\/wp\/v2\/pages"}],"about":[{"href":"https:\/\/icar.cnrs.fr\/membre\/jcregnier\/wp-json\/wp\/v2\/types\/page"}],"author":[{"embeddable":true,"href":"https:\/\/icar.cnrs.fr\/membre\/jcregnier\/wp-json\/wp\/v2\/users\/1"}],"replies":[{"embeddable":true,"href":"https:\/\/icar.cnrs.fr\/membre\/jcregnier\/wp-json\/wp\/v2\/comments?post=206"}],"version-history":[{"count":19,"href":"https:\/\/icar.cnrs.fr\/membre\/jcregnier\/wp-json\/wp\/v2\/pages\/206\/revisions"}],"predecessor-version":[{"id":995,"href":"https:\/\/icar.cnrs.fr\/membre\/jcregnier\/wp-json\/wp\/v2\/pages\/206\/revisions\/995"}],"wp:attachment":[{"href":"https:\/\/icar.cnrs.fr\/membre\/jcregnier\/wp-json\/wp\/v2\/media?parent=206"}],"curies":[{"name":"wp","href":"https:\/\/api.w.org\/{rel}","templated":true}]}}