{"id":215,"date":"2016-12-08T10:41:18","date_gmt":"2016-12-08T09:41:18","guid":{"rendered":"https:\/\/icar.cnrs.fr\/membre\/jcregnier\/?page_id=215"},"modified":"2026-03-15T11:46:12","modified_gmt":"2026-03-15T10:46:12","slug":"responsabilites-scientifiques","status":"publish","type":"page","link":"https:\/\/icar.cnrs.fr\/membre\/jcregnier\/responsabilites-scientifiques\/","title":{"rendered":"Responsabilit\u00e9s Scientifiques &amp; Expertises"},"content":{"rendered":"<h1>Expertises scientifiques<\/h1>\n<h2>Expertise sollicit\u00e9e par des Revues, Comit\u00e9s scientifiques, Institutions et organismes, etc. \u00e0 partir de 2014<\/h2>\n<p><a href=\"http:\/\/www.icar.cnrs.fr\/membre\/jcregnier\/axes-de-recherche\/#2008_2014\">[Avant 2014, voir]<\/a><br \/>\n<!--2026--><\/p>\n<h3><strong><em> 2026 <\/em><\/strong><\/h3>\n<p>1) <strong>Biennale 2026<\/strong> : Membre du <a href=\"https:\/\/labiennale-education.eu\/les-acteurs\/les-organisateurs\/\" target=\"_blank\">comit\u00e9 scientifique et d&rsquo;organisation<\/a> de la <a href=\"https:\/\/labiennale-education.eu\/\" target=\"_blank\">Biennale Internationale<\/a> de l\u2019\u00c9ducation, de la Formation et des Pratiques Professionnelles<br \/>\n2) Expertise scientifique pour l&rsquo;appel \u00e0 projets r\u00e9gional de la R\u00e9gion Nouvelle-Aquitaine <br \/> Dossier(s): 1<br \/>\n3) France: Reviewer &#8211; Revue <em>Contextes et Didactiques<\/em> [<a href=\"https:\/\/journals.openedition.org\/ced\/\" target=\"_blank\" rel=\"noopener noreferrer\">https:\/\/journals.openedition.org\/ced\/<\/a>]<br \/>\nArticle(s) : 1<\/p>\n<p><!--2025--><\/p>\n<h3><strong><em> 2025 <\/em><\/strong><\/h3>\n<p>1) Expert dans l\u2019enqu\u00eate globale r\u00e9alis\u00e9e par QS World University Rankings dans le cadre du projet de classement des universit\u00e9s du monde entier.<br \/>\n2) France : Reviewer &#8211; Revue <em>RDM -recherches en didactique des math\u00e9matiques<\/em> [<a href=\"https:\/\/revue-rdm.com\/\" target=\"_blank\" rel=\"noopener noreferrer\">https:\/\/revue-rdm.com\/<\/a>]<br \/>\nArticle(s) : 1<br \/>\n3) France : Evaluation de dossier de candidature CIFRE <a href=\"https:\/\/www.paris-iea.fr\/fr\/evenements\/dispositif-cifre-de-la-ville-de-paris\" target=\"_blank\" rel=\"noopener noreferrer\">[ IEA ]<\/a><br \/>\nDossier(s): 1<\/p>\n<p><!--2024--><\/p>\n<h3><strong><em> 2024 <\/em><\/strong><\/h3>\n<p>1) France : Evaluation de dossier de candidature CIFRE <a href=\"https:\/\/www.anrt.asso.fr\/fr\/preparer-sa-cifre-7845\" target=\"_blank\" rel=\"noopener noreferrer\">[ ANRT ]<\/a><br \/>\nDossier(s): 1<br \/>\n2) France : Evaluation de dossier de candidature CIFRE <a href=\"https:\/\/www.paris-iea.fr\/fr\/evenements\/dispositif-cifre-de-la-ville-de-paris\" target=\"_blank\" rel=\"noopener noreferrer\">[ IEA ]<\/a><br \/>\nDossier(s): 1<br \/>\n3) France : Reviewer Revue Annales de didactique et de sciences cognitives [ <a href=\"https:\/\/mathinfo.unistra.fr\/irem\/publications\/annales-de-didactique-et-de-sciences-cognitives\" target=\"_blank\" rel=\"noopener noreferrer\">Revue ADSC<\/a>] Article(s) : 3<br \/>\n4) Alg\u00e9rie : Reviewer Revue <a href=\"https:\/\/www.asjp.cerist.dz\/en\/PresentationRevue\/414\" target=\"_blank\" rel=\"noopener noreferrer\">Soci\u00e9t\u00e9 Education Travail<\/a><br \/>\nArticle(s) : 2<\/p>\n<p><!--2023--><\/p>\n<h3><strong><em> 2023 <\/em><\/strong><\/h3>\n<p>1) France : Reviewer &#8211; Revue <em>Carrefours de l&rsquo;\u00e9ducation <\/em><a href=\"https:\/\/www.revues.armand-colin.com\/sciences-leducation\/carrefours-leducation\" target=\"_blank\" rel=\"noopener noreferrer\">Lien.<!--more--><\/a>Article(s) : 1<br \/>\n2) Alg\u00e9rie : Reviewer Revue <a href=\"https:\/\/www.asjp.cerist.dz\/en\/PresentationRevue\/414\" target=\"_blank\" rel=\"noopener noreferrer\">Soci\u00e9t\u00e9 Education Travail<\/a><br \/>\nArticle(s) : 3<br \/>\n3) France : <a href=\"https:\/\/www.paris-iea.fr\/fr\/\" target=\"_blank\" rel=\"noopener noreferrer\">IEA Paris <\/a>Analyse et \u00c9valuation de Dossier de candidature CIFRE: 1<br \/>\n4) Madagascar : Colloque pe2di2023 : Innovations et pratiques enseignantes : r\u00e9alit\u00e9s et perspectives<br \/>\n27-29 sept. 2023 ANTANANARIVO &#8211; Comit\u00e9 scientifique<br \/>\n<img decoding=\"async\" src=\"https:\/\/colloquepe2di2023.sciencesconf.org\/data\/header\/Logo_les_3_reduit.jpg\" alt=\"Logo Colloque2023\" \/><br \/>\n[<a href=\"https:\/\/colloquepe2di2023.sciencesconf.org\/\" target=\"_blank\" rel=\"noopener noreferrer\">https:\/\/colloquepe2di2023.sciencesconf.org\/ <\/a>]<\/p>\n<p>5) France : \u00c9valuation de dossier de candidature CIFRE\u00a0 <a>[ ANRT ]<\/a><br \/>\nDossier(s): 1<\/p>\n<p><!--2022--><\/p>\n<h3><strong><em> 2022 <\/em><\/strong><\/h3>\n<p>1) Suisse : AREF 2022 Lausanne &#8211; Comit\u00e9 de lecture (<a href=\"https:\/\/wp.unil.ch\/sief\/congres-aref\/\" target=\"_blank\" rel=\"noopener noreferrer\">https:\/\/wp.unil.ch\/sief\/congres-aref\/<\/a>)<br \/>\n2) Br\u00e9sil : XXV SEMEAD S\u00e3o Paulo &#8211; Comit\u00e9 de lecture : (<a href=\"https:\/\/semead.com.br\/25\" target=\"_blank\" rel=\"noopener noreferrer\">https:\/\/semead.com.br\/25<\/a>\/)<br \/>\n3) Alg\u00e9rie : Reviewer Revue <a href=\"https:\/\/www.asjp.cerist.dz\/en\/PresentationRevue\/414\" target=\"_blank\" rel=\"noopener noreferrer\">Soci\u00e9t\u00e9 Education Travail<\/a><br \/>\nArticle(s) : 1<br \/>\n4) France : Evaluation de dossier de candidature CIFRE <a href=\"https:\/\/www.anrt.asso.fr\/fr\/search\/content\/CIFRE\" target=\"_blank\" rel=\"noopener noreferrer\">[ ANRT ]<\/a><br \/>\nDossier(s): 1<br \/>\n5) Chili : Expert aupr\u00e8s du FONDECYT- Fondo Nacional de Desarrollo Cient\u00edfico y Tecnol\u00f3gico -Research Project Funding Program of the Science, Technology, Knowledge and Innovation Ministry&rsquo;s National Research and Development Agency (ANID by its acronym in Spanish).<a href=\"https:\/\/www.conicyt.cl\/fondecyt\/fondecyt-program\/\" target=\"_blank\" rel=\"noopener noreferrer\">https:\/\/www.conicyt.cl\/fondecyt\/fondecyt-program\/<\/a><br \/>\nDossier(s) : 2<\/p>\n<h3><strong><em>2021 <\/em><\/strong><\/h3>\n<p>1) France: Reviewer <a href=\"https:\/\/journals.openedition.org\/educationdidactique\/index.html\" target=\"_blank\" rel=\"noopener noreferrer\">Revue \u00c9ducation &amp; Didactique<\/a><br \/>\nArticle(s) : 1<br \/>\n2) France:Reviewer Revue<a href=\"https:\/\/journals.openedition.org\/ree\/\" target=\"_blank\" rel=\"noopener noreferrer\"> Recherches en \u00e9ducation<\/a><br \/>\nArticle(s) : 1<br \/>\n3) Br\u00e9sil : XXIV SEMEAD S\u00e3o Paulo &#8211; Comit\u00e9 de lecture : (<a href=\"https:\/\/semead.com.br\/24\" target=\"_blank\" rel=\"noopener noreferrer\">https:\/\/semead.com.br\/24<\/a>)<br \/>\n4) France : Evaluation\u00a0 de dossier de candidature CIFRE <a href=\"https:\/\/www.anrt.asso.fr\/fr\/search\/content\/CIFRE\" target=\"_blank\" rel=\"noopener noreferrer\">[ ANRT ]<\/a><br \/>\nDossier :1<\/p>\n<h3><strong><em> 2020 <\/em><\/strong><\/h3>\n<p>1) Suisse : Reviewer &#8211; Revue <em>Frontiers in Psychology <\/em><br \/>\n[<a href=\"https:\/\/www.frontiersin.org\/\" target=\"_blank\" rel=\"noopener noreferrer\"> https:\/\/www.frontiersin.org\/<\/a>]<\/p>\n<p>Article(s) : 1<br \/>\n2) France : Reviewer &#8211; Revue <em>Recherche et formation <\/em><br \/>\n<a href=\"http:\/\/rechercheformation.revues.org\/2283\" target=\"_blank\" rel=\"noopener noreferrer\">http:\/\/rechercheformation.revues.org\/2283.<\/a>]<\/p>\n<p>Article(s) : 1<br \/>\n3) Chili : Expert aupr\u00e8s du FONDECYT Fondo Nacional de Desarrollo Cient\u00edfico y Tecnol\u00f3gico &#8211; Research Project Funding Program of the Science, Technology, Knowledge and Innovation Ministry&rsquo;s National Research and Development Agency (ANID by its acronym in Spanish).<a href=\"https:\/\/www.conicyt.cl\/fondecyt\/fondecyt-program\/\" target=\"_blank\" rel=\"noopener noreferrer\">https:\/\/www.conicyt.cl\/fondecyt\/fondecyt-program\/<\/a><br \/>\nDossier : 1<\/p>\n<h3><strong><em>2018 <\/em><\/strong><\/h3>\n<p>1) France : Reviewer &#8211; Revue <em>RDM -recherches en didactique des math\u00e9matiques<\/em> [<a href=\"https:\/\/revue-rdm.com\/\" target=\"_blank\" rel=\"noopener noreferrer\">https:\/\/revue-rdm.com\/<\/a>]<br \/>\nArticle(s) RDM n\u00b039(2)\/2019 : 1<br \/>\n2) France : Reviewer Revue <em>Annales de didactique et de sciences cognitives<\/em> [<a href=\"https:\/\/mathinfo.unistra.fr\/irem\/publications\/adsc\/\" target=\"_blank\" rel=\"noopener noreferrer\">https:\/\/mathinfo.unistra.fr\/irem\/publications\/adsc\/<\/a>]<br \/>\nArticle(s) ADSC n\u00b022\/2019 : 1<br \/>\n3) France : Reviewer &#8211; Revue <em>RDST Recherches en didactique des sciences et des technologies<\/em> [<a href=\"https:\/\/journals.openedition.org\/rdst\/\" target=\"_blank\" rel=\"noopener noreferrer\">https:\/\/journals.openedition.org\/rdst\/<\/a>]<br \/>\nArticle(s) RDST n\u00b02\/2019 : 1<br \/>\n4) France : Expert aupr\u00e8s de IEA &#8211; Institut d\u2019\u00e9tudes avanc\u00e9es de Paris <a href=\"http:\/\/www.paris-iea.fr\" target=\"_blank\" rel=\"noopener noreferrer\">[www.paris-iea.fr]<\/a> [Expertise de dossier pour s\u00e9jour de recherche de 5 \u00e0 10 mois de chercheurs \u00e9trangers en sciences humaines et sociales internationalement reconnus]<br \/>\nDossier: 1<\/p>\n<h3><strong><em> 2017 <\/em><\/strong><\/h3>\n<p>1) Br\u00e9sil : Reviewer &#8211; Revue <em> BOLEMA \u2013 Boletim de Educa\u00e7\u00e3o Matem\u00e1tica <\/em> [<a href=\"https:\/\/www.scielo.br\/scielo.php?script=sci_serial&amp;pid=0103-636X&amp;lng=pt\" target=\"_blank\" rel=\"noopener noreferrer\">https:\/\/www.scielo.br\/scielo.php?script=sci_serial&amp;pid=0103-636X&amp;lng=pt<\/a>]<br \/>\nArticle(s) BOLEMA vol.32, n.62 \/2018 : 1<\/p>\n<h3><strong><em> 2016 <\/em><\/strong><\/h3>\n<p>1) Canada : Reviewer &#8211; Revue <em> CJSMTE Canadian Journal of Science, Mathematics and Technology Education <\/em> [<a href=\"https:\/\/www.tandfonline.com\/toc\/ucjs20\/16\/3?nav=tocList\" target=\"_blank\" rel=\"noopener noreferrer\">https:\/\/www.tandfonline.com\/toc\/ucjs20\/16\/3?nav=tocList<\/a>]<br \/>\nArticle(s) CJSMTE n\u00b017(4)\/2017 : 1<\/p>\n<h3><strong><em> 2014 <\/em><\/strong><\/h3>\n<p>1) France : Reviewer &#8211; Revue <em> Questions Vives, recherches en \u00e9ducation <\/em> [<a href=\"http:\/\/questionsvives.revues.org\/\" target=\"_blank\" rel=\"noopener noreferrer\">http:\/\/questionsvives.revues.org\/]<\/a><br \/>\nArticle(s) n\u00b021\/2014 : 1<br \/>\n2) France : Reviewer Revue <em>Annales de didactique et de sciences cognitives<\/em> [<a href=\"https:\/\/mathinfo.unistra.fr\/irem\/publications\/annales-de-didactique-et-de-sciences-cognitives\" target=\"_blank\" rel=\"noopener noreferrer\">https:\/\/mathinfo.unistra.fr\/irem\/publications\/annales-de-didactique-et-de-sciences-cognitives<\/a>] Article(s) ADSC n\u00b019\/2014 : 1<\/p>\n<h3><strong><em> 2013 <\/em><\/strong><\/h3>\n<p>1) France : Expert aupr\u00e8s de UCO &#8211; Universit\u00e9 Catholique de l&rsquo;Ouest <a href=\"https:\/\/www.uco.fr\/fr\/recherche\/faculte-d-education\" target=\"_blank\" rel=\"noopener noreferrer\">[https:\/\/www.uco.fr\/fr\/recherche\/faculte-d-education]<\/a> [Expertise d&rsquo;un projet de recherche pr\u00e9sent\u00e9 dans le cadre du programme \u00ab\u00a0Appropriation des oeuvres et des savoirs\u00a0\u00bb]<br \/>\n2) France : Reviewer Revue <em>Annales de didactique et de sciences cognitives<\/em> [<a href=\"https:\/\/mathinfo.unistra.fr\/irem\/publications\/adsc\/\" target=\"_blank\" rel=\"noopener noreferrer\">https:\/\/mathinfo.unistra.fr\/irem\/publications\/adsc\/<\/a>] Article(s) ADSC n\u00b018\/2013 : 1<\/p>\n<h3><strong><em> 2012 <\/em><\/strong><\/h3>\n<p>1) Canada : Reviewer &#8211; Revue Quebec <em> RSE Revue des Sciences de l&rsquo;\u00e9ducation <\/em> [<a href=\"http:\/\/revuescienceseducation.ca\/archives\/\" target=\"_blank\" rel=\"noopener noreferrer\">http:\/\/revuescienceseducation.ca\/archives\/<\/a> Article(s) : 1<br \/>\n2) Membre du groupe d\u2019experts pour les projets pr\u00e9sent\u00e9s en 2012 dans le cadre COFECUB\/CAPES<\/p>\n<h3><strong><em> 2010 <\/em><\/strong><\/h3>\n<p>1) Canada : Reviewer &#8211; Revue Quebec <em> RSE Revue des Sciences de l&rsquo;\u00e9ducation <\/em> [<a href=\"http:\/\/revuescienceseducation.ca\/archives\/\" target=\"_blank\" rel=\"noopener noreferrer\">http:\/\/revuescienceseducation.ca\/archives\/<\/a> Article(s) : 1<br \/>\n<a name=\"RSI\"><\/a><\/p>\n<h2>Responsabilit\u00e9s scientifiques et institutionnelles<\/h2>\n<p>&#8211; (10\/09\/2014 \u2013 31\/12\/2015) Membre du groupe minist\u00e9riel de travail sur \u00ab <a href=\"https:\/\/www.reseau-canope.fr\/climatscolaire\/uploads\/tx_cndpclimatsco\/memento_pour_la_cooperation_entre_eleves.pdf\" target=\"_blank\" rel=\"noopener noreferrer\">Favoriser un bon climat scolaire par la coop\u00e9ration entre \u00e9l\u00e8ves<\/a> \u00bb Mission charg\u00e9e de la pr\u00e9vention et de la lutte contre les violences en milieu scolaire Direction g\u00e9n\u00e9rale de l&rsquo;enseignement scolaire MENESR<br \/>\n<a href=\"https:\/\/www.adatic.fr\/ressources\/MEMENTO_CLIMAT_SCOLAIRE_FINAL2015.pdf\" target=\"_blank\" rel=\"noopener noreferrer\">T\u00e9l\u00e9charger le M\u00e9mento : AGIR SUR LE CLIMAT DE CLASSE ET D\u2019\u00c9TABLISSEMENT PAR LA COOP\u00c9RATION ENTRE \u00c9L\u00c8VES AU COLL\u00c8GE ET AU LYC\u00c9E<\/a><\/p>\n<hr \/>\n<p>&#8211; (2016 &#8211; 2020) Membre invit\u00e9 permanent au Conseil du laboratoire UMR 5191 &#8211; ICAR &#8211; Pr\u00e9sident-coordinateur de la ComER -Commission Enseignement-Recheche<\/p>\n<p>&#8211; (2011 \u2013 2015) Membre du CNU 70 Sciences de l&rsquo;\u00e9ducation (suppl\u00e9ant nomm\u00e9)<\/p>\n<p>&#8211; (2014 &#8211; 2018) Pr\u00e9sident du GEI16&amp;70 \u2013 Groupe d\u2019Experts Internes des sections 16-Psychologie et 70-Sciences de l\u2019\u00e9ducation de l\u2019Universit\u00e9 Lyon2.<\/p>\n<p>&#8211; (2014, 2015) Membre de la commission d\u2019expertise des projets d\u00e9pos\u00e9s dans le cadre des appels \u00e0 projets internes de l\u2019Universit\u00e9 Lyon 2 au titre du laboratoire UMR 5191 \u2013 ICAR<\/p>\n<p><span class=\"Apple-style-span\">&#8211; (2013, 2014) Expert dans l\u2019enqu\u00eate globale r\u00e9alis\u00e9e par QS World University Rankings dans le cadre du projet de classement des universit\u00e9s du monde entier<\/span><\/p>\n<h3><strong><em>Autres responsabilit\u00e9s \u00e9lectives:<\/em><\/strong><\/h3>\n<p>&#8211; (1995-2018) Membre \u00e9lu au conseil de l\u2019ISPEF \u2013 Institut des Sciences et des Pratiques d\u2019\u00c9ducation et de Formation<br \/>\n&#8211; (2011-2015) Membre nomm\u00e9 (coll\u00e8ge A) au CNU 70 \u2013 sciences de l\u2019\u00e9ducation<br \/>\n&#8211; (2003-2006) Membre \u00e9lu (coll\u00e8ge B) au CNU 70 \u2013 sciences de l\u2019\u00e9ducation<br \/>\n&#8211; (2002-2006) Membre \u00e9lu (coll\u00e8ge B\u00a0: MCF HDR) au Conseil scientifique de l\u2019Universit\u00e9 Lyon2<\/p>\n<p>&#8211; (1997 &#8211; 2007) Pr\u00e9sident de la Commission p\u00e9dagogique et jury de validation des acquis de l&rsquo;ISPEF Sciences de l&rsquo;\u00e9ducation &#8211; Licence et Maitrise<br \/>\n&#8211; (1994 &#8211; 2007) Membre de la Commission p\u00e9dagogique et jury de validation des acquis de l&rsquo;ISPEF Sciences de l&rsquo;\u00e9ducation &#8211; Licence et Maitrise<\/p>\n<p>&#8211; (1995-1999) Directeur du D\u00e9partement de sciences de l\u2019\u00e9ducation de l\u2019ISPEF \u00e0 l\u2019Universit\u00e9 Lyon2.<br \/>\n&#8211; (1994-1999) Membre \u00e9lu au conseil du d\u00e9partement de sciences de l\u2019\u00e9ducation<\/p>\n","protected":false},"excerpt":{"rendered":"<p>Expertises scientifiques Expertise sollicit\u00e9e par des Revues, Comit\u00e9s scientifiques, Institutions et organismes, etc. \u00e0 partir de 2014 [Avant 2014, voir] 2026 1) Biennale 2026 : Membre du comit\u00e9 scientifique et d&rsquo;organisation de la Biennale Internationale de l\u2019\u00c9ducation, de la Formation &hellip; <a href=\"https:\/\/icar.cnrs.fr\/membre\/jcregnier\/responsabilites-scientifiques\/\">Continuer la lecture <span class=\"meta-nav\">&rarr;<\/span><\/a><\/p>\n","protected":false},"author":1,"featured_media":0,"parent":0,"menu_order":0,"comment_status":"closed","ping_status":"closed","template":"","meta":{"footnotes":""},"class_list":["post-215","page","type-page","status-publish","hentry"],"_links":{"self":[{"href":"https:\/\/icar.cnrs.fr\/membre\/jcregnier\/wp-json\/wp\/v2\/pages\/215","targetHints":{"allow":["GET"]}}],"collection":[{"href":"https:\/\/icar.cnrs.fr\/membre\/jcregnier\/wp-json\/wp\/v2\/pages"}],"about":[{"href":"https:\/\/icar.cnrs.fr\/membre\/jcregnier\/wp-json\/wp\/v2\/types\/page"}],"author":[{"embeddable":true,"href":"https:\/\/icar.cnrs.fr\/membre\/jcregnier\/wp-json\/wp\/v2\/users\/1"}],"replies":[{"embeddable":true,"href":"https:\/\/icar.cnrs.fr\/membre\/jcregnier\/wp-json\/wp\/v2\/comments?post=215"}],"version-history":[{"count":128,"href":"https:\/\/icar.cnrs.fr\/membre\/jcregnier\/wp-json\/wp\/v2\/pages\/215\/revisions"}],"predecessor-version":[{"id":1072,"href":"https:\/\/icar.cnrs.fr\/membre\/jcregnier\/wp-json\/wp\/v2\/pages\/215\/revisions\/1072"}],"wp:attachment":[{"href":"https:\/\/icar.cnrs.fr\/membre\/jcregnier\/wp-json\/wp\/v2\/media?parent=215"}],"curies":[{"name":"wp","href":"https:\/\/api.w.org\/{rel}","templated":true}]}}