{"id":4,"date":"2016-11-02T17:37:52","date_gmt":"2016-11-02T16:37:52","guid":{"rendered":"https:\/\/icar.cnrs.fr\/membre\/jcregnier\/?page_id=4"},"modified":"2025-10-27T10:51:41","modified_gmt":"2025-10-27T09:51:41","slug":"accueil","status":"publish","type":"page","link":"https:\/\/icar.cnrs.fr\/membre\/jcregnier\/","title":{"rendered":"Accueil"},"content":{"rendered":"<h3><strong>Jean-Claude <span class=\"Apple-style-span\">R\u00e9gnier<img loading=\"lazy\" decoding=\"async\" class=\"alignright size-full wp-image-192\" src=\"https:\/\/icar.cnrs.fr\/membre\/jcregnier\/wp-content\/uploads\/sites\/80\/2016\/11\/photo.jpg\" alt=\"\" width=\"180\" height=\"199\" \/><\/span><\/strong><\/h3>\n<p>ORCID <a href=\"http:\/\/orcid.org\/0000-0001-6992-9027\" target=\"_blank\" rel=\"noopener noreferrer\">: http:\/\/orcid.org\/0000-0001-6992-9027<\/a><br \/>\n<img loading=\"lazy\" decoding=\"async\" class=\"alignleft\" src=\"https:\/\/www.adatic.fr\/CV_JCR\/ORCID\/ORCID_JCR.png\" alt=\"\" width=\"90\" height=\"90\" \/><br \/>\nProfesseur\u00a0 des Universit\u00e9s Chercheur \u00e9m\u00e9rite (Classe Exceptionnelle)<\/p>\n<table>\n<tbody>\n<tr>\n<td>&#8211; 2023 : Titre de<a href=\"https:\/\/www.adatic.fr\/ressources\/TitreVisitanteIlustre29082023MariliaSP_Bresil.pdf\" target=\"_blank\" rel=\"noopener noreferrer\"> <strong>Visitante Ilustre<\/strong><\/a> d\u00e9cern\u00e9 par la ville de Marilia &#8211; \u00c9tat de S\u00e3o Paulo &#8211; Br\u00e9sil<br \/>\n<!--more--> <a href=\"https:\/\/www.youtube.com\/watch?v=4akMR3N9aXY\" target=\"_blank\" rel=\"noopener noreferrer\">Video de la remise du titre<\/a><br \/>\n&#8211; 2018 : <a href=\"http:\/\/icar.cnrs.fr\/actualites\/actualites-on_en_parle\/\" target=\"_blank\" rel=\"noopener noreferrer\">Laur\u00e9at de la M\u00e9daille<\/a> de l&rsquo;Universit\u00e9 d&rsquo;Etat de Tomsk Sib\u00e9rie<br \/>\n&#8211; 2017 : <a href=\"https:\/\/www.ucs.br\/site\/noticias\/17518\/\" target=\"_blank\" rel=\"noopener noreferrer\"> Doctor Honoris Causa<\/a> &#8211; Universidade de Caxias do Sul &#8211; Br\u00e9sil<br \/>\n&#8211; 2008 : Chevalier de l&rsquo;ordre des palmes acad\u00e9miques<br \/>\n&#8211; 2006 : M\u00e9daille de la ville de Montceau-les-Mines<br \/>\n&#8211; Depuis 1999 : Membre de l&rsquo;Institut International de Statistique &#8211; <a href=\"https:\/\/www.isi-web.org\/\" target=\"_blank\" rel=\"noopener noreferrer\">IIS\/ISI<img decoding=\"async\" src=\"https:\/\/www.isiwebshop.org\/templates\/isi_shop\/images\/isi-logo.png\" alt=\"ISI\" \/><\/a>Ordinary member (elected) of International Statistical Institut.<br \/>\n&#8211; Depuis 1999 : <img decoding=\"async\" src=\"https:\/\/iase-web.org\/themes\/custom\/iase\/logo.svg\" alt=\"Logo_IASE\" \/> Membre de <a href=\"https:\/\/iase-web.org\/\" target=\"_blank\" rel=\"noopener noreferrer\">IASE<\/a>-International Association for Statistical Education.<\/td>\n<\/tr>\n<\/tbody>\n<\/table>\n<p>&#8211; Depuis 29\/03\/2024, Membre du conseil d&rsquo;administration du <i> Mus\u00e9e de l&rsquo;\u00e9cole de Montceau-les-Mines <\/i><br \/>\n<img loading=\"lazy\" decoding=\"async\" src=\"https:\/\/1.bp.blogspot.com\/-L8SxUjz5cig\/WCGCoUt0w9I\/AAAAAAAAAIk\/zOUdfJtyT5QWlWQDmd0phY9Xb0QTlM26gCK4B\/s1600\/fronton.JPG\" alt=\"Portail 1881\" width=\"164\" height=\"150\" \/><a href=\"https:\/\/musee-ecole-montceau-71.blogspot.com\/\" target=\"_blank\" rel=\"noopener noreferrer\">Acc\u00e9der au Mus\u00e9e<\/a><\/p>\n<p>Institutions de rattachement<\/p>\n<p style=\"text-align: left\">Enseignant chercheur en sciences de l&rsquo;\u00e9ducation et de la formation<br \/>\n<a href=\"http:\/\/ispef.univ-lyon2.fr\/\" target=\"_blank\" rel=\"noopener noreferrer\">ISPEF<\/a> Universit\u00e9 Lumi\u00e8re Lyon2<br \/>\nDirecteur de Th\u00e8ses \u00e0 l&rsquo;\u00c9cole Doctorale <a href=\"http:\/\/epic.univ-lyon2.fr\/\" target=\"_blank\" rel=\"noopener noreferrer\">ED485 EPIC<\/a> \u00ab\u00a0\u00c9ducation, Psychologie, Information &amp; Communication\u00a0\u00bb de l&rsquo;<a href=\"http:\/\/www.universite-lyon.fr\/doctorat\/\" target=\"_blank\" rel=\"noopener noreferrer\">Universit\u00e9 de Lyon<\/a><\/p>\n<p style=\"text-align: left\">Membre permanent du laboratoire\u00a0<strong><a href=\"http:\/\/icar.univ-lyon2.fr\/\">ICAR<\/a><\/strong>, UMR 5191, CNRS, Universit\u00e9 Lumi\u00e8re-Lyon 2, \u00e9quipe <span class=\"Apple-style-span\">Apprentissages, discours, interactions, savoirs (ADIS)<\/span><\/p>\n<p align=\"justify\"><strong>Russie : (2014 &#8211; 2023) Professeur invit\u00e9<\/strong><em><strong>\u00a0:\u00a0<\/strong><\/em>Universit\u00e9 d\u2019\u00c9tat de Tomsk &#8211; \u0422.\u0413.\u0423. \u2013 [Nacional Research Tomsk State University] \u2013 Tomsk\u00a0 (Sib\u00e9rie )<br \/>\n<a href=\"http:\/\/en.tsu.ru\/\">http:\/\/en.tsu.ru\/<\/a><\/p>\n<blockquote class=\"wp-embedded-content\" data-secret=\"1k3zElzOFA\"><p><a href=\"https:\/\/icar.cnrs.fr\/membre\/jcregnier\/\">Accueil<\/a><\/p><\/blockquote>\n<p><iframe loading=\"lazy\" class=\"wp-embedded-content\" sandbox=\"allow-scripts\" security=\"restricted\" style=\"position: absolute; visibility: hidden;\" title=\"\u00ab\u00a0Accueil\u00a0\u00bb &#8212; Jean-Claude Regnier\" src=\"https:\/\/icar.cnrs.fr\/membre\/jcregnier\/embed\/#?secret=N2YQeQrJSe#?secret=1k3zElzOFA\" data-secret=\"1k3zElzOFA\" width=\"584\" height=\"329\" frameborder=\"0\" marginwidth=\"0\" marginheight=\"0\" scrolling=\"no\"><\/iframe><\/p>\n<p align=\"justify\"><strong>Br\u00e9sil : (2014 &#8211; 2017) Pesquisador visitante especial \u2013 PVE [ <a href=\"https:\/\/sites.google.com\/site\/asiufrpe\/home\" target=\"_blank\" rel=\"noopener noreferrer\">site ASI-UFRPE<\/a> ] <\/strong>du Programme CAPES br\u00e9silien Ci\u00eancia sem fronteira \u2013 Universit\u00e9 F\u00e9d\u00e9rale du Pernambuco \u2013 UFRPE \u2013 Recife Br\u00e9sil CALL FOR PROJECTS MEC \/ MCTI \/ CAPES \/ CNPq \/ FAPs No. 03\/2014 Processo 88881.068033\/2014-01<br \/>\n<a href=\"http:\/\/www.cienciasemfronteiras.gov.br\/web\/csf\/pesquisador-visitante-especial3\" target=\"_blank\" rel=\"noopener noreferrer\">http:\/\/www.cienciasemfronteiras.gov.br\/web\/csf\/pesquisador-visitante-especial3<\/a><br \/>\n<a href=\"http:\/\/www.ppgec.ufrpe.br\/?q=pt-br\/noticia\/professor-frances-jean-claude-regnier-e-homenageado-pelo-ppgec-ufrpe-e-doutorandos\" target=\"_blank\" rel=\"noopener noreferrer\"><strong>Hommage<\/strong> de PPG-EC &#8211; UFRPE\u00a0 du 20 avril 2018<\/a><br \/>\n<a href=\"http:\/\/gpasiecm.wixsite.com\/gpasiecm\/homenagem-ppgec-ufrpe\" target=\"_blank\" rel=\"noopener noreferrer\"><strong>Hommage<\/strong> de Groupe Analyse Statistique Implicative &#8211; UFRPE\u00a0 du 20 avril 2018<\/a><\/p>\n<p><!--CHILI -d\u00e9but--><\/p>\n<p align=\"left\"><strong>Chili : (2020 &#8230;) Chercheur associ\u00e9<\/strong><\/p>\n<p align=\"left\">USACH \u2013 Universidad de Santiago de Chile\u00a0&#8211; <a href=\"https:\/\/www.ceief.cl\/\" target=\"_blank\" rel=\"noopener noreferrer\">Centro de Estudios e Investigaci\u00f3n Enzo Faletto<\/a> (CEIEF)<\/p>\n<p lang=\"es\" align=\"left\">Programa Interdisciplinario de Investigaciones en Educaci\u00f3n <a href=\"https:\/\/piie.cl\/\" target=\"_blank\" rel=\"noopener noreferrer\">PIIE<\/a><br \/>\n<a href=\"https:\/\/piie.cl\/index.php\/noticias\/noticias\/619-jean-claude-regnier-la-realidad-se-encuentra-dentro-de-la-sala-de-clases\" target=\"_blank\" rel=\"noopener noreferrer\">Entrevue 14 octobre 2016<\/a> <i>La realidad se encuentra dentro de la sala de clases<\/i> <a href=\"https:\/\/www.adatic.fr\/ressources\/seminaires\/CHILE\/CHILE_ENTREVISTA JC REGNIER.pdf\" target=\"_blank\" rel=\"noopener noreferrer\">Article source<\/a><\/p>\n<p><!--CHILI -fin--><br \/>\n<!--Maroc -d\u00e9but--><\/p>\n<p align=\"left\"><strong>Maroc : (2023 &#8230;) Chercheur associ\u00e9<\/strong><\/p>\n<p><img loading=\"lazy\" decoding=\"async\" class=\" wp-image-985 alignnone\" src=\"https:\/\/icar.cnrs.fr\/membre\/jcregnier\/wp-content\/uploads\/sites\/80\/2025\/07\/SCALEC.jpeg\" alt=\"\" width=\"204\" height=\"93\" \/><\/p>\n<p>Laboratoire de recherche SCiences du langage, Art, Litt\u00e9rature, \u00c9ducation et Culture (SCALEC), \u00c9cole Normale Sup\u00e9rieure de Mekn\u00e8s, Universit\u00e9 Moulay Isma\u00efl.<\/p>\n<p><!--Maroc -fin--><\/p>\n<p align=\"left\"><strong>Br\u00e9sil : (1995 &#8211; &#8230;)Chercheur associ\u00e9 <a href=\"http:\/\/dgp.cnpq.br\/dgp\/espelhorh\/1826238948662593#gruposPesquisa\" target=\"_blank\" rel=\"noopener noreferrer\">Groupes de recherche<\/a><\/strong><strong><em><br \/>\n<\/em><\/strong><\/p>\n<p style=\"padding-left: 30px\">1) UFPE \u2013 Universidade Federal du Pernambuco \u2013 Recife PE \u2013 Br\u00e9sil<br \/>\nGroupe de recherche : Ci\u00eancias Cognitivas e Tecnologia Educacional<br \/>\n2) UNISINOS \u2013 Universidade do Vale do Rio Sinos \u2013 S\u00e3o Leopoldo RS \u2013 Br\u00e9sil<br \/>\nGroupe de recherche : Educa\u00e7\u00e3o Digital<br \/>\n3) (1995 &#8211; 2016) UNICAMP \u2013 Universidade de Campinas<br \/>\nGroupe de recherche: Psicologia da Educa\u00e7\u00e3o Matem\u00e1tica<br \/>\n4) UFRN &#8211; GEPET &#8211; Grupo de Estudos e Pesquisas sobre o Trabalho<br \/>\n5) UFRGS &#8211; Praktik\u00e9 &#8211; Educa\u00e7\u00e3o e Curriculo em Ci\u00eancias e Matem\u00e1tica<br \/>\n6) UNEB &#8211; GEPMAT &#8211; Grupo de Extens\u00e3o e Pesquisa em Matem\u00e1tica Aplicada<br \/>\n7) UFN (ex-UNIFRA) &#8211; GPECIM &#8211; Grupo de Pesquisa em Ensino de Ci\u00eancias e Matem\u00e1tica<br \/>\n8) UFRPE &#8211; A An\u00e1lise Estat\u00edstica Implicativa e outras abordagens te\u00f3ricas e metodol\u00f3gicas na pesquisa no Ensino de Ci\u00eancias e Matem\u00e1tica UFRPE Pesquisador<\/p>\n<p><strong>Br\u00e9sil : (1995 &#8211; &#8230;) Professeur associ\u00e9\/collaborateur\/visitante au sein de formations doctorales<br \/>\n<\/strong><\/p>\n<p>1) PUC\/SP \u2013 Pontif\u00edcia Universidade Cat\u00f3lica de S\u00e3o Paulo<br \/>\nEduca\u00e7\u00e3o matem\u00e1tica &#8211;\u00a0<a href=\"http:\/\/www.pucsp.br\/pos\/edmat\/\" target=\"_blank\" rel=\"noopener noreferrer\">http:\/\/www.pucsp.br\/pos\/edmat\/<\/a><\/p>\n<p>2) UCS &#8211; Universidade de Caxias do Sul &#8211; Master &amp; Doctorat<br \/>\n<a href=\"https:\/\/www.ucs.br\/site\/pos-graduacao\/formacao-stricto-sensu\/educacao\/\" target=\"_blank\" rel=\"noopener noreferrer\">PPG Educa\u00e7\u00e3o<\/a><\/p>\n<p>3) UFRPE (PE) Recife &#8211;\u00a0 &#8211; Universidade Federal rurale do Pernambuco &#8211; Master &amp; Doctorat &#8211;<br \/>\n<a href=\"http:\/\/www.ppgec.ufrpe.br\/?q=pt-br\/o-programa\" target=\"_blank\" rel=\"noopener noreferrer\">PPG Ensino de Ci\u00eancias e Matematica<\/a><\/p>\n<p>4) UFN (ex-UNIFRA) -Santa Maria RS &#8211; BRESIL\u00a0 &#8211; Master &amp; Doctorat<br \/>\n<a href=\"http:\/\/www.ufn.edu.br\/site\/ensino\/mestrado\/programa-de-posgraduacao-em-ensino-de-ciencias-e-matematica\" target=\"_blank\" rel=\"noopener noreferrer\">Doutorado em Ensino de Ci\u00eancias e Matem\u00e1tica<\/a><\/p>\n<hr \/>\n<p><strong>Contact<br \/>\n<\/strong><\/p>\n<p>Email\u00a0: <a href=\"mailto:Jean-Claude.Regnier@univ-lyon2.fr\">Jean-Claude.Regnier@univ-lyon2.fr<\/a><br \/>\nTel. perso : <span class=\"Apple-style-span\">33 (0)6 80 48 46 53<\/span><\/p>\n<p style=\"text-align: left\"><strong>Adresse<br \/>\n<\/strong>Laboratoire ICAR<br \/>\nEcole Normale Sup\u00e9rieure de Lyon<br \/>\n15 parvis Ren\u00e9 Descartes &#8211; BP 7000<br \/>\n69342 LYON Cedex 07<br \/>\nFrance<\/p>\n","protected":false},"excerpt":{"rendered":"<p>Jean-Claude R\u00e9gnier ORCID : http:\/\/orcid.org\/0000-0001-6992-9027 Professeur\u00a0 des Universit\u00e9s Chercheur \u00e9m\u00e9rite (Classe Exceptionnelle) &#8211; 2023 : Titre de Visitante Ilustre d\u00e9cern\u00e9 par la ville de Marilia &#8211; \u00c9tat de S\u00e3o Paulo &#8211; Br\u00e9sil<\/p>\n","protected":false},"author":1,"featured_media":0,"parent":0,"menu_order":0,"comment_status":"closed","ping_status":"closed","template":"","meta":{"footnotes":""},"class_list":["post-4","page","type-page","status-publish","hentry"],"_links":{"self":[{"href":"https:\/\/icar.cnrs.fr\/membre\/jcregnier\/wp-json\/wp\/v2\/pages\/4","targetHints":{"allow":["GET"]}}],"collection":[{"href":"https:\/\/icar.cnrs.fr\/membre\/jcregnier\/wp-json\/wp\/v2\/pages"}],"about":[{"href":"https:\/\/icar.cnrs.fr\/membre\/jcregnier\/wp-json\/wp\/v2\/types\/page"}],"author":[{"embeddable":true,"href":"https:\/\/icar.cnrs.fr\/membre\/jcregnier\/wp-json\/wp\/v2\/users\/1"}],"replies":[{"embeddable":true,"href":"https:\/\/icar.cnrs.fr\/membre\/jcregnier\/wp-json\/wp\/v2\/comments?post=4"}],"version-history":[{"count":146,"href":"https:\/\/icar.cnrs.fr\/membre\/jcregnier\/wp-json\/wp\/v2\/pages\/4\/revisions"}],"predecessor-version":[{"id":1044,"href":"https:\/\/icar.cnrs.fr\/membre\/jcregnier\/wp-json\/wp\/v2\/pages\/4\/revisions\/1044"}],"wp:attachment":[{"href":"https:\/\/icar.cnrs.fr\/membre\/jcregnier\/wp-json\/wp\/v2\/media?parent=4"}],"curies":[{"name":"wp","href":"https:\/\/api.w.org\/{rel}","templated":true}]}}