{"id":673,"date":"2022-09-25T19:41:01","date_gmt":"2022-09-25T17:41:01","guid":{"rendered":"https:\/\/icar.cnrs.fr\/membre\/jcregnier\/?page_id=673"},"modified":"2023-03-29T15:49:26","modified_gmt":"2023-03-29T13:49:26","slug":"jury-dhdr","status":"publish","type":"page","link":"https:\/\/icar.cnrs.fr\/membre\/jcregnier\/jury-dhdr\/","title":{"rendered":"Jury d&rsquo;HDR"},"content":{"rendered":"<p><strong>Participation \u00e0 des jurys de HDR\u00a0: 7 <\/strong><\/p>\n<table>\n<tbody>\n<tr>\n<td>Jury HDR<\/td>\n<td colspan=\"4\">En tant que\u2026<\/td>\n<td colspan=\"2\"><\/td>\n<\/tr>\n<tr>\n<td>Nombre de participations<\/td>\n<td>Pr\u00e9sident<\/td>\n<td>Pr\u00e9sident &amp; Rapporteur<\/td>\n<td>Rapporteur<\/td>\n<td colspan=\"2\">Garant\/Directeur<\/td>\n<td>Examinateur<\/td>\n<\/tr>\n<tr>\n<td><strong>1<\/strong><\/td>\n<td><\/td>\n<td><\/td>\n<td>2023:1<\/td>\n<td colspan=\"2\"><\/td>\n<td><\/td>\n<\/tr>\n<tr>\n<td><strong>1<\/strong><\/td>\n<td><\/td>\n<td><\/td>\n<td><\/td>\n<td colspan=\"2\">2021\u00a0: 1<\/td>\n<td><\/td>\n<\/tr>\n<tr>\n<td><strong>1<\/strong><\/td>\n<td><\/td>\n<td><\/td>\n<td><\/td>\n<td colspan=\"2\">2016\u00a0: 1<\/td>\n<td><\/td>\n<\/tr>\n<tr>\n<td><strong>1<\/strong><\/td>\n<td><\/td>\n<td><\/td>\n<td><\/td>\n<td colspan=\"2\">2014\u00a0:1<\/td>\n<td><\/td>\n<\/tr>\n<tr>\n<td><strong>1<\/strong><\/td>\n<td><\/td>\n<td>2011\u00a0: 1<\/td>\n<td><\/td>\n<td colspan=\"2\"><\/td>\n<td><\/td>\n<\/tr>\n<tr>\n<td><strong>1<\/strong><\/td>\n<td><\/td>\n<td><\/td>\n<td><\/td>\n<td colspan=\"2\"><\/td>\n<td>2010\u00a0: 1<\/td>\n<\/tr>\n<tr>\n<td><strong>1<\/strong><\/td>\n<td>2008\u00a0: 1<\/td>\n<td><\/td>\n<td><\/td>\n<td colspan=\"2\"><\/td>\n<td><\/td>\n<\/tr>\n<tr>\n<td width=\"150\"><\/td>\n<td width=\"64\"><\/td>\n<td width=\"141\"><\/td>\n<td width=\"74\"><\/td>\n<td width=\"52\"><\/td>\n<td width=\"52\"><\/td>\n<td width=\"83\"><\/td>\n<\/tr>\n<\/tbody>\n<\/table>\n<p><strong>\u00a0<\/strong><\/p>\n<table>\n<tbody>\n<tr>\n<td><strong>Nom du candidat HDR<\/strong><\/td>\n<td><strong>Titre HDR\/Directeur<\/strong><\/td>\n<td><strong>Date\/Universit\u00e9<\/strong><\/td>\n<td><strong>Fonction relative au jury et \u00e0 la soutenance<\/strong><\/td>\n<\/tr>\n<tr>\n<td>7) Parfait\u00a0 Bamerisika<\/td>\n<td><em>Contributions \u00e0 l\u2019extraction et \u00e0 la repr\u00e9sentation des r\u00e8gles d\u2019association par graphes et arbres hi\u00e9rarchiques.<\/em><br \/>\nAndr\u00e9 Totohasina<\/td>\n<td>17 avril 2023<br \/>\nUniversit\u00e9 de Toamasina &#8211; Madagascar<br \/>\nHDR Math\u00e9matiques et Informatique<\/td>\n<td>Rapporteur externe<\/td>\n<\/tr>\n<tr>\n<td>6) Florent Pasquier<\/td>\n<td><em>La question de la dimension ontologique en situation \u00e9ducative. Proposition d\u2019un cadre th\u00e9orique int\u00e9gratif pour une p\u00e9dagogie implicative. Apports de la m\u00e9thodologie transdisciplinaire, de la psychologie transpersonnelle et de la technontologie.<\/em><br \/>\nJean-Claude R\u00e9gnier<\/td>\n<td>5 janvier 2021<br \/>\nUniversit\u00e9 Lyon2<br \/>\nHDR Sciences de l\u2019\u00e9ducation<\/td>\n<td>Directeur-garant de l\u2019HDR<\/td>\n<\/tr>\n<tr>\n<td>5) Corinne Hahn<\/td>\n<td><em>Penser la question didactique pour la formation en alternance dans l\u2019enseignement sup\u00e9rieur. Dispositifs fronti\u00e8res, Statistique et Management<\/em><br \/>\nJean-Claude R\u00e9gnier<\/td>\n<td>11 mai 2016<br \/>\nUniversit\u00e9 Lyon2<br \/>\nHDR Sciences de l\u2019\u00e9ducation<\/td>\n<td>Directeur-garant de l\u2019HDR<\/td>\n<\/tr>\n<tr>\n<td>4) Fran\u00e7oise Poyet<\/td>\n<td><em>Comprendre la construction des usages des TIC en formation : vers un mod\u00e8le d\u2019analyse syst\u00e9mique<\/em><br \/>\nJean-Claude R\u00e9gnier<\/td>\n<td>24 avril 2014<br \/>\nUniversit\u00e9 Lyon1<br \/>\nHDR Sciences de l\u2019\u00e9ducation<\/td>\n<td>Directeur-garant de l\u2019HDR<\/td>\n<\/tr>\n<tr>\n<td>3) Olivier Francomme<\/td>\n<td><em>La recherche dans le mouvement Freinet: \u00e9pist\u00e9mologie du chercheur collectif coop\u00e9ratif<\/em><br \/>\nJacques Pain<\/td>\n<td>31 mai 2011<br \/>\nUniversit\u00e9 Paris Ouest Nanterre La D\u00e9fense<br \/>\nHDR Lettres et Sciences Humaines<\/td>\n<td>Rapporteur &amp; Pr\u00e9sident<\/td>\n<\/tr>\n<tr>\n<td>2) Christophe Brochier<\/td>\n<td><em>Pratiquer l&rsquo;enqu\u00eate de terrain au Br\u00e9sil : exp\u00e9riences personnelles et histoire des recherches empiriques<\/em><br \/>\nJean-Claude Rabier<\/td>\n<td>29 Janv. 2010<br \/>\nUniversit\u00e9 de Lyon &#8211; Universit\u00e9 Lumi\u00e8re Lyon2<br \/>\nHDR Lettres et Sciences humaines: sociologie<\/td>\n<td>Examinateur<\/td>\n<\/tr>\n<tr>\n<td>1) Herv\u00e9 Cellier<\/td>\n<td><em>La d\u00e9mocratie d\u2019apprentissage : approche d&rsquo;un concept en \u00e9ducation et en formation<\/em><br \/>\nJacques Pain.<\/td>\n<td>31 oct. 2008<br \/>\nUniversit\u00e9 Paris Ouest Nanterre La D\u00e9fense<br \/>\nHDR Lettres et Sciences Humaines<\/td>\n<td>Pr\u00e9sident<\/td>\n<\/tr>\n<\/tbody>\n<\/table>\n","protected":false},"excerpt":{"rendered":"<p>Participation \u00e0 des jurys de HDR\u00a0: 7 Jury HDR En tant que\u2026 Nombre de participations Pr\u00e9sident Pr\u00e9sident &amp; Rapporteur Rapporteur Garant\/Directeur Examinateur 1 2023:1 1 2021\u00a0: 1 1 2016\u00a0: 1 1 2014\u00a0:1 1 2011\u00a0: 1 1 2010\u00a0: 1 1 2008\u00a0: &hellip; <a href=\"https:\/\/icar.cnrs.fr\/membre\/jcregnier\/jury-dhdr\/\">Continuer la lecture <span class=\"meta-nav\">&rarr;<\/span><\/a><\/p>\n","protected":false},"author":73,"featured_media":0,"parent":0,"menu_order":0,"comment_status":"closed","ping_status":"closed","template":"","meta":{"footnotes":""},"class_list":["post-673","page","type-page","status-publish","hentry"],"_links":{"self":[{"href":"https:\/\/icar.cnrs.fr\/membre\/jcregnier\/wp-json\/wp\/v2\/pages\/673","targetHints":{"allow":["GET"]}}],"collection":[{"href":"https:\/\/icar.cnrs.fr\/membre\/jcregnier\/wp-json\/wp\/v2\/pages"}],"about":[{"href":"https:\/\/icar.cnrs.fr\/membre\/jcregnier\/wp-json\/wp\/v2\/types\/page"}],"author":[{"embeddable":true,"href":"https:\/\/icar.cnrs.fr\/membre\/jcregnier\/wp-json\/wp\/v2\/users\/73"}],"replies":[{"embeddable":true,"href":"https:\/\/icar.cnrs.fr\/membre\/jcregnier\/wp-json\/wp\/v2\/comments?post=673"}],"version-history":[{"count":8,"href":"https:\/\/icar.cnrs.fr\/membre\/jcregnier\/wp-json\/wp\/v2\/pages\/673\/revisions"}],"predecessor-version":[{"id":761,"href":"https:\/\/icar.cnrs.fr\/membre\/jcregnier\/wp-json\/wp\/v2\/pages\/673\/revisions\/761"}],"wp:attachment":[{"href":"https:\/\/icar.cnrs.fr\/membre\/jcregnier\/wp-json\/wp\/v2\/media?parent=673"}],"curies":[{"name":"wp","href":"https:\/\/api.w.org\/{rel}","templated":true}]}}