{"id":133,"date":"2017-01-04T14:56:05","date_gmt":"2017-01-04T13:56:05","guid":{"rendered":"https:\/\/icar.cnrs.fr\/membre\/jfgrassin\/?page_id=133"},"modified":"2025-07-09T16:32:48","modified_gmt":"2025-07-09T14:32:48","slug":"enseignement","status":"publish","type":"page","link":"https:\/\/icar.cnrs.fr\/membre\/jfgrassin\/enseignement\/","title":{"rendered":"Enseignements"},"content":{"rendered":"<h3><strong>Responsabilit\u00e9s p\u00e9dagogiques <\/strong><\/h3>\n<p>Co-responsable du D.U. ALISE Arts, Langue, Image, Sc\u00e8ne, Espace, CIEF, Universit\u00e9 Lyon 2.<br \/>\nDe 2020 \u00e0 2024 : Co-responsable du Master 2 FLES, Universit\u00e9 Lyon 2.<br \/>\nDe 2019 \u00e0 2023 : Responsable du stage FLE de doctorants, CIEF et Universit\u00e9 de Lyon.<\/p>\n<h3><strong>Enseignements <\/strong><\/h3>\n<p>Fran\u00e7ais Langue Etrang\u00e8re, <a href=\"https:\/\/cief.univ-lyon2.fr\/\" target=\"_blank\" rel=\"noopener noreferrer\">Centre International d&rsquo;Etudes Fran\u00e7aises<\/a>, Universit\u00e9 Lumi\u00e8re Lyon 2.<br \/>\n<strong>Didactique du FLE<br \/>\n<\/strong>jusqu&rsquo;\u00e0 2025 :<br \/>\nUsages des outils num\u00e9riques, Master 2 FLES Universit\u00e9 Lyon 2.<br \/>\nLitt\u00e9raties num\u00e9riques universitaires,\u00a0Master 2 FLES Universit\u00e9 Lyon 2.<br \/>\nApproches Interculturelles, Master 1 FLES Universit\u00e9 Lyon 2.<br \/>\nDe 2020 \u00e0 2023 :<br \/>\nEnseigner en ligne \/ Conception de parcours en ligne, Master 2 FLES Universit\u00e9 Lyon 2.<br \/>\nUsages des outils num\u00e9riques, Master 2 FLES, Universit\u00e9 Lyon2.<br \/>\nJusqu&rsquo;\u00e0 2022 :<br \/>\nTh\u00e9ories de l\u2019ALMT (apprentissage des langues m\u00e9diatis\u00e9 par les technologies), Master 2 didactique des langues et TICE, Universit\u00e9 Lyon 2.<br \/>\nConception d\u2019activit\u00e9s num\u00e9riques pour l\u2019apprentissage des langues, Master 2 didactique des langues et TICE, Universit\u00e9 Lyon 2.<br \/>\nEnseigner en ligne, Master 2 didactique des langues et TICE, Universit\u00e9 Lyon 2.<br \/>\n2015-2017 : Pratiques m\u00e9thodologiques : Analyse de pratiques didactiques (r\u00e9seaux sociaux), Master 1 Didactique des langues DILIPEM \u00ab DIdactique des Langues et Ing\u00e9nierie PEdagogique nuM\u00e9rique (et FLE\/FLS) \u00bb, universit\u00e9 Grenoble Alpes.<\/p>\n","protected":false},"excerpt":{"rendered":"<p>Responsabilit\u00e9s p\u00e9dagogiques Co-responsable du D.U. ALISE Arts, Langue, Image, Sc\u00e8ne, Espace, CIEF, Universit\u00e9 Lyon 2. De 2020 \u00e0 2024 : Co-responsable du Master 2 FLES, Universit\u00e9 Lyon 2. De 2019 \u00e0 2023 : Responsable du stage FLE de doctorants, CIEF &hellip; <a href=\"https:\/\/icar.cnrs.fr\/membre\/jfgrassin\/enseignement\/\">Continuer la lecture <span class=\"meta-nav\">&rarr;<\/span><\/a><\/p>\n","protected":false},"author":4,"featured_media":0,"parent":0,"menu_order":0,"comment_status":"closed","ping_status":"closed","template":"","meta":{"footnotes":""},"class_list":["post-133","page","type-page","status-publish","hentry"],"_links":{"self":[{"href":"https:\/\/icar.cnrs.fr\/membre\/jfgrassin\/wp-json\/wp\/v2\/pages\/133","targetHints":{"allow":["GET"]}}],"collection":[{"href":"https:\/\/icar.cnrs.fr\/membre\/jfgrassin\/wp-json\/wp\/v2\/pages"}],"about":[{"href":"https:\/\/icar.cnrs.fr\/membre\/jfgrassin\/wp-json\/wp\/v2\/types\/page"}],"author":[{"embeddable":true,"href":"https:\/\/icar.cnrs.fr\/membre\/jfgrassin\/wp-json\/wp\/v2\/users\/4"}],"replies":[{"embeddable":true,"href":"https:\/\/icar.cnrs.fr\/membre\/jfgrassin\/wp-json\/wp\/v2\/comments?post=133"}],"version-history":[{"count":4,"href":"https:\/\/icar.cnrs.fr\/membre\/jfgrassin\/wp-json\/wp\/v2\/pages\/133\/revisions"}],"predecessor-version":[{"id":175,"href":"https:\/\/icar.cnrs.fr\/membre\/jfgrassin\/wp-json\/wp\/v2\/pages\/133\/revisions\/175"}],"wp:attachment":[{"href":"https:\/\/icar.cnrs.fr\/membre\/jfgrassin\/wp-json\/wp\/v2\/media?parent=133"}],"curies":[{"name":"wp","href":"https:\/\/api.w.org\/{rel}","templated":true}]}}