{"id":160,"date":"2025-07-09T16:27:02","date_gmt":"2025-07-09T14:27:02","guid":{"rendered":"https:\/\/icar.cnrs.fr\/membre\/jfgrassin\/?page_id=160"},"modified":"2025-07-09T16:27:02","modified_gmt":"2025-07-09T14:27:02","slug":"projet-mobiles","status":"publish","type":"page","link":"https:\/\/icar.cnrs.fr\/membre\/jfgrassin\/projet-mobiles\/","title":{"rendered":"Projet MOBILES"},"content":{"rendered":"<p>Je coordonne le projet ANR MOBILES qui implique trois laboratoires lyonnais : ICAR, EVS (g\u00e9ographie sociale et g\u00e9omatique) et le LIRIS (informatique). L\u2019ANR MOBILES a pour objectif d&rsquo;analyser, par une approche spatiale, les p\u00e9riodes de s\u00e9jour d\u2019\u00e9tudes \u00e0 l\u2019\u00e9tranger telles qu&rsquo;elles sont v\u00e9cues par les \u00e9<a href=\"http:\/\/tudiant.es\">tudiant.es<\/a> internationales.aux et plus pr\u00e9cis\u00e9ment de rendre compte des fa\u00e7ons dont ils.elles se m\u00e9nagent des opportunit\u00e9s d&rsquo;apprentissage dans leur pratique d\u2019une diversit\u00e9 de lieux et initient des modes de soutien num\u00e9rique \u00e0 ces pratiques.<\/p>\n<p>Le premier objectif (lot 1) est de fournir <strong>une analyse des pratiques spatiales des \u00e9tudiantes<\/strong> en mettant au jour les possibilit\u00e9s <strong>d&rsquo;apprentissages sociaux, linguistiques et culturels<\/strong> saisies dans le contexte de leur s\u00e9jour et leur r\u00e9alit\u00e9 mat\u00e9rielle et sensible (lieux, rythme, socialisation, \u00e9motions).<\/p>\n<p>Le second objectif (lot 2) du projet est de <strong>recourir \u00e0 des outils de g\u00e9olocalisation et de cartographie<\/strong> pour <strong>faciliter la documentation des pratiques num\u00e9riques<\/strong> des \u00e9tudiantes internationales et <strong>visualiser leurs mouvements et activit\u00e9s<\/strong> \u00e0 travers les espaces de leur s\u00e9jour d&rsquo;\u00e9tudes.<\/p>\n<p>Le troisi\u00e8me objectif (lot 3) sera d\u2019\u00e9tudier <strong>comment <\/strong><strong>un syst\u00e8me de recommandation bas\u00e9 sur la participation des utilisateurs peut \u00eatre mis en place afin de soutenir de nouvelles exp\u00e9riences linguistiques et sociales<\/strong>.<\/p>\n<p>Le sch\u00e9ma ci-dessous figure l&rsquo;articulation des lots du projet entre eux.<\/p>\n<p><img loading=\"lazy\" decoding=\"async\" class=\"alignnone size-full wp-image-161\" src=\"https:\/\/icar.cnrs.fr\/membre\/jfgrassin\/wp-content\/uploads\/sites\/48\/2025\/07\/FigureMOBILES_v3-300x231-1.png\" alt=\"\" width=\"300\" height=\"231\" \/><\/p>\n<p>Voir le site du projet <strong><a href=\"https:\/\/mobiles-projet.huma-num.fr\/\" target=\"_blank\" rel=\"noopener noreferrer\">MOBILES<\/a><\/strong><\/p>\n","protected":false},"excerpt":{"rendered":"<p>Je coordonne le projet ANR MOBILES qui implique trois laboratoires lyonnais : ICAR, EVS (g\u00e9ographie sociale et g\u00e9omatique) et le LIRIS (informatique). L\u2019ANR MOBILES a pour objectif d&rsquo;analyser, par une approche spatiale, les p\u00e9riodes de s\u00e9jour d\u2019\u00e9tudes \u00e0 l\u2019\u00e9tranger telles &hellip; <a href=\"https:\/\/icar.cnrs.fr\/membre\/jfgrassin\/projet-mobiles\/\">Continuer la lecture <span class=\"meta-nav\">&rarr;<\/span><\/a><\/p>\n","protected":false},"author":1,"featured_media":0,"parent":0,"menu_order":0,"comment_status":"closed","ping_status":"closed","template":"","meta":{"footnotes":""},"class_list":["post-160","page","type-page","status-publish","hentry"],"_links":{"self":[{"href":"https:\/\/icar.cnrs.fr\/membre\/jfgrassin\/wp-json\/wp\/v2\/pages\/160","targetHints":{"allow":["GET"]}}],"collection":[{"href":"https:\/\/icar.cnrs.fr\/membre\/jfgrassin\/wp-json\/wp\/v2\/pages"}],"about":[{"href":"https:\/\/icar.cnrs.fr\/membre\/jfgrassin\/wp-json\/wp\/v2\/types\/page"}],"author":[{"embeddable":true,"href":"https:\/\/icar.cnrs.fr\/membre\/jfgrassin\/wp-json\/wp\/v2\/users\/1"}],"replies":[{"embeddable":true,"href":"https:\/\/icar.cnrs.fr\/membre\/jfgrassin\/wp-json\/wp\/v2\/comments?post=160"}],"version-history":[{"count":1,"href":"https:\/\/icar.cnrs.fr\/membre\/jfgrassin\/wp-json\/wp\/v2\/pages\/160\/revisions"}],"predecessor-version":[{"id":162,"href":"https:\/\/icar.cnrs.fr\/membre\/jfgrassin\/wp-json\/wp\/v2\/pages\/160\/revisions\/162"}],"wp:attachment":[{"href":"https:\/\/icar.cnrs.fr\/membre\/jfgrassin\/wp-json\/wp\/v2\/media?parent=160"}],"curies":[{"name":"wp","href":"https:\/\/api.w.org\/{rel}","templated":true}]}}