{"id":166,"date":"2025-07-09T16:30:26","date_gmt":"2025-07-09T14:30:26","guid":{"rendered":"https:\/\/icar.cnrs.fr\/membre\/jfgrassin\/?page_id=166"},"modified":"2025-07-09T16:30:26","modified_gmt":"2025-07-09T14:30:26","slug":"projet-lavenir","status":"publish","type":"page","link":"https:\/\/icar.cnrs.fr\/membre\/jfgrassin\/projet-lavenir\/","title":{"rendered":"Projet LAVENIR"},"content":{"rendered":"<p>Le projet, financ\u00e9 par ASLAN, cherche \u00e0 construire les liens entre \u00e9tudes interactionnelles et cr\u00e9ation th\u00e9\u00e2trale utilisant la technologie. En partenariat avec le Th\u00e9\u00e2tre Nouvelle G\u00e9n\u00e9ration (TNG, Lyon) et la Soci\u00e9t\u00e9 des Arts Technologiques (SAT, Montr\u00e9al), l\u2019enqu\u00eate se fonde sur l\u2019articulation entre imaginaire du spectateur et r\u00e9ception de l\u2019\u0153uvre. Le projet vise \u00e0 mettre \u00e0 l\u2019\u00e9preuve les cadres conceptuels et m\u00e9thodologiques de la t\u00e9l\u00e9pr\u00e9sence issus des travaux d\u2019IMPEC, \u00e0 la nouvelle sc\u00e8ne th\u00e9\u00e2trale.<\/p>\n<p>Depuis une trentaine d\u2019ann\u00e9es, de nouvelles formes artistiques fond\u00e9es sur l\u2019usage de technologies num\u00e9riques sont apparues et se sont d\u00e9velopp\u00e9es (Couchot et Hillaire, 2003 ; Ryngaert &amp; Sermon, 2012), bouleversant les modes de production et de diffusion des \u0153uvres. En outre, les habitudes m\u00e9diatiques ont fortement chang\u00e9 les horizons d\u2019attente des spectateurs. Dans le domaine th\u00e9\u00e2tral, un type de repr\u00e9sentation s\u2019est largement d\u00e9velopp\u00e9, la<em>\u00a0digital performance<\/em>\u00a0que Steve Dixon et Barry Smith d\u00e9finissent comme \u00ab\u00a0tout travail sc\u00e9nique o\u00f9 les technologies informatiques joue un r\u00f4le \u2018d\u00e9terminant\u2019, plut\u00f4t qu\u2019un r\u00f4le secondaire, au niveau du contenu, des techniques, de l\u2019esth\u00e9tique ou encore des formes de diffusion\u00a0\u00bb (p.3; cit\u00e9 par Hagemann et Pluta, 2023 : 69).<\/p>\n<p>Explorant les technologies de l\u2019immersion et de l\u2019interaction, les dramaturgies contemporaines accordent une place centrale au corps ainsi qu\u2019aux perceptions et aux sensations, interrogeant nos repr\u00e9sentations et notre rapport au monde (Ryngaert et Sermon, 2012).<\/p>\n<p>Comment la technologie hybride le dispositif attentionnel (el Hachani et al., 2021) et exp\u00e9rientiel de la repr\u00e9sentation th\u00e9\u00e2trale ?<br \/>\nComment technologie et vivant se r\u00e9pondent et forgent des imaginaires spectatoriels nouveaux ?<\/p>\n<p>Le projet a commenc\u00e9 par l&rsquo;organisation d&rsquo;une journ\u00e9e d&rsquo;\u00e9tudes<\/p>\n<p><strong>Journ\u00e9e d\u2019\u00e9tudes<\/strong><\/p>\n<p><strong>\u00a0<\/strong><a href=\"https:\/\/impecseminar.hypotheses.org\/2423\" data-type=\"link\" data-id=\"https:\/\/impecseminar.hypotheses.org\/2423\">Spectacle Vivant et Technologies : Quelles recherches interdisciplinaires ?<\/a><\/p>\n<p><img loading=\"lazy\" decoding=\"async\" class=\"aligncenter size-full wp-image-167\" src=\"https:\/\/icar.cnrs.fr\/membre\/jfgrassin\/wp-content\/uploads\/sites\/48\/2025\/07\/Projet_LAVENIR.png\" alt=\"\" width=\"300\" height=\"290\" \/><\/p>\n","protected":false},"excerpt":{"rendered":"<p>Le projet, financ\u00e9 par ASLAN, cherche \u00e0 construire les liens entre \u00e9tudes interactionnelles et cr\u00e9ation th\u00e9\u00e2trale utilisant la technologie. En partenariat avec le Th\u00e9\u00e2tre Nouvelle G\u00e9n\u00e9ration (TNG, Lyon) et la Soci\u00e9t\u00e9 des Arts Technologiques (SAT, Montr\u00e9al), l\u2019enqu\u00eate se fonde sur &hellip; <a href=\"https:\/\/icar.cnrs.fr\/membre\/jfgrassin\/projet-lavenir\/\">Continuer la lecture <span class=\"meta-nav\">&rarr;<\/span><\/a><\/p>\n","protected":false},"author":1,"featured_media":0,"parent":0,"menu_order":0,"comment_status":"closed","ping_status":"closed","template":"","meta":{"footnotes":""},"class_list":["post-166","page","type-page","status-publish","hentry"],"_links":{"self":[{"href":"https:\/\/icar.cnrs.fr\/membre\/jfgrassin\/wp-json\/wp\/v2\/pages\/166","targetHints":{"allow":["GET"]}}],"collection":[{"href":"https:\/\/icar.cnrs.fr\/membre\/jfgrassin\/wp-json\/wp\/v2\/pages"}],"about":[{"href":"https:\/\/icar.cnrs.fr\/membre\/jfgrassin\/wp-json\/wp\/v2\/types\/page"}],"author":[{"embeddable":true,"href":"https:\/\/icar.cnrs.fr\/membre\/jfgrassin\/wp-json\/wp\/v2\/users\/1"}],"replies":[{"embeddable":true,"href":"https:\/\/icar.cnrs.fr\/membre\/jfgrassin\/wp-json\/wp\/v2\/comments?post=166"}],"version-history":[{"count":1,"href":"https:\/\/icar.cnrs.fr\/membre\/jfgrassin\/wp-json\/wp\/v2\/pages\/166\/revisions"}],"predecessor-version":[{"id":168,"href":"https:\/\/icar.cnrs.fr\/membre\/jfgrassin\/wp-json\/wp\/v2\/pages\/166\/revisions\/168"}],"wp:attachment":[{"href":"https:\/\/icar.cnrs.fr\/membre\/jfgrassin\/wp-json\/wp\/v2\/media?parent=166"}],"curies":[{"name":"wp","href":"https:\/\/api.w.org\/{rel}","templated":true}]}}