{"id":4,"date":"2016-11-02T17:37:52","date_gmt":"2016-11-02T16:37:52","guid":{"rendered":"https:\/\/icar.cnrs.fr\/membre\/jfgrassin\/?page_id=4"},"modified":"2025-07-09T16:24:31","modified_gmt":"2025-07-09T14:24:31","slug":"accueil","status":"publish","type":"page","link":"https:\/\/icar.cnrs.fr\/membre\/jfgrassin\/","title":{"rendered":"Accueil"},"content":{"rendered":"<div class=\"cadregris\">\n<h2><strong>Jean-Fran\u00e7ois GRASSIN<img loading=\"lazy\" decoding=\"async\" class=\"size-full wp-image-125 alignright\" src=\"https:\/\/icar.cnrs.fr\/membre\/jfgrassin\/wp-content\/uploads\/sites\/48\/2016\/11\/photo.jpeg\" alt=\"photo\" width=\"211\" height=\"234\" \/><\/strong><\/h2>\n<p>Ma\u00eetre de conf\u00e9rence en Sciences du langage et didactique du FLE \u00e0 l&rsquo;Universit\u00e9 Lumi\u00e8re Lyon 2<\/p>\n<p>Qualifi\u00e9 en section 7\u00e8me section du CNU (Sciences du langage)<\/p>\n<p>Membre du laboratoire\u00a0<a href=\"https:\/\/icar.cnrs.fr\/\" target=\"_blank\" rel=\"noopener noreferrer\">ICAR UMR 5191<\/a>\u00a0(Interactions, Corpus, Apprentissage, Repr\u00e9sentations)<br \/>\nCo-responsable de l&rsquo;\u00e9quipe <a href=\"https:\/\/icar.cnrs.fr\/recherche\/adis\/\" target=\"_blank\" rel=\"noopener noreferrer\">ADIS<\/a> (Apprentissages, Discours, Interactions, Savoirs)<br \/>\nMembre du comit\u00e9 de direction du r\u00e9seau de recherche <a href=\"https:\/\/visa.ens-lyon.fr\/\" target=\"_blank\" rel=\"noopener noreferrer\">VISA<\/a><br \/>\nMembre du collectif de recherche <a href=\"https:\/\/impecseminar.hypotheses.org\/\" target=\"_blank\" rel=\"noopener noreferrer\">IMPEC<\/a> (Interactions Multimodales Par ECrans)<\/p>\n<p><strong>Me contacter<br \/>\n<\/strong><a href=\"http:\/\/icar.univ-lyon2.fr\/membres\/jfgrassin\/jean-francois.grassin@univ-lyon2.fr\">jean-francois.grassin@univ-lyon2.fr<\/a><\/p>\n<p><strong>Adresse<\/strong><br \/>\nLaboratoire ICAR<br \/>\nEcole Normale Sup\u00e9rieure, Site Descartes<br \/>\n15, parvis Ren\u00e9 Descartes, BP 7000<br \/>\n69 342 Lyon Cedex 07<\/p>\n<\/div>\n<p>&nbsp;<\/p>\n<p>&nbsp;<\/p>\n","protected":false},"excerpt":{"rendered":"<p>Jean-Fran\u00e7ois GRASSIN Ma\u00eetre de conf\u00e9rence en Sciences du langage et didactique du FLE \u00e0 l&rsquo;Universit\u00e9 Lumi\u00e8re Lyon 2 Qualifi\u00e9 en section 7\u00e8me section du CNU (Sciences du langage) Membre du laboratoire\u00a0ICAR UMR 5191\u00a0(Interactions, Corpus, Apprentissage, Repr\u00e9sentations) Co-responsable de l&rsquo;\u00e9quipe ADIS &hellip; <a href=\"https:\/\/icar.cnrs.fr\/membre\/jfgrassin\/\">Continuer la lecture <span class=\"meta-nav\">&rarr;<\/span><\/a><\/p>\n","protected":false},"author":1,"featured_media":0,"parent":0,"menu_order":0,"comment_status":"closed","ping_status":"closed","template":"","meta":{"footnotes":""},"class_list":["post-4","page","type-page","status-publish","hentry"],"_links":{"self":[{"href":"https:\/\/icar.cnrs.fr\/membre\/jfgrassin\/wp-json\/wp\/v2\/pages\/4","targetHints":{"allow":["GET"]}}],"collection":[{"href":"https:\/\/icar.cnrs.fr\/membre\/jfgrassin\/wp-json\/wp\/v2\/pages"}],"about":[{"href":"https:\/\/icar.cnrs.fr\/membre\/jfgrassin\/wp-json\/wp\/v2\/types\/page"}],"author":[{"embeddable":true,"href":"https:\/\/icar.cnrs.fr\/membre\/jfgrassin\/wp-json\/wp\/v2\/users\/1"}],"replies":[{"embeddable":true,"href":"https:\/\/icar.cnrs.fr\/membre\/jfgrassin\/wp-json\/wp\/v2\/comments?post=4"}],"version-history":[{"count":75,"href":"https:\/\/icar.cnrs.fr\/membre\/jfgrassin\/wp-json\/wp\/v2\/pages\/4\/revisions"}],"predecessor-version":[{"id":158,"href":"https:\/\/icar.cnrs.fr\/membre\/jfgrassin\/wp-json\/wp\/v2\/pages\/4\/revisions\/158"}],"wp:attachment":[{"href":"https:\/\/icar.cnrs.fr\/membre\/jfgrassin\/wp-json\/wp\/v2\/media?parent=4"}],"curies":[{"name":"wp","href":"https:\/\/api.w.org\/{rel}","templated":true}]}}