{"id":10,"date":"2016-11-02T17:39:41","date_gmt":"2016-11-02T16:39:41","guid":{"rendered":"https:\/\/icar.cnrs.fr\/membre\/jlascar\/?page_id=10"},"modified":"2024-05-01T11:52:58","modified_gmt":"2024-05-01T09:52:58","slug":"enseignements","status":"publish","type":"page","link":"https:\/\/icar.cnrs.fr\/membre\/jlascar\/enseignements\/","title":{"rendered":"Enseignements"},"content":{"rendered":"<h2>Enseignement<\/h2>\n<ul>\n<li>Elaboration de corpus : du terrain \u00e0 l\u2019analyse. Intervention r\u00e9guli\u00e8re dans le cours de M1 Langue Parl\u00e9e en Interaction (depuis 2011)<\/li>\n<li>Filmer les interactions. Intervention r\u00e9guli\u00e8re dans le cours de M2 Langue Parl\u00e9e en Interaction (depuis 2011)<\/li>\n<li>Transcrire les interactions. Intervention r\u00e9guli\u00e8re dans le cours de M2 Langue Parl\u00e9e en Interaction (depuis 2011)<\/li>\n<li>Dispositif de terrain \u2013 corpus didactiques. Intervention dans le cours de M1 Corpus de Didactique des Langues, FLES (2013, 2016 et 2020, 2022)<\/li>\n<li>Conception, exploitation et diffusion des corpus videos \u2013 filmer, monter et analyser en SHS \u2013 Intervention dans le cours de M2 Corpus de Didactique des Langues, FLES (2019, 2020, 2022)<\/li>\n<li>Conception, exploitation et diffusion des corpus videos \u2013 filmer, monter et analyser en SHS \u2013 Intervention dans le cours de M2 Sciences de l\u2019\u00e9ducation, ENS (2019, 2020, 2022)<\/li>\n<li>Maitrise du Fran\u00e7ais pour l\u2019enseignement \u2013 cours de Licence 2 Sciences de l\u2019\u00e9ducation, ISPEF (2019)<\/li>\n<\/ul>\n","protected":false},"excerpt":{"rendered":"<p>Enseignement Elaboration de corpus : du terrain \u00e0 l\u2019analyse. Intervention r\u00e9guli\u00e8re dans le cours de M1 Langue Parl\u00e9e en Interaction (depuis 2011) Filmer les interactions. Intervention r\u00e9guli\u00e8re dans le cours de M2 Langue Parl\u00e9e en Interaction (depuis 2011) Transcrire les &hellip; <a href=\"https:\/\/icar.cnrs.fr\/membre\/jlascar\/enseignements\/\">Continuer la lecture <span class=\"meta-nav\">&rarr;<\/span><\/a><\/p>\n","protected":false},"author":1,"featured_media":0,"parent":0,"menu_order":3,"comment_status":"closed","ping_status":"closed","template":"","meta":{"footnotes":""},"class_list":["post-10","page","type-page","status-publish","hentry"],"_links":{"self":[{"href":"https:\/\/icar.cnrs.fr\/membre\/jlascar\/wp-json\/wp\/v2\/pages\/10","targetHints":{"allow":["GET"]}}],"collection":[{"href":"https:\/\/icar.cnrs.fr\/membre\/jlascar\/wp-json\/wp\/v2\/pages"}],"about":[{"href":"https:\/\/icar.cnrs.fr\/membre\/jlascar\/wp-json\/wp\/v2\/types\/page"}],"author":[{"embeddable":true,"href":"https:\/\/icar.cnrs.fr\/membre\/jlascar\/wp-json\/wp\/v2\/users\/1"}],"replies":[{"embeddable":true,"href":"https:\/\/icar.cnrs.fr\/membre\/jlascar\/wp-json\/wp\/v2\/comments?post=10"}],"version-history":[{"count":12,"href":"https:\/\/icar.cnrs.fr\/membre\/jlascar\/wp-json\/wp\/v2\/pages\/10\/revisions"}],"predecessor-version":[{"id":175,"href":"https:\/\/icar.cnrs.fr\/membre\/jlascar\/wp-json\/wp\/v2\/pages\/10\/revisions\/175"}],"wp:attachment":[{"href":"https:\/\/icar.cnrs.fr\/membre\/jlascar\/wp-json\/wp\/v2\/media?parent=10"}],"curies":[{"name":"wp","href":"https:\/\/api.w.org\/{rel}","templated":true}]}}