{"id":165,"date":"2024-04-30T16:23:42","date_gmt":"2024-04-30T14:23:42","guid":{"rendered":"https:\/\/icar.cnrs.fr\/membre\/jlascar\/?page_id=165"},"modified":"2026-03-17T15:22:59","modified_gmt":"2026-03-17T14:22:59","slug":"activites-transversales","status":"publish","type":"page","link":"https:\/\/icar.cnrs.fr\/membre\/jlascar\/activites-transversales\/","title":{"rendered":"Activit\u00e9s transversales"},"content":{"rendered":"<h2>Activit\u00e9s transversales<\/h2>\n<p style=\"padding-left: 30px\"><strong><span style=\"color: #993366\">Responsabilit\u00e9s administratives<\/span><\/strong><\/p>\n<ul>\n<li>Membre \u00e9lue au conseil de Laboratoire<\/li>\n<li>Co-responsable de l&rsquo;axe transversal \u00ab\u00a0<a href=\"http:\/\/icar.cnrs.fr\/langage-travail-et-apprentissage\/\">Langage Travail et Apprentissage<\/a>\u00a0\u00bb<\/li>\n<li>Membre de la commission Finances du laboratoire pour l\u2019axe transversal<\/li>\n<li>Membre invit\u00e9e au CoPil du Labex Aslan<\/li>\n<li>Responsable\u00a0de la Commission Communication du laboratoire (2015-2019)<\/li>\n<\/ul>\n<p style=\"padding-left: 30px\"><strong><span style=\"color: #993366\">Comit\u00e9s d&rsquo;organisation<\/span><\/strong><\/p>\n<ul>\n<li>Membre de comit\u00e9s d\u2019organisation de Colloques<br \/>\nAILA \u2013 Lyon, 2023\u00a0<a href=\"https:\/\/aila2023.fr\/\">https:\/\/aila2023.fr\/<\/a><br \/>\nIMPEC \u2013 Lyon, 2022\u00a0<a href=\"https:\/\/impec.sciencesconf.org\/resource\/page\/id\/64\">https:\/\/impec.sciencesconf.org\/resource\/page\/id\/64<\/a><br \/>\nM\u00e9thodes visuelles en sciences humaines et sociales : de la captation \u00e0 la diffusion des r\u00e9sultats \u2013 Laguna, 2020 (report\u00e9 en 2021)\u00a0<a href=\"https:\/\/wp.ull.es\/visualmethods\/\">https:\/\/wp.ull.es\/visualmethods\/<\/a><br \/>\nIMPEC \u2013 Lyon, 2020\u00a0<a href=\"https:\/\/impec.sciencesconf.org\/\">https:\/\/impec.sciencesconf.org\/<\/a><br \/>\nJE Cipsy \u2013 Lyon, 2019\u00a0<a href=\"https:\/\/langage-soins.sciencesconf.org\/\">https:\/\/langage-soins.sciencesconf.org\/<\/a><br \/>\nPRELA \u2013 Lyon, 2019\u00a0<a href=\"https:\/\/prela2019.sciencesconf.org\/\">https:\/\/prela2019.sciencesconf.org<\/a><br \/>\nIMPEC \u2013 Lyon, 2018\u00a0<a href=\"https:\/\/impec.sciencesconf.org\/\">https:\/\/impec.sciencesconf.org\/<\/a><br \/>\n10 com ICAR \u2013 Lyon, 2013<br \/>\nCMLF \u2013 Lyon, 2012<br \/>\nInteracting Bodies \u2013 Lyon, 2005<\/li>\n<li>Membre de comit\u00e9s d\u2019organisation d\u2019\u00e9coles th\u00e9matiques<br \/>\nIR Vid\u00e9o 3 \u2013 Lyon, 2018\u00a0<a href=\"https:\/\/irvideo3.sciencesconf.org\/\">https:\/\/irvideo3.sciencesconf.org<\/a><br \/>\nIR-Vid\u00e9o \u2013 Brest, 2013<br \/>\nSEQ-I \u2013 Lyon, 2012<br \/>\nI-Phom \u2013 Lyon, 2010<br \/>\nTranal-I \u2013 Lyon, 2009<\/li>\n<li>Co-organisatrice des journ\u00e9es annuelles Mate SHS, Lyon. 3-4 d\u00e9cembre 2018\u00a0<a href=\"http:\/\/mate-shs.cnrs.fr\/?journees-annuelles-62\">http:\/\/mate-shs.cnrs.fr\/?journees-annuelles-62<\/a><br \/>\nvideos des journ\u00e9es disponibles ici\u00a0<a href=\"http:\/\/25images.msh-lse.fr\/Portails\/ja-mate-shs-dec2018\/fr\">mate shs \u2013 25 images shs<\/a><\/li>\n<li>Co-organisatrice des journ\u00e9es d\u2019\u00e9tudes<br \/>\nLab\u00f8r en janvier 2024<br \/>\nITAC en 2017 et 2018\u00a0<a style=\"font-weight: 300\" href=\"https:\/\/impec.sciencesconf.org\/resource\/page\/id\/44\">https:\/\/impec.sciencesconf.org\/resource\/page\/id\/44<\/a><\/li>\n<\/ul>\n<p style=\"padding-left: 30px\"><strong><span style=\"color: #993366\">Comit\u00e9s scientifiques<\/span><\/strong><\/p>\n<ul>\n<li>Membre de comit\u00e9s scientifiques de Colloques<br \/>\nVisual Methods, La Laguna, Novembre 2023 et Novembre 2021<br \/>\nDr\u00f4les d&rsquo;objet, Nancy, Mai 2023<\/li>\n<\/ul>\n<h2>R\u00e9seaux<\/h2>\n<ul>\n<li>Membre de l\u2019association Visual Modi\u00a0<a href=\"https:\/\/visualmodi.hypotheses.org\/\">https:\/\/visualmodi.hypotheses.org\/<\/a><\/li>\n<li>Membre du r\u00e9seau m\u00e9tier Mate-SHS\u00a0<a href=\"http:\/\/mate-shs.cnrs.fr\/\">http:\/\/mate-shs.cnrs.fr\/<\/a><\/li>\n<li>Membre \u00e9lue du CoPil du r\u00e9seau m\u00e9tier RUSHS\u00a0<a href=\"https:\/\/rushs.cnrs.fr\/\">https:\/\/rushs.cnrs.fr\/<\/a><\/li>\n<li>Co-coordinatrice du r\u00e9seau local Mate-SHS Lyon Saint-Etienne\u00a0<a href=\"https:\/\/groupes.renater.fr\/wiki\/mate-shs-lyon\/?do=login\">https:\/\/groupes.renater.fr\/wiki\/mate-shs-lyon\/?do=login<\/a><\/li>\n<li>Membre du groupe Multicom du consortium CORLI\u00a0<a href=\"https:\/\/corli.huma-num.fr\/\">https:\/\/corli.huma-num.fr\/<\/a><\/li>\n<li>Membre des Ateliers des Humanit\u00e9s Num\u00e9riques (AHN) et des Ateliers des Pratiques du Num\u00e9rique (APN) de l\u2019ENS de Lyon<\/li>\n<\/ul>\n<h2>R\u00e9compense<\/h2>\n<p>cristal collectif CNRS pour le r\u00e9seau RUSHS en 2025<\/p>\n","protected":false},"excerpt":{"rendered":"<p>Activit\u00e9s transversales Responsabilit\u00e9s administratives Membre \u00e9lue au conseil de Laboratoire Co-responsable de l&rsquo;axe transversal \u00ab\u00a0Langage Travail et Apprentissage\u00a0\u00bb Membre de la commission Finances du laboratoire pour l\u2019axe transversal Membre invit\u00e9e au CoPil du Labex Aslan Responsable\u00a0de la Commission Communication du &hellip; <a href=\"https:\/\/icar.cnrs.fr\/membre\/jlascar\/activites-transversales\/\">Continuer la lecture <span class=\"meta-nav\">&rarr;<\/span><\/a><\/p>\n","protected":false},"author":1,"featured_media":0,"parent":0,"menu_order":0,"comment_status":"closed","ping_status":"closed","template":"","meta":{"footnotes":""},"class_list":["post-165","page","type-page","status-publish","hentry"],"_links":{"self":[{"href":"https:\/\/icar.cnrs.fr\/membre\/jlascar\/wp-json\/wp\/v2\/pages\/165","targetHints":{"allow":["GET"]}}],"collection":[{"href":"https:\/\/icar.cnrs.fr\/membre\/jlascar\/wp-json\/wp\/v2\/pages"}],"about":[{"href":"https:\/\/icar.cnrs.fr\/membre\/jlascar\/wp-json\/wp\/v2\/types\/page"}],"author":[{"embeddable":true,"href":"https:\/\/icar.cnrs.fr\/membre\/jlascar\/wp-json\/wp\/v2\/users\/1"}],"replies":[{"embeddable":true,"href":"https:\/\/icar.cnrs.fr\/membre\/jlascar\/wp-json\/wp\/v2\/comments?post=165"}],"version-history":[{"count":7,"href":"https:\/\/icar.cnrs.fr\/membre\/jlascar\/wp-json\/wp\/v2\/pages\/165\/revisions"}],"predecessor-version":[{"id":190,"href":"https:\/\/icar.cnrs.fr\/membre\/jlascar\/wp-json\/wp\/v2\/pages\/165\/revisions\/190"}],"wp:attachment":[{"href":"https:\/\/icar.cnrs.fr\/membre\/jlascar\/wp-json\/wp\/v2\/media?parent=165"}],"curies":[{"name":"wp","href":"https:\/\/api.w.org\/{rel}","templated":true}]}}