{"id":8,"date":"2016-11-02T17:38:51","date_gmt":"2016-11-02T16:38:51","guid":{"rendered":"https:\/\/icar.cnrs.fr\/membre\/jlascar\/?page_id=8"},"modified":"2025-07-09T14:54:59","modified_gmt":"2025-07-09T12:54:59","slug":"publications","status":"publish","type":"page","link":"https:\/\/icar.cnrs.fr\/membre\/jlascar\/publications\/","title":{"rendered":"Publications"},"content":{"rendered":"<h2>Communications r\u00e9centes<\/h2>\n<div class=\"page\" title=\"Page 13\">\n<p>Sofiane Doulfaquar, <strong>Justine Lascar,<\/strong> Julien Thiburce. (2024) Conception et cr\u00e9ation de parcours immersifs et interactifs en 360\u00b0 avec 3DVista : atelier d\u2019initiation. Ecritures alternatives de la recherche en SHS. Le r\u00e9cit scientifique en question, Ambiances, Architectures, Urbanit\u00e9s (UMR 1563); MSH Ange-Gu\u00e9pin (UAR 3491), Nov 2024, Nantes, France. \u27e8<a href=\"https:\/\/shs.hal.science\/hal-04797711v1\">hal-04797711<\/a>\u27e9<\/p>\n<p>Julien Thiburce, <strong>Justine Lascar<\/strong>. (2024) Exposition ou terrain de recherches ?. Les \u00e9chapp\u00e9es inattendues, CNRS &#8211; D\u00e9l\u00e9gation Rh\u00f4ne Auvergne, Nov 2024, Lyon, France. \u27e8<a href=\"https:\/\/shs.hal.science\/hal-04797805v1\">hal-04797805<\/a>\u27e9<\/p>\n<p>Julien Thiburce, Sofiane Doulfaquar, <strong>Justine Lascar<\/strong>. (2024) (Re)m\u00e9diation de l\u2019exp\u00e9rience de visite de l\u2019exposition \u00ab Cancers \u00bb dans un parcours en 360\u00b0. Penser l&rsquo;exp\u00e9rience : un enjeu pour les SHS, Universit\u00e9 Toulouse 3 Paul Sabatier; Universit\u00e9 Toulouse 2 Jean Jaur\u00e8s; Universit\u00e9 Montpellier 3 Paul Val\u00e9ry; Laboratoire d\u2019\u00c9tudes et de Recherches Appliqu\u00e9es en Sciences Sociales, May 2024, Toulouse, France. \u27e8<a href=\"https:\/\/shs.hal.science\/hal-04600565v1\">hal-04600565\u27e9<\/a><\/p>\n<p>Patricia Lambert, <strong>Justine Lascar,<\/strong> V\u00edctor Corona. (2024) (D)\u00c9crire la part langagi\u00e8re de la formation professionnelle : ethnographie du langage et \u00e9criture de la recherche. 6eme congr\u00e8s du R\u00e9seau Francophone de Sociolinguistique, R\u00e9seau Francophone de Sociolinguistique; UCLouvain, May 2024, Louvain-la-Neuve, France. \u27e8<a href=\"https:\/\/shs.hal.science\/halshs-04823244v1\">halshs-04823244<\/a>\u27e9<\/p>\n<p><strong>Justine Lascar<\/strong>\u00a0(2024)\u00a0Conception, \u00e9dition et traitement de corpus vid\u00e9os : Filmer, monter et transcrire en SHS, atelier du Crapel-Atilf, Nancy, 12 avril 2024<\/p>\n<p><strong>Justine Lascar,<\/strong>\u00a0Sandrine Ollinger (2024), Sans les mains! \u00e9tat des lieux des outils de retranscription automatique d\u2019entretien, s\u00e9minaire du GLISSS, Strasbourg, 11 avril 2024<\/p>\n<p>Pierluigi Basso Fossali, Sofiane Doulfaquar,\u00a0<strong>Justine Lascar<\/strong>, Magali Ollagnier-Beldame, Julien Thiburce (2024),\u00a0Le projet ExpReSyF : enqu\u00eater l\u2019exposition\u00a0<i>Cancers<\/i><br \/>\nentre exp\u00e9rience de visite et exp\u00e9rience de vie, Amphi Projet Universcience, Cit\u00e9 des sciences et de l\u2019industrie, Paris, 9 avril 2024<\/p>\n<p><strong>Justine Lascar<\/strong>, Sofiane Doulfaquar. RUSHS. (2024, 4 mars).\u00a0<em>Rushs hour # 29 : La vid\u00e9o 360\u00b0, 3D Vista \u2013 augmentation de contenus en VR 360 (partie 2)<\/em>\u00a0, in\u00a0<em>RUSHS HOUR Saison #4 (2023-2024)<\/em>. [Vid\u00e9o]. Canal-U.\u00a0<a href=\"https:\/\/doi.org\/10.60527\/974r-4z48\" target=\"_blank\" rel=\"noopener noreferrer\">https:\/\/doi.org\/10.60527\/974r-4z48<\/a>.<\/p>\n<p><strong>Justine Lascar,<\/strong>\u00a0Sofiane Doulfaquar. RUSHS. (2024, 8 janvier).\u00a0<em>Rush Hour # 27 : La vid\u00e9o\u00a0 360\u00b0, le tournage<\/em>\u00a0, in\u00a0<em>RUSHS HOUR Saison #4 (2023-2024)<\/em>. [Vid\u00e9o]. Canal-U.\u00a0<a href=\"https:\/\/doi.org\/10.60527\/tg6s-jb08\" target=\"_blank\" rel=\"noopener noreferrer\">https:\/\/doi.org\/10.60527\/tg6s-jb08<\/a><\/p>\n<p>F\u00e9lix Danos, Jean-Fran\u00e7ois Grassin,\u00a0<strong>Justine Lascar<\/strong>\u00a0et Julien Thiburce (2023) Ecriture collaborative de portrait d\u2019\u00e9tudiants internationaux usagers de la ville : de l\u2019atelier cartographique participatif au storymapping,\u00a0colloque Visual Methods, Universit\u00e9 de la Laguna, novembre 2023<\/p>\n<p>Sofiane Doulfaquar,\u00a0<strong>Justine Lascar<\/strong>\u00a0et Julien Thiburce (2023) De la toile \u00e0 l\u2019\u00e9cran et vice versa. Conception d\u2019un dispositif immersif en vid\u00e9o 360\u00b0 dans un mus\u00e9e des Beaux-Arts, colloque Visual Methods, Universit\u00e9 de la Laguna, novembre 2023<\/p>\n<p>Lucien Tisserand, Antoine Bouquin, Sofiane Doulfaquar,\u00a0<strong>Justine Lascar<\/strong>\u00a0(2023) Entre analyse conversationnelle et intelligence artificielle : d\u00e9fis m\u00e9thodologiques pour mod\u00e9liser une interaction avec Pepper, Dr\u00f4les d\u2019objets, Nancy,15 mai 2023.<\/p>\n<p>Jean-Fran\u00e7ois Grassin, Christine Develotte, Jos\u00e9phine R\u00e9mon,\u00a0<strong>Justine Lascar\u00a0<\/strong>(2022)\u00a0\u00a0L\u2019exp\u00e9rience des participants dans une formation hybride : quels points de vigilance?\u00a0<i>Ticemed13 : Hybridation des formations : de la continuit\u00e9 \u00e0 l\u2019innovation p\u00e9dagogique ?<\/i>, Oct 2022, Ath\u00e8nes, Gr\u00e8ce.\u00a0<a href=\"https:\/\/hal.science\/hal-03908718\" target=\"_blank\" rel=\"noopener noreferrer\">\u27e8hal-03908718\u27e9<\/a><\/p>\n<p>Sofiane Doulfaquar,\u00a0<strong>Justine Lascar<\/strong>, Louis Maritaud (2022) Filmer et Editer en 360\u00b0, 2eme journ\u00e9e du r\u00e9seau Rushs, ENS Ulm, 22 septembre 2022, Paris.<\/p>\n<p>Frederic Elisei,\u00a0<strong>Justine Lascar<\/strong>, Coralie Vincent (2022) Atelier Recueil et traitement de donn\u00e9es audiovisuelles : nouvelles pratiques \u2013\u00a0De la 360\u00b0 \u00e0 la vid\u00e9o 1re personne en casque VR, Journ\u00e9e d\u2019Etudes de la Parole 2022, 12-18 juin 2022, Noirmoutiers-en-l\u2019\u00eele.<\/p>\n<p><strong>Justine Lascar<\/strong>, Emilie Jouin (2022) Travailler avec les donn\u00e9es videos sensibles, webseminaire du r\u00e9seau RUSHS, 4 avril 2022, en ligne\u00a0<a href=\"https:\/\/www.canal-u.tv\/chaines\/rushs\/webinaire-12-travailler-avec-les-donnees-videos-sensibles\">https:\/\/www.canal-u.tv\/chaines\/rushs\/webinaire-12-travailler-avec-les-donnees-videos-sensibles<\/a><\/p>\n<p>Christine Develotte,\u00a0<strong>Justine Lascar<\/strong>\u00a0(2021)\u00a0\u00c9tudier une exp\u00e9rience de formation doctorale hybride\u00a0: dispositif de captation audiovisuelle et montage, colloque Visuals Methods, 8-10 d\u00e9cembre 2021, La Laguna, Canaries<\/p>\n<p><strong>Justine Lascar<\/strong>, Nicolas Guichon, Julien Thiburce (2021) Vers une immersion des e\u0301tudiants\u00a0internationaux dans leur futur\u00a0environnement par la vid\u00e9o en 360\u00b0 : Enjeux\u00a0et m\u00e9thodes, colloque Visuals Methods, 8-10 d\u00e9cembre 2021, La Laguna, Canaries<\/p>\n<p>Emilie Jouin,\u00a0<strong>Justine Lascar<\/strong>\u00a0(2021)\u00a0Donn\u00e9es sensibles : enjeux juridiques, \u00e9thiques et techniques de la collecte et la diffusion de donn\u00e9es audiovisuelles en sant\u00e9, Semaine Data-SHS, 6-10 d\u00e9cembre 2021, MSH Lyon-Saint-Etienne, Lyon<\/p>\n<p>Christine Develotte, Mabrouka El Hachani,\u00a0<strong>Justine Lascar<\/strong>\u00a0et Caroline Vincent (2021) Des robots de t\u00e9l\u00e9pr\u00e9sence dans un s\u00e9minaire doctoral : comment \u00e9tudier les interactions \u00e0 l\u2019int\u00e9rieur du groupe ?, colloque Dr\u00f4les d\u2019objets, un nouvel art de faire, 27-29 octobre 2021, La Rochelle.<\/p>\n<div class=\"page\" title=\"Page 2\">\n<div class=\"section\">\n<div class=\"layoutArea\">\n<div class=\"column\">\n<p>Christine Develotte, Morgane Domanchin,\u00a0<strong>Justine Lascar<\/strong>\u00a0(2020) \u00ab\u00a0De l\u2019analyse des interactions \u00e0 celle des sensorialit\u00e9s : quelles m\u00e9thodologies ?\u00a0\u00bb, colloque en ligne IMPEC, 2-4 juillet 2020, Lyon.\u00a0SYMPOSIA : Sensorialit\u00e9s dans un s\u00e9minaire doctoral hybride polyartefact\u00e9 : m\u00e9thodologie et points de vue<\/p>\n<p>Chalancon Beno\u00eet, Colon de Carvajal Isabel,\u00a0<strong>Lascar Justine<\/strong>\u00a0(2019) \u00ab\u00a0Pr\u00e9sentation du projet CIPSY, Comp\u00e9tences d\u2019interactions des Infirmiers en Psychiatrie\u00a0\u00bb, Journ\u00e9e d\u2019\u00e9tudes CIPSY, 19 novembre 2019, centre Hospitalier Le Vinatier, Lyon<\/p>\n<\/div>\n<\/div>\n<\/div>\n<\/div>\n<h2>Publications r\u00e9centes<\/h2>\n<p>Julien\u00a0<span class=\"familyName\">Thiburce<\/span>,Sofiane\u00a0<span class=\"familyName\">Doulfaquar<\/span>\u00a0et<strong> Justine\u00a0<span class=\"familyName\">Lascar<\/span><\/strong>, (2024) <span dir=\"ltr\">\u00ab\u00a0Concevoir un dispositif num\u00e9rique \u00e0 360\u00b0 pour une exp\u00e9rience augment\u00e9e des \u0153uvres au mus\u00e9e\u00a0\u00bb<\/span>,\u00a0<em>\u00c9tudes de communication<\/em>\u00a0[En ligne], 63\u00a0|\u00a02024, mis en ligne le\u00a0<span dir=\"ltr\">02 janvier 2026<\/span>, consult\u00e9 le\u00a0<span dir=\"ltr\">09 d\u00e9cembre 2024<\/span>.\u00a0<span dir=\"ltr\">URL<\/span>\u00a0: <a href=\"http:\/\/journals.openedition.org\/edc\/17198\">http:\/\/journals.openedition.org\/edc\/17198<\/a>\u00a0;\u00a0<span dir=\"ltr\">DOI<\/span>\u00a0: <a href=\"https:\/\/doi.org\/10.4000\/12uyc\">https:\/\/doi.org\/10.4000\/12uyc<\/a><\/p>\n<p>Christine Develotte, Am\u00e9lie Bouquain, Tatiana Codreanu , Christelle Combe, Morgane Domanchin, Mabrouka El Hachani, Doroth\u00e9e Furnon, Jean-Fran\u00e7ois Grassin, Samira Ibnelka\u00efd,\u00a0<strong>Justine Lascar<\/strong>, Jos\u00e9phine R\u00e9mon et Caroline Vincent. (2023) Interactions and Screens in Research and Education. Editions Ateliers de sens public, 2023, 978-2-924925-25-6. \u27e8<a href=\"https:\/\/shs.hal.science\/hal-04353212v1\">hal-04353212<\/a>\u27e9\u00a0<a href=\"https:\/\/ateliers.sens-public.org\/interactions-and-screens-in-research-and-education\/index.html\">ouvrage en ligne<\/a><\/p>\n<p>Nicolas Guichon, Julien Thiburce,\u00a0<strong>Justine Lascar,<\/strong>\u00a0Sofiane Doulfaquar. (2022)\u00a0<span dir=\"ltr\">\u00ab\u00a0<a href=\"https:\/\/journals.openedition.org\/alsic\/6319\">Concevoir des parcours immersifs en fran\u00e7ais langue seconde pour pr\u00e9parer les \u00e9tudiants \u00e9trangers \u00e0 la mobilit\u00e9<\/a>\u00a0\u00bb<\/span>,\u00a0<em>Alsic<\/em>\u00a0[En ligne], Textes \u00e0 para\u00eetre dans le prochain volume, Pratique et recherche, mis en ligne le\u00a0<span dir=\"ltr\">18 novembre 2022<\/span>, consult\u00e9 le\u00a0<span dir=\"ltr\">20 novembre 2022<\/span>.\u00a0\u00a0<span dir=\"ltr\">URL<\/span>\u00a0:\u00a0<a href=\"https:\/\/journals.openedition.org\/alsic\/6319\">http:\/\/journals.openedition.org\/alsic\/6319\u00a0<\/a>&lt;<a href=\"https:\/\/shs.hal.science\/hal-03924102v1\">hal-03924102<\/a>&gt;<\/p>\n<p>Isabel Col\u00f3n de Carvajal, Beno\u00eet Chalancon,\u00a0<strong>Justine Lascar<\/strong>\u00a0et\u00a0Louis Maritaud\u00a0. (2022).\u00a0<a href=\"https:\/\/www.shs-conferences.org\/articles\/shsconf\/abs\/2022\/03\/contents\/contents.html\">Varia langage et soins 2020 \u2013 Regards crois\u00e9s sur le langage dans la pratique du soin<\/a>.\u00a0<i>SHS Web of Conferences &lt;<\/i><a href=\"https:\/\/shs.hal.science\/halshs-03934743v1\">halshs-03934743<\/a><i>&gt;<\/i><\/p>\n<p>Benoit Chalancon, Isabel Col\u00f3n de Carvajal,\u00a0Louis Maritaud,\u00a0<strong>Justine Lascar<\/strong>\u00a0et Laurie Boyer. (2022). \u00ab\u00a0<a href=\"https:\/\/www.shs-conferences.org\/articles\/shsconf\/abs\/2022\/03\/shsconf_varia2020_04001\/shsconf_varia2020_04001.html\">Approche quantitative des interactions soignantes \u00e0 l\u2019h\u00f4pital psychiatrique depuis une perspective interactionniste<\/a>\u00a0\u00bb. in I. Col\u00f3n de Carvajal et al., Num\u00e9ro sp\u00e9cial Langages et Soins,\u00a0<i>SHS Web of Conferences\u00a0<\/i>&lt;<a href=\"https:\/\/shs.hal.science\/halshs-03934731v1\">halshs-03934731<\/a>&gt;<\/p>\n<p>Antoine Dubos, \u00c9milie Jouin,\u00a0<strong>Justine\u00a0Lascar\u00a0<\/strong>, Vanessa Piccoli, V\u00e9ronique Traverso. (2022) Filmer des consultations en sant\u00e9 mentale aupr\u00e8s de demandeurs d\u2019asile : dialogue entre une \u00e9quipe de recherche sp\u00e9cialiste des \u00e9tudes interactionnelles et un r\u00e9alisateur. Revue fran\u00e7aise des m\u00e9thodes visuelles, Pessac: MSHA, 2022. \u27e8<a href=\"https:\/\/halshs.archives-ouvertes.fr\/halshs-03423972\">halshs-03423972<\/a>\u27e9<\/p>\n<p>Christine Develotte, Am\u00e9lie Bouquain, Tatiana Codreanu , Christelle Combe, Morgane Domanchin, Mabrouka El Hachani, Doroth\u00e9e Furnon, Jean-Fran\u00e7ois Grassin, Samira Ibnelka\u00efd,\u00a0<strong>Justine Lascar<\/strong>, Jos\u00e9phine R\u00e9mon et Caroline Vincent (2021)\u00a0<em>Fabrique de l\u2019interaction parmi les \u00e9crans : formes de pr\u00e9sences en recherche et en formation<\/em>. Editions Ateliers de sens public. 165 p, 2021, Editions Ateliers de sens public, 978-2-924925-13-3.\u00a0<a href=\"https:\/\/hal.archives-ouvertes.fr\/hal-03229282\">\u27e8hal-03229282<\/a>\u27e9\u00a0<a href=\"https:\/\/ateliers.sens-public.org\/fabrique-de-l-interaction-parmi-les-ecrans\/index.html\">ouvrage en ligne<\/a><\/p>\n<p>Julien Thiburce, Nicolas Guichon,\u00a0<strong>Justine Lascar<\/strong>\u00a0(2021). Documenter les entretiens d\u00e9ambul\u00e9s : interactions film\u00e9es et interactivit\u00e9 filmique. Revue fran\u00e7aise des m\u00e9thodes visuelles, Pessac: MSHA, 2021, Images interactives et nouvelles \u00e9critures (5). \u27e8<a href=\"https:\/\/hal.archives-ouvertes.fr\/hal-03201504\">hal-03201504<\/a>\u27e9\u00a0<a href=\"https:\/\/rfmv.fr\/numeros\/5\/articles\/09-documenter-les-entretiens-deambules\/\">article en ligne\u00a0<\/a><\/p>\n<p>Julien Thiburce,\u00a0<strong>Justine Lascar<\/strong>, Isabel Col\u00f3n de Carvajal. (2020) \u00c9tudier les repr\u00e9sentations des prisons au mus\u00e9e, entre s\u00e9miotique des pratiques et analyse des interactions.\u00a0<i>SHS Web of Conferences<\/i>, EDP Sciences, 2020, 78, pp.11002.\u00a0<a href=\"https:\/\/dx.doi.org\/10.1051\/shsconf\/20207811002\" target=\"_blank\" rel=\"noopener noreferrer\">\u27e810.1051\/shsconf\/20207811002\u27e9<\/a>. &lt;<a href=\"https:\/\/hal.archives-ouvertes.fr\/hal-03036826\" target=\"_blank\" rel=\"noopener noreferrer\">hal-03036826&gt;<\/a><\/p>\n<p>Isabel Col\u00f3n de\u00a0<span class=\"familyName\">Carvajal<\/span>, Louis\u00a0<span class=\"familyName\">Maritaud<\/span>, Benoit\u00a0<span class=\"familyName\">Chalancon<\/span>\u00a0et<strong>\u00a0Justine\u00a0<span class=\"familyName\">Lascar.\u00a0<\/span><\/strong>(2020)\u00a0<span dir=\"ltr\">De la transmission d\u2019informations cliniques au partage de savoir lors de rel\u00e8ves infirmi\u00e8res,<\/span>\u00a0<em>TIPA. Travaux interdisciplinaires sur la parole et le langage<\/em>\u00a0[En ligne], 36\u00a0|\u00a02020, mis en ligne le\u00a0<span dir=\"ltr\">01 juin 2020<\/span>, consult\u00e9 le 01<span dir=\"ltr\">\u00a0janvier 2022<\/span>.\u00a0<span dir=\"ltr\">URL\u00a0<\/span>:\u00a0<a href=\"http:\/\/journals.openedition.org\/tipa\/4032\">http:\/\/journals.openedition.org\/tipa\/4032\u00a0\u00a0\u00a0<\/a><br \/>\n&lt;<a href=\"https:\/\/shs.hal.science\/halshs-03017812v1\">halshs-03017812<\/a>&gt;<\/p>\n<\/div>\n","protected":false},"excerpt":{"rendered":"<p>Communications r\u00e9centes Sofiane Doulfaquar, Justine Lascar, Julien Thiburce. (2024) Conception et cr\u00e9ation de parcours immersifs et interactifs en 360\u00b0 avec 3DVista : atelier d\u2019initiation. Ecritures alternatives de la recherche en SHS. Le r\u00e9cit scientifique en question, Ambiances, Architectures, Urbanit\u00e9s (UMR &hellip; <a href=\"https:\/\/icar.cnrs.fr\/membre\/jlascar\/publications\/\">Continuer la lecture <span class=\"meta-nav\">&rarr;<\/span><\/a><\/p>\n","protected":false},"author":1,"featured_media":0,"parent":0,"menu_order":2,"comment_status":"closed","ping_status":"closed","template":"","meta":{"footnotes":""},"class_list":["post-8","page","type-page","status-publish","hentry"],"_links":{"self":[{"href":"https:\/\/icar.cnrs.fr\/membre\/jlascar\/wp-json\/wp\/v2\/pages\/8","targetHints":{"allow":["GET"]}}],"collection":[{"href":"https:\/\/icar.cnrs.fr\/membre\/jlascar\/wp-json\/wp\/v2\/pages"}],"about":[{"href":"https:\/\/icar.cnrs.fr\/membre\/jlascar\/wp-json\/wp\/v2\/types\/page"}],"author":[{"embeddable":true,"href":"https:\/\/icar.cnrs.fr\/membre\/jlascar\/wp-json\/wp\/v2\/users\/1"}],"replies":[{"embeddable":true,"href":"https:\/\/icar.cnrs.fr\/membre\/jlascar\/wp-json\/wp\/v2\/comments?post=8"}],"version-history":[{"count":32,"href":"https:\/\/icar.cnrs.fr\/membre\/jlascar\/wp-json\/wp\/v2\/pages\/8\/revisions"}],"predecessor-version":[{"id":184,"href":"https:\/\/icar.cnrs.fr\/membre\/jlascar\/wp-json\/wp\/v2\/pages\/8\/revisions\/184"}],"wp:attachment":[{"href":"https:\/\/icar.cnrs.fr\/membre\/jlascar\/wp-json\/wp\/v2\/media?parent=8"}],"curies":[{"name":"wp","href":"https:\/\/api.w.org\/{rel}","templated":true}]}}