{"id":10,"date":"2016-11-02T17:39:41","date_gmt":"2016-11-02T16:39:41","guid":{"rendered":"https:\/\/icar.cnrs.fr\/membre\/jremon\/?page_id=10"},"modified":"2016-12-07T12:05:03","modified_gmt":"2016-12-07T11:05:03","slug":"enseignements","status":"publish","type":"page","link":"https:\/\/icar.cnrs.fr\/membre\/jremon\/enseignements\/","title":{"rendered":"Enseignements"},"content":{"rendered":"<h2><\/h2>\n<h2>Enseignement<\/h2>\n<p>Cr\u00e9ation d&rsquo;un cours pour le CNED : English for Educational Sciences, 66 pages<\/p>\n<p>C2I2E Master MEEF et tutorat MEEF<\/p>\n<p>Anglais de sp\u00e9cialit\u00e9\/TICE, Master \u00e0 distance, Sciences de l\u2019Education<\/p>\n<p>Anglais de sp\u00e9cialit\u00e9, Master Humanitaire, Institut INFOCOM<\/p>\n<p>Anglais de sp\u00e9cialit\u00e9, Master Didactique des langues (Chlef, Alg\u00e9rie, f\u00e9vrier 2010)<\/p>\n<p>Technologies de l\u2019Information et de la Communication en anglais<\/p>\n<p>Didactique des Langues et TICE<\/p>\n<p>Pratique orale, Langue des m\u00e9dias<\/p>\n<p>M\u00e9thodologie disciplinaire, M\u00e9thodologie universitaire<\/p>\n","protected":false},"excerpt":{"rendered":"<p>Enseignement Cr\u00e9ation d&rsquo;un cours pour le CNED : English for Educational Sciences, 66 pages C2I2E Master MEEF et tutorat MEEF Anglais de sp\u00e9cialit\u00e9\/TICE, Master \u00e0 distance, Sciences de l\u2019Education Anglais de sp\u00e9cialit\u00e9, Master Humanitaire, Institut INFOCOM Anglais de sp\u00e9cialit\u00e9, Master &hellip; <a href=\"https:\/\/icar.cnrs.fr\/membre\/jremon\/enseignements\/\">Continuer la lecture <span class=\"meta-nav\">&rarr;<\/span><\/a><\/p>\n","protected":false},"author":1,"featured_media":0,"parent":0,"menu_order":3,"comment_status":"closed","ping_status":"closed","template":"","meta":{"footnotes":""},"class_list":["post-10","page","type-page","status-publish","hentry"],"_links":{"self":[{"href":"https:\/\/icar.cnrs.fr\/membre\/jremon\/wp-json\/wp\/v2\/pages\/10","targetHints":{"allow":["GET"]}}],"collection":[{"href":"https:\/\/icar.cnrs.fr\/membre\/jremon\/wp-json\/wp\/v2\/pages"}],"about":[{"href":"https:\/\/icar.cnrs.fr\/membre\/jremon\/wp-json\/wp\/v2\/types\/page"}],"author":[{"embeddable":true,"href":"https:\/\/icar.cnrs.fr\/membre\/jremon\/wp-json\/wp\/v2\/users\/1"}],"replies":[{"embeddable":true,"href":"https:\/\/icar.cnrs.fr\/membre\/jremon\/wp-json\/wp\/v2\/comments?post=10"}],"version-history":[{"count":14,"href":"https:\/\/icar.cnrs.fr\/membre\/jremon\/wp-json\/wp\/v2\/pages\/10\/revisions"}],"predecessor-version":[{"id":168,"href":"https:\/\/icar.cnrs.fr\/membre\/jremon\/wp-json\/wp\/v2\/pages\/10\/revisions\/168"}],"wp:attachment":[{"href":"https:\/\/icar.cnrs.fr\/membre\/jremon\/wp-json\/wp\/v2\/media?parent=10"}],"curies":[{"name":"wp","href":"https:\/\/api.w.org\/{rel}","templated":true}]}}