{"id":2,"date":"2016-11-02T17:35:25","date_gmt":"2016-11-02T16:35:25","guid":{"rendered":"https:\/\/icar.cnrs.fr\/membre\/jremon\/?page_id=2"},"modified":"2025-07-09T15:45:40","modified_gmt":"2025-07-09T13:45:40","slug":"autres-activites","status":"publish","type":"page","link":"https:\/\/icar.cnrs.fr\/membre\/jremon\/autres-activites\/","title":{"rendered":"Autres activit\u00e9s"},"content":{"rendered":"<h2>Responsabilit\u00e9s p\u00e9dagogiques et administratives<\/h2>\n<div>\n<p>Membre du comit\u00e9 d&rsquo;organisation et du comit\u00e9 scientifique colloque ARDAA 2024<\/p>\n<p>Membre du comit\u00e9 d&rsquo;organisation et du comit\u00e9 scientifique IMPEC 2024<\/p>\n<p>Membre du comit\u00e9 d&rsquo;organisation AILA 2023<\/p>\n<p>Membre du comit\u00e9 d&rsquo;organisation AFLA 2019<\/p>\n<p>Membre du comit\u00e9 d&rsquo;organisation IMPEC 2016,\u00a02018<\/p>\n<p>Membre du comit\u00e9 d\u2019organisation et scientifique pour le Colloque ACEDLE janvier 2015<\/p>\n<p>Membre du jury de CAPES 2018-2019<\/p>\n<p>Directrice Master\u00a0MEEF 1 et MEEF 2\u00a0Universit\u00e9 Lyon 2<\/p>\n<\/div>\n<p>&nbsp;<\/p>\n","protected":false},"excerpt":{"rendered":"<p>Responsabilit\u00e9s p\u00e9dagogiques et administratives Membre du comit\u00e9 d&rsquo;organisation et du comit\u00e9 scientifique colloque ARDAA 2024 Membre du comit\u00e9 d&rsquo;organisation et du comit\u00e9 scientifique IMPEC 2024 Membre du comit\u00e9 d&rsquo;organisation AILA 2023 Membre du comit\u00e9 d&rsquo;organisation AFLA 2019 Membre du comit\u00e9 &hellip; <a href=\"https:\/\/icar.cnrs.fr\/membre\/jremon\/autres-activites\/\">Continuer la lecture <span class=\"meta-nav\">&rarr;<\/span><\/a><\/p>\n","protected":false},"author":1,"featured_media":0,"parent":0,"menu_order":5,"comment_status":"closed","ping_status":"closed","template":"","meta":{"footnotes":""},"class_list":["post-2","page","type-page","status-publish","hentry"],"_links":{"self":[{"href":"https:\/\/icar.cnrs.fr\/membre\/jremon\/wp-json\/wp\/v2\/pages\/2","targetHints":{"allow":["GET"]}}],"collection":[{"href":"https:\/\/icar.cnrs.fr\/membre\/jremon\/wp-json\/wp\/v2\/pages"}],"about":[{"href":"https:\/\/icar.cnrs.fr\/membre\/jremon\/wp-json\/wp\/v2\/types\/page"}],"author":[{"embeddable":true,"href":"https:\/\/icar.cnrs.fr\/membre\/jremon\/wp-json\/wp\/v2\/users\/1"}],"replies":[{"embeddable":true,"href":"https:\/\/icar.cnrs.fr\/membre\/jremon\/wp-json\/wp\/v2\/comments?post=2"}],"version-history":[{"count":5,"href":"https:\/\/icar.cnrs.fr\/membre\/jremon\/wp-json\/wp\/v2\/pages\/2\/revisions"}],"predecessor-version":[{"id":177,"href":"https:\/\/icar.cnrs.fr\/membre\/jremon\/wp-json\/wp\/v2\/pages\/2\/revisions\/177"}],"wp:attachment":[{"href":"https:\/\/icar.cnrs.fr\/membre\/jremon\/wp-json\/wp\/v2\/media?parent=2"}],"curies":[{"name":"wp","href":"https:\/\/api.w.org\/{rel}","templated":true}]}}