{"id":4,"date":"2016-11-02T17:37:52","date_gmt":"2016-11-02T16:37:52","guid":{"rendered":"https:\/\/icar.cnrs.fr\/membre\/jremon\/?page_id=4"},"modified":"2024-02-19T17:53:12","modified_gmt":"2024-02-19T16:53:12","slug":"accueil","status":"publish","type":"page","link":"https:\/\/icar.cnrs.fr\/membre\/jremon\/","title":{"rendered":"Accueil"},"content":{"rendered":"<div class=\"cadregris\">\n<h2><strong>Jos\u00e9phine REMON<br \/>\n<\/strong><\/h2>\n<p>Maitre de conf\u00e9rences HDR<br \/>\nSection CNU : 7 (Sciences du Langage)<img loading=\"lazy\" decoding=\"async\" class=\"wp-image-179 alignright\" src=\"https:\/\/icar.cnrs.fr\/membre\/jremon\/wp-content\/uploads\/sites\/73\/2024\/02\/portrait-2024-300x281.jpg\" alt=\"\" width=\"190\" height=\"178\" srcset=\"https:\/\/icar.cnrs.fr\/membre\/jremon\/wp-content\/uploads\/sites\/73\/2024\/02\/portrait-2024-300x281.jpg 300w, https:\/\/icar.cnrs.fr\/membre\/jremon\/wp-content\/uploads\/sites\/73\/2024\/02\/portrait-2024-320x300.jpg 320w, https:\/\/icar.cnrs.fr\/membre\/jremon\/wp-content\/uploads\/sites\/73\/2024\/02\/portrait-2024.jpg 386w\" sizes=\"auto, (max-width: 190px) 100vw, 190px\" \/><br \/>\nUniversit\u00e9 Lumi\u00e8re Lyon 2<br \/>\nD\u00e9partement d&rsquo;Etudes du Monde Anglophone<\/p>\n<p>Email\u00a0: <span lang=\"de\" xml:lang=\"de\"><a href=\"mailto:Josephine.Remon@univ-lyon2.fr\">Josephine.Remon@univ-lyon2.fr<\/a><\/span><br \/>\nTel. : 33 (0)4 37 37 62 99<\/p>\n<p style=\"text-align: left\"><strong>Adresse<br \/>\n<\/strong>Laboratoire <a href=\"http:\/\/icar.univ-lyon2.fr\/\">ICAR<\/a>\u00a0<a href=\"http:\/\/icar.univ-lyon2.fr\/\">UMR 5191<\/a>\u00a0(Interactions, Corpus, Apprentissage, Repr\u00e9sentations)<br \/>\n<em>Equipe<\/em>\u00a0: Apprentissages, discours, interactions, savoirs (ADIS)<br \/>\nEcole Normale Sup\u00e9rieure de Lyon<br \/>\n15 parvis Ren\u00e9 Descartes &#8211; BP 7000<br \/>\n69342 LYON Cedex 07<br \/>\nFrance<\/p>\n<\/div>\n","protected":false},"excerpt":{"rendered":"<p>Jos\u00e9phine REMON Maitre de conf\u00e9rences HDR Section CNU : 7 (Sciences du Langage) Universit\u00e9 Lumi\u00e8re Lyon 2 D\u00e9partement d&rsquo;Etudes du Monde Anglophone Email\u00a0: Josephine.Remon@univ-lyon2.fr Tel. : 33 (0)4 37 37 62 99 Adresse Laboratoire ICAR\u00a0UMR 5191\u00a0(Interactions, Corpus, Apprentissage, Repr\u00e9sentations) Equipe\u00a0: &hellip; <a href=\"https:\/\/icar.cnrs.fr\/membre\/jremon\/\">Continuer la lecture <span class=\"meta-nav\">&rarr;<\/span><\/a><\/p>\n","protected":false},"author":1,"featured_media":0,"parent":0,"menu_order":0,"comment_status":"closed","ping_status":"closed","template":"","meta":{"footnotes":""},"class_list":["post-4","page","type-page","status-publish","hentry"],"_links":{"self":[{"href":"https:\/\/icar.cnrs.fr\/membre\/jremon\/wp-json\/wp\/v2\/pages\/4","targetHints":{"allow":["GET"]}}],"collection":[{"href":"https:\/\/icar.cnrs.fr\/membre\/jremon\/wp-json\/wp\/v2\/pages"}],"about":[{"href":"https:\/\/icar.cnrs.fr\/membre\/jremon\/wp-json\/wp\/v2\/types\/page"}],"author":[{"embeddable":true,"href":"https:\/\/icar.cnrs.fr\/membre\/jremon\/wp-json\/wp\/v2\/users\/1"}],"replies":[{"embeddable":true,"href":"https:\/\/icar.cnrs.fr\/membre\/jremon\/wp-json\/wp\/v2\/comments?post=4"}],"version-history":[{"count":47,"href":"https:\/\/icar.cnrs.fr\/membre\/jremon\/wp-json\/wp\/v2\/pages\/4\/revisions"}],"predecessor-version":[{"id":181,"href":"https:\/\/icar.cnrs.fr\/membre\/jremon\/wp-json\/wp\/v2\/pages\/4\/revisions\/181"}],"wp:attachment":[{"href":"https:\/\/icar.cnrs.fr\/membre\/jremon\/wp-json\/wp\/v2\/media?parent=4"}],"curies":[{"name":"wp","href":"https:\/\/api.w.org\/{rel}","templated":true}]}}