{"id":455,"date":"2019-04-11T14:30:20","date_gmt":"2019-04-11T12:30:20","guid":{"rendered":"https:\/\/icar.cnrs.fr\/membre\/jthiburce\/?page_id=455"},"modified":"2021-04-19T18:22:58","modified_gmt":"2021-04-19T16:22:58","slug":"projet-de-recherche-postdoctorale-2019-2021","status":"publish","type":"page","link":"https:\/\/icar.cnrs.fr\/membre\/jthiburce\/axes-de-recherche\/projet-de-recherche-postdoctorale-2019-2021\/","title":{"rendered":"Postdoctorat CNRS &#8211; LabEx ASLAN (2019-2021)"},"content":{"rendered":"<p style=\"text-align: center\"><strong>Recherche postdoctorale CNRS<\/strong><em><br \/>\nProjet PrisM (Prisons et Mus\u00e9es)<br \/>\n<\/em>F\u00e9vrier 2019 &#8211; Mai 2021<\/p>\n<p>&nbsp;<\/p>\n<p style=\"text-align: left\">Le projet <em>PrisM (Prisons et Mus\u00e9es)<\/em> porte sur la gestion collective des repr\u00e9sentations du milieu carc\u00e9ral dans le monde contemporain, en contexte mus\u00e9al.<br \/>\nDans le dialogue entre <strong>s\u00e9miotique <\/strong>et <strong>analyse des interactions,<\/strong> il vise \u00e0 caract\u00e9riser la n\u00e9gociation complexe de l\u2019exp\u00e9rience de ce milieu lors de visites guid\u00e9es. La recherche se focalise sur les dynamiques de projection, d\u2019imputation et d\u2019assomption de points de vue sur la condition carc\u00e9rale en interaction.<\/p>\n<p><strong>Contexte de l&rsquo;\u00e9tude<\/strong><br \/>\nLes institutions mus\u00e9ales \u00e9laborent un discours sur les prisons \u00e0 l\u2019attention de publics o\u00f9 l\u2019ethos de l\u2019\u00e9nonciateur, en impliquant l\u2019ethos de l\u2019\u00e9nonciataire, montre in\u00e9vitablement une posture \u00e9thique. D\u00e8s lors, sur les plans \u00e9thique, rationnel et affectif, quelles dynamiques comp\u00e9titives ou congruentes \u00e9mergent entre un espace carc\u00e9ral th\u00e9matis\u00e9 dans une perspective mus\u00e9ographique (vis\u00e9e de l\u2019institution) et un espace \u00e9prouv\u00e9 et rem\u00e9di\u00e9 par les participants (saisie des visiteurs)\u00a0?<br \/>\nCette \u00e9tude de la gestion collective des repr\u00e9sentations du milieu carc\u00e9ral porte sur des visites de l\u2019exposition <em>Prison<\/em> (au Mus\u00e9e de la Croix-Rouge et du Croissant-Rouge et au Mus\u00e9e des Confluences) et sur des visites du M\u00e9morial National de la prison de Montluc.<\/p>\n<p><strong>Cadre th\u00e9orique<br \/>\n<\/strong>Transversal aux WP2 \u00ab\u00a0\u00c9cologie des langues\u00a0\u00bb et WP3 \u00ab\u00a0De l&rsquo;individu aux interactions\u00a0\u00bb du LabEx ASLAN, ce projet s\u2019appuie sur une double articulation \u00e9pist\u00e9mologique ayant fait ses preuves dans une enqu\u00eate sur l\u2019appropriation de la ville (Thiburce, 2015-2018).<br \/>\nLa premi\u00e8re est celle entre une s\u00e9miotique des pratiques qui dresse une perspective mod\u00e9lisante des cours d\u2019actions (Fontanille, 2008 et 2011) et une s\u00e9miotique vive o\u00f9 la th\u00e9orie est mise \u00e0 l\u2019\u00e9preuve de l\u2019objet d\u2019\u00e9tude qui a sa propre r\u00e9sistance (Basso Fossali, 2008). La seconde rel\u00e8ve d\u2019un dialogue entre s\u00e9miotique, analyse des interactions (Mondada, 2008) et analyse du discours (Rabatel, 2017), en partant de ce que les acteurs \u00e9noncent de leurs exp\u00e9riences, en \u00e9tudiant leurs propres perceptions, interpr\u00e9tations et \u00e9nonciations de la sc\u00e8ne en cours d\u2019instauration.<br \/>\nPour ce projet interdisciplinaire, on s\u2019int\u00e9resse ainsi \u00e0 la relation narrative qui se tisse entreactants spatiaux (prison, mus\u00e9e, ville) et actants humains (personnes incarc\u00e9r\u00e9es, guides, visiteurs, acteurs sociaux).<\/p>\n<p><strong>M\u00e9thode<br \/>\n<\/strong>En lien avec la Cellule Corpus Complexes (ICAR), on constituera des enregistrements audiovisuels d\u2019interactions naturelles et spontan\u00e9es (Lynch, 2002\u00a0; Traverso, 2008) en situation de visite guid\u00e9e.<br \/>\nDeux dynamiques de mus\u00e9alisation des prisons seront enqu\u00eat\u00e9es sur trois sites\u00a0: celle qui sc\u00e9nographie, repr\u00e9sente et d\u00e9bat d\u2019un monde correctionnaire en milieu mus\u00e9al (exposition itin\u00e9rante<em> Prison<\/em>) et celle qui reconvertie un espace carc\u00e9ral en M\u00e9morial (une prison militaire devient mus\u00e9e). Les enregistrements seront constitu\u00e9s d\u2019un plan large sur la sc\u00e8ne de l\u2019interaction, op\u00e9r\u00e9 par le chercheur, et d\u2019un plan r\u00e9alis\u00e9 \u00e0 travers une cam\u00e9ra confi\u00e9e aux visiteurs. L\u2019attestation de r\u00e9cits en interaction vise \u00e0 \u00e9claircir quelques m\u00e9canismes en jeu dans une co-gestion \u00e9cologique de l\u2019exp\u00e9rience, entre des valorisations enracin\u00e9es dans une culture (mythes, st\u00e9r\u00e9otypes et tabous) et des valorisations \u00e9mergeantes. Ces enregistrements, dans la perspective d\u2019une ouverture m\u00e9thodologique, seront enrichis d\u2019autres types de donn\u00e9es, en concertation avec les acteurs de l\u2019enqu\u00eate.<\/p>\n<p><strong>R\u00e9sultats attendus<br \/>\n<\/strong>Les dimensions cognitives et affectives de l\u2019exp\u00e9rience des espaces carc\u00e9raux seront-elles s\u00e9miotis\u00e9es diff\u00e9remment, selon qu\u2019on s\u2019en fait l\u2019exp\u00e9rience \u00e0 travers des m\u00e9diations tierces (encarts, photos, vid\u00e9os, autres) ou dans un b\u00e2timent qui a \u00e9t\u00e9 prison\u00a0?<br \/>\nDans un paradigme indiciaire, nous faisons l\u2019hypoth\u00e8se que les enregistrements constitu\u00e9s permettront d\u2019\u00e9tudier ces diff\u00e9rences quant (i) \u00e0 la r\u00e9appropriation \u00e9nonciative des participants \u00e0 l\u2019interaction; (ii) \u00e0 la transformation des repr\u00e9sentations socio-politiques au fil des visites; (iii) \u00e0 la tension de l\u2019exp\u00e9rience spatiale entre \u00eatre dans une prison et la parcourir \u00e0 distance en discours.<\/p>\n<p><span style=\"color: #21576d\">Voir la fiche ASLAN du projet<\/span><\/p>\n<p><a href=\"https:\/\/icar.cnrs.fr\/membre\/jthiburce\/wp-content\/uploads\/sites\/35\/2019\/04\/FicheProjet_PrisMPrisons.et_.Musees.pdf\"><img loading=\"lazy\" decoding=\"async\" class=\"wp-image-452 alignnone\" src=\"https:\/\/icar.cnrs.fr\/membre\/jthiburce\/wp-content\/uploads\/sites\/35\/2019\/04\/PrisM_Fiche.ASLAN_-213x300.png\" alt=\"\" width=\"100\" height=\"141\" srcset=\"https:\/\/icar.cnrs.fr\/membre\/jthiburce\/wp-content\/uploads\/sites\/35\/2019\/04\/PrisM_Fiche.ASLAN_-213x300.png 213w, https:\/\/icar.cnrs.fr\/membre\/jthiburce\/wp-content\/uploads\/sites\/35\/2019\/04\/PrisM_Fiche.ASLAN_.png 501w\" sizes=\"auto, (max-width: 100px) 100vw, 100px\" \/><\/a><\/p>\n<p style=\"text-align: left\"><span style=\"color: #21576d\">Voir le livret de communication du projet PrisM \u00e0 destination des Mus\u00e9es<\/span><\/p>\n<p><a href=\"https:\/\/icar.cnrs.fr\/membre\/jthiburce\/wp-content\/uploads\/sites\/35\/2019\/04\/PrisM_Livret.Musees_Web.pdf\"><img loading=\"lazy\" decoding=\"async\" class=\"wp-image-453 alignnone\" src=\"https:\/\/icar.cnrs.fr\/membre\/jthiburce\/wp-content\/uploads\/sites\/35\/2019\/04\/PrisM_Livret.Musees_Web-212x300.png\" alt=\"\" width=\"100\" height=\"142\" srcset=\"https:\/\/icar.cnrs.fr\/membre\/jthiburce\/wp-content\/uploads\/sites\/35\/2019\/04\/PrisM_Livret.Musees_Web-212x300.png 212w, https:\/\/icar.cnrs.fr\/membre\/jthiburce\/wp-content\/uploads\/sites\/35\/2019\/04\/PrisM_Livret.Musees_Web.png 500w\" sizes=\"auto, (max-width: 100px) 100vw, 100px\" \/><\/a><\/p>\n<p><strong>Partenaires<\/strong><strong><br \/>\n<\/strong><a href=\"https:\/\/www.redcrossmuseum.ch\/expo-temporaire\/en-prison\/\" target=\"_blank\" rel=\"noopener\"><img loading=\"lazy\" decoding=\"async\" class=\"alignnone wp-image-529\" src=\"https:\/\/icar.cnrs.fr\/membre\/jthiburce\/wp-content\/uploads\/sites\/35\/2020\/02\/images-300x110.jpeg\" alt=\"\" width=\"173\" height=\"70\" \/><\/a>\u00a0 \u00a0 <strong>\u00a0<a href=\"http:\/\/www.museedesconfluences.fr\/fr\/evenements\/prison-au-del\u00e0-des-murs\" target=\"_blank\" rel=\"noopener\"><img loading=\"lazy\" decoding=\"async\" class=\"alignnone wp-image-532\" src=\"https:\/\/icar.cnrs.fr\/membre\/jthiburce\/wp-content\/uploads\/sites\/35\/2020\/02\/Unknown.png\" alt=\"\" width=\"118\" height=\"63\" \/><\/a><\/strong><strong>\u00a0 \u00a0 \u00a0<\/strong><a href=\"http:\/\/www.memorial-montluc.fr\" target=\"_blank\" rel=\"noopener\"><strong><img loading=\"lazy\" decoding=\"async\" class=\"alignnone wp-image-528\" src=\"https:\/\/icar.cnrs.fr\/membre\/jthiburce\/wp-content\/uploads\/sites\/35\/2020\/02\/Logo_Memorial_Montluc.jpg\" alt=\"\" width=\"80\" height=\"80\" \/><\/strong><\/a><\/p>\n","protected":false},"excerpt":{"rendered":"<p>Recherche postdoctorale CNRS Projet PrisM (Prisons et Mus\u00e9es) F\u00e9vrier 2019 &#8211; Mai 2021 &nbsp; Le projet PrisM (Prisons et Mus\u00e9es) porte sur la gestion collective des repr\u00e9sentations du milieu carc\u00e9ral dans le monde contemporain, en contexte mus\u00e9al. Dans le dialogue &hellip; <a href=\"https:\/\/icar.cnrs.fr\/membre\/jthiburce\/axes-de-recherche\/projet-de-recherche-postdoctorale-2019-2021\/\">Continuer la lecture <span class=\"meta-nav\">&rarr;<\/span><\/a><\/p>\n","protected":false},"author":32,"featured_media":0,"parent":126,"menu_order":0,"comment_status":"closed","ping_status":"closed","template":"","meta":{"footnotes":""},"class_list":["post-455","page","type-page","status-publish","hentry"],"_links":{"self":[{"href":"https:\/\/icar.cnrs.fr\/membre\/jthiburce\/wp-json\/wp\/v2\/pages\/455","targetHints":{"allow":["GET"]}}],"collection":[{"href":"https:\/\/icar.cnrs.fr\/membre\/jthiburce\/wp-json\/wp\/v2\/pages"}],"about":[{"href":"https:\/\/icar.cnrs.fr\/membre\/jthiburce\/wp-json\/wp\/v2\/types\/page"}],"author":[{"embeddable":true,"href":"https:\/\/icar.cnrs.fr\/membre\/jthiburce\/wp-json\/wp\/v2\/users\/32"}],"replies":[{"embeddable":true,"href":"https:\/\/icar.cnrs.fr\/membre\/jthiburce\/wp-json\/wp\/v2\/comments?post=455"}],"version-history":[{"count":17,"href":"https:\/\/icar.cnrs.fr\/membre\/jthiburce\/wp-json\/wp\/v2\/pages\/455\/revisions"}],"predecessor-version":[{"id":608,"href":"https:\/\/icar.cnrs.fr\/membre\/jthiburce\/wp-json\/wp\/v2\/pages\/455\/revisions\/608"}],"up":[{"embeddable":true,"href":"https:\/\/icar.cnrs.fr\/membre\/jthiburce\/wp-json\/wp\/v2\/pages\/126"}],"wp:attachment":[{"href":"https:\/\/icar.cnrs.fr\/membre\/jthiburce\/wp-json\/wp\/v2\/media?parent=455"}],"curies":[{"name":"wp","href":"https:\/\/api.w.org\/{rel}","templated":true}]}}