{"id":458,"date":"2019-04-11T15:03:45","date_gmt":"2019-04-11T13:03:45","guid":{"rendered":"https:\/\/icar.cnrs.fr\/membre\/jthiburce\/?page_id=458"},"modified":"2023-04-19T17:40:06","modified_gmt":"2023-04-19T15:40:06","slug":"these-de-doctorat-2015-2018","status":"publish","type":"page","link":"https:\/\/icar.cnrs.fr\/membre\/jthiburce\/axes-de-recherche\/these-de-doctorat-2015-2018\/","title":{"rendered":"Projet de recherche doctorale &#8211; Univ. Lumi\u00e8re Lyon 2 (2015-2018)"},"content":{"rendered":"<p>Titre de la th\u00e8se :\u00a0<em>Le dialogisme urbain.\u00a0De l&rsquo;usage tacite des espaces publics aux formes d&rsquo;appropriation narrative et affective de la ville<br \/>\n<\/em>En collaboration avec le\u00a0Mus\u00e9e d&rsquo;Histoire de la Ville de Lyon (Mus\u00e9es Gadagne)<\/p>\n<p>Cette recherche vise \u00e0 montrer le passage de l\u2019usage ordinaire des espaces publics \u00e0 l\u2019\u00e9nonciation d\u2019un r\u00e9cit de la ville o\u00f9 s\u2019actualise une implication r\u00e9elle des usagers dans le projet partag\u00e9 d\u2019une urbanit\u00e9 en devenir. Au-del\u00e0 d\u2019une pure pr\u00e9occupation esth\u00e9tique, <em>le dialogisme urbain<\/em> r\u00e9pond \u00e0 la centralit\u00e9 de la ville comme lieu privil\u00e9gi\u00e9 de l\u2019\u00e9laboration des enjeux sociaux. En s\u2019int\u00e9ressant aux modalit\u00e9s d\u2019appropriation de l\u2019espace urbain durant les promenades guid\u00e9es, nous verrons en quoi elles constituent un r\u00f4le de catalyseur d\u2019un d\u00e9conditionnement pour le promeneur dans son rapport \u00e0 la ville.<br \/>\nLe projet suit ainsi trois perspectives d\u2019investigation.<\/p>\n<p>Il y a d\u2019abord le passage de l\u2019h\u00e9t\u00e9rog\u00e9n\u00e9it\u00e9 pure des styles urbains \u2013 du b\u00e2timent class\u00e9 au patrimoine institutionnel \u00e0 l\u2019anomie du terrain vague \u2013 aux entrelacements dialogiques entre esth\u00e9tiques en comp\u00e9tition. Nous pourrons ainsi cerner l\u2019interaction des langages, la cohabitation de formes institutionnelles et des expressions plus individualis\u00e9es et temporaires exprim\u00e9es par une citoyennet\u00e9 changeante.<\/p>\n<p>Ensuite, ce travail consiste en l\u2019observation de transformation des itin\u00e9raires fonctionnels aux d\u00e9placements selon des parcours \u00e9lectifs qui choisissent des passages par des \u00e9l\u00e9ments caract\u00e9ristiques permettant une prise affective \u00e0 chaque fois renouvel\u00e9e de la ville.<\/p>\n<p>Enfin, cette \u00e9tude constitue une analyse ne se limitant pas \u00e0 une taxonomie des pratiques. On cherche plut\u00f4t \u00e0 rendre compte des gestions du sens dans l\u2019interaction. En s&rsquo;int\u00e9ressant \u00e0 l&rsquo;institution et \u00e0 la co-construction du sens de mani\u00e8re situ\u00e9e, on enqu\u00eate sur une appropriation de la ville et de ses objets qui n\u2019est plus seulement intime, mais observable parce qu\u2019explicit\u00e9e, socialis\u00e9e et attest\u00e9e par l\u2019exp\u00e9rience.<\/p>\n<p><a href=\"https:\/\/www.theses.fr\/2018LYSE2113\" target=\"_blank\" rel=\"noopener\">T\u00e9l\u00e9charger la th\u00e8se sur HAL-TEL :\u3008NNT : 2018LYSE2113\u3009<\/a><\/p>\n<p><strong>Soutenance<\/strong>\u00a0le 6 d\u00e9cembre 2018 \u00e0 la Maison des Sciences de l&rsquo;Homme de Lyon\u00a0devant le jury compos\u00e9 de\u00a0<span style=\"color: #333333\">Pierluigi BASSO FOSSALI (<\/span>Professeur \u00e0 l&rsquo;Universit\u00e9 Lumi\u00e8re Lyon 2 &#8211; Directeur de th\u00e8se),\u00a0Anne BEYAERT-GESLIN\u00a0(Professeure\u00a0\u00e0 l&rsquo;Universit\u00e9 Bordeaux Montaigne),\u00a0Maria Giulia DONDERO (Ma\u00eetre de recherches FNRS \u00e0 l&rsquo;Universit\u00e9 de Li\u00e8ge &#8211; Rapporteure),\u00a0Jacques FONTANILLE (Professeur \u00e9m\u00e9rite \u00e0 l&rsquo;Universit\u00e9 de Limoges (Pr\u00e9sident du jury et Rapporteur),\u00a0Catherine KERBRAT-ORECCHIONI (Professeure honoraire \u00e0 l&rsquo;Universit\u00e9 Lumi\u00e8re Lyon 2,\u00a0Odile LE GUERN (Professeure des universit\u00e9s \u00e0 l&rsquo;Universit\u00e9 Lumi\u00e8re Lyon 2)<\/p>\n<p>La th\u00e8se a b\u00e9n\u00e9fici\u00e9 d&rsquo;un financement par\u00a0contrat doctoral de l&rsquo;Universit\u00e9 Lumi\u00e8re Lyon 2 &#8211; ED 484 Lettres, Langues, Linguistiques, Arts (2015-2018)<\/p>\n<p><img loading=\"lazy\" decoding=\"async\" class=\"alignnone wp-image-471\" src=\"https:\/\/icar.cnrs.fr\/membre\/jthiburce\/wp-content\/uploads\/sites\/35\/2019\/04\/LYON2.png\" alt=\"\" width=\"80\" height=\"45\" \/>\u00a0 \u00a0 \u00a0 \u00a0 \u00a0 \u00a0\u00a0<img loading=\"lazy\" decoding=\"async\" class=\"alignnone wp-image-469\" src=\"https:\/\/icar.cnrs.fr\/membre\/jthiburce\/wp-content\/uploads\/sites\/35\/2019\/04\/ED3LA.png\" alt=\"\" width=\"65\" height=\"45\" \/>\u00a0 \u00a0 \u00a0 \u00a0 \u00a0\u00a0<img loading=\"lazy\" decoding=\"async\" class=\"alignnone wp-image-470\" src=\"https:\/\/icar.cnrs.fr\/membre\/jthiburce\/wp-content\/uploads\/sites\/35\/2019\/04\/ICAR.png\" alt=\"\" width=\"110\" height=\"25\" \/>\u00a0 \u00a0 \u00a0 \u00a0<img loading=\"lazy\" decoding=\"async\" class=\"alignnone wp-image-459\" src=\"https:\/\/icar.cnrs.fr\/membre\/jthiburce\/wp-content\/uploads\/sites\/35\/2019\/04\/Logo-Gadagne-noir_png-300x121.png\" alt=\"\" width=\"87\" height=\"35\" srcset=\"https:\/\/icar.cnrs.fr\/membre\/jthiburce\/wp-content\/uploads\/sites\/35\/2019\/04\/Logo-Gadagne-noir_png-300x121.png 300w, https:\/\/icar.cnrs.fr\/membre\/jthiburce\/wp-content\/uploads\/sites\/35\/2019\/04\/Logo-Gadagne-noir_png-500x201.png 500w, https:\/\/icar.cnrs.fr\/membre\/jthiburce\/wp-content\/uploads\/sites\/35\/2019\/04\/Logo-Gadagne-noir_png.png 567w\" sizes=\"auto, (max-width: 87px) 100vw, 87px\" \/><\/p>\n","protected":false},"excerpt":{"rendered":"<p>Titre de la th\u00e8se :\u00a0Le dialogisme urbain.\u00a0De l&rsquo;usage tacite des espaces publics aux formes d&rsquo;appropriation narrative et affective de la ville En collaboration avec le\u00a0Mus\u00e9e d&rsquo;Histoire de la Ville de Lyon (Mus\u00e9es Gadagne) Cette recherche vise \u00e0 montrer le passage &hellip; <a href=\"https:\/\/icar.cnrs.fr\/membre\/jthiburce\/axes-de-recherche\/these-de-doctorat-2015-2018\/\">Continuer la lecture <span class=\"meta-nav\">&rarr;<\/span><\/a><\/p>\n","protected":false},"author":32,"featured_media":0,"parent":126,"menu_order":0,"comment_status":"closed","ping_status":"closed","template":"","meta":{"footnotes":""},"class_list":["post-458","page","type-page","status-publish","hentry"],"_links":{"self":[{"href":"https:\/\/icar.cnrs.fr\/membre\/jthiburce\/wp-json\/wp\/v2\/pages\/458","targetHints":{"allow":["GET"]}}],"collection":[{"href":"https:\/\/icar.cnrs.fr\/membre\/jthiburce\/wp-json\/wp\/v2\/pages"}],"about":[{"href":"https:\/\/icar.cnrs.fr\/membre\/jthiburce\/wp-json\/wp\/v2\/types\/page"}],"author":[{"embeddable":true,"href":"https:\/\/icar.cnrs.fr\/membre\/jthiburce\/wp-json\/wp\/v2\/users\/32"}],"replies":[{"embeddable":true,"href":"https:\/\/icar.cnrs.fr\/membre\/jthiburce\/wp-json\/wp\/v2\/comments?post=458"}],"version-history":[{"count":19,"href":"https:\/\/icar.cnrs.fr\/membre\/jthiburce\/wp-json\/wp\/v2\/pages\/458\/revisions"}],"predecessor-version":[{"id":712,"href":"https:\/\/icar.cnrs.fr\/membre\/jthiburce\/wp-json\/wp\/v2\/pages\/458\/revisions\/712"}],"up":[{"embeddable":true,"href":"https:\/\/icar.cnrs.fr\/membre\/jthiburce\/wp-json\/wp\/v2\/pages\/126"}],"wp:attachment":[{"href":"https:\/\/icar.cnrs.fr\/membre\/jthiburce\/wp-json\/wp\/v2\/media?parent=458"}],"curies":[{"name":"wp","href":"https:\/\/api.w.org\/{rel}","templated":true}]}}