{"id":486,"date":"2019-04-11T15:12:58","date_gmt":"2019-04-11T13:12:58","guid":{"rendered":"https:\/\/icar.cnrs.fr\/membre\/jthiburce\/?page_id=486"},"modified":"2025-07-28T15:49:05","modified_gmt":"2025-07-28T13:49:05","slug":"themes-de-recherche","status":"publish","type":"page","link":"https:\/\/icar.cnrs.fr\/membre\/jthiburce\/axes-de-recherche\/themes-de-recherche\/","title":{"rendered":"Th\u00e8mes de recherche"},"content":{"rendered":"<p style=\"text-align: center\"><span style=\"color: #4388d1\"><strong>Th\u00e8mes de recherche<\/strong><\/span><\/p>\n<p>Apr\u00e8s avoir r\u00e9alis\u00e9 ma th\u00e8se en sciences du langage sur l\u2019appropriation de la ville au cours de balades urbaines guid\u00e9es en collaboration avec le Mus\u00e9e d\u2019Histoire de la Ville de Lyon (2015-2018), j\u2019ai men\u00e9 une recherche postdoctorale sur les repr\u00e9sentations des prisons en contexte mus\u00e9al en partenariat avec le Mus\u00e9e International de la Croix-Rouge et du Croissant-Rouge \u00e0 Gen\u00e8ve, le Mus\u00e9e des Confluences et le M\u00e9morial National de la prison de Montluc \u00e0 Lyon (projet PrisM, 2019-2021). Actuellement ing\u00e9nieur de recherche contractuel au sein de la cellule Corpus Ing\u00e9nierie Audiovisuelle de l&rsquo;UMR 5191 ICAR, je participe notamment au projet de recherche ANR-FNR <i>Augmented Artwork Analysis <\/i>et coordonne une \u00e9tude sur les exp\u00e9riences et les repr\u00e9sentations des cancers et de la fin de vie, en partenariat avec la Cit\u00e9 des sciences et de l\u2019industrie \u00e0 Paris dans le cadre de son exposition <i>Cancers <\/i>(06\/09\/2022 au 06\/08\/2023).<br \/>\nDans ces projets, j&rsquo;appr\u00e9hende les mus\u00e9es \u00e0 la fois comme\u00a0lieux d&rsquo;exposition d&rsquo;objets artistiques et culturels (paradigme des <em>cultural studies<\/em>), comme\u00a0espaces de d\u00e9veloppement de connaissances et d&rsquo;apprentissages (paradigme des <em>learning studies<\/em>) et comme\u00a0terrains d&rsquo;exercice de professions extra-acad\u00e9miques et acad\u00e9miques (ex. <em>workplace studies<\/em>).<\/p>\n<p>En croisant une analyse de discours m\u00e9diatiques et une observation ethnographique \u00e0 partir de donn\u00e9es textuelles, iconographiques et audiovisuelles, je m\u2019int\u00e9resse aux formes de (d\u00e9)stabilisation de connaissances, de croyances et de normes en jeu dans la production, la mise en discussion et l\u2019appropriation d\u2019objets et de discours.<br \/>\nMes travaux visent une meilleure compr\u00e9hension des formes rh\u00e9toriques verbales et non-verbales mises en oeuvre pour transmettre des contenus scientifiques et techniques, pour d\u00e9battre d\u2019enjeux culturels, sociaux et politiques et pour mettre en partage une exp\u00e9rience du monde.<br \/>\nDans une perspective r\u00e9flexive, ma recherche entend \u00e9galement contribuer \u00e0 une r\u00e9flexion sur les formes de participation des acteurs aux enqu\u00eates, sur les formes d\u2019\u00e9criture de la recherche et sur les r\u00f4les des chercheur.e.s dans la conception de dispositifs de m\u00e9diation.<\/p>\n<p><strong>Appropriation de la ville<\/strong> ; r\u00e9cits institutionnels, exp\u00e9riences urbaines, pratiques in situ<br \/>\n<strong>Discours, \u00e9nonciation et repr\u00e9sentations<\/strong> ; perception, narration, points de vue<br \/>\n<strong>Ethnom\u00e9thodologie et m\u00e9thodes visuelles<\/strong> ; observation film\u00e9e des interactions sociales, photographie, transcription et annotation des interactions<br \/>\n<strong>M\u00e9diation scientifique et culturelle<\/strong> ; transmission et n\u00e9gociation des savoirs, dispositifs num\u00e9riques, \u00e9tude des pratiques mus\u00e9ographiques et \u00e9tude des publics<br \/>\n<strong>Pratiques langagi\u00e8res en interaction<\/strong> ; relations entre langue, objets et corps, multimodalit\u00e9 des pratiques langagi\u00e8res, n\u00e9gociation de l&rsquo;agir social<\/p>\n","protected":false},"excerpt":{"rendered":"<p>Th\u00e8mes de recherche Apr\u00e8s avoir r\u00e9alis\u00e9 ma th\u00e8se en sciences du langage sur l\u2019appropriation de la ville au cours de balades urbaines guid\u00e9es en collaboration avec le Mus\u00e9e d\u2019Histoire de la Ville de Lyon (2015-2018), j\u2019ai men\u00e9 une recherche postdoctorale &hellip; <a href=\"https:\/\/icar.cnrs.fr\/membre\/jthiburce\/axes-de-recherche\/themes-de-recherche\/\">Continuer la lecture <span class=\"meta-nav\">&rarr;<\/span><\/a><\/p>\n","protected":false},"author":32,"featured_media":0,"parent":126,"menu_order":0,"comment_status":"closed","ping_status":"closed","template":"","meta":{"footnotes":""},"class_list":["post-486","page","type-page","status-publish","hentry"],"_links":{"self":[{"href":"https:\/\/icar.cnrs.fr\/membre\/jthiburce\/wp-json\/wp\/v2\/pages\/486","targetHints":{"allow":["GET"]}}],"collection":[{"href":"https:\/\/icar.cnrs.fr\/membre\/jthiburce\/wp-json\/wp\/v2\/pages"}],"about":[{"href":"https:\/\/icar.cnrs.fr\/membre\/jthiburce\/wp-json\/wp\/v2\/types\/page"}],"author":[{"embeddable":true,"href":"https:\/\/icar.cnrs.fr\/membre\/jthiburce\/wp-json\/wp\/v2\/users\/32"}],"replies":[{"embeddable":true,"href":"https:\/\/icar.cnrs.fr\/membre\/jthiburce\/wp-json\/wp\/v2\/comments?post=486"}],"version-history":[{"count":13,"href":"https:\/\/icar.cnrs.fr\/membre\/jthiburce\/wp-json\/wp\/v2\/pages\/486\/revisions"}],"predecessor-version":[{"id":797,"href":"https:\/\/icar.cnrs.fr\/membre\/jthiburce\/wp-json\/wp\/v2\/pages\/486\/revisions\/797"}],"up":[{"embeddable":true,"href":"https:\/\/icar.cnrs.fr\/membre\/jthiburce\/wp-json\/wp\/v2\/pages\/126"}],"wp:attachment":[{"href":"https:\/\/icar.cnrs.fr\/membre\/jthiburce\/wp-json\/wp\/v2\/media?parent=486"}],"curies":[{"name":"wp","href":"https:\/\/api.w.org\/{rel}","templated":true}]}}